{"id":10029,"date":"2015-01-20T11:15:31","date_gmt":"2015-01-20T11:15:31","guid":{"rendered":"https:\/\/www.justhvk.hu\/blog\/?page_id=10029"},"modified":"2026-01-05T07:29:38","modified_gmt":"2026-01-05T07:29:38","slug":"rolunk-irtak","status":"publish","type":"page","link":"https:\/\/blog.justhvk.hu\/blog\/dokumentumok\/rolunk-irtak\/","title":{"rendered":"R\u00f3lunk \u00edrt\u00e1k"},"content":{"rendered":"<ul>\n<li><a href=\"https:\/\/blog.justhvk.hu\/blog\/category\/rolunk_irtak\/\">A k\u00f6nyvt\u00e1runkr\u00f3l 2026-ban megjelent cikkek (folyamatos felt\u00f6lt\u00e9s) &gt;&gt;<\/a><\/li>\n<li><a href=\"https:\/\/blog.justhvk.hu\/blog\/wp-content\/uploads\/2026\/01\/rolunk_irtak_2025.pdf\">A k\u00f6nyvt\u00e1runkr\u00f3l 2025-ben megjelent cikkek gy\u0171jtem\u00e9nye (pdf) &gt;&gt;<\/a>&nbsp;<\/li>\n<li><a href=\"https:\/\/blog.justhvk.hu\/blog\/wp-content\/uploads\/2025\/01\/rolunk_irtak_2024.pdf\">A k\u00f6nyvt\u00e1runkr\u00f3l 2024-ben megjelent cikkek gy\u0171jtem\u00e9nye (pdf) &gt;&gt;<\/a><\/li>\n<li><a href=\"https:\/\/blog.justhvk.hu\/blog\/wp-content\/uploads\/2024\/01\/rolunk_irtak_2023.pdf\">A k\u00f6nyvt\u00e1runkr\u00f3l 2023-ban megjelent cikkek gy\u0171jtem\u00e9nye (pdf) &gt;&gt;<\/a><\/li>\n<li><a href=\"https:\/\/blog.justhvk.hu\/blog\/wp-content\/uploads\/2023\/01\/rolunk_irtak_2022.pdf\">A k\u00f6nyvt\u00e1runkr\u00f3l 2022-ben megjelent cikkek gy\u0171jtem\u00e9nye (pdf) &gt;&gt;<\/a>&nbsp;<\/li>\n<li><a href=\"https:\/\/blog.justhvk.hu\/blog\/wp-content\/uploads\/2022\/01\/rolunk_irtak_2021.pdf\">A k\u00f6nyvt\u00e1runkr\u00f3l 2021-ben megjelent cikkek gy\u0171jtem\u00e9nye (pdf) &gt;&gt;&nbsp;<\/a><\/li>\n<li><a href=\"https:\/\/blog.justhvk.hu\/blog\/wp-content\/uploads\/2021\/01\/rolunk_irtak_2020.pdf\">A k\u00f6nyvt\u00e1runkr\u00f3l 2020-ban megjelent cikkek gy\u0171jtem\u00e9nye (pdf) &gt;&gt;<\/a><\/li>\n<li><a href=\"https:\/\/blog.justhvk.hu\/blog\/wp-content\/uploads\/2020\/01\/rolunk_irtak_2019.pdf\">A k\u00f6nyvt\u00e1runkr\u00f3l 2019-ben megjelent cikkek gy\u0171jtem\u00e9nye (pdf) &gt;&gt;<\/a><\/li>\n<li><a href=\"https:\/\/blog.justhvk.hu\/blog\/wp-content\/uploads\/2019\/01\/rolunk_irtak_2018.pdf\">A k\u00f6nyvt\u00e1runkr\u00f3l 2018-ban megjelent cikkek gy\u0171jtem\u00e9nye (pdf) &gt;&gt;<\/a><\/li>\n<li><a href=\"https:\/\/www.justhvk.hu\/blog\/wp-content\/uploads\/2018\/01\/rolunk_irtak_2017.pdf\">A k\u00f6nyvt\u00e1runkr\u00f3l 2017-ben megjelent cikkek gy\u0171jtem\u00e9nye (pdf) &gt;&gt;<\/a><\/li>\n<li><a href=\"https:\/\/www.justhvk.hu\/blog\/wp-content\/uploads\/2017\/01\/rolunk_irtak_2016_.pdf\">A k\u00f6nyvt\u00e1runkr\u00f3l 2016-ban megjelent cikkek gy\u0171jtem\u00e9nye (pdf) &gt;&gt;<\/a><\/li>\n<li><a href=\"https:\/\/www.justhvk.hu\/blog\/wp-content\/uploads\/2016\/01\/rolunk_irtak_2015.pdf\">A k\u00f6nyvt\u00e1runkr\u00f3l 2015-ben megjelent cikkek gy\u0171jtem\u00e9nye (pdf) &gt;&gt;<\/a><\/li>\n<li><a href=\"https:\/\/www.justhvk.hu\/blog\/wp-content\/uploads\/2015\/01\/rolunk_irtak_2014.pdf\">A k\u00f6nyvt\u00e1runkr\u00f3l 2014-ben megjelent cikkek gy\u0171jtem\u00e9nye (pdf) &gt;&gt;<\/a><\/li>\n<li><a href=\"https:\/\/www.justhvk.hu\/blog\/wp-content\/uploads\/2015\/01\/rolunk_irtak_2013.pdf\">A k\u00f6nyvt\u00e1runkr\u00f3l 2013-ban megjelent cikkek gy\u0171jtem\u00e9nye (pdf) &gt;&gt;<\/a><\/li>\n<li><a href=\"https:\/\/www.justhvk.hu\/blog\/wp-content\/uploads\/2015\/01\/rolunk_irtak_2012.pdf\">A k\u00f6nyvt\u00e1runkr\u00f3l 2012-ben megjelent cikkek gy\u0171jtem\u00e9nye (pdf) &gt;&gt;<\/a><\/li>\n<\/ul>\n<div class=\"fcbkbttn_buttons_block\" id=\"fcbkbttn_left\"><div class=\"fcbkbttn_like \"><fb:like href=\"https:\/\/blog.justhvk.hu\/blog\/dokumentumok\/rolunk-irtak\/\" action=\"like\" colorscheme=\"light\" layout=\"button_count\"  size=\"small\"><\/fb:like><\/div><div class=\"fb-share-button  \" data-href=\"https:\/\/blog.justhvk.hu\/blog\/dokumentumok\/rolunk-irtak\/\" data-type=\"button_count\" data-size=\"small\"><\/div><\/div>","protected":false},"excerpt":{"rendered":"<p>A k\u00f6nyvt\u00e1runkr\u00f3l 2026-ban megjelent cikkek (folyamatos felt\u00f6lt\u00e9s) &gt;&gt; A k\u00f6nyvt\u00e1runkr\u00f3l 2025-ben megjelent cikkek gy\u0171jtem\u00e9nye (pdf) &gt;&gt;&nbsp; A k\u00f6nyvt\u00e1runkr\u00f3l 2024-ben megjelent cikkek gy\u0171jtem\u00e9nye (pdf) &gt;&gt; A k\u00f6nyvt\u00e1runkr\u00f3l 2023-ban megjelent cikkek gy\u0171jtem\u00e9nye (pdf) &gt;&gt; A k\u00f6nyvt\u00e1runkr\u00f3l 2022-ben megjelent cikkek gy\u0171jtem\u00e9nye (pdf) &gt;&gt;&nbsp; A k\u00f6nyvt\u00e1runkr\u00f3l 2021-ben megjelent cikkek gy\u0171jtem\u00e9nye (pdf) &gt;&gt;&nbsp; A k\u00f6nyvt\u00e1runkr\u00f3l 2020-ban megjelent cikkek gy\u0171jtem\u00e9nye (pdf) [&hellip;]<\/p>\n","protected":false},"author":5,"featured_media":0,"parent":8381,"menu_order":0,"comment_status":"open","ping_status":"open","template":"","meta":{"episode_type":"","audio_file":"","cover_image":"","cover_image_id":"","duration":"","filesize":"","date_recorded":"","explicit":"","block":"","filesize_raw":"","ngg_post_thumbnail":0,"footnotes":""},"class_list":["post-10029","page","type-page","status-publish","hentry"],"_links":{"self":[{"href":"https:\/\/blog.justhvk.hu\/blog\/wp-json\/wp\/v2\/pages\/10029","targetHints":{"allow":["GET"]}}],"collection":[{"href":"https:\/\/blog.justhvk.hu\/blog\/wp-json\/wp\/v2\/pages"}],"about":[{"href":"https:\/\/blog.justhvk.hu\/blog\/wp-json\/wp\/v2\/types\/page"}],"author":[{"embeddable":true,"href":"https:\/\/blog.justhvk.hu\/blog\/wp-json\/wp\/v2\/users\/5"}],"replies":[{"embeddable":true,"href":"https:\/\/blog.justhvk.hu\/blog\/wp-json\/wp\/v2\/comments?post=10029"}],"version-history":[{"count":19,"href":"https:\/\/blog.justhvk.hu\/blog\/wp-json\/wp\/v2\/pages\/10029\/revisions"}],"predecessor-version":[{"id":46049,"href":"https:\/\/blog.justhvk.hu\/blog\/wp-json\/wp\/v2\/pages\/10029\/revisions\/46049"}],"up":[{"embeddable":true,"href":"https:\/\/blog.justhvk.hu\/blog\/wp-json\/wp\/v2\/pages\/8381"}],"wp:attachment":[{"href":"https:\/\/blog.justhvk.hu\/blog\/wp-json\/wp\/v2\/media?parent=10029"}],"curies":[{"name":"wp","href":"https:\/\/api.w.org\/{rel}","templated":true}]}}