{"id":10156,"date":"2015-02-05T15:20:56","date_gmt":"2015-02-05T15:20:56","guid":{"rendered":"https:\/\/www.justhvk.hu\/blog\/?page_id=10156"},"modified":"2026-03-02T09:57:23","modified_gmt":"2026-03-02T09:57:23","slug":"jovokep","status":"publish","type":"page","link":"https:\/\/blog.justhvk.hu\/blog\/dokumentumok\/jovokep\/","title":{"rendered":"J\u00f6v\u0151k\u00e9p"},"content":{"rendered":"<p>J\u00f6v\u0151k\u00e9p\u00fcnk egy olvasott, t\u00e1j\u00e9kozott, befogad\u00f3 \u00e9s elfogad\u00f3 t\u00e1rsadalom. A k\u00f6nyvt\u00e1r saj\u00e1t eszk\u00f6zeivel &#8211; gy\u0171jtem\u00e9ny\u00e9vel, szolg\u00e1ltat\u00e1saival, rendezv\u00e9nyeivel \u00e9s munkat\u00e1rsaival &#8211; tesz az\u00e9rt, hogy a v\u00e1ros \u00e9l\u0151 \u00e9s \u00e9lhet\u0151 legyen minden orosh\u00e1zi sz\u00e1m\u00e1ra.<\/p>\n<p>A J\u00f6v\u0151k\u00e9p&nbsp;a hat\u00e1lyos <a href=\"https:\/\/blog.justhvk.hu\/blog\/wp-content\/uploads\/2026\/03\/strategia_2026-2030.pdf\">Strat\u00e9giai terv<\/a>&nbsp;r\u00e9sze.<\/p>\n<p>&nbsp;<\/p>\n<div class=\"fcbkbttn_buttons_block\" id=\"fcbkbttn_left\"><div class=\"fcbkbttn_like \"><fb:like href=\"https:\/\/blog.justhvk.hu\/blog\/dokumentumok\/jovokep\/\" action=\"like\" colorscheme=\"light\" layout=\"button_count\"  size=\"small\"><\/fb:like><\/div><div class=\"fb-share-button  \" data-href=\"https:\/\/blog.justhvk.hu\/blog\/dokumentumok\/jovokep\/\" data-type=\"button_count\" data-size=\"small\"><\/div><\/div>","protected":false},"excerpt":{"rendered":"<p>J\u00f6v\u0151k\u00e9p\u00fcnk egy olvasott, t\u00e1j\u00e9kozott, befogad\u00f3 \u00e9s elfogad\u00f3 t\u00e1rsadalom. A k\u00f6nyvt\u00e1r saj\u00e1t eszk\u00f6zeivel &#8211; gy\u0171jtem\u00e9ny\u00e9vel, szolg\u00e1ltat\u00e1saival, rendezv\u00e9nyeivel \u00e9s munkat\u00e1rsaival &#8211; tesz az\u00e9rt, hogy a v\u00e1ros \u00e9l\u0151 \u00e9s \u00e9lhet\u0151 legyen minden orosh\u00e1zi sz\u00e1m\u00e1ra. A J\u00f6v\u0151k\u00e9p&nbsp;a hat\u00e1lyos Strat\u00e9giai terv&nbsp;r\u00e9sze. &nbsp;<\/p>\n","protected":false},"author":5,"featured_media":0,"parent":8381,"menu_order":0,"comment_status":"open","ping_status":"open","template":"","meta":{"episode_type":"","audio_file":"","cover_image":"","cover_image_id":"","duration":"","filesize":"","date_recorded":"","explicit":"","block":"","filesize_raw":"","ngg_post_thumbnail":0,"footnotes":""},"class_list":["post-10156","page","type-page","status-publish","hentry"],"_links":{"self":[{"href":"https:\/\/blog.justhvk.hu\/blog\/wp-json\/wp\/v2\/pages\/10156","targetHints":{"allow":["GET"]}}],"collection":[{"href":"https:\/\/blog.justhvk.hu\/blog\/wp-json\/wp\/v2\/pages"}],"about":[{"href":"https:\/\/blog.justhvk.hu\/blog\/wp-json\/wp\/v2\/types\/page"}],"author":[{"embeddable":true,"href":"https:\/\/blog.justhvk.hu\/blog\/wp-json\/wp\/v2\/users\/5"}],"replies":[{"embeddable":true,"href":"https:\/\/blog.justhvk.hu\/blog\/wp-json\/wp\/v2\/comments?post=10156"}],"version-history":[{"count":12,"href":"https:\/\/blog.justhvk.hu\/blog\/wp-json\/wp\/v2\/pages\/10156\/revisions"}],"predecessor-version":[{"id":46973,"href":"https:\/\/blog.justhvk.hu\/blog\/wp-json\/wp\/v2\/pages\/10156\/revisions\/46973"}],"up":[{"embeddable":true,"href":"https:\/\/blog.justhvk.hu\/blog\/wp-json\/wp\/v2\/pages\/8381"}],"wp:attachment":[{"href":"https:\/\/blog.justhvk.hu\/blog\/wp-json\/wp\/v2\/media?parent=10156"}],"curies":[{"name":"wp","href":"https:\/\/api.w.org\/{rel}","templated":true}]}}