{"id":11491,"date":"2016-05-10T12:46:11","date_gmt":"2016-05-10T12:46:11","guid":{"rendered":"https:\/\/www.justhvk.hu\/blog\/?page_id=11491"},"modified":"2025-01-17T12:27:36","modified_gmt":"2025-01-17T12:27:36","slug":"palyazatok-2","status":"publish","type":"page","link":"https:\/\/blog.justhvk.hu\/blog\/palyazatok-2\/","title":{"rendered":"P\u00e1ly\u00e1zatok"},"content":{"rendered":"<p><strong>2025&nbsp;<\/strong><\/p>\n<ul>\n<li>Csal\u00e1dbar\u00e1t szolg\u00e1ltat\u00f3 hely, 2024. (<a href=\"https:\/\/blog.justhvk.hu\/blog\/wp-content\/uploads\/2025\/01\/auditjelentes_20250117.pdf\">auditjelent\u00e9s<\/a>)&nbsp;<\/li>\n<\/ul>\n<p><strong>2024&nbsp;<\/strong><\/p>\n<ul>\n<li>Min\u0151s\u00edtett K\u00f6nyvt\u00e1r c\u00edm p\u00e1ly\u00e1zat, 2024. (<a href=\"https:\/\/blog.justhvk.hu\/blog\/minositett-konyvtar-cim-palyazat-2024\/\">dokument\u00e1ci\u00f3<\/a>)<\/li>\n<li>Innovat\u00edv, \u00faj szolg\u00e1ltat\u00e1sok bevezet\u00e9se a Justh Zsigmond V\u00e1rosi K\u00f6nyvt\u00e1r integr\u00e1lt k\u00f6nyvt\u00e1ri rendszer\u00e9ben, 2024. (<a href=\"https:\/\/blog.justhvk.hu\/blog\/wp-content\/uploads\/2024\/10\/justhvk_innovativ_nka_beszamolo_2024.pdf\">NKA &#8211; szakmai besz\u00e1mol\u00f3<\/a>)&nbsp;<\/li>\n<li>Reformkori olvas\u00f3t\u00e1bor megval\u00f3s\u00edt\u00e1sa, 2024. (<a href=\"https:\/\/blog.justhvk.hu\/blog\/wp-content\/uploads\/2024\/09\/justhvk_olvasotabor_nka_beszamolo_2024.pdf\">NKA &#8211; szakmai besz\u00e1mol\u00f3<\/a>)<\/li>\n<\/ul>\n<p><strong>2022.&nbsp;<\/strong><\/p>\n<ul>\n<li>Csal\u00e1dbar\u00e1t szolg\u00e1ltat\u00f3 hely, 2022. (<a href=\"https:\/\/blog.justhvk.hu\/blog\/wp-content\/uploads\/2022\/09\/audit_jelentes_csaladbarat_20220905.pdf\">auditjelent\u00e9s<\/a>)<\/li>\n<li>(T)\u00f6r\u00f6k olvas\u00f3t\u00e1bor megval\u00f3s\u00edt\u00e1sa, 2022. (<a href=\"https:\/\/blog.justhvk.hu\/blog\/wp-content\/uploads\/2022\/08\/justhvk_olvasotabor_nka_beszamolo_2022.pdf\">NKA &#8211; szakmai besz\u00e1mol\u00f3<\/a>)<\/li>\n<\/ul>\n<p><strong>2021.&nbsp;<\/strong><\/p>\n<ul>\n<li>A k\u00f6nyvt\u00e1ri t\u00e1j\u00e9koztat\u00f3 rendszer korszer\u0171s\u00edt\u00e9se, k\u00f6nyvt\u00e1rt\u00f6rt\u00e9neti \u00e9s k\u00f6nyvt\u00e1rismertet\u0151 kiadv\u00e1ny megjelentet\u00e9se, honlapfejleszt\u00e9s, 2021. (<a href=\"https:\/\/blog.justhvk.hu\/blog\/wp-content\/uploads\/2021\/06\/justhvk_tajekoztato_nka_beszamolo_2021.pdf\">NKA &#8211; szakmai besz\u00e1mol\u00f3<\/a>)<\/li>\n<\/ul>\n<p><strong>2020.&nbsp;<\/strong><\/p>\n<ul>\n<li>A koronav\u00edrus-j\u00e1rv\u00e1ny terjed\u00e9si kock\u00e1zat\u00e1nak cs\u00f6kkent\u00e9s\u00e9re szolg\u00e1l\u00f3 eszk\u00f6z\u00f6k beszerz\u00e9s\u00e9re a Justh Zsigmond V\u00e1rosi K\u00f6nyvt\u00e1rban, 2020. (<a href=\"https:\/\/blog.justhvk.hu\/blog\/wp-content\/uploads\/2021\/01\/justhvk_koronavirus_nka_beszamolo_2020.pdf\">NKA &#8211; szakmai besz\u00e1mol\u00f3<\/a>)<\/li>\n<li>Csal\u00e1dbar\u00e1t szolg\u00e1ltat\u00f3 hely, 2020. (<a href=\"https:\/\/blog.justhvk.hu\/blog\/wp-content\/uploads\/2020\/08\/csaladbarat_level_2020.pdf\">auditjelent\u00e9s<\/a>)<\/li>\n<\/ul>\n<p><strong>2019.&nbsp;<\/strong><\/p>\n<ul>\n<li>Min\u0151s\u00edtett K\u00f6nyvt\u00e1r c\u00edm p\u00e1ly\u00e1zat, 2019. (<a href=\"https:\/\/blog.justhvk.hu\/blog\/?page_id=16755\">dokument\u00e1ci\u00f3<\/a>)<\/li>\n<\/ul>\n<p><strong>2018.&nbsp;<\/strong><\/p>\n<ul>\n<li>A Justh Zsigmond V\u00e1rosi K\u00f6nyvt\u00e1r arculat\u00e1nak kialak\u00edt\u00e1sa, 2018. (<a href=\"https:\/\/www.justhvk.hu\/blog\/wp-content\/uploads\/2016\/05\/justhvk_arculat_szakmai_beszamolo_2018-compressed.pdf\">NKA &#8211; szakmai besz\u00e1mol\u00f3<\/a>)<\/li>\n<li>K\u00f6nyvt\u00e1r &#8211; Ahol az olvas\u00f3 terem(t)&#8230; (<a href=\"https:\/\/www.justhvk.hu\/blog\/?page_id=15007\">EFOP-3.3.2-16-2016-00285<\/a>)<\/li>\n<\/ul>\n<p><strong>2017.&nbsp;<\/strong><\/p>\n<ul>\n<li>Felk\u00e9sz\u00fcl\u00e9s a Min\u0151s\u00edtett K\u00f6nyvt\u00e1ri C\u00edm megszerz\u00e9s\u00e9re, 2016-2017. (<a href=\"https:\/\/www.justhvk.hu\/blog\/wp-content\/uploads\/2017\/07\/szakmai_beszamolo_justhvk_20170724.pdf\">NKA &#8211; szakmai besz\u00e1mol\u00f3<\/a>)<\/li>\n<\/ul>\n<p><strong>2016.&nbsp;<\/strong><\/p>\n<ul>\n<li>Vesz\u00edts el egy k\u00f6nyvet! orsz\u00e1gos tal\u00e1lkoz\u00f3, 2016. (<a href=\"https:\/\/www.justhvk.hu\/blog\/wp-content\/uploads\/2016\/05\/veszits_el_szakmai_beszamolo_2016_honlap.pdf\">NKA &#8211; szakmai besz\u00e1mol\u00f3<\/a>)<\/li>\n<\/ul>\n<p><strong>2013.&nbsp;<\/strong><\/p>\n<ul>\n<li>Buta vagyok \u00e9n Karak? Nem vagy buta csak m\u00e9g keveset tudsz\u201d Kultur\u00e1lis szakemberek k\u00e9pz\u00e9se a szolg\u00e1ltat\u00e1sfejleszt\u00e9s \u00e9rdek\u00e9ben&nbsp;(<a href=\"https:\/\/www.justhvk.hu\/blog\/?page_id=9446\">TAMOP \u2013 3.2.12-12\/1\/KMR<\/a>)<\/li>\n<\/ul>\n<p><strong>2010.&nbsp;<\/strong><\/p>\n<ul>\n<li>Olvas\u00f3 O\u00e1zis \u2013 Tud\u00e1s \u00e9s kult\u00fara a k\u00f6nyvt\u00e1rban (<a href=\"https:\/\/www.justhvk.hu\/blog\/?page_id=9543\">T\u00c1MOP-3.2.4-08\/1-2009-0035<\/a>)<\/li>\n<li>Orosh\u00e1za-T\u00f3tkoml\u00f3s konzorciuma (<a href=\"https:\/\/www.justhvk.hu\/blog\/?page_id=9548\">TIOP-1.2.3-09\/1-2009-0007<\/a>)<\/li>\n<\/ul>\n<p><strong>K\u00f6nyvt\u00e1rigazgat\u00f3i p\u00e1ly\u00e1zatok&nbsp;<\/strong><\/p>\n<ul>\n<li><a href=\"https:\/\/www.justhvk.hu\/blog\/?page_id=11963\">K\u00f6nyvt\u00e1rigazgat\u00f3i p\u00e1ly\u00e1zatok &gt;&gt;<\/a><\/li>\n<\/ul>\n\n\n<div style=\"overflow: auto; padding: 3px;\">\n<p><a href=\"https:\/\/blog.justhvk.hu\/blog\/wp-content\/uploads\/2022\/09\/audit_jelentes_csaladbarat_20220905.pdf\">\n<img decoding=\"async\" style=\"float: left; margin: 5px;\" src=\"https:\/\/blog.justhvk.hu\/blog\/wp-content\/uploads\/2022\/09\/csaladbarat_2022_300x300.png\" width=\"248\">\n<\/a><\/p>\n<\/div>\n\n<div style=\"overflow: auto; padding: 3px;\">\n<p><a href=\"https:\/\/blog.justhvk.hu\/blog\/wp-content\/uploads\/2020\/08\/csaladbarat_level_2020.pdf\">\n<img decoding=\"async\" style=\"float: left; margin: 5px;\" src=\"https:\/\/blog.justhvk.hu\/blog\/wp-content\/uploads\/2020\/08\/csbk_logo.png\" width=\"248\">\n<\/a>\n<a href=\"https:\/\/blog.justhvk.hu\/blog\/?page_id=16755\">\n<img decoding=\"async\" style=\"float: left; margin: 5px;\" src=\"https:\/\/blog.justhvk.hu\/blog\/wp-content\/uploads\/2020\/02\/Q_nagy_fekete_sarga_300_292.png\" width=\"248\">\n<\/a><\/p>\n<\/div>\n\n<div style=\"overflow: auto; padding: 3px;\">\n<p>\n<a href=\"https:\/\/www.justhvk.hu\/blog\/?page_id=15007\">\n<img decoding=\"async\" style=\"float: left; margin: 5px;\" src=\"https:\/\/www.justhvk.hu\/blog\/wp-content\/uploads\/2016\/05\/efop_3_3_2_16_250_177.jpg\" width=\"248\">\n<\/a>\n<a href=\"https:\/\/www.justhvk.hu\/blog\/?page_id=9446\">\n<img decoding=\"async\" title=\"Kultur\u00e1lis szakemberek tov\u00e1bbk\u00e9pz\u00e9se\" style=\"float: left; margin: 5px;\" src=\"https:\/\/www.justhvk.hu\/blog\/wp-content\/uploads\/2014\/07\/a_002.jpg\" alt=\"\" width=\"248\">\n<\/a> <\/p>\n<\/div>\n\n<div style=\"overflow: auto; padding: 3px;\">\n<p>\n<a href=\"https:\/\/www.justhvk.hu\/blog\/?page_id=9543\">\n<img decoding=\"async\" style=\"float: left; margin: 5px;\" title=\"Olvas\u00f3 o\u00e1zis - Tud\u00e1s \u00e9s kult\u00fara a k\u00f6nyvt\u00e1rban\" src=\"https:\/\/www.justhvk.hu\/blog\/wp-content\/uploads\/2014\/08\/olvaso_oazis_tamop.jpg\" width=\"248\">\n<\/a>\n\n<a href=\"https:\/\/www.justhvk.hu\/blog\/?page_id=9548\">\n<img decoding=\"async\" style=\"float: left; margin: 5px;\" title=\"Orosh\u00e1za-T\u00f3tkoml\u00f3s konzorciuma\" src=\"https:\/\/www.justhvk.hu\/blog\/wp-content\/uploads\/2014\/08\/oroshaza_totkomlos_tamop.jpg\" width=\"248\">\n<\/a><\/p>\n<\/div>\n\n\n\n<p><\/p>\n<div class=\"fcbkbttn_buttons_block\" id=\"fcbkbttn_left\"><div class=\"fcbkbttn_like \"><fb:like href=\"https:\/\/blog.justhvk.hu\/blog\/palyazatok-2\/\" action=\"like\" colorscheme=\"light\" layout=\"button_count\"  size=\"small\"><\/fb:like><\/div><div class=\"fb-share-button  \" data-href=\"https:\/\/blog.justhvk.hu\/blog\/palyazatok-2\/\" data-type=\"button_count\" data-size=\"small\"><\/div><\/div>","protected":false},"excerpt":{"rendered":"<p>2025&nbsp; Csal\u00e1dbar\u00e1t szolg\u00e1ltat\u00f3 hely, 2024. (auditjelent\u00e9s)&nbsp; 2024&nbsp; Min\u0151s\u00edtett K\u00f6nyvt\u00e1r c\u00edm p\u00e1ly\u00e1zat, 2024. (dokument\u00e1ci\u00f3) Innovat\u00edv, \u00faj szolg\u00e1ltat\u00e1sok bevezet\u00e9se a Justh Zsigmond V\u00e1rosi K\u00f6nyvt\u00e1r integr\u00e1lt k\u00f6nyvt\u00e1ri rendszer\u00e9ben, 2024. (NKA &#8211; szakmai besz\u00e1mol\u00f3)&nbsp; Reformkori olvas\u00f3t\u00e1bor megval\u00f3s\u00edt\u00e1sa, 2024. (NKA &#8211; szakmai besz\u00e1mol\u00f3) 2022.&nbsp; Csal\u00e1dbar\u00e1t szolg\u00e1ltat\u00f3 hely, 2022. (auditjelent\u00e9s) (T)\u00f6r\u00f6k olvas\u00f3t\u00e1bor megval\u00f3s\u00edt\u00e1sa, 2022. (NKA &#8211; szakmai besz\u00e1mol\u00f3) 2021.&nbsp; A k\u00f6nyvt\u00e1ri [&hellip;]<\/p>\n","protected":false},"author":5,"featured_media":0,"parent":0,"menu_order":0,"comment_status":"open","ping_status":"open","template":"","meta":{"episode_type":"","audio_file":"","cover_image":"","cover_image_id":"","duration":"","filesize":"","date_recorded":"","explicit":"","block":"","filesize_raw":"","ngg_post_thumbnail":0,"footnotes":""},"class_list":["post-11491","page","type-page","status-publish","hentry"],"_links":{"self":[{"href":"https:\/\/blog.justhvk.hu\/blog\/wp-json\/wp\/v2\/pages\/11491","targetHints":{"allow":["GET"]}}],"collection":[{"href":"https:\/\/blog.justhvk.hu\/blog\/wp-json\/wp\/v2\/pages"}],"about":[{"href":"https:\/\/blog.justhvk.hu\/blog\/wp-json\/wp\/v2\/types\/page"}],"author":[{"embeddable":true,"href":"https:\/\/blog.justhvk.hu\/blog\/wp-json\/wp\/v2\/users\/5"}],"replies":[{"embeddable":true,"href":"https:\/\/blog.justhvk.hu\/blog\/wp-json\/wp\/v2\/comments?post=11491"}],"version-history":[{"count":67,"href":"https:\/\/blog.justhvk.hu\/blog\/wp-json\/wp\/v2\/pages\/11491\/revisions"}],"predecessor-version":[{"id":40355,"href":"https:\/\/blog.justhvk.hu\/blog\/wp-json\/wp\/v2\/pages\/11491\/revisions\/40355"}],"wp:attachment":[{"href":"https:\/\/blog.justhvk.hu\/blog\/wp-json\/wp\/v2\/media?parent=11491"}],"curies":[{"name":"wp","href":"https:\/\/api.w.org\/{rel}","templated":true}]}}