{"id":11827,"date":"2016-09-02T07:16:22","date_gmt":"2016-09-02T07:16:22","guid":{"rendered":"https:\/\/www.justhvk.hu\/blog\/?page_id=11827"},"modified":"2017-01-13T13:28:40","modified_gmt":"2017-01-13T13:28:40","slug":"2016-os-galeria","status":"publish","type":"page","link":"https:\/\/blog.justhvk.hu\/blog\/2016-os-galeria\/","title":{"rendered":"2016-os fot\u00f3k"},"content":{"rendered":"<p><strong>2016<\/strong><\/p>\n<ul>\n<li><a href=\"https:\/\/goo.gl\/photos\/hgs4Mp16mReY7k826\">Kar\u00e1csonyi k\u00e9sz\u00fcl\u0151d\u00e9s a gyermekk\u00f6nyvt\u00e1rban &#8211; 2016. december 16.<\/a><\/li>\n<li><a href=\"https:\/\/goo.gl\/photos\/YnZZVKmwQi3YY3ih7\">Olvas\u00f3k\u00f6r &#8211; 2016. december 14.<\/a><\/li>\n<li><a href=\"https:\/\/goo.gl\/photos\/t3kMrkkF2UHsD4Gr6\">D\u00e1vid L\u00e1szl\u00f3 k\u00f6nyvbemutat\u00f3 &#8211; 2016. december 13.<\/a><\/li>\n<li><a href=\"https:\/\/goo.gl\/photos\/aUGxpxHnmh255tMw5\">Min\u0151s\u00e9gbiztos\u00edt\u00e1si konzult\u00e1ci\u00f3 &#8211; 2016. december 13.<\/a><\/li>\n<li><a href=\"https:\/\/goo.gl\/photos\/EKcfavtPMgaVv5ZU8\">Veraszt\u00f3 Antal k\u00f6nyvbemutat\u00f3 &#8211; 2016. december 8.<\/a><\/li>\n<li><a href=\"https:\/\/goo.gl\/photos\/BLm46sY2WzzZJPXj6\">Adventi k\u00e9sz\u00fcl\u0151d\u00e9s a r\u00e1k\u00f3czitelepi iskol\u00e1sokkal &#8211; 2016. december 2.<\/a><\/li>\n<li><a href=\"https:\/\/goo.gl\/photos\/yLrac1Z7NyA1TUVs8\">Sz\u00e9k\u00e1cs-ovisok a gyermekk\u00f6nyvt\u00e1rban &#8211; 2016. november 24.<\/a><\/li>\n<li><a href=\"https:\/\/goo.gl\/photos\/qRUYqgfQNcn9LDTq7\">Hagymakalend\u00e1rium k\u00e9sz\u00edt\u00e9se a reform\u00e1tus ovisokkal &#8211; 2016. november 23.<\/a><\/li>\n<li><a href=\"https:\/\/goo.gl\/photos\/nw2HY1xjQRCivpak7\">Min\u0151s\u00e9gbiztos\u00edt\u00e1si tr\u00e9ning &#8211; 2016. november 14.<\/a><\/li>\n<li><a href=\"https:\/\/goo.gl\/photos\/e93gzc41cF1VCAKT9\">1956-os szaval\u00f3verseny &#8211; 2016. okt\u00f3ber 28.<\/a><\/li>\n<li><a href=\"https:\/\/goo.gl\/photos\/W774PYsE8m1m5by58\">Seb\u0151k Erika k\u00f6nyvbemutat\u00f3 &#8211; 2016. okt\u00f3ber 24.<\/a><\/li>\n<li><a href=\"https:\/\/goo.gl\/photos\/d95WUo4cCRsyXqvYA\">Min\u0151s\u00e9gbiztos\u00edt\u00e1si konzult\u00e1ci\u00f3 &#8211; 2016. okt\u00f3ber 20.<\/a><\/li>\n<li><a href=\"https:\/\/goo.gl\/photos\/GAfuitHhrsGmAUrs5\">V\u00f6r\u00f6smarty 3.a a gyermekk\u00f6nyvt\u00e1rban &#8211; 2016. okt\u00f3ber 14.<\/a><\/li>\n<li><a href=\"https:\/\/goo.gl\/photos\/hCAnyis2SjyQ2xrF6\">Olvas\u00f3k\u00f6r &#8211; 2016. okt\u00f3ber 13.<\/a><\/li>\n<li><a href=\"https:\/\/goo.gl\/photos\/K6A1Zb7tdvbGNWR36\">Orosh\u00e1zi Moly Galeri &#8211; 2016. okt\u00f3ber 8.<\/a><\/li>\n<li><a href=\"https:\/\/goo.gl\/photos\/chsYfuFSofS2kwkZ8\">Ker\u00e9kp\u00e1rt\u00fara G\u00e1dorosra &#8211; 2016. okt\u00f3ber 8.<\/a><\/li>\n<li><a href=\"https:\/\/goo.gl\/photos\/7eFtpDqGqpVDZ3bH9\">Hajnal ovisok k\u00f6nyvt\u00e1rl\u00e1togat\u00e1sa \u2013 2016. okt\u00f3ber 7.<\/a><\/li>\n<li><a href=\"https:\/\/goo.gl\/photos\/3qF4fPRProZc2QJY6\">Petrus M\u00e1rta k\u00f6nyvbemutat\u00f3 &#8211; 2016. okt\u00f3ber 6.<\/a><\/li>\n<li><a href=\"https:\/\/goo.gl\/photos\/9eZxp4W3KeGSZYTr7\">V\u00e9rad\u00e1s &#8211; 2016. okt\u00f3ber 6.<\/a><\/li>\n<li><a href=\"https:\/\/goo.gl\/photos\/zpQZi32GQFZe1XAM7\">V\u00e1laszt\u00e1si \u00dcnneps\u00e9g, \u00e9l\u0151 t\u00e1rsasj\u00e1t\u00e9k &#8211; 2016. okt\u00f3ber 5.<\/a><\/li>\n<li><a href=\"https:\/\/goo.gl\/photos\/QJ6dTWEsbG5pQPBz8\">Dinny\u00e9s Istv\u00e1n el\u0151ad\u00e1sa &#8211; 2016. okt\u00f3ber 4.<\/a><\/li>\n<li><a href=\"https:\/\/goo.gl\/photos\/6bh8PcjAaKQxHkZZA\">\u00d6ko-j\u00e1tsz\u00f3h\u00e1z &#8211; 2016. okt\u00f3ber 4.<\/a><\/li>\n<li><a href=\"https:\/\/goo.gl\/photos\/mBqkkGZ2WyUG64Wp9\">Kem\u00e9ny Zs\u00f3fi \u00e9s a Keep CaLM &#8211; 2016. okt\u00f3ber 3.<\/a><\/li>\n<li><a href=\"https:\/\/goo.gl\/photos\/7xfj4QgCkgUsKsBv7\">Berkes Andr\u00e1s k\u00f6nyvbemutat\u00f3ja &#8211; 2016. szeptember 30.<\/a><\/li>\n<li><a href=\"https:\/\/goo.gl\/photos\/PRdsJKfcQXa8Be5g7\">Holden Rose (Kov\u00e1cs Attila) k\u00f6nyvbemutat\u00f3ja &#8211; 2016. szeptember 30.<\/a><\/li>\n<li><a href=\"https:\/\/goo.gl\/photos\/6bjTK6YJ2GsPq63i9\">N\u00e9pmese napja a r\u00e1k\u00f3czitelepi \u00e1ltal\u00e1nos iskol\u00e1sokkal &#8211; 2016. szeptember 30.<\/a><\/li>\n<li><a href=\"https:\/\/goo.gl\/photos\/34E1YJRh2Sn7t5c17\">Min\u0151s\u00e9gbiztos\u00edt\u00e1si konzult\u00e1ci\u00f3 &#8211; 2016. szeptember 29.<\/a><\/li>\n<li><a href=\"https:\/\/goo.gl\/photos\/m7XJBjcpVog4LvoC7\">M\u0171Kedvel\u0151 &#8211; 2016. szeptember 17.<\/a><\/li>\n<li><a href=\"https:\/\/goo.gl\/photos\/HBK8Lna6CoS1kzqK8\">Olvas\u00f3k\u00f6r &#8211; 2016. szeptember 14.<\/a><\/li>\n<li><a href=\"https:\/\/goo.gl\/photos\/DC5bpJegbRqgY2ZB6\">Kattints vel\u00fcnk! &#8211; 2016. ny\u00e1r<\/a><\/li>\n<li><a href=\"https:\/\/goo.gl\/photos\/idQZTEnnDZqXAcXb9\">Ny\u00e1ri j\u00e1tsz\u00f3h\u00e1z &#8211; 2016. j\u00falius 4-15.<\/a><\/li>\n<li><a href=\"https:\/\/goo.gl\/photos\/Dzxs3Q9zmPzGhmL27\">M\u0171Kedvel\u0151 &#8211; 2016. j\u00fanius 18.<\/a><\/li>\n<li><a href=\"https:\/\/goo.gl\/photos\/t7r9UvAr49wcvfRS6\">Gyop\u00e1rka T\u00fcnd\u00e9r mesemond\u00f3 verseny &#8211; 2016. j\u00fanius 11.<\/a><\/li>\n<li><a href=\"https:\/\/goo.gl\/photos\/TqR8PLZHJWAH3rPf6\">R\u00e1k\u00f3czitelepi \u00f6t\u00f6dik oszt\u00e1lyosok ismerked\u00e9se L\u00e1z\u00e1r Ervinnel &#8211; 2016. j\u00fanius 9.<\/a><\/li>\n<li><a href=\"https:\/\/goo.gl\/photos\/eiRPofN8AaN3aHp66\">Olvas\u00f3k\u00f6r &#8211; 2016. j\u00fanius 8.<\/a><\/li>\n<li><a href=\"https:\/\/goo.gl\/photos\/PeXEwtRrM3cpkGa66\">Reform\u00e1tus iskol\u00e1sok k\u00f6nyvt\u00e1rl\u00e1togat\u00e1sa &#8211; 2016. j\u00fanius 6.<\/a><\/li>\n<li><a href=\"https:\/\/goo.gl\/photos\/9g9JZqTVtvPU1grP8\">Rendhagy\u00f3 sz\u00fcl\u0151i \u00e9rtekezlet &#8211; 2016. j\u00fanius 3.<\/a><\/li>\n<li><a href=\"https:\/\/goo.gl\/photos\/i9uPm5wDeLcnCpdb7\">Orosh\u00e1zi Moly Galeri tal\u00e1lkoz\u00f3 &#8211; 2016. m\u00e1jus 28.<\/a><\/li>\n<li><a href=\"https:\/\/goo.gl\/photos\/ELD8CQvZAmshJpuH8\">Reform\u00e1tus iskola k\u00f6nyvt\u00e1rl\u00e1togat\u00e1sa &#8211; 2016. m\u00e1jus 27.<\/a><\/li>\n<li><a href=\"https:\/\/goo.gl\/photos\/HC4MicFCfqw3GsPHA\">M\u0171Kedvel\u0151 &#8211; 2016. m\u00e1jus 21.<\/a><\/li>\n<li><a href=\"https:\/\/goo.gl\/photos\/G3BxfYqc5TMYSSBL9\">Mester Kata ki\u00e1ll\u00edt\u00e1smegnyit\u00f3 &#8211; 2016. m\u00e1jus 20.<\/a><\/li>\n<li><a href=\"https:\/\/goo.gl\/photos\/kLrMJN2Jt75DB2vr8\">L\u00e9lekVitamin &#8211; 2016. m\u00e1jus 18.<\/a><\/li>\n<li><a href=\"https:\/\/goo.gl\/photos\/YHuFF8fQBo74DzuH9\">Olvas\u00f3k\u00f6r &#8211; 2016. m\u00e1jus 11.<\/a><\/li>\n<li><a href=\"https:\/\/goo.gl\/photos\/FVxTfbqNef684RCd7\">Aranyalma Klub &#8211; 2016. m\u00e1jus 7.<\/a><\/li>\n<li><a href=\"https:\/\/goo.gl\/photos\/vjEgjB5Y9rQ6J4Sb9\">Sz\u00e9k\u00e1cs iskola k\u00f6nyvt\u00e1rl\u00e1togat\u00e1sa &#8211; 2016. m\u00e1jus 2.<\/a><\/li>\n<li><a href=\"https:\/\/goo.gl\/photos\/QFrESQtyfPMQevpm6\">V\u00f6r\u00f6smarty D\u00d6K-nap &#8211; 2016. \u00e1prilis 29.<\/a><\/li>\n<li><a href=\"https:\/\/goo.gl\/photos\/f8KSzhtf9iySACNE7\">TeSzedd &#8211; 2016. \u00e1prilis 28.<\/a><\/li>\n<li><a href=\"https:\/\/goo.gl\/photos\/Rm1rthWipm3UTHUf6\">SOS \u00c9l\u0151 k\u00f6nyvt\u00e1r &#8211; 2016. \u00e1prilis 27.<\/a><\/li>\n<li><a href=\"https:\/\/goo.gl\/photos\/pQS88guvnFTt42MY8\">Az orosh\u00e1zi beatfesztiv\u00e1lok t\u00f6rt\u00e9nete &#8211; 2016. \u00e1prilis 26.<\/a><\/li>\n<li><a href=\"https:\/\/goo.gl\/photos\/BBtZQGQaXz1NeuhN8\">R\u00e1k\u00f3czitelepi l\u00e1togat\u00e1s &#8211; 2016. \u00e1prilis 20.<\/a><\/li>\n<li><a href=\"https:\/\/goo.gl\/photos\/BBtZQGQaXz1NeuhN8\">L\u00e9lekVitamin &#8211; 2016. \u00e1prilis 20.<\/a><\/li>\n<li><a href=\"https:\/\/goo.gl\/photos\/66tQUJcgeDNNK1JU8\">M\u0171Kedvel\u0151 &#8211; 2016. \u00e1prilis 16.<\/a><\/li>\n<li><a href=\"https:\/\/goo.gl\/photos\/sJQnG5dkFSRX2yHT7\">Olvas\u00f3k\u00f6r &#8211; 2016. \u00e1prilis 13.<\/a><\/li>\n<li><a href=\"https:\/\/goo.gl\/photos\/Teb2QJK7Yvyjx3MXA\">R\u00e1k\u00f3czitelepi \u00e1ltal\u00e1nos iskol\u00e1sok rendhagy\u00f3 irodalmi \u00f3r\u00e1ja &#8211; 2016. \u00e1prilis 13.<\/a><\/li>\n<li><a href=\"https:\/\/goo.gl\/photos\/ZLavTgqZE9AWYYHf8\">K\u00f6nyvt\u00e1rosok &#8211; 2016. \u00e1prilis 12.<\/a><\/li>\n<li><a href=\"https:\/\/goo.gl\/photos\/mk5MALLiT2HRd1C18\">Bakonyi P\u00e9ter \u00e9s M\u00e1rton Andr\u00e1s &#8211; 2016. \u00e1prilis 11.<\/a><\/li>\n<li><a href=\"https:\/\/goo.gl\/photos\/vFKEWrDKvYged1id9\">Aranyalma Klub tal\u00e1lkoz\u00f3 &#8211; 2016. \u00e1prilis 9.<\/a><\/li>\n<li><a href=\"https:\/\/goo.gl\/photos\/sz3HMgj9TjAorQhW8\">T\u00e1ncsics Mih\u00e1ly Gimn\u00e1zium 9. b k\u00f6nyvt\u00e1rl\u00e1togat\u00e1s &#8211; 2016. \u00e1prilis 8.<\/a><\/li>\n<li><a href=\"https:\/\/goo.gl\/photos\/C9M2FFT15yQSCKha8\">Kiss Ott\u00f3 \u00edr\u00f3-olvas\u00f3 tal\u00e1lkoz\u00f3 &#8211; 2016. \u00e1prilis 8.<\/a><\/li>\n<li><a href=\"https:\/\/goo.gl\/photos\/Eu5YriT9h7U2wiZJ9\">Erasmus+ k\u00f6nyvt\u00e1ri program &#8211; 2016. \u00e1prilis 7.<\/a><\/li>\n<li><a href=\"https:\/\/goo.gl\/photos\/C9M2FFT15yQSCKha8\">R\u00e1k\u00f3czitelepi \u00e1ltal\u00e1nos iskol\u00e1sok rendhagy\u00f3 irodalmi \u00f3r\u00e1ja &#8211; 2016. \u00e1prilis 6.<\/a><\/li>\n<li><a href=\"https:\/\/goo.gl\/photos\/KAFNmWxGnbYd4Uhd6\">Erasmus+ projekttal\u00e1lkoz\u00f3 &#8211; 2016. \u00e1prilis 4.<\/a><\/li>\n<li><a href=\"https:\/\/goo.gl\/photos\/y2Q6uucy4kcEdqxi9\">Tehets\u00e9gnap &#8211; 2016. \u00e1prilis 4.<\/a><\/li>\n<li><a href=\"https:\/\/goo.gl\/photos\/JSdnDtfy95sMZHoa8\">M\u0171Kedvel\u0151 &#8211; 2016. m\u00e1rcius 26.<\/a><\/li>\n<li><a href=\"https:\/\/goo.gl\/photos\/aTCDsrwDa4kDwEJW6\">H\u00fasv\u00e9ti j\u00e1tsz\u00f3h\u00e1z &#8211; 2016. m\u00e1rcius 25.<\/a><\/li>\n<li><a href=\"https:\/\/goo.gl\/photos\/rCzhd7wJrSsHNaKX9\">Orsz\u00e1gos k\u00f6nyvesblogger tal\u00e1lkoz\u00f3 &#8211; 2016. m\u00e1rcius 19-20.<\/a><\/li>\n<li><a href=\"https:\/\/goo.gl\/photos\/JGSYqH6aRCD6AjnT7\">L\u00e9lekVitamin &#8211; 2016. m\u00e1rcius 16.<\/a><\/li>\n<li><a href=\"https:\/\/goo.gl\/photos\/s3G5MgTJ5p1H1FjA8\">Olvas\u00f3k\u00f6r &#8211; 2016. m\u00e1rcius 9.<\/a><\/li>\n<li><a href=\"https:\/\/goo.gl\/photos\/PHqCbmJt5xeDPQW97\">Evang\u00e9likus ovisok k\u00f6nyvt\u00e1rl\u00e1togat\u00e1sa &#8211; 2016. m\u00e1rcius 8.<\/a><\/li>\n<li><a href=\"https:\/\/goo.gl\/photos\/LirmNnkPy9Ganmcj7\">Utaz\u00e1si el\u0151ad\u00e1s &#8211; 2016. m\u00e1rcius 3.<\/a><\/li>\n<li><a href=\"https:\/\/goo.gl\/photos\/GAa9VCJ6Des6EcmQ8\">Orosh\u00e1zi Moly Galeri &#8211; 2016. febru\u00e1r 27.<\/a><\/li>\n<li><a href=\"https:\/\/goo.gl\/photos\/yJSXaK5zrQzx1oQp9\">Nagy Kolb\u00e1szk\u00f6nyv bemutat\u00f3 &#8211; 2016. febru\u00e1r 26.<\/a><\/li>\n<li><a href=\"https:\/\/goo.gl\/photos\/RHqMFYjYWhtc6Edw7\">V\u00f6r\u00f6smarty Mih\u00e1ly \u00c1ltal\u00e1nos Iskola 4. a &#8211; 2016. febru\u00e1r 25.<\/a><\/li>\n<li><a href=\"https:\/\/goo.gl\/photos\/32rpUrmdLgpPfadt8\">M\u0171Kedvel\u0151 &#8211; 2016. febru\u00e1r 20.<\/a><\/li>\n<li><a href=\"https:\/\/goo.gl\/photos\/foBZqqyjPegjiXok8\">Hajnal utcai \u00f3vod\u00e1sok k\u00f6nyvt\u00e1rl\u00e1togat\u00e1sa &#8211; 2016. febru\u00e1r 18.P\u00e1nty\u00e9n\u00e9 Horv\u00e1th Kl\u00e1ra st\u00edluskommunik\u00e1tor el\u0151ad\u00e1sa &#8211; 2016. febru\u00e1r 17.<\/a><\/li>\n<li><a href=\"https:\/\/goo.gl\/photos\/86kpUSCxu1CMZqft6\">NET szakk\u00f6r a Vadvir\u00e1g Es\u00e9ly Klub tagjaival &#8211; 2016. febru\u00e1r 17.<\/a><\/li>\n<li><a href=\"https:\/\/goo.gl\/photos\/u5FQkuZKqPTVEt3D6\">Strandk\u00f6nyvt\u00e1r &#8211; 2016. febru\u00e1r 16.<\/a><\/li>\n<li><a href=\"https:\/\/goo.gl\/photos\/uPn2L4Eqe8eAarQv6\">Justh Zsigmond vers- \u00e9s pr\u00f3zamond\u00f3 verseny &#8211; 2016. febru\u00e1r 15.<\/a><\/li>\n<li><a href=\"https:\/\/goo.gl\/photos\/5Ajhg2Bpw3gSKHXA8\">Kazinczy-verseny &#8211; 2016. febru\u00e1r 12.<\/a><\/li>\n<li><a href=\"https:\/\/goo.gl\/photos\/J7jqayXuRa1cjh5D9\">\u00c9rzelmi intelligencia gyakorlatok &#8211; k\u00f6nyvbemutat\u00f3 &#8211; 2016. febru\u00e1r 11.<\/a><\/li>\n<li><a href=\"https:\/\/goo.gl\/photos\/DP59ZxD9sdV1boF46\">V\u00f6r\u00f6smarty Mih\u00e1ly \u00c1ltal\u00e1nos Iskola 2. b &#8211; 2016. febru\u00e1r 11.<\/a><\/li>\n<li><a href=\"https:\/\/goo.gl\/photos\/gQHPSoaHovaEaN1f7\">Olvas\u00f3k\u00f6r &#8211; 2016. febru\u00e1r 10.<\/a><\/li>\n<li><a href=\"https:\/\/goo.gl\/photos\/aL1wng7gAkTQmTBm7\">V\u00f6r\u00f6smarty Mih\u00e1ly \u00c1ltal\u00e1nos Iskola 2. c &#8211; 2016. febru\u00e1r 10.<\/a><\/li>\n<li><a href=\"https:\/\/goo.gl\/photos\/b3tsQz38tEPPXG647\">Z. Konkoly Juci k\u00f6nyvbemutat\u00f3 &#8211; 2016. febru\u00e1r 6.<\/a><\/li>\n<li><a href=\"https:\/\/goo.gl\/photos\/62oyV8KWmcyH6jUu9\">Vid\u00e1m farsangol\u00f3 &#8211; 2016. febru\u00e1r 5.<\/a><\/li>\n<li><a href=\"https:\/\/goo.gl\/photos\/bLN3fS1du2NF4di18\">V\u00f6r\u00f6smarty Mih\u00e1ly \u00c1ltal\u00e1nos Iskola 2. a &#8211; 2016. febru\u00e1r 5.<\/a><\/li>\n<li><a href=\"https:\/\/goo.gl\/photos\/BgyfUMAZJUsLm7oQ6\">Biztons\u00e1gos k\u00fclf\u00f6ldi munkav\u00e1llal\u00e1s &#8211; 2016. febru\u00e1r 4.<\/a><\/li>\n<li><a href=\"https:\/\/goo.gl\/photos\/cMGZ8U7kuV3TeXBaA\">OMG tal\u00e1lkoz\u00f3 &#8211; 2016. janu\u00e1r 30.<\/a><\/li>\n<li><a href=\"https:\/\/goo.gl\/photos\/k11CWrdZUHsbNw7z9\">R\u00e1k\u00f3czitelepi iskol\u00e1sok k\u00f6nyvt\u00e1rl\u00e1togat\u00e1sa &#8211; 2016. janu\u00e1r 29.<\/a><\/li>\n<li><a href=\"https:\/\/goo.gl\/photos\/ioC7zHhvxXpFnFGy9\">Nagyv\u00e1rad-Fiume k\u00f6nyvbemutat\u00f3 &#8211; 2016. janu\u00e1r 27.<\/a><\/li>\n<li><a href=\"https:\/\/goo.gl\/photos\/4VymE95bG9QaRBku8\">L\u00e9lekVitamin &#8211; 2016. janu\u00e1r 20.<\/a><\/li>\n<li><a href=\"https:\/\/goo.gl\/photos\/QEBxaDfagk7x3dut8\">M\u0171Kedvel\u0151 &#8211; 2016. janu\u00e1r 16.<\/a><\/li>\n<li><a href=\"https:\/\/goo.gl\/photos\/w6VgF64jtRCWknh76\">Olvas\u00f3k\u00f6r &#8211; 2016. janu\u00e1r 13.<\/a><\/li>\n<li><a href=\"https:\/\/goo.gl\/photos\/UTfd3gTLgMB2AMEx7\">Munka\u00e9rtekezlet &#8211; 2016. janu\u00e1r 11.<\/a><\/li>\n<\/ul>\n<p>\u00d6sszes fot\u00f3:\u00a0<a href=\"https:\/\/www.justhvk.hu\/blog\/?page_id=11649\">https:\/\/www.justhvk.hu\/blog\/?page_id=11649<\/a><\/p>\n<p>&nbsp;<\/p>\n<div class=\"fcbkbttn_buttons_block\" id=\"fcbkbttn_left\"><div class=\"fcbkbttn_like \"><fb:like href=\"https:\/\/blog.justhvk.hu\/blog\/2016-os-galeria\/\" action=\"like\" colorscheme=\"light\" layout=\"button_count\"  size=\"small\"><\/fb:like><\/div><div class=\"fb-share-button  \" data-href=\"https:\/\/blog.justhvk.hu\/blog\/2016-os-galeria\/\" data-type=\"button_count\" data-size=\"small\"><\/div><\/div>","protected":false},"excerpt":{"rendered":"<p>2016 Kar\u00e1csonyi k\u00e9sz\u00fcl\u0151d\u00e9s a gyermekk\u00f6nyvt\u00e1rban &#8211; 2016. december 16. Olvas\u00f3k\u00f6r &#8211; 2016. december 14. D\u00e1vid L\u00e1szl\u00f3 k\u00f6nyvbemutat\u00f3 &#8211; 2016. december 13. Min\u0151s\u00e9gbiztos\u00edt\u00e1si konzult\u00e1ci\u00f3 &#8211; 2016. december 13. Veraszt\u00f3 Antal k\u00f6nyvbemutat\u00f3 &#8211; 2016. december 8. Adventi k\u00e9sz\u00fcl\u0151d\u00e9s a r\u00e1k\u00f3czitelepi iskol\u00e1sokkal &#8211; 2016. december 2. Sz\u00e9k\u00e1cs-ovisok a gyermekk\u00f6nyvt\u00e1rban &#8211; 2016. november 24. Hagymakalend\u00e1rium k\u00e9sz\u00edt\u00e9se a reform\u00e1tus ovisokkal [&hellip;]<\/p>\n","protected":false},"author":5,"featured_media":0,"parent":0,"menu_order":0,"comment_status":"open","ping_status":"open","template":"","meta":{"episode_type":"","audio_file":"","cover_image":"","cover_image_id":"","duration":"","filesize":"","date_recorded":"","explicit":"","block":"","filesize_raw":"","ngg_post_thumbnail":0,"footnotes":""},"class_list":["post-11827","page","type-page","status-publish","hentry"],"_links":{"self":[{"href":"https:\/\/blog.justhvk.hu\/blog\/wp-json\/wp\/v2\/pages\/11827","targetHints":{"allow":["GET"]}}],"collection":[{"href":"https:\/\/blog.justhvk.hu\/blog\/wp-json\/wp\/v2\/pages"}],"about":[{"href":"https:\/\/blog.justhvk.hu\/blog\/wp-json\/wp\/v2\/types\/page"}],"author":[{"embeddable":true,"href":"https:\/\/blog.justhvk.hu\/blog\/wp-json\/wp\/v2\/users\/5"}],"replies":[{"embeddable":true,"href":"https:\/\/blog.justhvk.hu\/blog\/wp-json\/wp\/v2\/comments?post=11827"}],"version-history":[{"count":34,"href":"https:\/\/blog.justhvk.hu\/blog\/wp-json\/wp\/v2\/pages\/11827\/revisions"}],"predecessor-version":[{"id":12729,"href":"https:\/\/blog.justhvk.hu\/blog\/wp-json\/wp\/v2\/pages\/11827\/revisions\/12729"}],"wp:attachment":[{"href":"https:\/\/blog.justhvk.hu\/blog\/wp-json\/wp\/v2\/media?parent=11827"}],"curies":[{"name":"wp","href":"https:\/\/api.w.org\/{rel}","templated":true}]}}