{"id":11829,"date":"2016-09-02T07:17:17","date_gmt":"2016-09-02T07:17:17","guid":{"rendered":"https:\/\/www.justhvk.hu\/blog\/?page_id=11829"},"modified":"2016-11-03T13:18:39","modified_gmt":"2016-11-03T13:18:39","slug":"2015-os-galeria","status":"publish","type":"page","link":"https:\/\/blog.justhvk.hu\/blog\/2015-os-galeria\/","title":{"rendered":"2015-\u00f6s fot\u00f3k"},"content":{"rendered":"<p><strong>2015<\/strong><\/p>\n<ul>\n<li><a href=\"https:\/\/goo.gl\/photos\/QgYoQbroD3YKqCp48\">M\u0171Kedvel\u0151 &#8211; 2015. december 19.<\/a><\/li>\n<li><a href=\"https:\/\/goo.gl\/photos\/QgYoQbroD3YKqCp48\">Dr. Mih\u00e1ly Nikolett k\u00f6nyvbemutat\u00f3ja &#8211; 2015. december 18.<\/a><\/li>\n<li><a href=\"https:\/\/goo.gl\/photos\/tsPKbPs4CXKX4iReA\">L\u00e9gy m\u0171v\u00e9sz, aj\u00e1nd\u00e9kozz okosan! &#8211; 2015. december 11.<\/a><\/li>\n<li><a href=\"https:\/\/goo.gl\/photos\/98W1zZTvG32qK9mG6\">Olvas\u00f3k\u00f6r &#8211; 2015. december 9.<\/a><\/li>\n<li><a href=\"https:\/\/goo.gl\/photos\/F4EhZuL5M9nUayJz5\">B\u00e1tyi Zolt\u00e1n k\u00f6nyvbemutat\u00f3 &#8211; 2015. november 27.<\/a><\/li>\n<li><a href=\"https:\/\/goo.gl\/photos\/maPfAPWZBoq6M55A9\">M\u0171Kedvel\u0151 &#8211; 2015. november 21.<\/a><\/li>\n<li><a href=\"https:\/\/goo.gl\/photos\/9zfSRkcxtMuam7X66\">R\u00e1k\u00f3czitelepi iskol\u00e1sok (3. oszt\u00e1ly) &#8211; 2015. november 18.<\/a><\/li>\n<li><a href=\"https:\/\/goo.gl\/photos\/9zfSRkcxtMuam7X66\">Zenet\u00f6rt\u00e9neti est\u00e9k 4. &#8211; 2015. november 17.<\/a><\/li>\n<li><a href=\"https:\/\/goo.gl\/photos\/ScpHRaRFRbpqeDmK7\">R\u00e1k\u00f3czitelepi iskol\u00e1sok (1-2. oszt\u00e1ly) &#8211; 2015. november 16<\/a><\/li>\n<li><a href=\"https:\/\/goo.gl\/photos\/KUTFdSun6xEptY4z6\">Olvas\u00f3k\u00f6r &#8211; 2015. november 11.<\/a><\/li>\n<li><a href=\"https:\/\/goo.gl\/photos\/oSfKLH3sAStkumoU8\">M\u00e1ty\u00e1s utcai \u00f3vod\u00e1sok k\u00f6nyvt\u00e1rl\u00e1togat\u00e1sa &#8211; 2015. november 10.<\/a><\/li>\n<li><a href=\"https:\/\/goo.gl\/photos\/ew4gzkRYGoZa727y5\">Molynyomoz\u00f3 d\u00edj\u00e1tad\u00e1s r\u00e1k\u00f3czitelepi iskola &#8211; 2015. november 10.<\/a><\/li>\n<li><a href=\"https:\/\/goo.gl\/photos\/siA2hbp5fRWa3BH17\">L\u00e9lekVitamin &#8211; 2015. okt\u00f3ber 21.<\/a><\/li>\n<li><a href=\"https:\/\/goo.gl\/photos\/nunrMmxj4J58LjTj8\">Munka\u00e9rtekezlet &#8211; 2015. okt\u00f3ber 19<\/a><\/li>\n<li><a href=\"https:\/\/goo.gl\/photos\/EBxFSVg7ueXab4ZSA\">Sr\u00f3th \u00d6d\u00f6n k\u00f6nyvbemutat\u00f3ja &#8211; 2015. okt\u00f3ber 16.<\/a><\/li>\n<li><a href=\"https:\/\/goo.gl\/photos\/tRt9gPCraRuPYTwi6\">Olvas\u00f3k\u00f6r &#8211; 2015. okt\u00f3ber 14.<\/a><\/li>\n<li><a href=\"https:\/\/goo.gl\/photos\/U4zQp2Lq7dt5dqFCA\">Molynyomoz\u00f3 j\u00e1t\u00e9k &#8211; 2015. okt\u00f3ber 9.<\/a><\/li>\n<li><a href=\"https:\/\/goo.gl\/photos\/GTVHhTD3t1TZxRRT6\">Ny\u00e1ry Kriszti\u00e1n \u00edr\u00f3-olvas\u00f3 tal\u00e1lkoz\u00f3 &#8211; 2015. okt\u00f3ber 8.<\/a><\/li>\n<li><a href=\"https:\/\/goo.gl\/photos\/9czRzhtgnhwRFgJo6\">V\u00e9rad\u00e1s a k\u00f6nyvt\u00e1rban &#8211; 2015. okt\u00f3ber 8.<\/a><\/li>\n<li><a href=\"https:\/\/goo.gl\/photos\/ajA3Nozk2PpnXjoGA\">Niedzielsky Katalin k\u00f6nyvbemutat\u00f3 &#8211; 2015. okt\u00f3ber 7.<\/a><\/li>\n<li><a href=\"https:\/\/goo.gl\/photos\/zUkVnYLxZWZfKG4m6\">V\u00f6r\u00f6smarty Mih\u00e1ly \u00c1ltal\u00e1nos Iskola 2. a. &#8211; 2015. okt\u00f3ber 2.<\/a><\/li>\n<li><a href=\"https:\/\/goo.gl\/photos\/5sqGBE5jbKXrfZXZ6\">Szokolay B\u00e1lint Madrig\u00e1l K\u00f3rus &#8211; 2015. okt\u00f3ber 1.<\/a><\/li>\n<li><a href=\"https:\/\/goo.gl\/photos\/p7sGAQ6gw8C93orJ6\">Zenet\u00f6rt\u00e9neti est\u00e9k 3. &#8211; 2015. szeptember 22.<\/a><\/li>\n<li><a href=\"https:\/\/goo.gl\/photos\/3pLbweyssHTnoA2D9\">M\u0171Kedvel\u0151 &#8211; 2015. szeptember 19.<\/a><\/li>\n<li><a href=\"https:\/\/goo.gl\/photos\/DmzWU6ygofAPavcP9\">L\u00e9lekVitamin Klub &#8211; 2015. szeptember 16.<\/a><\/li>\n<li><a href=\"https:\/\/goo.gl\/photos\/1Vpv88Yc1EN4zaaK9\">Rom\u00e1n \u00e9s t\u00f6r\u00f6k vend\u00e9gek k\u00f6nyvt\u00e1rl\u00e1togat\u00e1sa &#8211; 2015. szeptember 11.<\/a><\/li>\n<li><a href=\"https:\/\/goo.gl\/photos\/ULJxVUGVTQ4sH8iCA\">Rom\u00e1n \u00e9s t\u00f6r\u00f6k vend\u00e9gek Gyop\u00e1rosf\u00fcrd\u0151n &#8211; 2015. szeptember 10.<\/a><\/li>\n<li><a href=\"https:\/\/goo.gl\/photos\/XLtptYvmRyYGy2pR8\">Olvas\u00f3k\u00f6r &#8211; 2015. szeptember 9.<\/a><\/li>\n<li><a href=\"https:\/\/goo.gl\/photos\/d24dCNXyxZZ8i9B66\">Ny\u00e1ri j\u00e1tsz\u00f3h\u00e1z 2015. j\u00falius 6.<\/a><\/li>\n<li><a href=\"https:\/\/goo.gl\/photos\/evnMuzqks9wLe1sc9\">M\u0171Kedvel\u0151 &#8211; 2015. j\u00fanius 20.<\/a><\/li>\n<li><a href=\"https:\/\/goo.gl\/photos\/FBCQxnaU1dCNrtui7\">Olvas\u00f3k\u00f6r &#8211; 2015. j\u00fanius 10.<\/a><\/li>\n<li><a href=\"https:\/\/goo.gl\/photos\/K4V9Fn7tpyM48Y9c7\">J\u00e1rt\u00f3 R\u00f3za k\u00f6nyvbemutat\u00f3 &#8211; 2015. j\u00fanius 6.<\/a><\/li>\n<li><a href=\"https:\/\/goo.gl\/photos\/3Ga9WzSvJEDSPn1R6\">Gyop\u00e1rka t\u00fcnd\u00e9r mesemond\u00f3 verseny &#8211; 2015. j\u00fanius 6.<\/a><\/li>\n<li><a href=\"https:\/\/goo.gl\/photos\/GwfrTaFom4HHjZev9\">K\u00f6nyvheti k\u00f6nyvki\u00e1rus\u00edt\u00e1s &#8211; 2015. j\u00fanius 4.<\/a><\/li>\n<li><a href=\"https:\/\/goo.gl\/photos\/4xK1VNDKcHHFbahH9\">R\u00e1k\u00f3czitelepi iskol\u00e1sok k\u00f6nyvt\u00e1rl\u00e1togat\u00e1sa &#8211; 2015. j\u00fanius 2.<\/a><\/li>\n<li><a href=\"https:\/\/goo.gl\/photos\/bCR45cchBpkW1E2y5\">Zenet\u00f6rt\u00e9neti est\u00e9k 2. &#8211; 2015. m\u00e1jus 26.<\/a><\/li>\n<li><a href=\"https:\/\/goo.gl\/photos\/g6XiSVemRPQnGzcw7\">Csonti Istv\u00e1n el\u0151ad\u00e1sa a Szent Koron\u00e1r\u00f3l &#8211; 2015. m\u00e1jus 16.<\/a><\/li>\n<li><a href=\"https:\/\/goo.gl\/photos\/FYvHkzsbVTww8zXq5\">Bemutatkozik a Gion N\u00e1ndor Eml\u00e9kh\u00e1z &#8211; 2015. \u00e1prilis 30.<\/a><\/li>\n<li><a href=\"https:\/\/goo.gl\/photos\/rCrKsS6Qk9FkP8vb7\">Molynyomoz\u00f3 a V\u00f6r\u00f6smarty di\u00e1kjaival &#8211; 2015. \u00e1prilis 27.<\/a><\/li>\n<li><a href=\"https:\/\/goo.gl\/photos\/BPMjYnJnJUEMPT1n8\">R\u00e1k\u00f3czitelepi iskol\u00e1sok k\u00f6nyvt\u00e1rl\u00e1togat\u00e1sa &#8211; 2015. \u00e1prilis 22.<\/a><\/li>\n<li><a href=\"https:\/\/goo.gl\/photos\/jrvnzyWi6ojrAEMo6\">Live Coals koncert a k\u00f6lt\u00e9szet napj\u00e1n &#8211; 2015. \u00e1prilis 11.<\/a><\/li>\n<li><a href=\"https:\/\/goo.gl\/photos\/26nhDbk8jZE9cP3g6\">Olvas\u00f3k\u00f6r &#8211; 2015. \u00e1prilis 8.<\/a><\/li>\n<li><a href=\"https:\/\/goo.gl\/photos\/b3tsQz38tEPPXG647\">V\u00e1rosi Tehets\u00e9gnap a gyermekk\u00f6nyvt\u00e1rban &#8211; 2015. \u00e1prilis 1.<\/a><\/li>\n<li><a href=\"https:\/\/goo.gl\/photos\/EAtTLLUc6ALYnuva6\">V\u00edz vil\u00e1gnapja sorsol\u00e1s &#8211; 2015. m\u00e1rcius 31.<\/a><\/li>\n<li><a href=\"https:\/\/goo.gl\/photos\/YDWvXdwki2xzX9aG9\">J\u00e1t\u00e9k a zen\u00e9vel &#8211; 2015. m\u00e1rcius 24.<\/a><\/li>\n<li><a href=\"https:\/\/goo.gl\/photos\/eTrBX8khyPi4mPZ69\">OMG! &#8211; 2015. febru\u00e1r 28.<\/a><\/li>\n<li><a href=\"https:\/\/goo.gl\/photos\/GGgxktLjGqccaTA7A\">Zenet\u00f6rt\u00e9neti est\u00e9k &#8211; 2015. febru\u00e1r 24.<\/a><\/li>\n<li><a href=\"https:\/\/goo.gl\/photos\/z55641HBL581b6gt5\">M\u0171Kedvel\u0151 &#8211; 2015. febru\u00e1r 21.<\/a><\/li>\n<li><a href=\"https:\/\/goo.gl\/photos\/FQ95vFfgLK9NeHjj9\">L\u00e9lekVitamin &#8211; 2015. febru\u00e1r 18.<\/a><\/li>\n<li><a href=\"https:\/\/goo.gl\/photos\/6uojCR5Ws561j1YZ7\">Justh Zsigmond vers- \u00e9s pr\u00f3zamond\u00f3 verseny &#8211; 2015. febru\u00e1r 16.<\/a><\/li>\n<li><a href=\"https:\/\/goo.gl\/photos\/GHYG6fX84QK4SzLN6\">Aranyalma Klub &#8211; 2015. febru\u00e1r 14.<\/a><\/li>\n<li><a href=\"https:\/\/goo.gl\/photos\/1oni2LXrhqRYbEvX6\">K\u00f6nyvt\u00e1ri karnev\u00e1l &#8211; 2015. febru\u00e1r 13.<\/a><\/li>\n<li><a href=\"https:\/\/goo.gl\/photos\/hNY71HoLRv1TBwQt6\">Kazinczy-verseny &#8211; 2015. febru\u00e1r 13.<\/a><\/li>\n<li><a href=\"https:\/\/goo.gl\/photos\/HuqR3dtQmAWf2vvC7\">Olvas\u00f3k\u00f6r &#8211; 2015. febru\u00e1r 11.<\/a><\/li>\n<li><a href=\"https:\/\/goo.gl\/photos\/kaFp5UNL4JWeouu5A\">D\u00e1vid L\u00e1szl\u00f3 k\u00f6nyvbemutat\u00f3ja &#8211; 2015. janu\u00e1r 20.<\/a><\/li>\n<li><a href=\"https:\/\/goo.gl\/photos\/ri5iosnozuhAURMv6\">Olvas\u00f3k\u00f6r &#8211; 2015. janu\u00e1r 14.<\/a><\/li>\n<\/ul>\n<p><b>\u00a0<\/b><\/p>\n<p>\u00d6sszes fot\u00f3:\u00a0<a href=\"https:\/\/www.justhvk.hu\/blog\/?page_id=11649\">https:\/\/www.justhvk.hu\/blog\/?page_id=11649<\/a><\/p>\n<p>&nbsp;<\/p>\n<div class=\"fcbkbttn_buttons_block\" id=\"fcbkbttn_left\"><div class=\"fcbkbttn_like \"><fb:like href=\"https:\/\/blog.justhvk.hu\/blog\/2015-os-galeria\/\" action=\"like\" colorscheme=\"light\" layout=\"button_count\"  size=\"small\"><\/fb:like><\/div><div class=\"fb-share-button  \" data-href=\"https:\/\/blog.justhvk.hu\/blog\/2015-os-galeria\/\" data-type=\"button_count\" data-size=\"small\"><\/div><\/div>","protected":false},"excerpt":{"rendered":"<p>2015 M\u0171Kedvel\u0151 &#8211; 2015. december 19. Dr. Mih\u00e1ly Nikolett k\u00f6nyvbemutat\u00f3ja &#8211; 2015. december 18. L\u00e9gy m\u0171v\u00e9sz, aj\u00e1nd\u00e9kozz okosan! &#8211; 2015. december 11. Olvas\u00f3k\u00f6r &#8211; 2015. december 9. B\u00e1tyi Zolt\u00e1n k\u00f6nyvbemutat\u00f3 &#8211; 2015. november 27. M\u0171Kedvel\u0151 &#8211; 2015. november 21. R\u00e1k\u00f3czitelepi iskol\u00e1sok (3. oszt\u00e1ly) &#8211; 2015. november 18. Zenet\u00f6rt\u00e9neti est\u00e9k 4. &#8211; 2015. november 17. R\u00e1k\u00f3czitelepi [&hellip;]<\/p>\n","protected":false},"author":5,"featured_media":0,"parent":0,"menu_order":0,"comment_status":"open","ping_status":"open","template":"","meta":{"episode_type":"","audio_file":"","cover_image":"","cover_image_id":"","duration":"","filesize":"","date_recorded":"","explicit":"","block":"","filesize_raw":"","ngg_post_thumbnail":0,"footnotes":""},"class_list":["post-11829","page","type-page","status-publish","hentry"],"_links":{"self":[{"href":"https:\/\/blog.justhvk.hu\/blog\/wp-json\/wp\/v2\/pages\/11829","targetHints":{"allow":["GET"]}}],"collection":[{"href":"https:\/\/blog.justhvk.hu\/blog\/wp-json\/wp\/v2\/pages"}],"about":[{"href":"https:\/\/blog.justhvk.hu\/blog\/wp-json\/wp\/v2\/types\/page"}],"author":[{"embeddable":true,"href":"https:\/\/blog.justhvk.hu\/blog\/wp-json\/wp\/v2\/users\/5"}],"replies":[{"embeddable":true,"href":"https:\/\/blog.justhvk.hu\/blog\/wp-json\/wp\/v2\/comments?post=11829"}],"version-history":[{"count":6,"href":"https:\/\/blog.justhvk.hu\/blog\/wp-json\/wp\/v2\/pages\/11829\/revisions"}],"predecessor-version":[{"id":12368,"href":"https:\/\/blog.justhvk.hu\/blog\/wp-json\/wp\/v2\/pages\/11829\/revisions\/12368"}],"wp:attachment":[{"href":"https:\/\/blog.justhvk.hu\/blog\/wp-json\/wp\/v2\/media?parent=11829"}],"curies":[{"name":"wp","href":"https:\/\/api.w.org\/{rel}","templated":true}]}}