{"id":12013,"date":"2016-09-21T08:39:10","date_gmt":"2016-09-21T08:39:10","guid":{"rendered":"https:\/\/www.justhvk.hu\/blog\/?page_id=12013"},"modified":"2016-09-23T06:27:17","modified_gmt":"2016-09-23T06:27:17","slug":"2011-es-fotok","status":"publish","type":"page","link":"https:\/\/blog.justhvk.hu\/blog\/2011-es-fotok\/","title":{"rendered":"2011-es fot\u00f3k"},"content":{"rendered":"<p><strong>2011\u00a0<\/strong><\/p>\n<ul>\n<li><a href=\"https:\/\/goo.gl\/photos\/Wh2W2BMw1z7Q6bh9A\">T\u00c1MOP-3.2.4-08\/1-2009-0035 projektz\u00e1r\u00f3 rendezv\u00e9ny &#8211; 2011. december 12.<\/a><\/li>\n<li><a href=\"https:\/\/goo.gl\/photos\/BQ326wSC5rydXRvC6\">Witt M\u00e1rta k\u00f6nyvbemutat\u00f3ja &#8211; 2011. december 10.<\/a><\/li>\n<li><a href=\"https:\/\/goo.gl\/photos\/cPNYVQ62Pqewb9N58\">L\u00e9n\u00e1rt L\u00e9na Ferenc filmvet\u00edt\u00e9ssel egybek\u00f6t\u00f6tt el\u0151ad\u00e1sa &#8211; 2011. november 24.<\/a><\/li>\n<li><a href=\"https:\/\/goo.gl\/photos\/ELfwUKb6pzZaz6Lv7\">Bog\u00e1r L\u00e1szl\u00f3 el\u0151ad\u00e1sa &#8211; 2011. november 4.<\/a><\/li>\n<li><a href=\"https:\/\/goo.gl\/photos\/oBtoZ6U4dX7LHMBC9\">Rockvet\u00e9lked\u0151 &#8211; 2011. okt\u00f3ber 27.<\/a><\/li>\n<li><a href=\"https:\/\/goo.gl\/photos\/qnwiKgddc2BDN4Lx8\">15 \u00e9ves az Orosh\u00e1zi \u00c9let &#8211; 2011.okt\u00f3ber 19.<\/a><\/li>\n<li><a href=\"https:\/\/goo.gl\/photos\/azVFytDe9dEUi1516\">K\u00e1rolyi F\u00fcl\u00f6p B\u00e9la k\u00f6nyvbemutat\u00f3 &#8211; 2011. j\u00fanius 17.<\/a><\/li>\n<li><a href=\"https:\/\/goo.gl\/photos\/LSYZ6RYmA51G47Ep9\">Sass Ervin k\u00f6nyvbemutat\u00f3 &#8211; 2011. j\u00fanius 7.<\/a><\/li>\n<li><a href=\"https:\/\/goo.gl\/photos\/SwSQHgVxpZD3XXja6\">Kreat\u00edv klub a gyermekk\u00f6nyvt\u00e1rban &#8211; 2011. m\u00e1jus 20.<\/a><\/li>\n<li><a href=\"https:\/\/goo.gl\/photos\/GcsViM6sABa3J4Li7\">Dr. Michael Ben-Menachem (Mark\u00f3 Mikl\u00f3s) k\u00f6nyvbemutat\u00f3ja &#8211; 2011. m\u00e1rcius 27.<\/a><\/li>\n<li><a href=\"https:\/\/goo.gl\/photos\/F5T71Jo8DhwUwDvZ7\">Gyop\u00e1rosi k\u00f6nyvelveszt\u00e9sek &#8211; 2011. m\u00e1rcius 25.<\/a><\/li>\n<li><a href=\"https:\/\/goo.gl\/photos\/ifQfmwcvgvXyJsdN6\">Justh Zsigmond vers- \u00e9s pr\u00f3zamond\u00f3 verseny, 2011.febru\u00e1r 16.<\/a><\/li>\n<li><a href=\"https:\/\/goo.gl\/photos\/FTAHefNJd1oNZFMz5\">Kazinczy Ferencr\u0151l elnevezett &#8222;Sz\u00e9p magyar besz\u00e9d&#8221; verseny &#8211; 2011. febru\u00e1r 4.<\/a><\/li>\n<li><a href=\"https:\/\/goo.gl\/photos\/jFLGU3WT8BENEnmg6\">Sass Ervin k\u00f6nyvbemutat\u00f3ja &#8211; 2011. janu\u00e1r 27.<\/a><\/li>\n<li><a href=\"https:\/\/goo.gl\/photos\/caUdGKuxVxCqurF59\">NAP K\u00c9PE 2011<\/a><\/li>\n<\/ul>\n<p><span style=\"line-height: 1.5em;\">\u00d6sszes fot\u00f3:\u00a0<\/span><a style=\"line-height: 1.5em;\" href=\"https:\/\/www.justhvk.hu\/blog\/?page_id=11649\">https:\/\/www.justhvk.hu\/blog\/?page_id=11649<\/a><\/p>\n<div class=\"fcbkbttn_buttons_block\" id=\"fcbkbttn_left\"><div class=\"fcbkbttn_like \"><fb:like href=\"https:\/\/blog.justhvk.hu\/blog\/2011-es-fotok\/\" action=\"like\" colorscheme=\"light\" layout=\"button_count\"  size=\"small\"><\/fb:like><\/div><div class=\"fb-share-button  \" data-href=\"https:\/\/blog.justhvk.hu\/blog\/2011-es-fotok\/\" data-type=\"button_count\" data-size=\"small\"><\/div><\/div>","protected":false},"excerpt":{"rendered":"<p>2011\u00a0 T\u00c1MOP-3.2.4-08\/1-2009-0035 projektz\u00e1r\u00f3 rendezv\u00e9ny &#8211; 2011. december 12. Witt M\u00e1rta k\u00f6nyvbemutat\u00f3ja &#8211; 2011. december 10. L\u00e9n\u00e1rt L\u00e9na Ferenc filmvet\u00edt\u00e9ssel egybek\u00f6t\u00f6tt el\u0151ad\u00e1sa &#8211; 2011. november 24. Bog\u00e1r L\u00e1szl\u00f3 el\u0151ad\u00e1sa &#8211; 2011. november 4. Rockvet\u00e9lked\u0151 &#8211; 2011. okt\u00f3ber 27. 15 \u00e9ves az Orosh\u00e1zi \u00c9let &#8211; 2011.okt\u00f3ber 19. K\u00e1rolyi F\u00fcl\u00f6p B\u00e9la k\u00f6nyvbemutat\u00f3 &#8211; 2011. j\u00fanius 17. Sass Ervin [&hellip;]<\/p>\n","protected":false},"author":5,"featured_media":0,"parent":0,"menu_order":0,"comment_status":"open","ping_status":"open","template":"","meta":{"episode_type":"","audio_file":"","cover_image":"","cover_image_id":"","duration":"","filesize":"","date_recorded":"","explicit":"","block":"","filesize_raw":"","ngg_post_thumbnail":0,"footnotes":""},"class_list":["post-12013","page","type-page","status-publish","hentry"],"_links":{"self":[{"href":"https:\/\/blog.justhvk.hu\/blog\/wp-json\/wp\/v2\/pages\/12013","targetHints":{"allow":["GET"]}}],"collection":[{"href":"https:\/\/blog.justhvk.hu\/blog\/wp-json\/wp\/v2\/pages"}],"about":[{"href":"https:\/\/blog.justhvk.hu\/blog\/wp-json\/wp\/v2\/types\/page"}],"author":[{"embeddable":true,"href":"https:\/\/blog.justhvk.hu\/blog\/wp-json\/wp\/v2\/users\/5"}],"replies":[{"embeddable":true,"href":"https:\/\/blog.justhvk.hu\/blog\/wp-json\/wp\/v2\/comments?post=12013"}],"version-history":[{"count":3,"href":"https:\/\/blog.justhvk.hu\/blog\/wp-json\/wp\/v2\/pages\/12013\/revisions"}],"predecessor-version":[{"id":12136,"href":"https:\/\/blog.justhvk.hu\/blog\/wp-json\/wp\/v2\/pages\/12013\/revisions\/12136"}],"wp:attachment":[{"href":"https:\/\/blog.justhvk.hu\/blog\/wp-json\/wp\/v2\/media?parent=12013"}],"curies":[{"name":"wp","href":"https:\/\/api.w.org\/{rel}","templated":true}]}}