{"id":12142,"date":"2016-09-23T06:31:02","date_gmt":"2016-09-23T06:31:02","guid":{"rendered":"https:\/\/www.justhvk.hu\/blog\/?page_id=12142"},"modified":"2016-09-23T06:31:02","modified_gmt":"2016-09-23T06:31:02","slug":"2010-es-fotok","status":"publish","type":"page","link":"https:\/\/blog.justhvk.hu\/blog\/2010-es-fotok\/","title":{"rendered":"2010-es fot\u00f3k"},"content":{"rendered":"<p><strong>2010<\/strong><\/p>\n<ul>\n<li><a href=\"https:\/\/goo.gl\/photos\/4bzw6QwFXGwEJ7579\">MESE-VAR\u00c1ZS mesed\u00e9lut\u00e1n &#8211; 2010. december 7.<\/a><\/li>\n<li><a href=\"https:\/\/goo.gl\/photos\/bjdeqqM5SSzUNEzp9\">Sz\u00fcl\u0151k akad\u00e9mi\u00e1ja &#8211; 2010. november 26.<\/a><\/li>\n<li><a href=\"https:\/\/goo.gl\/photos\/oYFM2LPDqjJ3k9kv9\">Bog\u00e1r L\u00e1szl\u00f3 el\u0151ad\u00e1sa &#8211; 2010. november 22.<\/a><\/li>\n<li><a href=\"https:\/\/goo.gl\/photos\/7U8dM6HDmNtZeX5h9\">Orosh\u00e1zi arck\u00e9pek \u2013 D\u00e1vid L\u00e1szl\u00f3 &#8211; 2010. november 19.<\/a><\/li>\n<li><a href=\"https:\/\/goo.gl\/photos\/tKcRqXdNjqy7THEt7\">Sz\u00fcl\u0151k akad\u00e9mi\u00e1ja &#8211; 2010. november 19.<\/a><\/li>\n<li><a href=\"https:\/\/goo.gl\/photos\/VRyhc7iQ4A6KAySD9\">eMagyarorsz\u00e1g Pont &#8211; Justh Zsigmond V\u00e1rosi K\u00f6nyvt\u00e1r &#8211; 2010.<\/a><\/li>\n<li><a href=\"https:\/\/goo.gl\/photos\/jzWJbiz83mH3FCmM9\">Sz\u00fcl\u0151k akad\u00e9mi\u00e1ja &#8211; 2010. november 12.<\/a><\/li>\n<li><a href=\"https:\/\/goo.gl\/photos\/ptpVpWBDe5QMEMpw6\">J\u00f3kai Anna \u00edr\u00f3-olvas\u00f3 tal\u00e1lkoz\u00f3ja &#8211; 2010. november 11.<\/a><\/li>\n<li><a href=\"https:\/\/goo.gl\/photos\/V6FsqioE7gqYjztE9\">A L\u00e1that\u00f3 N\u0151 \u2014 dr. Pet\u0151 Csilla pszichol\u00f3gus el\u0151ad\u00e1sa &#8211; 2010. november 6.<\/a><\/li>\n<li><a href=\"https:\/\/goo.gl\/photos\/B7zBopwz2vbYUoPB9\">Sz\u00fcl\u0151k akad\u00e9mi\u00e1ja &#8211; 2010. november 5.<\/a><\/li>\n<li><a href=\"https:\/\/goo.gl\/photos\/dmVt5Atrra8wkdB8A\">Rockvet\u00e9lked\u0151 &#8211; 2010. okt\u00f3ber 28.<\/a><\/li>\n<li><a href=\"https:\/\/goo.gl\/photos\/1a8T8TzhESbiFNA59\">A L\u00e1that\u00f3 N\u0151 \u2014 H\u00e1ri Anik\u00f3 kineziol\u00f3gus el\u0151ad\u00e1sa &#8211; 2010. okt\u00f3ber 16.<\/a><\/li>\n<li><a href=\"https:\/\/goo.gl\/photos\/JZnogrhYWWxUahpH8\">Vesz\u00edts el egy k\u00f6nyvet! tal\u00e1lkoz\u00f3-2010.okt\u00f3ber 9-10<\/a>.<\/li>\n<li><a href=\"https:\/\/goo.gl\/photos\/VsZCXVfNGL5NuwJh8\">K\u00f6nyvt\u00e1r\u00fat &#8211; Orosh\u00e1za-Sz\u00e9kkutas &#8211; 2010.okt\u00f3ber 05.<\/a><\/li>\n<li><a href=\"https:\/\/goo.gl\/photos\/jABytsxMXtEZ9Vd39\">Witt M\u00e1rta k\u00f6nyvbemutat\u00f3ja &#8211; 2010. okt\u00f3ber 2.<\/a><\/li>\n<li><a href=\"https:\/\/goo.gl\/photos\/no1zjz6dbUHiYFTh7\">A Jelen Orosh\u00e1zi Almanach 2009 bemutat\u00f3ja &#8211; 2010.szeptember 28<\/a>.<\/li>\n<li><a href=\"https:\/\/goo.gl\/photos\/1vaU24oz4BGWW8hD6\">A L\u00e1that\u00f3 N\u0151 &#8211; dr. Petrovszki Istv\u00e1n el\u0151ad\u00e1sa &#8211; 2010. szeptember 25.<\/a><\/li>\n<li><a href=\"https:\/\/goo.gl\/photos\/PiTvkD5wm6xasLk38\">T\u00c1MOP-3.2.4-08\/1-2009-0035 nyit\u00f3 konferencia &#8211; 2010. j\u00fanius 5.<\/a><\/li>\n<li><a href=\"https:\/\/goo.gl\/photos\/r4oUssA4bjPWoTJ88\">Mi, Orosh\u00e1ziak V. k\u00f6nyvbemutat\u00f3 &#8211; 2010.m\u00e1jus.28.<\/a><\/li>\n<li><a href=\"https:\/\/goo.gl\/photos\/t5eQKh56JTAp76Xz9\">K\u00f6nyvfesztiv\u00e1l &#8211; 2010. \u00e1prilis 25.<\/a><\/li>\n<li><a href=\"https:\/\/goo.gl\/photos\/35QmjMEtLGV2up8f6\">K\u00f6nyvfesztiv\u00e1l &#8211; 2010. \u00e1prilis 24.<\/a><\/li>\n<li><a href=\"https:\/\/goo.gl\/photos\/9nxdzMf8mVGQCzpA6\">logok<\/a><\/li>\n<li><a href=\"https:\/\/goo.gl\/photos\/SNJqqUa6MLPusQ2i9\">K\u00f6nyvbemutat\u00f3 \u00e9s koncert &#8211; 2010.\u00e1prilis 15.<\/a><\/li>\n<li><a href=\"https:\/\/goo.gl\/photos\/HufFv6HxjgTqo6GY7\">Olvas\u00e1s 2010-ben &#8211; 2010.m\u00e1rcius 25.<\/a><\/li>\n<li><a href=\"https:\/\/goo.gl\/photos\/SF6jsVFABcaSQz9PA\">Hagyom\u00e1nyos diszn\u00f3toros \u00e9telek &#8211; k\u00f6nyvbemutat\u00f3 &#8211; 2010.febru\u00e1r 19.<\/a><\/li>\n<li><a href=\"https:\/\/goo.gl\/photos\/HLTLvyG4tb27DdKf8\">Justh Zsigmond vers- \u00e9s pr\u00f3zamond\u00f3 verseny &#8211; 2010.febru\u00e1r 15<\/a>.<\/li>\n<li><a href=\"https:\/\/goo.gl\/photos\/CbfZKv7Kn3rArdjd9\">Kazinczy Ferencr\u0151l elnevezett &#8222;Sz\u00e9p magyar besz\u00e9d&#8221; verseny &#8211; 2010.febru\u00e1r 05.<\/a><\/li>\n<li><a href=\"https:\/\/goo.gl\/photos\/zzSQQPRhragHmbcYA\">Gyermekdalok k\u00f6z\u00f6sen- 2010.janu\u00e1r 29.<\/a><\/li>\n<\/ul>\n<p><span style=\"line-height: 1.5em;\">\u00d6sszes fot\u00f3:\u00a0<\/span><a style=\"line-height: 1.5em;\" href=\"https:\/\/www.justhvk.hu\/blog\/?page_id=11649\">https:\/\/www.justhvk.hu\/blog\/?page_id=11649<\/a><\/p>\n<p>&nbsp;<\/p>\n<div class=\"fcbkbttn_buttons_block\" id=\"fcbkbttn_left\"><div class=\"fcbkbttn_like \"><fb:like href=\"https:\/\/blog.justhvk.hu\/blog\/2010-es-fotok\/\" action=\"like\" colorscheme=\"light\" layout=\"button_count\"  size=\"small\"><\/fb:like><\/div><div class=\"fb-share-button  \" data-href=\"https:\/\/blog.justhvk.hu\/blog\/2010-es-fotok\/\" data-type=\"button_count\" data-size=\"small\"><\/div><\/div>","protected":false},"excerpt":{"rendered":"<p>2010 MESE-VAR\u00c1ZS mesed\u00e9lut\u00e1n &#8211; 2010. december 7. Sz\u00fcl\u0151k akad\u00e9mi\u00e1ja &#8211; 2010. november 26. Bog\u00e1r L\u00e1szl\u00f3 el\u0151ad\u00e1sa &#8211; 2010. november 22. Orosh\u00e1zi arck\u00e9pek \u2013 D\u00e1vid L\u00e1szl\u00f3 &#8211; 2010. november 19. Sz\u00fcl\u0151k akad\u00e9mi\u00e1ja &#8211; 2010. november 19. eMagyarorsz\u00e1g Pont &#8211; Justh Zsigmond V\u00e1rosi K\u00f6nyvt\u00e1r &#8211; 2010. Sz\u00fcl\u0151k akad\u00e9mi\u00e1ja &#8211; 2010. november 12. J\u00f3kai Anna \u00edr\u00f3-olvas\u00f3 tal\u00e1lkoz\u00f3ja &#8211; [&hellip;]<\/p>\n","protected":false},"author":5,"featured_media":0,"parent":0,"menu_order":0,"comment_status":"open","ping_status":"open","template":"","meta":{"episode_type":"","audio_file":"","cover_image":"","cover_image_id":"","duration":"","filesize":"","date_recorded":"","explicit":"","block":"","filesize_raw":"","ngg_post_thumbnail":0,"footnotes":""},"class_list":["post-12142","page","type-page","status-publish","hentry"],"_links":{"self":[{"href":"https:\/\/blog.justhvk.hu\/blog\/wp-json\/wp\/v2\/pages\/12142","targetHints":{"allow":["GET"]}}],"collection":[{"href":"https:\/\/blog.justhvk.hu\/blog\/wp-json\/wp\/v2\/pages"}],"about":[{"href":"https:\/\/blog.justhvk.hu\/blog\/wp-json\/wp\/v2\/types\/page"}],"author":[{"embeddable":true,"href":"https:\/\/blog.justhvk.hu\/blog\/wp-json\/wp\/v2\/users\/5"}],"replies":[{"embeddable":true,"href":"https:\/\/blog.justhvk.hu\/blog\/wp-json\/wp\/v2\/comments?post=12142"}],"version-history":[{"count":1,"href":"https:\/\/blog.justhvk.hu\/blog\/wp-json\/wp\/v2\/pages\/12142\/revisions"}],"predecessor-version":[{"id":12143,"href":"https:\/\/blog.justhvk.hu\/blog\/wp-json\/wp\/v2\/pages\/12142\/revisions\/12143"}],"wp:attachment":[{"href":"https:\/\/blog.justhvk.hu\/blog\/wp-json\/wp\/v2\/media?parent=12142"}],"curies":[{"name":"wp","href":"https:\/\/api.w.org\/{rel}","templated":true}]}}