{"id":12718,"date":"2017-01-11T16:11:56","date_gmt":"2017-01-11T16:11:56","guid":{"rendered":"https:\/\/www.justhvk.hu\/blog\/?page_id=12718"},"modified":"2017-12-21T12:48:59","modified_gmt":"2017-12-21T12:48:59","slug":"2017-es-fotok","status":"publish","type":"page","link":"https:\/\/blog.justhvk.hu\/blog\/galeria-2\/2017-es-fotok\/","title":{"rendered":"2017-es fot\u00f3k"},"content":{"rendered":"<p><strong>2017<\/strong><\/p>\n<ul>\n<li><a href=\"https:\/\/photos.app.goo.gl\/A9kSiDTKDP2COgP92\">L\u00e9lekVitamin Klub tal\u00e1lkoz\u00f3 &#8211; 2017. december 20.<\/a><\/li>\n<li><a href=\"https:\/\/photos.app.goo.gl\/SIjMEfiAIthdfBBs2\">M\u0171Kedvel\u0151 &#8211; 2017. december 16.<\/a><\/li>\n<li><a href=\"https:\/\/photos.app.goo.gl\/290uUTOEsaYu53pp2\">Kar\u00e1csonyi j\u00e1tsz\u00f3h\u00e1z a gyermekk\u00f6nyvt\u00e1rban &#8211; 2017. december 15.<\/a><\/li>\n<li><a href=\"https:\/\/photos.app.goo.gl\/DRGkW0Xt7gqA73ss2\">Olvas\u00f3k\u00f6r &#8211; 2017. december 13.<\/a><\/li>\n<li><a href=\"https:\/\/photos.app.goo.gl\/6MDsEGbyYIGb6zQC3\">Munka\u00e9rtekezlet &#8211; 2017. december 6.<\/a><\/li>\n<li><a href=\"https:\/\/photos.app.goo.gl\/8dz9oMowPgBj9VFk1\">Orosh\u00e1zi Moly Galeri tal\u00e1lkoz\u00f3 &#8211; 2017. november 25.<\/a><\/li>\n<li><a href=\"https:\/\/photos.app.goo.gl\/v0fr0pFOmyKrohvI2\">Szerz\u0151i aj\u00e1nl\u00e1sok a b\u00e9csi klasszik\u00e1ban &#8211; 2017. november 21.<\/a><\/li>\n<li><a href=\"https:\/\/photos.app.goo.gl\/O5vFbWEacIsp2ax33\">Dietetikus el\u0151ad\u00e1s &#8211; 2017. november 21.<\/a><\/li>\n<li><a href=\"https:\/\/photos.app.goo.gl\/3vkwmW3nrDGMX8xo1\">R\u00e1k\u00f3czitelepi iskol\u00e1sok k\u00f6nyvt\u00e1rl\u00e1togat\u00e1sa &#8211; 2017. november 17.<\/a><\/li>\n<li><a href=\"https:\/\/photos.app.goo.gl\/xf5O2CNKEbYWpV6f2\">L\u00e9lekVitamin Klub tal\u00e1lkoz\u00f3 &#8211; 2017. november 16.<\/a><\/li>\n<li><a href=\"https:\/\/photos.app.goo.gl\/GukWgIQApmGtRfBa2\">T\u00e1mogatott lakhat\u00e1sr\u00f3l el\u0151ad\u00e1sok &#8211; 2017. november 10.<\/a><\/li>\n<li><a href=\"https:\/\/photos.app.goo.gl\/5sTRZHezLlNCGYtV2\">Munka\u00e9rtekezlet &#8211; 2017. november 7.<\/a><\/li>\n<li><a href=\"https:\/\/photos.app.goo.gl\/Hb8N6w3V6KrfmFpJ3\">L\u00e9lekVitamin Klub tal\u00e1lkoz\u00f3 &#8211; 2017. okt\u00f3ber 26.<\/a><\/li>\n<li><a href=\"https:\/\/photos.app.goo.gl\/49ty4DuQ0U83tliB2\">Nemzetk\u00f6zi Feh\u00e9r bot napi \u00fcnneps\u00e9g &#8211; 2017. okt\u00f3ber 17.<\/a><\/li>\n<li><a href=\"https:\/\/photos.app.goo.gl\/bY8vs2B1NpyRJQd62\">Olvas\u00f3k\u00f6r &#8211; 2017. okt\u00f3ber 11.<\/a><\/li>\n<li><a href=\"https:\/\/photos.app.goo.gl\/DjJSCXDspYmqOpy92\">R\u00e1k\u00f3czitelepi iskol\u00e1sok k\u00f6nyvt\u00e1rl\u00e1togat\u00e1sa &#8211; 2017. okt\u00f3ber 10.<\/a><\/li>\n<li><a href=\"https:\/\/photos.app.goo.gl\/0GA4EaQaMY0l8wkW2\">Ker\u00e9kp\u00e1rt\u00fara G\u00e1dorosra &#8211; 2017. okt\u00f3ber 7.<\/a><\/li>\n<li><a href=\"https:\/\/photos.app.goo.gl\/TCRsLo1nCMUDpjRp2\">T\u00e1rsas-J\u00e1t\u00e9k-Est a gyermekk\u00f6nyvt\u00e1rban &#8211; 2017. okt\u00f3ber 6.<\/a><\/li>\n<li><a href=\"https:\/\/photos.app.goo.gl\/2HQ6lnD6SrKdkc9h1\">Berg Judit k\u00f6z\u00f6ns\u00e9gtal\u00e1lkoz\u00f3ja &#8211; 2017. okt\u00f3ber 6.<\/a><\/li>\n<li><a href=\"https:\/\/photos.app.goo.gl\/k0eKMngMl6HKuplG2\">Foly\u00f3k, tavak, tengerek. Vizes t\u00e9m\u00e1k a zen\u00e9ben &#8211; 2017. okt\u00f3ber 5.\u00a0<\/a><\/li>\n<li><a href=\"https:\/\/photos.app.goo.gl\/euS1NXPj4f7idOuX2\">NET szakk\u00f6r a Vadvir\u00e1g Es\u00e9ly klub fiataljaival &#8211; 2017. okt\u00f3ber 5.<\/a><\/li>\n<li><a href=\"https:\/\/photos.app.goo.gl\/EFeSgZcdqknZ3YXr1\">V\u00e9rad\u00e1s a k\u00f6nyv\u00e1rban &#8211; 2017. okt\u00f3ber 5.<\/a><\/li>\n<li><a href=\"https:\/\/photos.app.goo.gl\/k7hiqJhWnJaUd9zR2\">L\u00e9lekVitamin Klub kir\u00e1ndul\u00e1s az Orsz\u00e1gos Sz\u00e9ch\u00e9nyi K\u00f6nyvt\u00e1rba &#8211; 2017. okt\u00f3ber 3.<\/a><\/li>\n<li><a href=\"https:\/\/photos.app.goo.gl\/VWXdrCsNVJ4HGsFh1\">Tokai Tam\u00e1s k\u00f6nyvbemutat\u00f3ja &#8211; 2017. okt\u00f3ber 2.<\/a><\/li>\n<li><a href=\"https:\/\/photos.app.goo.gl\/dP8bkoPB89HJ4A1Z2\">Orosh\u00e1zi Moly Galeri tal\u00e1lkoz\u00f3 &#8211; 2017. szeptember 30.<\/a><\/li>\n<li><a href=\"https:\/\/photos.app.goo.gl\/US0EUYJl7SO9lDM93\">Olvas\u00f3k\u00f6r &#8211; 2017. szeptember 27.<\/a><\/li>\n<li><a href=\"https:\/\/photos.app.goo.gl\/15vGK3706ced5CJR2\">Beke Mari k\u00f6nyvbemutat\u00f3 &#8211; 2017. szeptember 26.<\/a><\/li>\n<li><a href=\"https:\/\/photos.app.goo.gl\/Zv52Gye2flsZ5V0i2\">V\u00f6r\u00f6smarty 3\/b. k\u00f6nyvt\u00e1rl\u00e1togat\u00e1s &#8211; 2017. szeptember 26.<\/a><\/li>\n<li><a style=\"background-color: #ffffff;\" href=\"https:\/\/photos.app.goo.gl\/KodbD6KwKFV9S8X52\">L\u00e9lekVitamin Klub tal\u00e1lkoz\u00f3 &#8211; 2017. szeptember 20.<\/a><\/li>\n<li><a href=\"https:\/\/photos.app.goo.gl\/yDeYXVdq3E4fHLg52\">Sz\u00e9k\u00e1cs ovisok k\u00f6nyvt\u00e1rl\u00e1togat\u00e1sa &#8211; 2017. szeptember 20.<\/a><\/li>\n<li><a href=\"https:\/\/photos.app.goo.gl\/gAtwX1mEpXnbTw6D3\">TeSzedd! &#8211; 2017. szeptember 15.<\/a><\/li>\n<li><a href=\"https:\/\/photos.app.goo.gl\/yqjDBlSxorUuLt0t2\">T\u00e1rsalg\u00f3 &#8211; 2017. szeptember 14.<\/a><\/li>\n<li><a href=\"https:\/\/photos.app.goo.gl\/v1BA6MCuQoi46EB93\">Munka\u00e9rtekezlet &#8211; 2017. szeptember 12.<\/a><\/li>\n<li><a href=\"https:\/\/goo.gl\/photos\/KXhkFDswEyDiyWgt9\">Vakok \u00e9s gyeng\u00e9nl\u00e1t\u00f3k okostelefonos oktat\u00e1sa &#8211; 2017. augusztus 30.<\/a><\/li>\n<li><a href=\"https:\/\/goo.gl\/photos\/JzHJo5gPiCQzPeYs9\">Ny\u00e1ri j\u00e1tsz\u00f3h\u00e1z &#8211; 2017. j\u00falius 31. &#8211; 2017. augusztus 11.<\/a><\/li>\n<li><a href=\"https:\/\/photos.app.goo.gl\/r1SEPStGxlAxWgrl1\">Ny\u00e1ri napk\u00f6zisek a gyermekk\u00f6nyvt\u00e1rban &#8211; 2017. j\u00falius 28.<\/a><\/li>\n<li><a href=\"https:\/\/photos.app.goo.gl\/iEWp09ob53K9KeQX2\">Kattints vel\u00fcnk! \u2013 2017. ny\u00e1r\u00a0<\/a><\/li>\n<li><a href=\"https:\/\/photos.app.goo.gl\/2yffiXvHTAYunUf23\">Ny\u00e1ri j\u00e1tsz\u00f3h\u00e1z \u2013 2017. j\u00falius 3-14<\/a><\/li>\n<li><a href=\"https:\/\/goo.gl\/photos\/2GeRoNZMLoT1Vwwv8\">Born Gergely k\u00f6nyvbemutat\u00f3ja &#8211; 2017. j\u00fanius 27.<\/a><\/li>\n<li><a href=\"https:\/\/goo.gl\/photos\/CSRUYmfvj2Pdy8ZR8\">OMG! Orosh\u00e1zi Moly Galeri tal\u00e1lkot\u00f3 &#8211; 2017. j\u00fanius 24.<\/a><\/li>\n<li><a href=\"https:\/\/goo.gl\/photos\/q1dJKezpSDiWi5SC8\">L\u00e9lekVitamin Klub tal\u00e1lkoz\u00f3 &#8211; 2017. j\u00fanius 21.<\/a><\/li>\n<li><a href=\"https:\/\/goo.gl\/photos\/szfh3fFGCK3fNEbB6\">M\u0171Kedvel\u0151 biblioter\u00e1pi\u00e1s foglalkoz\u00e1s &#8211; 2017. j\u00fanius 17.<\/a><\/li>\n<li><a href=\"https:\/\/goo.gl\/photos\/xXcP6rGCrrNDnGPZ6\">Olvas\u00f3k\u00f6r &#8211; 2017. j\u00fanius 14.<\/a><\/li>\n<li><a href=\"https:\/\/goo.gl\/photos\/SdC4zMJDWMhJx5xa7\">A lusta d\u00f6g c\u00edm\u0171 k\u00f6nyv bemutat\u00f3ja &#8211; 2017. j\u00fanius 12.\u00a0<\/a><\/li>\n<li><a href=\"https:\/\/goo.gl\/photos\/aacjatmS5U6zA5fx9\">Reform\u00e1tus iskola 1\/b a gyermekk\u00f6nyvt\u00e1rban &#8211; 2017. j\u00fanius 12.<\/a><\/li>\n<li><a href=\"https:\/\/goo.gl\/photos\/nLhtDRAZnvwpkcn36\">Gyop\u00e1rka T\u00fcnd\u00e9r mesemond\u00f3 verseny &#8211; 2017. j\u00fanius 10.<\/a><\/li>\n<li><a href=\"https:\/\/goo.gl\/photos\/9KsfAfra6VLYu7Bt5\">Gyop\u00e1rka T\u00fcnd\u00e9r j\u00e1tsz\u00f3h\u00e1z a gyermekk\u00f6nyvt\u00e1rban &#8211; 2017. j\u00fanius 10.<\/a><\/li>\n<li><a href=\"https:\/\/goo.gl\/photos\/zGW3LxkbDjYUaPU1A\">V\u00f6r\u00f6smarty 3\/b a gyermekk\u00f6nyvt\u00e1rban &#8211; 2017. j\u00fanius 8.<\/a><\/li>\n<li><a href=\"https:\/\/goo.gl\/photos\/HDCc2WquwxZ1ooWM9\">Kov\u00e1cs Attila (Holden Rose) olvas\u00e1sn\u00e9pszer\u0171s\u00edt\u0151 foglalkoz\u00e1sa\u00a0&#8211; 2017. j\u00fanius 2.<\/a><\/li>\n<li><a href=\"https:\/\/goo.gl\/photos\/SCRHPmXQc9H9zLzf8\">T\u00e1rsas-J\u00e1t\u00e9k-Est a gyermekk\u00f6nyvt\u00e1rban &#8211; 2017. m\u00e1jus 26.<\/a><\/li>\n<li><a href=\"https:\/\/goo.gl\/photos\/rSx9RRecEz1QdFfx5\">E\u00f6tv\u00f6s J\u00f3zsef Katolikus Iskola 3\/b a gyermekk\u00f6nyvt\u00e1rban &#8211; 2017. m\u00e1jus 26.<\/a><\/li>\n<li><a href=\"https:\/\/goo.gl\/photos\/cayAFVkdR7e2JtqY7\">M\u0171Kedvel\u0151 biblioter\u00e1pi\u00e1s foglalkoz\u00e1s &#8211; 2017. m\u00e1jus 20.<\/a><\/li>\n<li><a href=\"https:\/\/goo.gl\/photos\/FAJUscn5jUZzt9x79\">E\u00f6tv\u00f6s J\u00f3zsef Katolikus \u00d3voda Katica csoportosai a gyermekk\u00f6nyvt\u00e1rban &#8211; 2017. m\u00e1jus 18.<\/a><\/li>\n<li><a href=\"https:\/\/goo.gl\/photos\/uUpGZGV2WLdkiuFG8\">L\u00e9lekVitamin Klub tal\u00e1lkoz\u00f3 &#8211; 2017. m\u00e1jus 17.<\/a><\/li>\n<li><a href=\"https:\/\/goo.gl\/photos\/C3xMpYsxfuqkThr67\">R\u00e1k\u00f3czitelepi iskol\u00e1sok a gyermekk\u00f6nyvt\u00e1rban &#8211; 2017. m\u00e1jus 17.<\/a><\/li>\n<li><a href=\"https:\/\/goo.gl\/photos\/yyCKxq7j5i5BFHnY9\">Vakok \u00e9s gyeng\u00e9nl\u00e1t\u00f3k orosh\u00e1zi csoportj\u00e1nak Any\u00e1k napi programja &#8211; 2017. m\u00e1jus 16.<\/a><\/li>\n<li><a href=\"https:\/\/goo.gl\/photos\/t8mCwxKfyCJ3mZTz6\">Olvas\u00f3k\u00f6r &#8211; 2017. m\u00e1jus 10.<\/a><\/li>\n<li><a href=\"https:\/\/goo.gl\/photos\/wQcGZXQjSrEWP9KT9\">R\u00e1k\u00f3czitelepi 3-4. oszt\u00e1lyosok k\u00f6nyvjelz\u0151-k\u00e9sz\u00edt\u00e9se a gyermekk\u00f6nyvt\u00e1rban &#8211; 2017. m\u00e1jus 10.<\/a><\/li>\n<li><a href=\"https:\/\/goo.gl\/photos\/P7wv4BHEK4MtZ2oK6\">Sz\u00e9k\u00e1cs J\u00f3zsef Evang\u00e9likus \u00c1ltal\u00e1nos iskola, 2\/b \u2013 2017. m\u00e1jus 10.<\/a><\/li>\n<li><a href=\"https:\/\/goo.gl\/photos\/gwfZ7jyPfEFxJHzQ7\">Zenet\u00f6rt\u00e9neti est\u00e9k 8.: Kusz Veronika el\u0151ad\u00e1sa &#8211; 2017. m\u00e1jus 9.<\/a><\/li>\n<li><a href=\"https:\/\/goo.gl\/photos\/B3vwrBrrTNcXJGav8\">Sz\u00e9k\u00e1cs J\u00f3zsef Evang\u00e9likus \u00c1ltal\u00e1nos iskola, 2\/a \u2013 2017. m\u00e1jus 9.<\/a><\/li>\n<li><a href=\"https:\/\/goo.gl\/photos\/Cuf18A8miehcY8F57\">Sz\u00e9k\u00e1cs J\u00f3zsef Evang\u00e9likus \u00c1ltal\u00e1nos iskola, 3\/a &#8211; 2017. m\u00e1jus 8.<\/a><\/li>\n<li><a href=\"https:\/\/goo.gl\/photos\/L6mXaTruULUoHUeQ9\">L\u00e9lekVitamin Klub kir\u00e1ndul\u00e1s Szegedre &#8211; 2017. m\u00e1jus 3.<\/a><\/li>\n<li><a href=\"https:\/\/goo.gl\/photos\/NXJGhGzu4gWS4aZ76\">OMG! Orosh\u00e1zi Moly Galeri &#8211; 2017. \u00e1prilis 29.<\/a><\/li>\n<li><a href=\"https:\/\/goo.gl\/photos\/RzfQ19qoSdNewiYi6\">M\u00e1ty\u00e1s ovisok k\u00f6nyvt\u00e1rl\u00e1togat\u00e1sa &#8211; 2017. \u00e1prilis 28.<\/a><\/li>\n<li><a href=\"https:\/\/goo.gl\/photos\/GzGdLDiGCoPrk2DW7\">K\u00f6nyvt\u00e1ri fot\u00f3k &#8211; 2017. \u00e1prilis 28.<\/a><\/li>\n<li><a href=\"https:\/\/goo.gl\/photos\/LjtAzKViKJEZixWLA\">Sz\u00e1ntai M\u00e1rk el\u0151ad\u00e1sa &#8211; 2017. \u00e1prilis 26.<\/a><\/li>\n<li><a href=\"https:\/\/goo.gl\/photos\/GFpP5NrgMG9oLgdm9\">K\u00f6nyvt\u00e1ri fot\u00f3k &#8211; 2017. \u00e1prilis 22.<\/a><\/li>\n<li><a href=\"https:\/\/goo.gl\/photos\/6sZ3XAKsy2YwyySq5\">K\u00f6nyvfesztiv\u00e1l &#8211; 2017. \u00e1prilis 21.<\/a><\/li>\n<li><a href=\"https:\/\/goo.gl\/photos\/3ArmDfaWoPYRXE6v9\">H\u00fasv\u00e9ti j\u00e1tsz\u00f3h\u00e1z &#8211; 2017. \u00e1prilis 13.<\/a><\/li>\n<li><a href=\"https:\/\/goo.gl\/photos\/ahfjhL2kdfbqhzbn7\">Olvas\u00f3k\u00f6r &#8211; 2017. \u00e1prilis 12.<\/a><\/li>\n<li><a href=\"https:\/\/goo.gl\/photos\/Az8iBTCEgs4xwJ7UA\">Forr\u00e1s ovisok a gyermekk\u00f6nyvt\u00e1rban &#8211; 2017. \u00e1prilis 12.<\/a><\/li>\n<li><a href=\"https:\/\/goo.gl\/photos\/nWix5y1egGFKJE3B8\">Nagy Erika \u00e9s Tomanek G\u00e1bor k\u00f6lt\u00e9szet napi m\u0171sora &#8211; 2017. \u00e1prilis 11.<\/a><\/li>\n<li><a href=\"https:\/\/goo.gl\/photos\/TTvaxihMLk6hcmGj8\">Nagy Erika \u00e9s Tomanek G\u00e1bor gyermekm\u0171sora &#8211; 2017. \u00e1prilis 11.<\/a><\/li>\n<li><a href=\"https:\/\/goo.gl\/photos\/ruRSD7dnXxn5jaUdA\">V\u00e1rosi Tehets\u00e9gnap &#8211; 2017. \u00e1prilis 10.<\/a><\/li>\n<li><a href=\"https:\/\/goo.gl\/photos\/U9gkDR9a23Ffh3Eb6\">T\u00e1rsalg\u00f3 &#8211; A reformkor &#8211; 2017. \u00e1prilis 6.<\/a><\/li>\n<li><a href=\"https:\/\/goo.gl\/photos\/ByEq2F75DRRM9txR9\">Informatikai tanfolyam &#8211; 2017. \u00e1prilis 5-26.<\/a><\/li>\n<li><a href=\"https:\/\/goo.gl\/photos\/nWoFWYCFHUDLHbCbA\">T\u00e1rsas-j\u00e1t\u00e9k-est &#8211; 2017. m\u00e1rcius 31.<\/a><\/li>\n<li><a href=\"https:\/\/goo.gl\/photos\/EYkVCkajh4A5LPBb9\">OMG! Orosh\u00e1zi Moly Galeri tal\u00e1lkoz\u00f3 &#8211; 2017. m\u00e1rcius 25.<\/a><\/li>\n<li><a href=\"https:\/\/goo.gl\/photos\/WEjAVTjrED9ARM3N8\">V\u00edz vil\u00e1gnapja sorsol\u00e1s &#8211; 2017. m\u00e1rcius 24.<\/a><\/li>\n<li><a href=\"https:\/\/goo.gl\/photos\/MQAAs21ALzmpB1VT6\">L\u00e9lekVitamin Klub tal\u00e1lkoz\u00f3 &#8211; 2017. m\u00e1rcius 22.<\/a><\/li>\n<li><a href=\"https:\/\/goo.gl\/photos\/8i4mDW2utohxf6fT6\">Olvas\u00f3k\u00f6r &#8211; 2017. m\u00e1rcius 8.<\/a><\/li>\n<li><a href=\"https:\/\/goo.gl\/photos\/E2zkxKbU4LCTesC99\">\u00c9l\u0151 t\u00e1rsasj\u00e1t\u00e9k a gyermekk\u00f6nyvt\u00e1rban &#8211; 2017. m\u00e1rcius 8.<\/a><\/li>\n<li><a href=\"https:\/\/goo.gl\/photos\/Cjq3q31tEBHao44TA\">Schubert, a k\u00fcl\u00f6n\u00f6s zseni &#8211; 2017. m\u00e1rcius 7.<\/a><\/li>\n<li><a href=\"https:\/\/goo.gl\/photos\/1jCv7KoL49VM29Vo8\">Lehel utcai nagycsoportos ovisok k\u00f6nyvt\u00e1rl\u00e1togat\u00e1sa &#8211; 2017. m\u00e1rcius 7.<\/a><\/li>\n<li><a href=\"https:\/\/goo.gl\/photos\/WNv1jUK57zUkk75DA\">V\u00f6r\u00f6smarty 2\/b. \u00e9s 2\/c. a gyermekk\u00f6nyvt\u00e1rban &#8211; 2017. m\u00e1rcius 3.<\/a><\/li>\n<li><a href=\"https:\/\/goo.gl\/photos\/ZcAHaeivYD8CZtLq8\">A Wesley iskola di\u00e1kjainak k\u00f6nyvt\u00e1rl\u00e1togat\u00e1sa &#8211; 2017. m\u00e1rcius 3.<\/a><\/li>\n<li><a href=\"https:\/\/goo.gl\/photos\/4HyzmFSDyKy7GpUcA\">Dr. Csath Magdolna el\u0151ad\u00e1sa &#8211; 2017. m\u00e1rcius 2.<\/a><\/li>\n<li><a href=\"https:\/\/goo.gl\/photos\/xVh1msYtGqirGhzL6\">Informatikai tanfolyam &#8211; 2017. m\u00e1rcius 1-27.<\/a><\/li>\n<li><a href=\"https:\/\/goo.gl\/photos\/yBe3svseYkRKUF1D7\">KLuBB zenekar koncertje &#8211; 2017. febru\u00e1r 24.<\/a><\/li>\n<li><a href=\"https:\/\/goo.gl\/photos\/Rw9HYDiv4Hq5B4Et8\">Farsangi j\u00e1tsz\u00f3h\u00e1z &#8211; 2017. febru\u00e1r 24.<\/a><\/li>\n<li><a href=\"https:\/\/goo.gl\/photos\/bNkE3EFGXt2kgpNa9\">M\u0171Kedvel\u0151 &#8211; 2017.\u00a0febru\u00e1r 18.\u00a0<\/a><\/li>\n<li><a href=\"https:\/\/goo.gl\/photos\/jbs9E9exuXrNgXjz9\">L\u00e9lekVitamin Klub tal\u00e1lkoz\u00f3 &#8211; 2017. febru\u00e1r 15.<\/a><\/li>\n<li><a href=\"https:\/\/goo.gl\/photos\/jz27r4f6dsmWcMCj9\">17. Justh Zsigmond vers- \u00e9s pr\u00f3zamond\u00f3 verseny &#8211; 2017. febru\u00e1r 13.<\/a><\/li>\n<li><a href=\"https:\/\/goo.gl\/photos\/z9ud5QC4rHdexuV57\">V\u00f6r\u00f6smarty 3. a. k\u00f6nyvt\u00e1ri \u00f3ra &#8211; 2017. febru\u00e1r 10.<\/a><\/li>\n<li><a href=\"https:\/\/goo.gl\/photos\/kJrq5TE6Y4oYPJXM6\">Min\u0151s\u00e9gbiztos\u00edt\u00e1si konzult\u00e1ci\u00f3 &#8211; 2017. febru\u00e1r 9.<\/a><\/li>\n<li><a href=\"https:\/\/goo.gl\/photos\/uMvsftKLPjg87WsZ7\">Olvas\u00f3k\u00f6r &#8211; 2017. febru\u00e1r 8.<\/a><\/li>\n<li><a href=\"https:\/\/goo.gl\/photos\/tWnvHuhq8jJkU3gX9\">R\u00e1k\u00f3czitelepi iskol\u00e1sok k\u00f6nyvt\u00e1rl\u00e1togat\u00e1sa &#8211; 2017. febru\u00e1r 1.<\/a><\/li>\n<li><a href=\"https:\/\/goo.gl\/photos\/z77BJDBPWxuf4hLy8\">OMG! &#8211; 2017. janu\u00e1r 28.<\/a><\/li>\n<li><a href=\"https:\/\/goo.gl\/photos\/Nk2FEzeDraBT3nF48\">T\u00e1rsas-J\u00e1t\u00e9k-Est &#8211; 2017. janu\u00e1r 27.<\/a><\/li>\n<li><a href=\"https:\/\/goo.gl\/photos\/eL1wHx9S4sxxaG3V6\">R\u00e1k\u00f3czitelepi iskol\u00e1sok k\u00f6nyvt\u00e1rl\u00e1togat\u00e1sa &#8211; 2017. janu\u00e1r 27.<\/a><\/li>\n<li><a href=\"https:\/\/goo.gl\/photos\/17t468shTWtAvAFK6\">&#8222;1956 marg\u00f3j\u00e1ra&#8221; &#8211; 2017. janu\u00e1r 26.<\/a><\/li>\n<li><a href=\"https:\/\/goo.gl\/photos\/N6kBhq6jmT4XG2s7A\">NET szakk\u00f6r a Vadvir\u00e1g Es\u00e9ly klub fiataljaival &#8211; 2017. janu\u00e1r 26.<\/a><\/li>\n<li><a href=\"https:\/\/goo.gl\/photos\/dsVDg5BHU5Th2XXB9\">M\u0171Kedvel\u0151 &#8211; 2017. janu\u00e1r 21.<\/a><\/li>\n<li><a href=\"https:\/\/goo.gl\/photos\/kt2qrYo4v3Yn3Rn46\">L\u00e9lekVitamin klubtal\u00e1lkoz\u00f3 &#8211; 2017. janu\u00e1r 18.<\/a><\/li>\n<li><a href=\"https:\/\/goo.gl\/photos\/1yyyhMbGFDGtLS5LA\">Munka\u00e9rtekezlet &#8211; 2017. janu\u00e1r 16.<\/a><\/li>\n<li><a href=\"https:\/\/goo.gl\/photos\/jSywLz3GX6V6v6Tc9\">Olvas\u00f3k\u00f6r &#8211; 2017. janu\u00e1r 11.<\/a><\/li>\n<\/ul>\n<div class=\"fcbkbttn_buttons_block\" id=\"fcbkbttn_left\"><div class=\"fcbkbttn_like \"><fb:like href=\"https:\/\/blog.justhvk.hu\/blog\/galeria-2\/2017-es-fotok\/\" action=\"like\" colorscheme=\"light\" layout=\"button_count\"  size=\"small\"><\/fb:like><\/div><div class=\"fb-share-button  \" data-href=\"https:\/\/blog.justhvk.hu\/blog\/galeria-2\/2017-es-fotok\/\" data-type=\"button_count\" data-size=\"small\"><\/div><\/div>","protected":false},"excerpt":{"rendered":"<p>2017 L\u00e9lekVitamin Klub tal\u00e1lkoz\u00f3 &#8211; 2017. december 20. M\u0171Kedvel\u0151 &#8211; 2017. december 16. Kar\u00e1csonyi j\u00e1tsz\u00f3h\u00e1z a gyermekk\u00f6nyvt\u00e1rban &#8211; 2017. december 15. Olvas\u00f3k\u00f6r &#8211; 2017. december 13. Munka\u00e9rtekezlet &#8211; 2017. december 6. Orosh\u00e1zi Moly Galeri tal\u00e1lkoz\u00f3 &#8211; 2017. november 25. Szerz\u0151i aj\u00e1nl\u00e1sok a b\u00e9csi klasszik\u00e1ban &#8211; 2017. november 21. Dietetikus el\u0151ad\u00e1s &#8211; 2017. november 21. R\u00e1k\u00f3czitelepi [&hellip;]<\/p>\n","protected":false},"author":5,"featured_media":0,"parent":11649,"menu_order":0,"comment_status":"closed","ping_status":"closed","template":"","meta":{"episode_type":"","audio_file":"","cover_image":"","cover_image_id":"","duration":"","filesize":"","date_recorded":"","explicit":"","block":"","filesize_raw":"","ngg_post_thumbnail":0,"footnotes":""},"class_list":["post-12718","page","type-page","status-publish","hentry"],"_links":{"self":[{"href":"https:\/\/blog.justhvk.hu\/blog\/wp-json\/wp\/v2\/pages\/12718","targetHints":{"allow":["GET"]}}],"collection":[{"href":"https:\/\/blog.justhvk.hu\/blog\/wp-json\/wp\/v2\/pages"}],"about":[{"href":"https:\/\/blog.justhvk.hu\/blog\/wp-json\/wp\/v2\/types\/page"}],"author":[{"embeddable":true,"href":"https:\/\/blog.justhvk.hu\/blog\/wp-json\/wp\/v2\/users\/5"}],"replies":[{"embeddable":true,"href":"https:\/\/blog.justhvk.hu\/blog\/wp-json\/wp\/v2\/comments?post=12718"}],"version-history":[{"count":106,"href":"https:\/\/blog.justhvk.hu\/blog\/wp-json\/wp\/v2\/pages\/12718\/revisions"}],"predecessor-version":[{"id":14121,"href":"https:\/\/blog.justhvk.hu\/blog\/wp-json\/wp\/v2\/pages\/12718\/revisions\/14121"}],"up":[{"embeddable":true,"href":"https:\/\/blog.justhvk.hu\/blog\/wp-json\/wp\/v2\/pages\/11649"}],"wp:attachment":[{"href":"https:\/\/blog.justhvk.hu\/blog\/wp-json\/wp\/v2\/media?parent=12718"}],"curies":[{"name":"wp","href":"https:\/\/api.w.org\/{rel}","templated":true}]}}