{"id":14141,"date":"2018-01-05T14:43:11","date_gmt":"2018-01-05T14:43:11","guid":{"rendered":"https:\/\/www.justhvk.hu\/blog\/?page_id=14141"},"modified":"2018-12-19T14:51:19","modified_gmt":"2018-12-19T14:51:19","slug":"2018-as-fotok","status":"publish","type":"page","link":"https:\/\/blog.justhvk.hu\/blog\/2018-as-fotok\/","title":{"rendered":"2018-as fot\u00f3k"},"content":{"rendered":"<p><strong>2018<\/strong><\/p>\n<ul>\n<li><a href=\"https:\/\/photos.app.goo.gl\/gGXA6SokmAFZXhYYA\">Mester Kata interakt\u00edv k\u00f6nyvbemutat\u00f3ja &#8211; 2018. december 19.<\/a><\/li>\n<li><a href=\"https:\/\/photos.app.goo.gl\/5EUCJnpXTfHw8qFt6\">R\u00e1k\u00f3czitelepi iskol\u00e1sok k\u00f6nyvt\u00e1rl\u00e1togat\u00e1sa \u2013 2018. december 17.\u00a0<\/a><\/li>\n<li><a href=\"https:\/\/photos.app.goo.gl\/Hbth7x9wCqA3cNDi9\">K\u00f6nyvt\u00e1ri \u00f3ra az E\u00f6tv\u00f6s iskola di\u00e1kjaival \u2013 2018. december 15.<\/a><\/li>\n<li><a href=\"https:\/\/photos.app.goo.gl\/8dGzsBUC8YtvWrka7\">Szud\u00e1r Erika k\u00f6nyvbemutat\u00f3ja &#8211; 2018. december 13.<\/a><\/li>\n<li><a href=\"https:\/\/photos.app.goo.gl\/cvU4xou7BzrykCYR7\">Olvas\u00f3k\u00f6r &#8211; 2018. december 12.<\/a><\/li>\n<li><a href=\"https:\/\/photos.app.goo.gl\/LGNTjsrPnwHdjiDV8\">Let\u2019s talk English \u2013 2018. december 12.<\/a><\/li>\n<li><a href=\"https:\/\/photos.app.goo.gl\/c3WwyMYJPcAvqir57\">K\u00f6nyvt\u00e1ri \u00f3ra a T\u00e1ncsics gimn\u00e1zium 5\/8-os di\u00e1kjaival &#8211; 2018. december 12.<\/a><\/li>\n<li><a href=\"https:\/\/photos.app.goo.gl\/c8ewiTwqB83jujJb9\">K\u00f6nyvt\u00e1ri \u00f3ra az E\u00f6tv\u00f6s iskola di\u00e1kjaival &#8211; 2018. december 11.<\/a><\/li>\n<li><a href=\"https:\/\/photos.app.goo.gl\/AvvZMxkv5f32GJGb9\">Hagyom\u00e1nyos adom\u00e1ny g\u00e1dorosi gyerekekkel (EFOP3.3.2-16) \u2013 2018. november 26.<\/a><\/li>\n<li><a href=\"https:\/\/photos.app.goo.gl\/hKyFE2SDAwJBinhe8\">K\u00f6nyvt\u00e1ri \u00f3ra az E\u00f6tv\u00f6s iskola di\u00e1kjaival &#8211; 2018. november 23.<\/a><\/li>\n<li><a href=\"https:\/\/photos.app.goo.gl\/Zhu7BVeXVjrFN2rm6\">L\u00e9lekVitamin Klub tal\u00e1lkoz\u00f3 \u2013 2018. november 21.<\/a><\/li>\n<li><a href=\"https:\/\/photos.app.goo.gl\/HYBvjuW9ZmyfXZuf7\">Sz\u00e9k\u00e1cs ovisok a gyermekk\u00f6nyvt\u00e1rban \u2013 2018. november 16.<\/a><\/li>\n<li><a href=\"https:\/\/photos.app.goo.gl\/qMjMGfn8vEzkJXJf7\">Olvas\u00f3k\u00f6r &#8211; 2018. november 14.<\/a><\/li>\n<li><a href=\"https:\/\/photos.app.goo.gl\/GtNMbZ114uK2nR3k8\">K\u00f6nyvt\u00e1ri \u00f3ra az E\u00f6tv\u00f6s iskola 2.b oszt\u00e1ly\u00e1val \u2013 2018. november 13.<\/a><\/li>\n<li><a href=\"https:\/\/photos.app.goo.gl\/vjvKLvoS8D9B1xVZA\">Vajdas\u00e1gi k\u00f6nyvt\u00e1rosok l\u00e1togat\u00e1sa &#8211; 2018. november 12.<\/a><\/li>\n<li><a href=\"https:\/\/photos.app.goo.gl\/CuMZUAZMZgxh1BXNA\">Let\u2019s talk English \u2013 2018. november 7.<\/a><\/li>\n<li><a href=\"https:\/\/photos.app.goo.gl\/XGugQd64uZ3e1mwa6\">Digit\u00e1lis polg\u00e1rs\u00e1g (EFOP3.3.2-16) \u2013 2018. november 6-8.<\/a><\/li>\n<li><a href=\"https:\/\/photos.app.goo.gl\/qhPNUhwfEp1idAub9\">J\u00e1rtamban-keltemben a Wesley di\u00e1kjaival (EFOP3.3.2-16) \u2013 2018. november 6-9.<\/a><\/li>\n<li><a href=\"https:\/\/photos.app.goo.gl\/nZBXop16cHd6ERgQ6\">Sz\u00e9k\u00e1cs ovisok a gyermekk\u00f6nyvt\u00e1rban &#8211; 2018. november 5.<\/a><\/li>\n<li><a href=\"https:\/\/photos.app.goo.gl\/ro9n9pPjWPd2kFaZ7\">Diavet\u00edt\u0151s d\u00e9lut\u00e1n &#8211; 2018. okt\u00f3ber 30.<\/a><\/li>\n<li><a href=\"https:\/\/photos.app.goo.gl\/mfqcwQg4vmaG4xb89\">T\u00e1rsas-J\u00e1t\u00e9k-Est &#8211; 2018. okt\u00f3ber 26.<\/a><\/li>\n<li><a href=\"https:\/\/photos.app.goo.gl\/BwWnVvHRWJGmiWTb7\">K\u00f6nyvt\u00e1ri \u00f3ra a V\u00f6r\u00f6smarty iskola 3.a oszt\u00e1ly\u00e1val &#8211; 2018. okt\u00f3ber 26.<\/a><\/li>\n<li><a href=\"https:\/\/photos.app.goo.gl\/TyF5bpawPQtDxXNb8\">J\u00e1t\u00e9k a gyermekk\u00f6nyvt\u00e1rban az E\u00f6tv\u00f6s iskola di\u00e1kjaival &#8211; 2018. okt\u00f3ber 25.<\/a><\/li>\n<li><a href=\"https:\/\/photos.app.goo.gl\/MfK438B9YPBC136R9\">Digit\u00e1lis polg\u00e1rs\u00e1g (EFOP3.3.2-16) \u2013 2018. okt\u00f3ber 24.<\/a><\/li>\n<li><a href=\"https:\/\/photos.app.goo.gl\/jzeE8worGAULyhJXA\">Digit\u00e1lis polg\u00e1rs\u00e1g (EFOP3.3.2-16) \u2013 2018. okt\u00f3ber 19.<\/a><\/li>\n<li><a href=\"https:\/\/photos.app.goo.gl\/sHo2sNGDdTVdzt149\">J\u00e1tszani is engedd! (EFOP3.3.2-16) &#8211; 2018. okt\u00f3ber 19.<\/a><\/li>\n<li><a href=\"https:\/\/photos.app.goo.gl\/XB72XYC5hWcrEQuz9\">Digit\u00e1lis polg\u00e1rs\u00e1g (EFOP3.3.2-16) &#8211; 2018. okt\u00f3ber 18.<\/a><\/li>\n<li><a href=\"https:\/\/photos.app.goo.gl\/vShqCn1mFYoRVx547\">Rendhagy\u00f3 irodalom\u00f3ra az E\u00f6tv\u00f6s iskola di\u00e1kjaival \u2013 2018. okt\u00f3ber 18.<\/a><\/li>\n<li><a href=\"https:\/\/photos.app.goo.gl\/nKTkoa8CvWTGVyVp6\">L\u00e9lekVitamin Klub tal\u00e1lkoz\u00f3 &#8211; 2018. okt\u00f3ber 17.<\/a><\/li>\n<li><a href=\"https:\/\/photos.app.goo.gl\/QErHaRQgFHjJg8Vq9\">Nemzetk\u00f6zi Feh\u00e9r bot napi \u00fcnneps\u00e9g &#8211; 2018. okt\u00f3ber 16.<\/a><\/li>\n<li><a href=\"https:\/\/photos.app.goo.gl\/628URKQJpBHv4Ryz7\">P\u00e1lyaorient\u00e1ci\u00f3s nap a V\u00f6r\u00f6smarty Mih\u00e1ly \u00c1ltal\u00e1nos Iskola di\u00e1kjaival &#8211; 2018. okt\u00f3ber 13.<\/a><\/li>\n<li><a href=\"https:\/\/photos.app.goo.gl\/Ne4L75Yh1KaXXZK38\">Rendhagy\u00f3 irodalom\u00f3ra az E\u00f6tv\u00f6s iskola di\u00e1kjaival &#8211; 2018. okt\u00f3ber 11.<\/a><\/li>\n<li><a href=\"https:\/\/photos.app.goo.gl\/YRvzcV6sQJDfBzxZA\">Olvas\u00f3k\u00f6r &#8211; 2018. okt\u00f3ber 10.<\/a><\/li>\n<li><a href=\"https:\/\/photos.app.goo.gl\/3uZ5b4VVWnvoUyFM7\">Ker\u00e9kp\u00e1rt\u00fara G\u00e1dorosra &#8211; 2018. okt\u00f3ber 6.<\/a><\/li>\n<li><a href=\"https:\/\/photos.app.goo.gl\/YoRrcp7CfUTHxPmo9\">K\u00f6z\u00f6ns\u00e9gtal\u00e1lkoz\u00f3 Lakatos Levent\u00e9vel &#8211; 2018. okt\u00f3ber 5.<\/a><\/li>\n<li><a href=\"https:\/\/photos.app.goo.gl\/pqbPKiem6bt7kk2X8\">V\u00e9rad\u00e1s a k\u00f6nyvt\u00e1rban &#8211; 2018. okt\u00f3ber 4.<\/a><\/li>\n<li><a href=\"https:\/\/photos.app.goo.gl\/whr2tbUcPvmqK6GB7\">A k\u00f6nyvt\u00e1r \u00faj arculat\u00e1nak bemutat\u00e1sa &#8211; 2018. okt\u00f3ber 4.<\/a><\/li>\n<li><a href=\"https:\/\/photos.app.goo.gl\/HUaozTmbFGa9ELzQ8\">Let&#8217;s talk English &#8211; 2018. okt\u00f3ber 3.<\/a><\/li>\n<li><a href=\"https:\/\/photos.app.goo.gl\/nAKozDB8TkKTaByY6\">A KLuBB zenekar koncertje a Zene vil\u00e1gnapja alkalm\u00e1b\u00f3l &#8211; 2018. okt\u00f3ber 2.<\/a><\/li>\n<li><a href=\"https:\/\/photos.app.goo.gl\/okxCnxTLSDELojrg8\">L\u00e9lekVitamin Klub tal\u00e1lkoz\u00f3 &#8211; 2018. szeptember 26.<\/a><\/li>\n<li><a href=\"https:\/\/photos.app.goo.gl\/ng9qD54EptbJb1CX7\">T\u00e1rsalg\u00f3: Afrika zen\u00e9je az \u00dajvil\u00e1gban &#8211; 2018. szeptember 13.<\/a><\/li>\n<li><a href=\"https:\/\/photos.app.goo.gl\/VktExj87f78oRk6N8\">Olvas\u00f3k\u00f6r &#8211; 2018. szeptember 12.<\/a><\/li>\n<li><a href=\"https:\/\/photos.app.goo.gl\/Tm4gjJMFy11u7WdG7\">Kaszaperi iskol\u00e1sok a k\u00f6nyvt\u00e1rban &#8211; 2018. augusztus 30.<\/a><\/li>\n<li><a href=\"https:\/\/photos.app.goo.gl\/WQ8F6d74SwaL8WGv6\">Ny\u00e1ri j\u00e1tsz\u00f3h\u00e1z \u2013 2018. j\u00falius 30. \u2013 augusztus 10.<\/a><\/li>\n<li><a href=\"https:\/\/photos.app.goo.gl\/Mw6RGeDPvG7Q7tA1A\">Ny\u00e1ri napk\u00f6zisek a gyermekk\u00f6nyvt\u00e1rban &#8211; 2018. j\u00falius 25.<\/a><\/li>\n<li><a href=\"https:\/\/photos.app.goo.gl\/SFgMP1zFyqp3VcCe7\">Ny\u00e1ri olvas\u00f3t\u00e1bor &#8211; 2018. j\u00falius 16-20.<\/a><\/li>\n<li><a href=\"https:\/\/photos.app.goo.gl\/ptJPcRVutujDiQbTA\">Lubics Szilvia el\u0151ad\u00e1sa &#8211; 2018. j\u00falius 11.<\/a><\/li>\n<li><a href=\"https:\/\/photos.app.goo.gl\/P5iwTBaWbWjbDQyc8\">Kattints vel\u00fcnk! \u2013 2018. ny\u00e1r<\/a><\/li>\n<li><a href=\"https:\/\/photos.app.goo.gl\/5z1m1dDZFt4wqDqE8\">Ny\u00e1ri j\u00e1tsz\u00f3h\u00e1z \u2013 2018. j\u00falius 2-13.<\/a><\/li>\n<li><a href=\"https:\/\/photos.app.goo.gl\/YiiisyXH3V7RfJ4JA\">Olvas\u00f3k\u00f6r &#8211; 2018. j\u00fanius 13.<\/a><\/li>\n<li><a href=\"https:\/\/photos.app.goo.gl\/fwNB5a3nexVa2xCV9\">R\u00e1k\u00f3czitelepi iskol\u00e1sok k\u00f6nyvt\u00e1rl\u00e1togat\u00e1sa &#8211; 2018. j\u00fanius 11.<\/a><\/li>\n<li><a href=\"https:\/\/photos.app.goo.gl\/AjfRkvtVRe1qJ8Ly7\">Kov\u00e1cs Attila (Holden Rose) el\u0151ad\u00e1sa a r\u00e1k\u00f3czitelepi iskol\u00e1soknak &#8211; 2018. j\u00fanius 11.<\/a><\/li>\n<li><a href=\"https:\/\/photos.app.goo.gl\/zm3aGeNFVejjJskX8\">Kov\u00e1cs Attila (Holden Rose) el\u0151ad\u00e1sa a reform\u00e1tus iskol\u00e1soknak &#8211; 2018. j\u00fanius 11.<\/a><\/li>\n<li><a href=\"https:\/\/photos.app.goo.gl\/wQFhd5UqUizTE6mj6\">Gyop\u00e1rka T\u00fcnd\u00e9r mesemond\u00f3 verseny \u2013 2018. j\u00fanius 9.<\/a><\/li>\n<li><a href=\"https:\/\/photos.app.goo.gl\/qdDipYsDCdgydP402\">J\u00e1rt\u00f3 R\u00f3za: Sors szimfoniett\u00e1k c\u00edm\u0171 k\u00f6nyv\u00e9nek bemutat\u00f3ja &#8211; 2018. j\u00fanius 7.<\/a><\/li>\n<li><a href=\"https:\/\/photos.app.goo.gl\/0SPT1lmJPy3EqAD33\">J\u00e1rtamban-keltemben a Wesley di\u00e1kjaival (EFOP3.3.2-16) &#8211; 2018. j\u00fanius 4-7.<\/a><\/li>\n<li><a href=\"https:\/\/photos.app.goo.gl\/KlTGywELE21bsBCn2\">Kov\u00e1cs-Torija Vera: Bermuda-4 c\u00edm\u0171 k\u00f6nyv\u00e9nek bemutat\u00f3ja &#8211; 2018. j\u00fanius 1.<\/a><\/li>\n<li><a href=\"https:\/\/photos.app.goo.gl\/knAz6AqIRxdVfwSZ2\">M\u00f3ricz \u00f3voda kiscsoportosai a gyermekk\u00f6nyvt\u00e1rban &#8211; 2018. m\u00e1jus 29.<\/a><\/li>\n<li><a href=\"https:\/\/photos.app.goo.gl\/XierJPqJU5YhcfmH3\">T\u00e1rsas-J\u00e1t\u00e9k-Est &#8211; 2018. m\u00e1jus 25.<\/a><\/li>\n<li><a href=\"https:\/\/photos.app.goo.gl\/E76goRgDE7eoyyVs1\">Filmn\u00e9z\u00e9s a L\u00e9lekVitamin Klubban &#8211; 2018. m\u00e1jus 22.<\/a><\/li>\n<li><a href=\"https:\/\/photos.app.goo.gl\/OyAvbHKCiXxoPBx72\">L\u00e9lekVitamin Klub tal\u00e1lkoz\u00f3 &#8211; 2018. m\u00e1jus 16.<\/a><\/li>\n<li><a href=\"https:\/\/photos.app.goo.gl\/t4jz9Z3ppG8rdHTg7\">Vakok \u00e9s Gyeng\u00e9nl\u00e1t\u00f3k orosh\u00e1zi csoportj\u00e1nak Any\u00e1k napi m\u0171sora &#8211; 2018. m\u00e1jus 15.<\/a><\/li>\n<li><a href=\"https:\/\/photos.app.goo.gl\/7IeA21t6mFrR51as2\">K\u00f6nyves program a Sz\u00e9k\u00e1cs J\u00f3zsef Evang\u00e9likus Iskola \u00f3vod\u00e1saival (EFOP-3.3.2-16) &#8211; 2018. m\u00e1jus 14-31.<\/a><\/li>\n<li><a href=\"https:\/\/photos.app.goo.gl\/ha8cuAt4Wpvp4P7w1\">Aranyalma Klub tal\u00e1lkoz\u00f3 &#8211; 2018. m\u00e1jus 12.<\/a><\/li>\n<li><a href=\"https:\/\/photos.app.goo.gl\/p2Xk3De13Z72TwcDA\">Olvas\u00f3k\u00f6r &#8211; 2018. m\u00e1jus 9.<\/a><\/li>\n<li><a href=\"https:\/\/photos.app.goo.gl\/5D254rdAyNSPZojv6\">Sz\u00e9k\u00e1cs J\u00f3zsef Evang\u00e9likus iskola 1\/a. oszt\u00e1lyosok k\u00f6nyvt\u00e1rl\u00e1togat\u00e1sa &#8211; 2018. m\u00e1jus 9.<\/a><\/li>\n<li><a href=\"https:\/\/photos.app.goo.gl\/aqg2tiCUBudYFqhw5\">Az Orosh\u00e1zi Rotary Club ny\u00edlt napja &#8211; 2018. m\u00e1jus 8.<\/a><\/li>\n<li><a href=\"https:\/\/photos.app.goo.gl\/a5bJ35HZy7htir259\">Sz\u00e9k\u00e1cs J\u00f3zsef Evang\u00e9likus iskola 2\/b. k\u00f6nyvt\u00e1rl\u00e1togat\u00e1sa &#8211; 2018. m\u00e1jus 8.<\/a><\/li>\n<li><a href=\"https:\/\/photos.app.goo.gl\/AJjFSqQjP7kH7XQo1\">Mis\u00e1k Darinka &#8222;Sanyi&#8221; c\u00edm\u0171 k\u00f6nyv\u00e9nek bemutat\u00f3ja &#8211; 2018. m\u00e1jus 5.<\/a><\/li>\n<li><a href=\"https:\/\/photos.app.goo.gl\/dTy4aj0f1AdaTUT02\">Felfedez\u0151\u00faton a k\u00f6nyvt\u00e1rban a Katolikus \u00f3voda Margar\u00e9ta csoportj\u00e1val &#8211; 2018. m\u00e1jus 3.<\/a><\/li>\n<li><a href=\"https:\/\/photos.app.goo.gl\/nOwvUP8TaYLzQae42\">Orosh\u00e1zi Moly Galeri tal\u00e1lkoz\u00f3 &#8211; 2018. \u00e1prilis 28.<\/a><\/li>\n<li><a href=\"https:\/\/photos.app.goo.gl\/vBxUMK8D43b3Dtey6\">Hajnal \u00f3voda Halacska csoportj\u00e1nak l\u00e1togat\u00e1sa a gyermekk\u00f6nyvt\u00e1rban &#8211; 2018. \u00e1prilis 26.<\/a><\/li>\n<li><a href=\"https:\/\/photos.app.goo.gl\/n0SWG7dAhq5FWdVf2\">L\u00e9lekVitamin Klub tal\u00e1lkoz\u00f3 &#8211; 2018. \u00e1prilis 18.<\/a><\/li>\n<li><a href=\"https:\/\/photos.app.goo.gl\/ZHb1XlnNCD31adwh2\">Lurk\u00f3 ovisok a k\u00f6nyvt\u00e1rban &#8211; 2018. \u00e1prilis 17.<\/a><\/li>\n<li><a href=\"https:\/\/photos.app.goo.gl\/okmh4ctDYwQRNQV93\">Eg\u00e9szs\u00e9gmeg\u0151rz\u00e9s, a Vakok \u00e9s Gyeng\u00e9nl\u00e1t\u00f3k Egyes\u00fclet\u00e9nek klubtal\u00e1lkoz\u00f3ja &#8211; 2018. \u00e1prilis 17.<\/a><\/li>\n<li><a href=\"https:\/\/photos.app.goo.gl\/NIf4WnJlalZJ4xxC3\">K\u00f6z\u00f6ns\u00e9gtal\u00e1lkoz\u00f3 Szab\u00f3 T. Ann\u00e1val &#8211; 2018. \u00e1prilis 16.<\/a><\/li>\n<li><a href=\"https:\/\/photos.app.goo.gl\/tJH3Ja4PEwhpB97G3\">Szab\u00f3 T. Anna el\u0151ad\u00e1sa a gyermekk\u00f6nyvt\u00e1rban &#8211; 2018. \u00e1prilis 16.<\/a><\/li>\n<li><a href=\"https:\/\/photos.app.goo.gl\/UsRW5IELdso3BvAn2\">J\u00f3zsef Attila szaval\u00f3verseny &#8211; 2018. \u00e1prilis 11.<\/a><\/li>\n<li><a href=\"https:\/\/photos.app.goo.gl\/Nr7Izv3VhHa1FGns1\">Olvas\u00f3k\u00f6r &#8211; 2018. \u00e1prilis 11.<\/a><\/li>\n<li><a href=\"https:\/\/photos.app.goo.gl\/jTAQZxBJ5PDCAxov1\">Posztolj verset! &#8211; 2018. \u00e1prilis 11.<\/a><\/li>\n<li><a href=\"https:\/\/photos.app.goo.gl\/FZbhZGX0aPgEIsqm2\">Rumini-h\u00e9t a g\u00e1dorosi iskol\u00e1ban (EFOP-3.3.2-16) &#8211; 2018. \u00e1prilis 9-12.<\/a><\/li>\n<li><a href=\"https:\/\/photos.app.goo.gl\/Rcc138oXu5Sgd3wc2\">Tehets\u00e9gnap a gyermekk\u00f6nyvt\u00e1rban &#8211; 2018. \u00e1prilis 9.<\/a><\/li>\n<li><a href=\"https:\/\/photos.app.goo.gl\/yPkjOvnr9g4nB2XB3\">H\u00fasv\u00e9ti j\u00e1tsz\u00f3h\u00e1z a gyermekk\u00f6nyvt\u00e1rban &#8211; 2018. m\u00e1rcius 29.<\/a><\/li>\n<li><a href=\"https:\/\/photos.app.goo.gl\/myuBL9bmuiZQxWkM2\">Hagyom\u00e1nyos adom\u00e1ny 1. (EFOP-3.3.2-16): Toj\u00e1sd\u00edsz\u00edt\u00e9s a r\u00e1k\u00f3czitelepi iskol\u00e1ban &#8211; 2018. m\u00e1rcius 28.<\/a><\/li>\n<li><a href=\"https:\/\/photos.app.goo.gl\/kuEq230L91MOdUc62\">R\u00e1k\u00f3czitelepi 5-6. oszt\u00e1lyosok k\u00f6nyvt\u00e1rl\u00e1togat\u00e1sa &#8211; 2018. m\u00e1rcius 28.<\/a><\/li>\n<li><a href=\"https:\/\/photos.app.goo.gl\/xJ3lUITEoTA4nibN2\">V\u00f6r\u00f6smarty Mih\u00e1ly \u00c1ltal\u00e1nos Iskola 3\/b. k\u00f6nyvt\u00e1rl\u00e1togat\u00e1s &#8211; 2018. m\u00e1rcius 27.\u00a0<\/a><\/li>\n<li><a href=\"https:\/\/photos.app.goo.gl\/RVN93Mbn9PXIXqO03\">Nagy K\u00f6nyvelhagy\u00f3 H\u00e9tv\u00e9ge &#8211; 2018. m\u00e1rcius 23-25.<\/a><\/li>\n<li><a href=\"https:\/\/photos.app.goo.gl\/v1Q58QVRkHMyl0MH2\">Orosh\u00e1zi Moly Galeri tal\u00e1lkoz\u00f3 &#8211; 2018. m\u00e1rcius 23.<\/a><\/li>\n<li><a href=\"https:\/\/photos.app.goo.gl\/GBOaqbcjwW0MPhA83\">L\u00e9vai Bal\u00e1zs k\u00f6nyvbemutat\u00f3ja &#8211; 2018. m\u00e1rcius 23.<\/a><\/li>\n<li><a href=\"https:\/\/photos.app.goo.gl\/lM8GUBrWjtedOOCW2\">R\u00e1k\u00f3czitelepi iskol\u00e1sok k\u00f6nyvt\u00e1rl\u00e1togat\u00e1sa &#8211; 2018. m\u00e1rcius 23.<\/a><\/li>\n<li><a href=\"https:\/\/photos.app.goo.gl\/td19j4neZcbKzmFt1\">Olvas\u00f3k\u00f6r &#8211; 2018. m\u00e1rcius 14.<\/a><\/li>\n<li><a href=\"https:\/\/photos.app.goo.gl\/oRmRSNyQMnRbnuc93\">Kiegyez\u00e9s, dualizmus, polg\u00e1rosod\u00e1s &#8211; 2018. m\u00e1rcius 12.<\/a><\/li>\n<li><a href=\"https:\/\/photos.app.goo.gl\/zk8KNBrSBWZ1EG7y1\">Volt egyszer egy Alternat\u00edv Zenei Klub &#8211; 2018. m\u00e1rcius 10.<\/a><\/li>\n<li><a href=\"https:\/\/photos.app.goo.gl\/JpeVCEnpdhD9Vfwc2\">Bod P\u00e9ter k\u00f6nyvbemutat\u00f3ja &#8211; 2018. m\u00e1rcius 5.<\/a><\/li>\n<li><a href=\"https:\/\/photos.app.goo.gl\/5dqcCcyqWObUyiuv2\">Z. Konkoly Juci k\u00f6nyvbemutat\u00f3ja &#8211; 2018. febru\u00e1r 23.<\/a><\/li>\n<li><a href=\"https:\/\/photos.app.goo.gl\/3pdGQY2YHbBDbB6l1\">Katolikus ovisok a gyermekk\u00f6nyvt\u00e1rban &#8211; 2018. febru\u00e1r 23.<\/a><\/li>\n<li><a href=\"https:\/\/photos.app.goo.gl\/8HAUF2Tw3AgOalcB3\">18. Justh Zsigmond vers- \u00e9s pr\u00f3zamond\u00f3 verseny \u2013 2018. febru\u00e1r 16.<\/a><\/li>\n<li><a href=\"https:\/\/photos.app.goo.gl\/5lD952APOM7OT2IS2\">Olvas\u00f3k\u00f6r &#8211; 2018. febru\u00e1r 14.<\/a><\/li>\n<li><a href=\"https:\/\/photos.app.goo.gl\/X7d9ZnXTYCN9l3nh2\">Farsangi j\u00e1tsz\u00f3h\u00e1z a gyermekk\u00f6nyvt\u00e1rban &#8211; 2018. febru\u00e1r 9.<\/a><\/li>\n<li><a href=\"https:\/\/photos.app.goo.gl\/wnXzmQQzZzhIcMyJ2\">Besz\u00e9lget\u00e9s Viczi\u00e1n Zolt\u00e1nnal &#8211; 2018. febru\u00e1r 3.<\/a><\/li>\n<li><a href=\"https:\/\/photos.app.goo.gl\/zEbXh7uPa2UynV3D3\">Zilahi Anna k\u00f6nyvbemutat\u00f3ja &#8211; 2018. janu\u00e1r 26.<\/a><\/li>\n<li><a href=\"https:\/\/photos.app.goo.gl\/bkKh6CMUYk2f79G12\">Farsangi szok\u00e1sok \u00e9s \u00e1larc k\u00e9sz\u00edt\u00e9s a Forr\u00e1s \u00f3voda ovisaival &#8211; 2018. janu\u00e1r 25.<\/a><\/li>\n<li><a href=\"https:\/\/photos.app.goo.gl\/YElyxLypKN82BLTI3\">L\u00e9lekVitamin Klub tal\u00e1lkoz\u00f3 &#8211; 2018. janu\u00e1r 17.<\/a><\/li>\n<li><a href=\"https:\/\/photos.app.goo.gl\/y6g2NcmETDzhXJTt2\">Seg\u00e9deszk\u00f6z bemutat\u00f3 Vakok \u00e9s Gyeng\u00e9nl\u00e1t\u00f3k klubtal\u00e1lkoz\u00f3j\u00e1n &#8211; 2018. janu\u00e1r 16.<\/a><\/li>\n<li><a href=\"https:\/\/photos.app.goo.gl\/Q47RhRtmTNavBPBJ2\">L\u00e9lekVitamin Klub tal\u00e1lkoz\u00f3 &#8211; 2018. janu\u00e1r 5.<\/a><\/li>\n<li><a href=\"https:\/\/photos.app.goo.gl\/yBjODIeXjXAgeqnD2\">\u00daj\u00e9vi j\u00e1tsz\u00f3h\u00e1z &#8211; 2018. janu\u00e1r 3.<\/a><\/li>\n<\/ul>\n<div class=\"fcbkbttn_buttons_block\" id=\"fcbkbttn_left\"><div class=\"fcbkbttn_like \"><fb:like href=\"https:\/\/blog.justhvk.hu\/blog\/2018-as-fotok\/\" action=\"like\" colorscheme=\"light\" layout=\"button_count\"  size=\"small\"><\/fb:like><\/div><div class=\"fb-share-button  \" data-href=\"https:\/\/blog.justhvk.hu\/blog\/2018-as-fotok\/\" data-type=\"button_count\" data-size=\"small\"><\/div><\/div>","protected":false},"excerpt":{"rendered":"<p>2018 Mester Kata interakt\u00edv k\u00f6nyvbemutat\u00f3ja &#8211; 2018. december 19. R\u00e1k\u00f3czitelepi iskol\u00e1sok k\u00f6nyvt\u00e1rl\u00e1togat\u00e1sa \u2013 2018. december 17.\u00a0 K\u00f6nyvt\u00e1ri \u00f3ra az E\u00f6tv\u00f6s iskola di\u00e1kjaival \u2013 2018. december 15. Szud\u00e1r Erika k\u00f6nyvbemutat\u00f3ja &#8211; 2018. december 13. Olvas\u00f3k\u00f6r &#8211; 2018. december 12. Let\u2019s talk English \u2013 2018. december 12. K\u00f6nyvt\u00e1ri \u00f3ra a T\u00e1ncsics gimn\u00e1zium 5\/8-os di\u00e1kjaival &#8211; 2018. december [&hellip;]<\/p>\n","protected":false},"author":5,"featured_media":0,"parent":0,"menu_order":0,"comment_status":"closed","ping_status":"closed","template":"","meta":{"episode_type":"","audio_file":"","cover_image":"","cover_image_id":"","duration":"","filesize":"","date_recorded":"","explicit":"","block":"","filesize_raw":"","ngg_post_thumbnail":0,"footnotes":""},"class_list":["post-14141","page","type-page","status-publish","hentry"],"_links":{"self":[{"href":"https:\/\/blog.justhvk.hu\/blog\/wp-json\/wp\/v2\/pages\/14141","targetHints":{"allow":["GET"]}}],"collection":[{"href":"https:\/\/blog.justhvk.hu\/blog\/wp-json\/wp\/v2\/pages"}],"about":[{"href":"https:\/\/blog.justhvk.hu\/blog\/wp-json\/wp\/v2\/types\/page"}],"author":[{"embeddable":true,"href":"https:\/\/blog.justhvk.hu\/blog\/wp-json\/wp\/v2\/users\/5"}],"replies":[{"embeddable":true,"href":"https:\/\/blog.justhvk.hu\/blog\/wp-json\/wp\/v2\/comments?post=14141"}],"version-history":[{"count":121,"href":"https:\/\/blog.justhvk.hu\/blog\/wp-json\/wp\/v2\/pages\/14141\/revisions"}],"predecessor-version":[{"id":15258,"href":"https:\/\/blog.justhvk.hu\/blog\/wp-json\/wp\/v2\/pages\/14141\/revisions\/15258"}],"wp:attachment":[{"href":"https:\/\/blog.justhvk.hu\/blog\/wp-json\/wp\/v2\/media?parent=14141"}],"curies":[{"name":"wp","href":"https:\/\/api.w.org\/{rel}","templated":true}]}}