{"id":15298,"date":"2019-01-02T15:49:10","date_gmt":"2019-01-02T15:49:10","guid":{"rendered":"https:\/\/blog.justhvk.hu\/blog\/?page_id=15298"},"modified":"2019-12-21T08:56:34","modified_gmt":"2019-12-21T08:56:34","slug":"2019-es-fotok","status":"publish","type":"page","link":"https:\/\/blog.justhvk.hu\/blog\/2019-es-fotok\/","title":{"rendered":"2019-es fot\u00f3k"},"content":{"rendered":"<p><strong>2019<\/strong><\/p>\n<ul>\n<li><a href=\"https:\/\/photos.app.goo.gl\/My2ipPXqnX8X2PeX6\">Kar\u00e1csonyi j\u00e1tsz\u00f3h\u00e1z &#8211; 2019. december 20.<\/a><\/li>\n<li><a href=\"https:\/\/photos.app.goo.gl\/HBDd129VAzvXFZwM6\">K\u00f6nyvbemutat\u00f3: Az emberis\u00e9g j\u00f6v\u0151je a nevel\u00e9st\u0151l f\u00fcgg &#8211; 2019. december 18.<\/a><\/li>\n<li><a href=\"https:\/\/photos.app.goo.gl\/1BaJ3wX8JRqknyZs8\">R\u00e1k\u00f3czitelepi als\u00f3 tagozatosok a gyermekk\u00f6nyvt\u00e1rban &#8211; 2019. december 18.<\/a><\/li>\n<li><a href=\"https:\/\/photos.app.goo.gl\/b56NEHKMotQJPSrSA\">V\u00f6r\u00f6smarty 3\/b-sek a gyermekk\u00f6nyvt\u00e1rban &#8211; 2019. december 13.<\/a><\/li>\n<li><a href=\"https:\/\/photos.app.goo.gl\/wTidNnV6ExEtp7NH9\">Olvas\u00f3k\u00f6r &#8211; 2019. december 11.<\/a><\/li>\n<li><a href=\"https:\/\/photos.app.goo.gl\/1z7hDhrZc277sPwC8\">R\u00e1k\u00f3czitelepi \u00f3vod\u00e1sok a gyermekk\u00f6nyvt\u00e1rban &#8211; 2019. december 10.<\/a><\/li>\n<li><a href=\"https:\/\/photos.app.goo.gl\/PPEj4fdCmmf3R5wA8\">Adventv\u00e1r\u00e1s a Bibli\u00e1ban &#8211; 2019. december 9.<\/a><\/li>\n<li><a href=\"https:\/\/photos.app.goo.gl\/AjzFk6DM7u883hL37\">Speci\u00e1lis Angol Klub &#8211; 2019. november 27.<\/a><\/li>\n<li><a href=\"https:\/\/photos.app.goo.gl\/nfTKBUoRmCU2QWWY6\">Ezt l\u00e1tta a kamer\u00e1nk\u2026 4. r\u00e9sz: Irodalmi \u00e9s m\u0171v\u00e9szeti percek &#8211; 2019. november 26.\u00a0<\/a><\/li>\n<li><a href=\"https:\/\/photos.app.goo.gl\/ZSNJ48VsehtgXK3S6\">A V\u00f6r\u00f6smarty iskola 3\/b. oszt\u00e1lyosai a gyermekk\u00f6nyvt\u00e1rban \u2013 2019. november 22.<\/a><\/li>\n<li><a href=\"https:\/\/photos.app.goo.gl\/VFwGSiecgkybvkaH7\">L\u00e9lekVitamin Klub tal\u00e1lkoz\u00f3 &#8211; 2019. november 20.<\/a><\/li>\n<li><a href=\"https:\/\/photos.app.goo.gl\/yWYpkxXjMem3NUgk9\">Vakok \u00e9s Gyeng\u00e9nl\u00e1t\u00f3k orosh\u00e1zi csoportj\u00e1nak s\u00fctem\u00e9nyversenye \u2013 2019. november 19.<\/a><\/li>\n<li><a href=\"https:\/\/photos.app.goo.gl\/WcqZW7tapqdKVTNa9\">Hajnal \u00f3voda Pillang\u00f3 csoportj\u00e1nak l\u00e1togat\u00e1sa a gyermekk\u00f6nyvt\u00e1rban &#8211; 2019. november 18.<\/a><\/li>\n<li><a href=\"https:\/\/photos.app.goo.gl\/NECh6iyCwc3yHTMH6\">Olvas\u00f3k\u00f6r &#8211; 2019. november 13.\u00a0<\/a><\/li>\n<li><a href=\"https:\/\/photos.app.goo.gl\/tpSdZQjxumaNtm2h8\">Speci\u00e1lis Angol Klub &#8211; 2019. november 13.<\/a><\/li>\n<li><a href=\"https:\/\/photos.app.goo.gl\/B7Yv5NUbpnT1Ckaa7\">Az E\u00f6tv\u00f6s iskola 2\/b. oszt\u00e1lyosai a gyermekk\u00f6nyvt\u00e1rban \u2013 2019. november 13.<\/a><\/li>\n<li><a href=\"https:\/\/photos.app.goo.gl\/h7jB1YGACzKqemYM9\">A V\u00f6r\u00f6smarty iskola 3\/b. oszt\u00e1lyosai a gyermekk\u00f6nyvt\u00e1rban \u2013 2019. november 8.<\/a><\/li>\n<li><a href=\"https:\/\/photos.app.goo.gl\/mPrSEPtwuHyKPPTNA\">A V\u00f6r\u00f6smarty iskola 4. oszt\u00e1lyosai a gyermekk\u00f6nyvt\u00e1rban \u2013 2019. november 6.<\/a><\/li>\n<li><a href=\"https:\/\/photos.app.goo.gl\/3eyucknfW2zpDHyq9\">Az E\u00f6tv\u00f6s iskola 2\/a. oszt\u00e1lyosai a k\u00f6nyvt\u00e1rban \u2013 2019. november 6.<\/a><\/li>\n<li><a href=\"https:\/\/photos.app.goo.gl\/5aKTYKNqZ826sJcc8\">\u00cdr\u00f3-olvas\u00f3 tal\u00e1lkoz\u00f3 Dr. Szigeti Jen\u0151vel \u2013 2019. november 5.<\/a><\/li>\n<li><a href=\"https:\/\/photos.app.goo.gl\/d6ainW42iiXbe9NB8\">Stoeng Vikt\u00f3ria k\u00f6nyvbemutat\u00f3 &#8211; 2019. okt\u00f3ber 29.<\/a><\/li>\n<li><a href=\"https:\/\/photos.app.goo.gl\/uVMKBtTEktw5jYVf8\">Antali Zolt\u00e1n k\u00f6z\u00f6ns\u00e9gtal\u00e1lkoz\u00f3ja &#8211; 2019. okt\u00f3ber 25.<\/a><\/li>\n<li><a href=\"https:\/\/photos.app.goo.gl\/wvfYSrmaUqZWWtVq9\">R\u00e1k\u00f3czitelepi 3-4. oszt\u00e1lyosok \u00e9s a V\u00f6r\u00f6smarty iskola 3\/b-s di\u00e1kjai a gyermekk\u00f6nyvt\u00e1rban &#8211; 2019. okt\u00f3ber 25.<\/a><\/li>\n<li><a href=\"https:\/\/photos.app.goo.gl\/tdEi5a8jQBPxKhm4A\">Bajcsy ovisok a gyermekk\u00f6nyvt\u00e1rban &#8211; 2019. okt\u00f3ber 22.<\/a><\/li>\n<li><a href=\"https:\/\/photos.app.goo.gl\/pC78BWQgrPjR561VA\">V\u00e1ndorBagoly d\u00edj \u00e1tad\u00e1s, Miskolc, megyei k\u00f6nyvt\u00e1r &#8211; 2019. okt\u00f3ber 21.<\/a><\/li>\n<li><a href=\"https:\/\/photos.app.goo.gl\/fcPDbKgxVxo3cMne9\">P\u00e1lyaorient\u00e1ci\u00f3s nap a V\u00f6r\u00f6smarty iskola di\u00e1kjaival &#8211; 2019. okt\u00f3ber 18.<\/a><\/li>\n<li><a href=\"https:\/\/photos.app.goo.gl\/47jFZX6jMbZDb65F7\">L\u00e9lekVitamin Klub tal\u00e1lkoz\u00f3 &#8211; 2019. okt\u00f3ber 16.<\/a><\/li>\n<li><a href=\"https:\/\/photos.app.goo.gl\/1qveiyc7xQBvtvkL9\">Az E\u00f6tv\u00f6s iskola 3\/a. oszt\u00e1lyosai a gyermekk\u00f6nyvt\u00e1rban &#8211; 2019. okt\u00f3ber 16.<\/a><\/li>\n<li><a href=\"https:\/\/photos.app.goo.gl\/qB2Q49ChXB33aozy6\">Nemzetk\u00f6zi Feh\u00e9r bot napi \u00fcnneps\u00e9g \u2013 2019. okt\u00f3ber 15.<\/a><\/li>\n<li><a href=\"https:\/\/photos.app.goo.gl\/noJsBZEvioT4nw386\">A r\u00e1k\u00f3czitelepi iskola 2. oszt\u00e1lyosai a gyermekk\u00f6nyvt\u00e1rban &#8211; 2019. okt\u00f3ber 11.<\/a><\/li>\n<li><a href=\"https:\/\/photos.app.goo.gl\/ozn283AW5Y4TGVmJA\">L\u00e9lekVitamin Klub kir\u00e1ndul\u00e1s a Br\u00e9da kast\u00e9lyba &#8211; 2019. okt\u00f3ber 10.<\/a><\/li>\n<li><a href=\"https:\/\/photos.app.goo.gl\/NAewT35GofwKZ5FBA\">Olvas\u00f3k\u00f6r \u2013 2019. okt\u00f3ber 9.<\/a><\/li>\n<li><a href=\"https:\/\/photos.app.goo.gl\/HqwiHto695BjucLa8\">Mes\u00e9s h\u00e9tpr\u00f3ba az E\u00f6tv\u00f6s iskola 4\/a. oszt\u00e1lyosaival \u2013 2019. okt\u00f3ber 9.<\/a><\/li>\n<li><a href=\"https:\/\/photos.app.goo.gl\/oVoZvfFQHPiF8AzC7\">\u00cdr\u00f3-olvas\u00f3 tal\u00e1lkoz\u00f3 Cserbik J\u00e1nossal &#8211; 2019. okt\u00f3ber 8.<\/a><\/li>\n<li><a href=\"https:\/\/photos.app.goo.gl\/VA9EaP2hfqio99Dn7\">A V\u00f6r\u00f6smarty iskola 3\/a. oszt\u00e1lyosai a gyermekk\u00f6nyvt\u00e1rban &#8211; 2019. okt\u00f3ber 8.<\/a><\/li>\n<li><a href=\"https:\/\/photos.app.goo.gl\/5ny7Y8xx9p6SYkLe6\">Mes\u00e9s h\u00e9tpr\u00f3ba az E\u00f6tv\u00f6s iskola 3\/b. oszt\u00e1lyosaival &#8211; 2019. okt\u00f3ber 7.<\/a><\/li>\n<li><a href=\"https:\/\/photos.app.goo.gl\/YMx4qxMXuEBdZ7CQ8\">Ker\u00e9kp\u00e1rt\u00fara G\u00e1dorosra &#8211; 2019. okt\u00f3ber 5.<\/a><\/li>\n<li><a href=\"https:\/\/photos.app.goo.gl\/V7YXiSHU6drw1ZAj6\">Sulyok Csaba: Viharsarok blues k\u00f6nyvbemutat\u00f3 &#8211; 2019. okt\u00f3ber 4.<\/a><\/li>\n<li><a href=\"https:\/\/photos.app.goo.gl\/ppG5U4fyZnwEJhWq7\">A V\u00f6r\u00f6smarty iskola 3. oszt\u00e1lyosai a gyermekk\u00f6nyvt\u00e1rban &#8211; 2019. okt\u00f3ber 4.<\/a><\/li>\n<li><a href=\"https:\/\/photos.app.goo.gl\/Y4NNpvf2vybv7x6q8\">K\u00f6z\u00f6ns\u00e9gtal\u00e1lkoz\u00f3 Borsa Brownnal &#8211; 2019. okt\u00f3ber 3.<\/a><\/li>\n<li><a href=\"https:\/\/photos.app.goo.gl\/bnUJHoQqmraGcZyH6\">Sz\u00e9k\u00e1cs ovi Pillang\u00f3 csoportosai a gyermekk\u00f6nyvt\u00e1rban &#8211; 2019. okt\u00f3ber 3.<\/a><\/li>\n<li><a href=\"https:\/\/photos.app.goo.gl\/KcmY3d2WvKVtCpKHA\">Az Alf\u00f6ld Quartet hangversenye a zene vil\u00e1gnapja alkalm\u00e1b\u00f3l &#8211; 2019. okt\u00f3ber 2.<\/a><\/li>\n<li><a href=\"https:\/\/photos.app.goo.gl\/KcL95quAzPHybX156\">Az E\u00f6tv\u00f6s iskola 4\/b. oszt\u00e1lyosai a gyermekk\u00f6nyvt\u00e1rban &#8211; 2019. okt\u00f3ber 2.<\/a><\/li>\n<li><a href=\"https:\/\/photos.app.goo.gl\/wKpcdvtwknNu991NA\">V\u00e9rad\u00e1s a k\u00f6nyvt\u00e1rban &#8211; 2019. okt\u00f3ber 1.<\/a><\/li>\n<li><a href=\"https:\/\/photos.app.goo.gl\/NePskxJyG3QXcjxWA\">A V\u00f6r\u00f6smarty iskola 2. oszt\u00e1lyosai a gyermekk\u00f6nyvt\u00e1rban &#8211; 2019. szeptember 24.<\/a><\/li>\n<li><a href=\"https:\/\/photos.app.goo.gl\/h3kwu1U8tGWdarkW9\">A V\u00f6r\u00f6smarty iskola 3. oszt\u00e1lyosai a gyermekk\u00f6nyvt\u00e1rban &#8211; 2019. szeptember 20.<\/a><\/li>\n<li><a href=\"https:\/\/photos.app.goo.gl\/8BMdczek6YZNX88s8\">L\u00e9lekVitamin Klub tal\u00e1lkoz\u00f3 &#8211; 2019. szeptember 18.\u00a0<\/a><\/li>\n<li><a href=\"https:\/\/photos.app.goo.gl\/ZGjdmH6vT8kbM6ip9\">Speci\u00e1lis Angol Klub &#8211; 2019. szeptember 18.<\/a><\/li>\n<li><a href=\"https:\/\/photos.app.goo.gl\/TTiwJAusXRfGRNiY6\">Ezt l\u00e1tta a kamer\u00e1nk\u2026 3 r\u00e9sz: Zene, zene, zene &#8211; 2019. szeptember 17.<\/a><\/li>\n<li><a href=\"https:\/\/photos.app.goo.gl\/42h5fHKwxUTXKdVE8\">Olvas\u00f3k\u00f6r &#8211; 2019. szeptember 11.<\/a><\/li>\n<li><a href=\"https:\/\/photos.app.goo.gl\/tr2Hj5aqmmMsGTvUA\">Ny\u00e1ri j\u00e1tsz\u00f3h\u00e1z &#8211; 2019. j\u00falius 29.-augusztus 2.<\/a><\/li>\n<li><a href=\"https:\/\/photos.app.goo.gl\/Qf42qHofrjDSXCpb6\">Ny\u00e1ri olvas\u00f3t\u00e1bor a Nyugd\u00edjas Pedag\u00f3gusok Orosh\u00e1zi Egyes\u00fclet\u00e9vel &#8211; 2019. ny\u00e1r<\/a><\/li>\n<li><a href=\"https:\/\/photos.app.goo.gl\/cid5491K8icFWdK5A\">Ny\u00e1ri napk\u00f6zisek a gyermekk\u00f6nyvt\u00e1rban &#8211; 2019. ny\u00e1r<\/a><\/li>\n<li><a href=\"https:\/\/photos.app.goo.gl\/zXJ6RCNYjdrULXoc8\">Kattints vel\u00fcnk! \u2013 2019. ny\u00e1r<\/a><\/li>\n<li><a href=\"https:\/\/photos.app.goo.gl\/tMG1aQ6xYeGMYRbk7\">Ny\u00e1ri j\u00e1tsz\u00f3h\u00e1z &#8211; 2019. j\u00falius 1-5.<\/a><\/li>\n<li><a href=\"https:\/\/photos.app.goo.gl\/HzN51wy9t75bj5aC6\">Mes\u00e9s biblioter\u00e1pia a Karitasz ny\u00e1ri t\u00e1borosaival &#8211; 2019. j\u00fanius 20.<\/a><\/li>\n<li><a href=\"https:\/\/photos.app.goo.gl\/fjfS7dnTQS4Bxs5k9\">Veraszt\u00f3 Antal: Th\u00e9k Endre a m\u00e9lt\u00f3s\u00e1gos asztalos c\u00edm\u0171 k\u00f6nyv\u00e9nek bemutat\u00f3ja &#8211; 2019. j\u00fanius 19.<\/a><\/li>\n<li><a href=\"https:\/\/photos.app.goo.gl\/Ks8syaXT5Czhw1hW9\">Ruby Saw: G\u00e1zt neki, Chiara! c\u00edm\u0171 k\u00f6nyv\u00e9nek bemutat\u00f3ja &#8211; 2019. j\u00fanius 17.<\/a><\/li>\n<li><a href=\"https:\/\/photos.app.goo.gl\/w6aNp5axZV9q7YDXA\">J\u00e1rt\u00f3 R\u00f3za: Bagoly \u0151rs, vigy\u00e1zz! c\u00edm\u0171 k\u00f6nyv\u00e9nek bemutat\u00f3ja &#8211; 2019. j\u00fanius 14.<\/a><\/li>\n<li><a href=\"https:\/\/photos.app.goo.gl\/7ayoEn5A2cHeUq269\">K\u00f6z\u00f6ns\u00e9gtal\u00e1lkoz\u00f3 Bauer Barbar\u00e1val &#8211; 2019. j\u00fanius 13.<\/a><\/li>\n<li><a href=\"https:\/\/photos.app.goo.gl\/5SWyY9AP5ovNxqLR6\">A KLuBB zenekar sz\u00fclet\u00e9snapi koncertje &#8211; 2019. j\u00fanius 12.<\/a><\/li>\n<li><a href=\"https:\/\/photos.app.goo.gl\/CVtPwDxkPa2csiZj8\">Felolvas\u00f3maraton &#8211; 2019. j\u00fanius 12.<\/a><\/li>\n<li><a href=\"https:\/\/photos.app.goo.gl\/KDPEskYJoCM6rCdK6\">Ezt l\u00e1tta a kamer\u00e1nk 2. r\u00e9sz. K\u00f6nyvt\u00e1ri pillanatok &#8211; 2019. j\u00fanius 11.<\/a><\/li>\n<li><a href=\"https:\/\/photos.app.goo.gl\/4gwe3VsuhZmrtvbR8\">R\u00e1k\u00f3czitelepi iskol\u00e1sok a gyermekk\u00f6nyvt\u00e1rban &#8211; 2019. j\u00fanius 11. <\/a><\/li>\n<li><a href=\"https:\/\/photos.app.goo.gl\/5FHFyLccsmh9UEzz5\">XIV. Gyop\u00e1rka T\u00fcnd\u00e9r mesemond\u00f3 verseny &#8211; 2019. j\u00fanius 8.<\/a><\/li>\n<li><a href=\"https:\/\/photos.app.goo.gl\/GSKpPLPCoubsPXBP6\">Vet\u00e9lked\u0151 a Wesley di\u00e1kjaival a gyermekk\u00f6nyvt\u00e1rban &#8211; 2019. j\u00fanius 7.<\/a><\/li>\n<li><a href=\"https:\/\/photos.app.goo.gl\/pzu8pWhwTNZxprHC8\">A V\u00f6r\u00f6smarty iskola 3. oszt\u00e1lyosai a gyermekk\u00f6nyvt\u00e1rban \u2013 2019. j\u00fanius 6.<\/a><\/li>\n<li><a href=\"https:\/\/photos.app.goo.gl\/kE1r1rRVaa4VLQ6p8\">A V\u00f6r\u00f6smarty iskola 3. oszt\u00e1lyosai a gyermekk\u00f6nyvt\u00e1rban \u2013 2019. m\u00e1jus 30.<\/a><\/li>\n<li><a href=\"https:\/\/photos.app.goo.gl\/tJEm7Hw89g7M4B36A\">Vakok \u00e9s Gyeng\u00e9nl\u00e1t\u00f3k orosh\u00e1zi csoportj\u00e1nak Any\u00e1k napi m\u0171sora \u2013 2019. m\u00e1jus 21.<\/a><\/li>\n<li><a href=\"https:\/\/photos.app.goo.gl\/CWKhEGGbeHo2BCgQ8\">L\u00e9lekVitamin Klub tal\u00e1lkoz\u00f3 &#8211; 2019. m\u00e1jus 15.<\/a><\/li>\n<li><a href=\"https:\/\/photos.app.goo.gl\/99gMAaJAkBXhEZoGA\">Hallgassuk egy\u00fctt! &#8211; 2019. m\u00e1jus 9.<\/a><\/li>\n<li><a href=\"https:\/\/photos.app.goo.gl\/WBnA9EHJUUAQU8ch7\">Olvas\u00f3k\u00f6r &#8211; 2019. m\u00e1jus 8.<\/a><\/li>\n<li><a href=\"https:\/\/photos.app.goo.gl\/nM7ACAQYxRyv6d6v5\">Speci\u00e1lis Angol Klub &#8211; 2019. m\u00e1jus 8.<\/a><\/li>\n<li><a href=\"https:\/\/photos.app.goo.gl\/t54UCjFHtYTyFDzR6\">A Sz\u00e9k\u00e1cs-iskola 2. oszt\u00e1lyosai a gyermekk\u00f6nyvt\u00e1rban \u2013 2019. m\u00e1jus 8.<\/a><\/li>\n<li><a href=\"https:\/\/photos.app.goo.gl\/8mYYsaaPywSkjafg7\">\u00cdr\u00f3-olvas\u00f3 tal\u00e1lkoz\u00f3 Dr. Szigeti Jen\u0151vel &#8211; 2019. m\u00e1jus 7.<\/a><\/li>\n<li><a href=\"https:\/\/photos.app.goo.gl\/59iZRqKj2w4FSXzH9\">Wesley iskola 3-5. oszt\u00e1ly a gyermekk\u00f6nyvt\u00e1rban (EFOP-3.3.2-16) \u2013 2019. m\u00e1jus 7.<\/a><\/li>\n<li><a href=\"https:\/\/photos.app.goo.gl\/ASLJTCXQVhtP3aLw6\">Wesley iskola 3-5. oszt\u00e1ly a gyermekk\u00f6nyvt\u00e1rban (EFOP-3.3.2-16) \u2013 2019. \u00e1prilis 30.<\/a><\/li>\n<li><a href=\"https:\/\/photos.app.goo.gl\/W9mkkZpUumeU1a1M7\">T\u00e1rsalg\u00f3 4.: \u00d6sszt\u00e1nc &#8211; 2019. \u00e1prilis 25.<\/a><\/li>\n<li><a href=\"https:\/\/photos.app.goo.gl\/qgXdLcmPiFNobDdA6\">Az E\u00f6tv\u00f6s-iskola 1\/b. oszt\u00e1lyosai a gyermekk\u00f6nyvt\u00e1rban &#8211; 2019. \u00e1prilis 25.<\/a><\/li>\n<li><a href=\"https:\/\/photos.app.goo.gl\/3AtgMPBb4dvcPGAa7\">H\u00fasv\u00e9ti j\u00e1tsz\u00f3h\u00e1z a gyermekk\u00f6nyvt\u00e1rban &#8211; 2019. \u00e1prilis 18.<\/a><\/li>\n<li><a href=\"https:\/\/photos.app.goo.gl\/FVdypUnLotutHNHy6\">L\u00e9lekVitamin Klub tal\u00e1lkoz\u00f3 &#8211; 2019. \u00e1prilis 17.<\/a><\/li>\n<li><a href=\"https:\/\/photos.app.goo.gl\/VqgJJot8NpY3sgmC7\">M\u00f3ricz ovisok a gyermekk\u00f6nyvt\u00e1rban &#8211; 2019. \u00e1prilis 17.<\/a><\/li>\n<li><a href=\"https:\/\/photos.app.goo.gl\/kqU9KvpcGPfU5wPZ9\">Pillanatk\u00e9pek az egykori orosh\u00e1zi zsid\u00f3 k\u00f6z\u00f6ss\u00e9g m\u00faltj\u00e1b\u00f3l: dr. Balogh Istv\u00e1n kult\u00fart\u00f6rt\u00e9n\u00e9sz el\u0151ad\u00e1sa &#8211; 2019. \u00e1prilis 16.<\/a><\/li>\n<li><a href=\"https:\/\/photos.app.goo.gl\/Bp1BcdkqQ5HMH7WD9\">Wesley iskola 3-5. oszt\u00e1ly a gyermekk\u00f6nyvt\u00e1rban (EFOP-3.3.2-16) &#8211; 2019. \u00e1prilis 16.<\/a><\/li>\n<li><a href=\"https:\/\/photos.app.goo.gl\/9wJ6U6nghLi2dwpf6\">Olvas\u00f3k\u00f6r &#8211; 2019. \u00e1prilis 10.<\/a><\/li>\n<li><a href=\"https:\/\/photos.app.goo.gl\/fvTt1CyAsyw49mZj8\">A R\u00e1k\u00f3czitelepi iskola 5-6. oszt\u00e1lyosai a feln\u0151tt k\u00f6nyvt\u00e1rban &#8211; 2019. \u00e1prilis 10.<\/a><\/li>\n<li><a href=\"https:\/\/photos.app.goo.gl\/5e1A8qr1KqYsCP8b9\">Az E\u00f6tv\u00f6s-iskola 1\/a. oszt\u00e1lyosai a gyermekk\u00f6nyvt\u00e1rban &#8211; 2019. \u00e1prilis 10.<\/a><\/li>\n<li><a href=\"https:\/\/photos.app.goo.gl\/K3rK4CY82Lb61L1D6\">M\u00f3ricz ovisok a gyermekk\u00f6nyvt\u00e1rban &#8211; 2019. \u00e1prilis 9.<\/a><\/li>\n<li><a href=\"https:\/\/photos.app.goo.gl\/rjddumDbDEsoCEnC8\">K\u00f6z\u00f6ns\u00e9gtal\u00e1lkoz\u00f3 Varr\u00f3 D\u00e1niellel &#8211; 2019. \u00e1prilis 8.<\/a><\/li>\n<li><a href=\"https:\/\/photos.app.goo.gl\/7XzoomAQzv7KcbzDA\">K\u00f6z\u00f6ns\u00e9gtal\u00e1lkoz\u00f3 Varr\u00f3 D\u00e1niellel gyermekeknek &#8211; 2019. \u00e1prilis 8.<\/a><\/li>\n<li><a href=\"https:\/\/photos.app.goo.gl\/jyLNaLT8UE4XAGTC7\">J\u00e1rtamban-keltemben a Sz\u00e9k\u00e1cs ovisokkal (EFOP3.3.2-16) &#8211; 2019. \u00e1prilis 5.<\/a><\/li>\n<li><a href=\"https:\/\/photos.app.goo.gl\/jGHeTAdUkqHdwPcW6\">J\u00e1rtamban-keltemben a Sz\u00e9k\u00e1cs ovisokkal (EFOP3.3.2-16) &#8211; 2019. \u00e1prilis 4.<\/a><\/li>\n<li><a href=\"https:\/\/photos.app.goo.gl\/6MusBg8wUyhvxanQA\">Tehets\u00e9gnap a gyermekk\u00f6nyvt\u00e1rban &#8211; 2019. \u00e1prilis 4.<\/a><\/li>\n<li><a href=\"https:\/\/photos.app.goo.gl\/tgcHhtErQmPoq16C9\">A R\u00e1k\u00f3czitelepi iskola 3-4. oszt\u00e1lyosai a feln\u0151tt k\u00f6nyvt\u00e1rban &#8211; 2019. \u00e1prilis 3.<\/a><\/li>\n<li><a href=\"https:\/\/photos.app.goo.gl\/yndCeQqF3zKMWXM18\">Az E\u00f6tv\u00f6s-iskola 2\/b. oszt\u00e1lyosai a gyermekk\u00f6nyvt\u00e1rban \u2013 2019. \u00e1prilis 3.<\/a><\/li>\n<li><a href=\"https:\/\/photos.app.goo.gl\/JsqhNjpswNVXQKAN9\">Dr. Tokics Imre \u00edr\u00f3-olvas\u00f3 tal\u00e1lkoz\u00f3 &#8211; 2019. \u00e1prilis 2.<\/a><\/li>\n<li><a href=\"https:\/\/photos.app.goo.gl\/3RvWHdQYUMBASdRa7\">Az E\u00f6tv\u00f6s-iskola 4\/b. oszt\u00e1lyosai a gyermekk\u00f6nyvt\u00e1rban \u2013 2019. m\u00e1rcius 28.<\/a><\/li>\n<li><a href=\"https:\/\/photos.app.goo.gl\/SLasPEkQ88J4Vpkf8\">R\u00e1k\u00f3czitelepi iskola 1-2. oszt\u00e1lyosai a gyermekk\u00f6nyvt\u00e1rban &#8211; 2019. m\u00e1rcius 27.<\/a><\/li>\n<li><a href=\"https:\/\/photos.app.goo.gl\/Yk4Fgf9YFw3uQmL4A\">Ezt l\u00e1tta a kamer\u00e1nk 1. r\u00e9sz &#8211; 2019. m\u00e1rcius 26.<\/a><\/li>\n<li><a href=\"https:\/\/photos.app.goo.gl\/RyfroYuvixxuq1ub8\">L\u00e9lekVitamin Klub tal\u00e1lkoz\u00f3 &#8211; 2019. m\u00e1rcius 20.<\/a><\/li>\n<li><a href=\"https:\/\/photos.app.goo.gl\/VBMsXWichv8jZ41Q7\">Az E\u00f6tv\u00f6s-iskola 4\/a. oszt\u00e1lyosai a gyermekk\u00f6nyvt\u00e1rban &#8211; 2019. m\u00e1rcius 18.<\/a><\/li>\n<li><a href=\"https:\/\/photos.app.goo.gl\/zFeLKKbiF82SzhBD7\">Olvas\u00f3k\u00f6r &#8211; 2019. m\u00e1rcius 13.<\/a><\/li>\n<li><a href=\"https:\/\/photos.app.goo.gl\/H8H9RvWnzHowFzYk6\">Cirkuszos d\u00e9lel\u0151tt a M\u00f3ricz ovisokkal \u2013 2019. m\u00e1rcius 13.<\/a><\/li>\n<li><a href=\"https:\/\/photos.app.goo.gl\/zxRnPoWGNybNxKuNA\">Zenet\u00f6rt\u00e9neti est\u00e9k 11. &#8211; 2019. m\u00e1rcius 12.<\/a><\/li>\n<li><a href=\"https:\/\/photos.app.goo.gl\/ivWsCT35VbVFXc2w6\">Czina iskol\u00e1sok a gyermekk\u00f6nyvt\u00e1rban &#8211; 2019. m\u00e1rcius 9.<\/a><\/li>\n<li><a href=\"https:\/\/photos.app.goo.gl\/oCfQodmBSAswT5GF6\">Sz\u00e9k\u00e1cs ovi Pillang\u00f3 csoport a gyermekk\u00f6nyvt\u00e1rban &#8211; 2019. m\u00e1rcius 7.<\/a><\/li>\n<li><a href=\"https:\/\/photos.app.goo.gl\/rQSa229jnQb7vwgMA\">Nagyn\u00e9 N\u00e9meth Adrienn k\u00f6nyvbemutat\u00f3ja &#8211; 2019. m\u00e1rcius 5.<\/a><\/li>\n<li><a href=\"https:\/\/photos.app.goo.gl\/wCHsHfr1BnFFoXCAA\">Az E\u00f6tv\u00f6s iskola 3\/b oszt\u00e1lyosai a gyermekk\u00f6nyvt\u00e1rban \u2013 2019. m\u00e1rcius 5.<\/a><\/li>\n<li><a href=\"https:\/\/photos.app.goo.gl\/C49B2XmrEGf2xVXR6\">Mihalec G\u00e1bor \u00edr\u00f3-olvas\u00f3 tal\u00e1lkoz\u00f3 &#8211; 2019. m\u00e1rcius 4.<\/a><\/li>\n<li><a href=\"https:\/\/photos.app.goo.gl\/UidmxuYSGgvyw2DHA\">Az E\u00f6tv\u00f6s iskola 3\/a oszt\u00e1lyosai a gyermekk\u00f6nyvt\u00e1rban &#8211; 2019. m\u00e1rcius 4.<\/a><\/li>\n<li><a href=\"https:\/\/photos.app.goo.gl\/oAnbzrfQpYERoKeM6\">Bakelitsztorik &#8211; 2019. febru\u00e1r 26.<\/a><\/li>\n<li><a href=\"https:\/\/photos.app.goo.gl\/nQrbVquLdiYZwAT79\">Hering Zolt\u00e1n k\u00f6nyvbemutat\u00f3ja &#8211; 2019. febru\u00e1r 21.<\/a><\/li>\n<li><a href=\"https:\/\/photos.app.goo.gl\/oq1TtfaEnrdUTVdC6\">K\u00f6nd utcai ovisok a gyermekk\u00f6nyvt\u00e1rban &#8211; 2019. febru\u00e1r 21.<\/a><\/li>\n<li><a href=\"https:\/\/photos.app.goo.gl\/3QYE2VCVWmZFZpmV6\">Ruby Saw k\u00f6nyvbemutat\u00f3 &#8211; 2019. febru\u00e1r 15.<\/a><\/li>\n<li><a href=\"https:\/\/photos.app.goo.gl\/2pHpKYKMUcvNk6Mv7\">19. Justh Zsigmond vers- \u00e9s pr\u00f3zamond\u00f3 verseny \u2013 2019. febru\u00e1r 15.<\/a><\/li>\n<li><a href=\"https:\/\/photos.app.goo.gl\/6ytVBBW57L9kjZEG8\">V\u00f6r\u00f6smarty 3. oszt\u00e1lyosok a gyermekk\u00f6nyvt\u00e1rban &#8211; 2019. febru\u00e1r 15.<\/a><\/li>\n<li><a href=\"https:\/\/photos.app.goo.gl\/W234TnkHXbYY3bTj6\">Olvas\u00f3k\u00f6r &#8211; 2019. febru\u00e1r 13.<\/a><\/li>\n<li><a href=\"https:\/\/photos.app.goo.gl\/KbrfE79dm8b9yhUW6\">Min\u0151s\u00e9gir\u00e1ny\u00edt\u00e1s a gyakorlatban szakmai nap &#8211; 2019. febru\u00e1r 5.<\/a><\/li>\n<li><a href=\"https:\/\/photos.app.goo.gl\/UP15KMfmkxbon3NLA\">Cirkuszos d\u00e9lel\u0151tt a Bajcsy utcai ovisokkal &#8211; 2019. febru\u00e1r 1.<\/a><\/li>\n<li><a href=\"https:\/\/photos.app.goo.gl\/A62fCAWTnJwfQ61g9\">T\u00e1rsas-J\u00e1t\u00e9k-Est &#8211; 2019. janu\u00e1r 25.<\/a><\/li>\n<li><a href=\"https:\/\/photos.app.goo.gl\/c55KJCiywBwih5vi6\">Veraszt\u00f3 Antal: A zs\u00e1kos ember c\u00edm\u0171 k\u00f6nyv\u00e9nek bemutat\u00f3ja &#8211; 2019. janu\u00e1r 23.<\/a><\/li>\n<li><a href=\"https:\/\/photos.app.goo.gl\/Z6tN9tQCtaXpU2UCA\">Cirkuszos d\u00e9lel\u0151tt a K\u00f6nd utcai ovisokkal &#8211; 2019. janu\u00e1r 18.<\/a><\/li>\n<li><a href=\"https:\/\/photos.app.goo.gl\/RxcqLbJjWnABi9XL7\">L\u00e9lekVitamin &#8211; 2019. janu\u00e1r 16.<\/a><\/li>\n<li><a href=\"https:\/\/photos.app.goo.gl\/fkWJ49jr6PCNEzXo8\">Let\u2019s talk English \u2013 2019. janu\u00e1r 9.<\/a><\/li>\n<li><a href=\"https:\/\/photos.app.goo.gl\/J7cFvt1oWmsApSfUA\">Olvas\u00f3k\u00f6r &#8211; 2019. janu\u00e1r 9.<\/a><\/li>\n<li><a href=\"https:\/\/photos.app.goo.gl\/YQvSTqoFsbBwGrEJ6\">Wesley iskola 3. oszt\u00e1lyosainak k\u00f6nyvt\u00e1rl\u00e1togat\u00e1sa &#8211; 2019. janu\u00e1r 8.<\/a><\/li>\n<li><a href=\"https:\/\/photos.app.goo.gl\/Go8ytaPrh21NFEGGA\">Sebesty\u00e9n M\u00e1rta k\u00f6nyvaj\u00e1nl\u00f3 &#8211; 2019. janu\u00e1r 3.<\/a><\/li>\n<li><a href=\"https:\/\/photos.app.goo.gl\/KBd4Pse6aCNdRg1U7\">Diavet\u00edt\u0151s d\u00e9lut\u00e1n &#8211; 2019. janu\u00e1r 2.<\/a><\/li>\n<\/ul>\n<div class=\"fcbkbttn_buttons_block\" id=\"fcbkbttn_left\"><div class=\"fcbkbttn_like \"><fb:like href=\"https:\/\/blog.justhvk.hu\/blog\/2019-es-fotok\/\" action=\"like\" colorscheme=\"light\" layout=\"button_count\"  size=\"small\"><\/fb:like><\/div><div class=\"fb-share-button  \" data-href=\"https:\/\/blog.justhvk.hu\/blog\/2019-es-fotok\/\" data-type=\"button_count\" data-size=\"small\"><\/div><\/div>","protected":false},"excerpt":{"rendered":"<p>2019 Kar\u00e1csonyi j\u00e1tsz\u00f3h\u00e1z &#8211; 2019. december 20. K\u00f6nyvbemutat\u00f3: Az emberis\u00e9g j\u00f6v\u0151je a nevel\u00e9st\u0151l f\u00fcgg &#8211; 2019. december 18. R\u00e1k\u00f3czitelepi als\u00f3 tagozatosok a gyermekk\u00f6nyvt\u00e1rban &#8211; 2019. december 18. V\u00f6r\u00f6smarty 3\/b-sek a gyermekk\u00f6nyvt\u00e1rban &#8211; 2019. december 13. Olvas\u00f3k\u00f6r &#8211; 2019. december 11. R\u00e1k\u00f3czitelepi \u00f3vod\u00e1sok a gyermekk\u00f6nyvt\u00e1rban &#8211; 2019. december 10. Adventv\u00e1r\u00e1s a Bibli\u00e1ban &#8211; 2019. december 9. [&hellip;]<\/p>\n","protected":false},"author":5,"featured_media":0,"parent":0,"menu_order":0,"comment_status":"closed","ping_status":"closed","template":"","meta":{"episode_type":"","audio_file":"","cover_image":"","cover_image_id":"","duration":"","filesize":"","date_recorded":"","explicit":"","block":"","filesize_raw":"","ngg_post_thumbnail":0,"footnotes":""},"class_list":["post-15298","page","type-page","status-publish","hentry"],"_links":{"self":[{"href":"https:\/\/blog.justhvk.hu\/blog\/wp-json\/wp\/v2\/pages\/15298","targetHints":{"allow":["GET"]}}],"collection":[{"href":"https:\/\/blog.justhvk.hu\/blog\/wp-json\/wp\/v2\/pages"}],"about":[{"href":"https:\/\/blog.justhvk.hu\/blog\/wp-json\/wp\/v2\/types\/page"}],"author":[{"embeddable":true,"href":"https:\/\/blog.justhvk.hu\/blog\/wp-json\/wp\/v2\/users\/5"}],"replies":[{"embeddable":true,"href":"https:\/\/blog.justhvk.hu\/blog\/wp-json\/wp\/v2\/comments?post=15298"}],"version-history":[{"count":140,"href":"https:\/\/blog.justhvk.hu\/blog\/wp-json\/wp\/v2\/pages\/15298\/revisions"}],"predecessor-version":[{"id":16713,"href":"https:\/\/blog.justhvk.hu\/blog\/wp-json\/wp\/v2\/pages\/15298\/revisions\/16713"}],"wp:attachment":[{"href":"https:\/\/blog.justhvk.hu\/blog\/wp-json\/wp\/v2\/media?parent=15298"}],"curies":[{"name":"wp","href":"https:\/\/api.w.org\/{rel}","templated":true}]}}