{"id":16767,"date":"2020-01-15T12:51:12","date_gmt":"2020-01-15T12:51:12","guid":{"rendered":"https:\/\/blog.justhvk.hu\/blog\/?page_id=16767"},"modified":"2026-01-09T14:36:51","modified_gmt":"2026-01-09T14:36:51","slug":"minosegiranyitas","status":"publish","type":"page","link":"https:\/\/blog.justhvk.hu\/blog\/minosegiranyitas\/","title":{"rendered":"Min\u0151s\u00e9gir\u00e1ny\u00edt\u00e1s"},"content":{"rendered":"<ul>\n<li><a href=\"https:\/\/blog.justhvk.hu\/blog\/wp-content\/uploads\/2025\/04\/Alapito_okirat_20250417.pdf\">Alap\u00edt\u00f3 Okirat &gt;&gt;<\/a><\/li>\n<li><a href=\"https:\/\/blog.justhvk.hu\/blog\/szabalyzatok\/\">Szab\u00e1lyzatok &gt;&gt;<\/a><\/li>\n<li><a href=\"https:\/\/blog.justhvk.hu\/blog\/belso-dokumentumok\/\">Bels\u0151 dokumentumok &gt;&gt;<\/a>&nbsp;<\/li>\n<li><a href=\"https:\/\/blog.justhvk.hu\/blog\/wp-content\/uploads\/2024\/03\/minosegpolitika_2021-2025.pdf\">Min\u0151s\u00e9gpolitikai nyilatkozat (a Strat\u00e9giai terv r\u00e9sze) &gt;&gt;<\/a><\/li>\n<li><a href=\"https:\/\/blog.justhvk.hu\/blog\/dokumentumok\/jovokep\/\">J\u00f6v\u0151k\u00e9p &gt;&gt;<\/a><\/li>\n<li><a href=\"https:\/\/blog.justhvk.hu\/blog\/kuldetesnyilatkozat-2\/\">K\u00fcldet\u00e9snyilatkozat &gt;&gt;<\/a><\/li>\n<li><a href=\"https:\/\/blog.justhvk.hu\/blog\/statisztikai-adatok\/\">Statisztikai adatok &gt;&gt;<\/a><\/li>\n<li><a href=\"https:\/\/blog.justhvk.hu\/blog\/beszamolok\/\">Szakmai \u00e9s p\u00e9nz\u00fcgyi besz\u00e1mol\u00f3k &nbsp;&gt;&gt;<\/a><\/li>\n<li><a href=\"https:\/\/blog.justhvk.hu\/blog\/munkaterv\/\">Munkatervek &gt;&gt;<\/a><\/li>\n<li><a href=\"https:\/\/blog.justhvk.hu\/blog\/strategiai-tervek\/\">Strat\u00e9giai tervek &gt;&gt;&nbsp;<\/a><\/li>\n<li><a href=\"https:\/\/blog.justhvk.hu\/blog\/wp-content\/uploads\/2023\/10\/egyeni_ertekelesi_rendszer_2023.pdf\">Egy\u00e9ni \u00e9rt\u00e9kel\u00e9si rendszer &gt;&gt;<\/a>&nbsp;<\/li>\n<li><a href=\"https:\/\/blog.justhvk.hu\/blog\/elegedettsegi-felmeresek\/\">El\u00e9gedetts\u00e9gi felm\u00e9r\u00e9sek, haszn\u00e1l\u00f3i szok\u00e1sok m\u00e9r\u00e9seinek eredm\u00e9nyei &gt;&gt;<\/a><\/li>\n<li><a href=\"https:\/\/blog.justhvk.hu\/blog\/wp-content\/uploads\/2024\/05\/emberi_eroforras_20240502.pdf\">Emberi er\u0151forr\u00e1s strat\u00e9gia &gt;&gt;<\/a><\/li>\n<li><a href=\"https:\/\/blog.justhvk.hu\/blog\/wp-content\/uploads\/2022\/04\/ertekrend_20220401.pdf\">\u00c9rt\u00e9krend &gt;&gt;<\/a>&nbsp;<\/li>\n<li><a href=\"https:\/\/blog.justhvk.hu\/blog\/wp-content\/uploads\/2021\/08\/eselyegyenlosegi_terv_20210901.pdf\">Es\u00e9lyegyenl\u0151s\u00e9gi terv &gt;&gt;<\/a><\/li>\n<li><a href=\"https:\/\/blog.justhvk.hu\/blog\/wp-content\/uploads\/2023\/10\/folyamatmenedzsment_2023.pdf\">Folyamatmenedzsment &gt;&gt;<\/a><\/li>\n<li><a href=\"https:\/\/blog.justhvk.hu\/blog\/wp-content\/uploads\/2023\/10\/integralt_kockazatkezeles_justhvk_2022.pdf\">Integr\u00e1lt kock\u00e1zatkezel\u00e9s elj\u00e1r\u00e1srendje &gt;&gt;<\/a>&nbsp;<\/li>\n<li><a href=\"https:\/\/blog.justhvk.hu\/blog\/wp-content\/uploads\/2024\/01\/kommunikacios_strategia_20240201.pdf\">Kommunik\u00e1ci\u00f3s strat\u00e9gia &gt;&gt;<\/a><\/li>\n<li><a href=\"https:\/\/blog.justhvk.hu\/blog\/a-justh-zsigmond-varosi-konyvtar-kornyezeti-politikaja\/\">K\u00f6rnyezeti politika &gt;&gt;<\/a><\/li>\n<li><a title=\"Legfontosabb egy\u00fcttm\u0171k\u00f6d\u0151 partnereink\" href=\"https:\/\/blog.justhvk.hu\/blog\/?page_id=12452\">Legfontosabb egy\u00fcttm\u0171k\u00f6d\u0151 partnereink &gt;&gt;<\/a><\/li>\n<li><a href=\"https:\/\/blog.justhvk.hu\/blog\/palyazatok-2\/\">P\u00e1ly\u00e1zatok &gt;&gt;<\/a><\/li>\n<li><a href=\"https:\/\/blog.justhvk.hu\/blog\/panaszkezeles\/\">Panaszkezel\u00e9s &gt;&gt;<\/a><\/li>\n<li><a href=\"https:\/\/blog.justhvk.hu\/blog\/dokumentumok\/rolunk-irtak\/\">R\u00f3lunk \u00edrt\u00e1k &gt;&gt;<\/a>&nbsp;<\/li>\n<li><a title=\"Min\u0151s\u00edtett K\u00f6nyvt\u00e1r c\u00edm p\u00e1ly\u00e1zat \u2013 2019.\" href=\"https:\/\/blog.justhvk.hu\/blog\/?page_id=16755\">Min\u0151s\u00edtett K\u00f6nyvt\u00e1r c\u00edm p\u00e1ly\u00e1zat \u2013 2019. &gt;&gt;<\/a><\/li>\n<li><a href=\"https:\/\/blog.justhvk.hu\/blog\/minositett-konyvtar-cim-palyazat-2024\/\">Min\u0151s\u00edtett K\u00f6nyvt\u00e1r c\u00edm p\u00e1ly\u00e1zat &#8211; 2024. &gt;&gt;<\/a>&nbsp;<\/li>\n<\/ul>\n<div class=\"fcbkbttn_buttons_block\" id=\"fcbkbttn_left\"><div class=\"fcbkbttn_like \"><fb:like href=\"https:\/\/blog.justhvk.hu\/blog\/minosegiranyitas\/\" action=\"like\" colorscheme=\"light\" layout=\"button_count\"  size=\"small\"><\/fb:like><\/div><div class=\"fb-share-button  \" data-href=\"https:\/\/blog.justhvk.hu\/blog\/minosegiranyitas\/\" data-type=\"button_count\" data-size=\"small\"><\/div><\/div>","protected":false},"excerpt":{"rendered":"<p>Alap\u00edt\u00f3 Okirat &gt;&gt; Szab\u00e1lyzatok &gt;&gt; Bels\u0151 dokumentumok &gt;&gt;&nbsp; Min\u0151s\u00e9gpolitikai nyilatkozat (a Strat\u00e9giai terv r\u00e9sze) &gt;&gt; J\u00f6v\u0151k\u00e9p &gt;&gt; K\u00fcldet\u00e9snyilatkozat &gt;&gt; Statisztikai adatok &gt;&gt; Szakmai \u00e9s p\u00e9nz\u00fcgyi besz\u00e1mol\u00f3k &nbsp;&gt;&gt; Munkatervek &gt;&gt; Strat\u00e9giai tervek &gt;&gt;&nbsp; Egy\u00e9ni \u00e9rt\u00e9kel\u00e9si rendszer &gt;&gt;&nbsp; El\u00e9gedetts\u00e9gi felm\u00e9r\u00e9sek, haszn\u00e1l\u00f3i szok\u00e1sok m\u00e9r\u00e9seinek eredm\u00e9nyei &gt;&gt; Emberi er\u0151forr\u00e1s strat\u00e9gia &gt;&gt; \u00c9rt\u00e9krend &gt;&gt;&nbsp; Es\u00e9lyegyenl\u0151s\u00e9gi terv &gt;&gt; Folyamatmenedzsment &gt;&gt; Integr\u00e1lt [&hellip;]<\/p>\n","protected":false},"author":5,"featured_media":0,"parent":0,"menu_order":0,"comment_status":"closed","ping_status":"closed","template":"","meta":{"episode_type":"","audio_file":"","cover_image":"","cover_image_id":"","duration":"","filesize":"","date_recorded":"","explicit":"","block":"","filesize_raw":"","ngg_post_thumbnail":0,"footnotes":""},"class_list":["post-16767","page","type-page","status-publish","hentry"],"_links":{"self":[{"href":"https:\/\/blog.justhvk.hu\/blog\/wp-json\/wp\/v2\/pages\/16767","targetHints":{"allow":["GET"]}}],"collection":[{"href":"https:\/\/blog.justhvk.hu\/blog\/wp-json\/wp\/v2\/pages"}],"about":[{"href":"https:\/\/blog.justhvk.hu\/blog\/wp-json\/wp\/v2\/types\/page"}],"author":[{"embeddable":true,"href":"https:\/\/blog.justhvk.hu\/blog\/wp-json\/wp\/v2\/users\/5"}],"replies":[{"embeddable":true,"href":"https:\/\/blog.justhvk.hu\/blog\/wp-json\/wp\/v2\/comments?post=16767"}],"version-history":[{"count":53,"href":"https:\/\/blog.justhvk.hu\/blog\/wp-json\/wp\/v2\/pages\/16767\/revisions"}],"predecessor-version":[{"id":46149,"href":"https:\/\/blog.justhvk.hu\/blog\/wp-json\/wp\/v2\/pages\/16767\/revisions\/46149"}],"wp:attachment":[{"href":"https:\/\/blog.justhvk.hu\/blog\/wp-json\/wp\/v2\/media?parent=16767"}],"curies":[{"name":"wp","href":"https:\/\/api.w.org\/{rel}","templated":true}]}}