{"id":18782,"date":"2021-04-30T08:59:56","date_gmt":"2021-04-30T08:59:56","guid":{"rendered":"https:\/\/blog.justhvk.hu\/blog\/?page_id=18782"},"modified":"2025-10-29T13:34:19","modified_gmt":"2025-10-29T13:34:19","slug":"elerhetosegeink","status":"publish","type":"page","link":"https:\/\/blog.justhvk.hu\/blog\/elerhetosegeink\/","title":{"rendered":"El\u00e9rhet\u0151s\u00e9geink"},"content":{"rendered":"\n<p><strong>C\u00edm\u00fcnk<\/strong><\/p>\n\n\n\n<p>5900 Orosh\u00e1za, Kossuth u. 3.<\/p>\n\n\n\n<p><small><a href=\"http:\/\/maps.google.hu\/maps?f=q&amp;source=embed&amp;hl=hu&amp;geocode=&amp;q=justh+zsigmond+v%C3%A1rosi+k%C3%B6nyvt%C3%A1r,+5900+Orosh%C3%A1za,+Kossuth+Lajos+utca+3&amp;aq=0&amp;sll=46.610889,20.611057&amp;sspn=0.181365,0.445976&amp;ie=UTF8&amp;hq=justh+zsigmond+v%C3%A1rosi+k%C3%B6nyvt%C3%A1r,&amp;hnear=5900+Orosh%C3%A1za,+Kossuth+Lajos+utca+3&amp;ll=46.559479,20.668265&amp;spn=0.002837,0.006968&amp;z=14&amp;iwloc=A&amp;cid=16085936520312827076\">Nagyobb t\u00e9rk\u00e9pre v\u00e1lt\u00e1s<\/a><\/small><\/p>\n\n\n\n<p><strong>Telefon<\/strong><\/p>\n\n\n\n<p>Feln\u0151tt k\u00f6nyvt\u00e1r: +36-68-413-696<\/p>\n\n\n\n<p>Gyermekk\u00f6nyvt\u00e1r: +36-68-412-075<\/p>\n\n\n\n<p><strong>E-mail<\/strong>:&nbsp;<a href=\"mailto:konyvtar@justhvk.hu\">konyvtar@justhvk.hu<\/a><\/p>\n\n\n\n<p>Munkat\u00e1rsak:&nbsp;<a href=\"https:\/\/www.justhvk.hu\/blog\/?page_id=2446\">https:\/\/www.justhvk.hu\/blog\/?page_id=2446<\/a>&nbsp;<\/p>\n\n\n\n<p><a href=\"https:\/\/blog.justhvk.hu\/blog\/szabalyzatok\/\">A Justh Zsigmond V\u00e1rosi K\u00f6nyvt\u00e1r szolg\u00e1ltat\u00e1sainak t\u00e9r\u00edt\u00e9si d\u00edja (III.I K\u00f6nyvt\u00e1rhaszn\u00e1lati szab\u00e1lyzat 1. sz\u00e1m\u00fa mell\u00e9klet) &gt;&gt;<\/a><\/p>\n\n\n\n<p><strong>M\u00e1s hasznos<\/strong><\/p>\n\n\n\n<p><strong>Online katal\u00f3gus (OPAC):&nbsp;<\/strong><a href=\"https:\/\/www.justhvk.hu\/opac\">https:\/\/www.justhvk.hu\/opac<\/a><\/p>\n\n\n\n<p><strong>Facebook<\/strong>:&nbsp;<a href=\"http:\/\/www.facebook.com\/justhvk\">http:\/\/www.facebook.com\/justhvk<\/a><\/p>\n\n\n\n<p><strong>Instagram<\/strong>:&nbsp;<a href=\"https:\/\/instagram.com\/justhvk\/\">https:\/\/instagram.com\/justhvk\/<\/a><\/p>\n\n\n\n<p><strong>Twitter<\/strong>:&nbsp;<a href=\"https:\/\/twitter.com\/justhvk\">https:\/\/twitter.com\/justhvk<\/a><\/p>\n\n\n\n<p><strong>Gal\u00e9ria<\/strong>:&nbsp;<a href=\"https:\/\/www.justhvk.hu\/blog\/?page_id=11649\">https:\/\/www.justhvk.hu\/blog\/?page_id=11649<\/a><\/p>\n\n\n\n<p><strong>YouTube<\/strong>:&nbsp;<a href=\"http:\/\/www.youtube.com\/justhvk#play\/uploads\">http:\/\/www.youtube.com\/justhvk#play\/uploads<\/a><\/p>\n\n\n\n<p><strong>Szeretettel v\u00e1rjuk kedves haszn\u00e1l\u00f3inkat!<\/strong><strong>&nbsp;<\/strong><\/p>\n<div class=\"fcbkbttn_buttons_block\" id=\"fcbkbttn_left\"><div class=\"fcbkbttn_like \"><fb:like href=\"https:\/\/blog.justhvk.hu\/blog\/elerhetosegeink\/\" action=\"like\" colorscheme=\"light\" layout=\"button_count\"  size=\"small\"><\/fb:like><\/div><div class=\"fb-share-button  \" data-href=\"https:\/\/blog.justhvk.hu\/blog\/elerhetosegeink\/\" data-type=\"button_count\" data-size=\"small\"><\/div><\/div>","protected":false},"excerpt":{"rendered":"<p>C\u00edm\u00fcnk 5900 Orosh\u00e1za, Kossuth u. 3. Nagyobb t\u00e9rk\u00e9pre v\u00e1lt\u00e1s Telefon Feln\u0151tt k\u00f6nyvt\u00e1r: +36-68-413-696 Gyermekk\u00f6nyvt\u00e1r: +36-68-412-075 E-mail:&nbsp;konyvtar@justhvk.hu Munkat\u00e1rsak:&nbsp;https:\/\/www.justhvk.hu\/blog\/?page_id=2446&nbsp; A Justh Zsigmond V\u00e1rosi K\u00f6nyvt\u00e1r szolg\u00e1ltat\u00e1sainak t\u00e9r\u00edt\u00e9si d\u00edja (III.I K\u00f6nyvt\u00e1rhaszn\u00e1lati szab\u00e1lyzat 1. sz\u00e1m\u00fa mell\u00e9klet) &gt;&gt; M\u00e1s hasznos Online katal\u00f3gus (OPAC):&nbsp;https:\/\/www.justhvk.hu\/opac Facebook:&nbsp;http:\/\/www.facebook.com\/justhvk Instagram:&nbsp;https:\/\/instagram.com\/justhvk\/ Twitter:&nbsp;https:\/\/twitter.com\/justhvk Gal\u00e9ria:&nbsp;https:\/\/www.justhvk.hu\/blog\/?page_id=11649 YouTube:&nbsp;http:\/\/www.youtube.com\/justhvk#play\/uploads Szeretettel v\u00e1rjuk kedves haszn\u00e1l\u00f3inkat!&nbsp;<\/p>\n","protected":false},"author":5,"featured_media":0,"parent":0,"menu_order":0,"comment_status":"closed","ping_status":"closed","template":"","meta":{"episode_type":"","audio_file":"","cover_image":"","cover_image_id":"","duration":"","filesize":"","date_recorded":"","explicit":"","block":"","filesize_raw":"","ngg_post_thumbnail":0,"footnotes":""},"class_list":["post-18782","page","type-page","status-publish","hentry"],"_links":{"self":[{"href":"https:\/\/blog.justhvk.hu\/blog\/wp-json\/wp\/v2\/pages\/18782","targetHints":{"allow":["GET"]}}],"collection":[{"href":"https:\/\/blog.justhvk.hu\/blog\/wp-json\/wp\/v2\/pages"}],"about":[{"href":"https:\/\/blog.justhvk.hu\/blog\/wp-json\/wp\/v2\/types\/page"}],"author":[{"embeddable":true,"href":"https:\/\/blog.justhvk.hu\/blog\/wp-json\/wp\/v2\/users\/5"}],"replies":[{"embeddable":true,"href":"https:\/\/blog.justhvk.hu\/blog\/wp-json\/wp\/v2\/comments?post=18782"}],"version-history":[{"count":6,"href":"https:\/\/blog.justhvk.hu\/blog\/wp-json\/wp\/v2\/pages\/18782\/revisions"}],"predecessor-version":[{"id":44872,"href":"https:\/\/blog.justhvk.hu\/blog\/wp-json\/wp\/v2\/pages\/18782\/revisions\/44872"}],"wp:attachment":[{"href":"https:\/\/blog.justhvk.hu\/blog\/wp-json\/wp\/v2\/media?parent=18782"}],"curies":[{"name":"wp","href":"https:\/\/api.w.org\/{rel}","templated":true}]}}