{"id":1931,"date":"2009-10-16T13:19:46","date_gmt":"2009-10-16T12:19:46","guid":{"rendered":"http:\/\/blog.justhvk.hu\/?page_id=1931"},"modified":"2026-01-03T11:06:52","modified_gmt":"2026-01-03T11:06:52","slug":"nyitva-tartas","status":"publish","type":"page","link":"https:\/\/blog.justhvk.hu\/blog\/nyitva-tartas\/","title":{"rendered":"El\u00e9rhet\u0151s\u00e9g, nyitvatart\u00e1s"},"content":{"rendered":"\n<h2 class=\"wp-block-heading\"><span style=\"color: #000000;\"><strong>Nyitvatart\u00e1s:<\/strong>&nbsp;<\/span><\/h2>\n\n\n\n<figure class=\"wp-block-table is-style-stripes\"><table><tbody><tr><td><span style=\"color: #999999;\">&nbsp;<\/span><\/td><td><span style=\"color: #000000;\"><b>Feln\u0151tt k\u00f6nyvt\u00e1r<\/b><\/span><\/td><td><span style=\"color: #000000;\"><b>Gyermekk\u00f6nyvt\u00e1r<\/b><\/span><\/td><\/tr><tr><td><span style=\"color: #000000;\"><b>H\u00e9tf\u0151<\/b><\/span><\/td><td><span style=\"color: #000000;\">10-18<\/span><\/td><td><span style=\"color: #000000;\"><span style=\"color: #000000;\"><span style=\"color: #000000;\">10-18<\/span><\/span><\/span><\/td><\/tr><tr><td><span style=\"color: #000000;\"><b>Kedd<\/b><\/span><\/td><td><span style=\"color: #000000;\"><span style=\"color: #000000;\"><span style=\"color: #000000;\">10-18<\/span><\/span><\/span><\/td><td><span style=\"color: #000000;\"><span style=\"color: #000000;\"><span style=\"color: #000000;\">10-18<\/span><\/span><\/span><\/td><\/tr><tr><td><span style=\"color: #000000;\"><b>Szerda<\/b><\/span><\/td><td><span style=\"color: #000000;\"><span style=\"color: #000000;\"><span style=\"color: #000000;\">10-18<\/span><\/span><\/span><\/td><td><span style=\"color: #000000;\"><span style=\"color: #000000;\"><span style=\"color: #000000;\">10-18<\/span><\/span><\/span><\/td><\/tr><tr><td><span style=\"color: #000000;\"><b>Cs\u00fct\u00f6rt\u00f6k<\/b><\/span><\/td><td><span style=\"color: #000000;\"><span style=\"color: #000000;\"><span style=\"color: #000000;\">10-18<\/span><\/span><\/span><\/td><td><span style=\"color: #000000;\"><span style=\"color: #000000;\"><span style=\"color: #000000;\">10-18<\/span><\/span><\/span><\/td><\/tr><tr><td><span style=\"color: #000000;\"><b>P\u00e9ntek<\/b><\/span><\/td><td><span style=\"color: #000000;\"><span style=\"color: #000000;\"><span style=\"color: #000000;\">10-18<\/span><\/span><\/span><\/td><td><span style=\"color: #000000;\"><span style=\"color: #000000;\"><span style=\"color: #000000;\">10-18<\/span><\/span><\/span><\/td><\/tr><tr><td><strong>Minden h\u00f3nap 1. \u00e9s 3. szombatja<\/strong><\/td><td>9-13<\/td><td>9-13<\/td><\/tr><\/tbody><\/table><\/figure>\n\n\n\n<p><\/p>\n\n\n\n<h2 class=\"wp-block-heading\"><strong>Munkasz\u00fcneti \u00e9s pihen\u0151napok 2026-ban:<\/strong><\/h2>\n\n\n\n<ul class=\"wp-block-list\">\n<li>2025. december 23. \u2013 2026. janu\u00e1r 4.: z\u00e1rva <\/li>\n\n\n\n<li>\u00c1prilis 3-6. (p\u00e9ntek-h\u00e9tf\u0151, H\u00fasv\u00e9t): z\u00e1rva <\/li>\n\n\n\n<li>M\u00e1jus 1-3. (p\u00e9ntek-vas\u00e1rnap, a munka \u00fcnnepe): z\u00e1rva <\/li>\n\n\n\n<li>M\u00e1jus 25. (h\u00e9tf\u0151, P\u00fcnk\u00f6sd): z\u00e1rva <\/li>\n\n\n\n<li>Augusztus 20-23. (cs\u00fct\u00f6rt\u00f6k-vas\u00e1rnap, az \u00e1llamalap\u00edt\u00e1s \u00fcnnepe): z\u00e1rva <\/li>\n\n\n\n<li>Okt\u00f3ber 23-25. (p\u00e9ntek-vas\u00e1rnap, Nemzeti \u00fcnnep): z\u00e1rva <\/li>\n\n\n\n<li>2026. december 24. \u2013 2027. janu\u00e1r 3.: z\u00e1rva<\/li>\n<\/ul>\n\n\n\n<p><\/p>\n\n\n\n<p>Ny\u00e1ri nyitvatart\u00e1s (2026. j\u00fanius 29-t\u0151l augusztus 30-ig)<\/p>\n\n\n\n<p><\/p>\n\n\n\n<p><\/p>\n\n\n\n<h2 class=\"wp-block-heading\"><span style=\"color: #000000;\"><strong>El\u00e9rhet\u0151s\u00e9geink<\/strong><\/span><\/h2>\n\n\n\n<p><span style=\"color: #000000;\"><strong>Hivatalos n\u00e9v <\/strong><\/span><\/p>\n\n\n\n<p><span style=\"color: #000000;\">Orosh\u00e1za V\u00e1rosi \u00d6nkorm\u00e1nyzat Justh Zsigmond V\u00e1rosi K\u00f6nyvt\u00e1ra <\/span><\/p>\n\n\n\n<p><span style=\"color: #000000;\"><strong>Sz\u00e9khely, postac\u00edm <\/strong><\/span><\/p>\n\n\n\n<p><span style=\"color: #000000;\">5900 Orosh\u00e1za, Kossuth u. 3.<\/span><\/p>\n\n\n\n<p><small><a href=\"http:\/\/maps.google.hu\/maps?f=q&amp;source=embed&amp;hl=hu&amp;geocode=&amp;q=justh+zsigmond+v%C3%A1rosi+k%C3%B6nyvt%C3%A1r,+5900+Orosh%C3%A1za,+Kossuth+Lajos+utca+3&amp;aq=0&amp;sll=46.610889,20.611057&amp;sspn=0.181365,0.445976&amp;ie=UTF8&amp;hq=justh+zsigmond+v%C3%A1rosi+k%C3%B6nyvt%C3%A1r,&amp;hnear=5900+Orosh%C3%A1za,+Kossuth+Lajos+utca+3&amp;ll=46.559479,20.668265&amp;spn=0.002837,0.006968&amp;z=14&amp;iwloc=A&amp;cid=16085936520312827076\">Nagyobb t\u00e9rk\u00e9pre v\u00e1lt\u00e1s<\/a><\/small><\/p>\n\n\n\n<p><span style=\"color: #000000;\"><strong>Telefon<\/strong><\/span><\/p>\n\n\n\n<p><span style=\"color: #000000;\">Feln\u0151tt k\u00f6nyvt\u00e1r: +36-68-413-696<\/span><\/p>\n\n\n\n<p><span style=\"color: #000000;\">Gyermekk\u00f6nyvt\u00e1r: +36-68-412-075<\/span><\/p>\n\n\n\n<p><span style=\"color: #000000;\"><strong style=\"line-height: 1.5em;\">E-mail<\/strong><span style=\"line-height: 1.5em;\">:&nbsp;<\/span><\/span><a style=\"line-height: 1.5em;\" title=\"e-mail\" href=\"mailto:konyvtar@justhvk.hu\">konyvtar@justhvk.hu<\/a><\/p>\n\n\n\n<p><strong>Honlap<\/strong>: <a href=\"https:\/\/blog.justhvk.hu\/blog\/\">https:\/\/blog.justhvk.hu\/blog\/<\/a> <\/p>\n\n\n\n<p><span style=\"color: #000000;\"><strong>Munkat\u00e1rsak, \u00fcgyf\u00e9lszolg\u00e1lat<\/strong>:&nbsp;<a href=\"https:\/\/blog.justhvk.hu\/blog\/munkatarsak\/\">https:\/\/blog.justhvk.hu\/blog\/munkatarsak\/<\/a><\/span><\/p>\n\n\n\n<p><strong>K\u00f6nyvt\u00e1rigazgat\u00f3<\/strong>: Buzai Csaba <a href=\"mailto:bcsaba@justhvk.hu\">bcsaba@justhvk.hu<\/a> <\/p>\n\n\n\n<p><a href=\"https:\/\/blog.justhvk.hu\/blog\/szabalyzatok\/\">A Justh Zsigmond V\u00e1rosi K\u00f6nyvt\u00e1r szolg\u00e1ltat\u00e1sainak t\u00e9r\u00edt\u00e9si d\u00edja (III.I K\u00f6nyvt\u00e1rhaszn\u00e1lati szab\u00e1lyzat 1. sz\u00e1m\u00fa mell\u00e9klet) &gt;&gt;<\/a><\/p>\n\n\n\n<p><strong>M\u00e1s hasznos<\/strong><\/p>\n\n\n\n<p><strong style=\"line-height: 1.5em;\">Facebook<\/strong><span style=\"line-height: 1.5em;\">:&nbsp;<\/span><a style=\"line-height: 1.5em;\" href=\"http:\/\/www.facebook.com\/justhvk\">http:\/\/www.facebook.com\/justhvk<\/a><\/p>\n\n\n\n<p><strong>Online katal\u00f3gus (OPAC):&nbsp;<\/strong><a href=\"https:\/\/opac.justhvk.hu\/tlwww\/homepage.htm\">https:\/\/opac.justhvk.hu\/tlwww\/homepage.htm<\/a><\/p>\n\n\n\n<p><strong>Twitter<\/strong>:&nbsp;<a href=\"https:\/\/twitter.com\/justhvk\">https:\/\/twitter.com\/justhvk<\/a><\/p>\n\n\n\n<p><strong>Instagram<\/strong>:&nbsp;<a href=\"https:\/\/instagram.com\/justhvk\/\">https:\/\/instagram.com\/justhvk\/<\/a><\/p>\n\n\n\n<p><strong>YouTube<\/strong>:&nbsp;<a href=\"http:\/\/www.youtube.com\/justhvk#play\/uploads\">http:\/\/www.youtube.com\/justhvk#play\/uploads<\/a><\/p>\n\n\n\n<p><strong style=\"line-height: 1.5em;\"><span style=\"color: #000000;\">Szeretettel v\u00e1rjuk kedves haszn\u00e1l\u00f3inkat!<\/span><\/strong><\/p>\n\n\n\n<p><\/p>\n<div class=\"fcbkbttn_buttons_block\" id=\"fcbkbttn_left\"><div class=\"fcbkbttn_like \"><fb:like href=\"https:\/\/blog.justhvk.hu\/blog\/nyitva-tartas\/\" action=\"like\" colorscheme=\"light\" layout=\"button_count\"  size=\"small\"><\/fb:like><\/div><div class=\"fb-share-button  \" data-href=\"https:\/\/blog.justhvk.hu\/blog\/nyitva-tartas\/\" data-type=\"button_count\" data-size=\"small\"><\/div><\/div>","protected":false},"excerpt":{"rendered":"<p>Nyitvatart\u00e1s:&nbsp; &nbsp; Feln\u0151tt k\u00f6nyvt\u00e1r Gyermekk\u00f6nyvt\u00e1r H\u00e9tf\u0151 10-18 10-18 Kedd 10-18 10-18 Szerda 10-18 10-18 Cs\u00fct\u00f6rt\u00f6k 10-18 10-18 P\u00e9ntek 10-18 10-18 Minden h\u00f3nap 1. \u00e9s 3. szombatja 9-13 9-13 Munkasz\u00fcneti \u00e9s pihen\u0151napok 2026-ban: Ny\u00e1ri nyitvatart\u00e1s (2026. j\u00fanius 29-t\u0151l augusztus 30-ig) El\u00e9rhet\u0151s\u00e9geink Hivatalos n\u00e9v Orosh\u00e1za V\u00e1rosi \u00d6nkorm\u00e1nyzat Justh Zsigmond V\u00e1rosi K\u00f6nyvt\u00e1ra Sz\u00e9khely, postac\u00edm 5900 Orosh\u00e1za, Kossuth u. [&hellip;]<\/p>\n","protected":false},"author":5,"featured_media":0,"parent":0,"menu_order":2,"comment_status":"open","ping_status":"open","template":"","meta":{"episode_type":"","audio_file":"","cover_image":"","cover_image_id":"","duration":"","filesize":"","date_recorded":"","explicit":"","block":"","filesize_raw":"","ngg_post_thumbnail":0,"footnotes":""},"class_list":["post-1931","page","type-page","status-publish","hentry"],"_links":{"self":[{"href":"https:\/\/blog.justhvk.hu\/blog\/wp-json\/wp\/v2\/pages\/1931","targetHints":{"allow":["GET"]}}],"collection":[{"href":"https:\/\/blog.justhvk.hu\/blog\/wp-json\/wp\/v2\/pages"}],"about":[{"href":"https:\/\/blog.justhvk.hu\/blog\/wp-json\/wp\/v2\/types\/page"}],"author":[{"embeddable":true,"href":"https:\/\/blog.justhvk.hu\/blog\/wp-json\/wp\/v2\/users\/5"}],"replies":[{"embeddable":true,"href":"https:\/\/blog.justhvk.hu\/blog\/wp-json\/wp\/v2\/comments?post=1931"}],"version-history":[{"count":198,"href":"https:\/\/blog.justhvk.hu\/blog\/wp-json\/wp\/v2\/pages\/1931\/revisions"}],"predecessor-version":[{"id":46039,"href":"https:\/\/blog.justhvk.hu\/blog\/wp-json\/wp\/v2\/pages\/1931\/revisions\/46039"}],"wp:attachment":[{"href":"https:\/\/blog.justhvk.hu\/blog\/wp-json\/wp\/v2\/media?parent=1931"}],"curies":[{"name":"wp","href":"https:\/\/api.w.org\/{rel}","templated":true}]}}