{"id":2452,"date":"2010-01-21T10:29:56","date_gmt":"2010-01-21T09:29:56","guid":{"rendered":"http:\/\/blog.justhvk.hu\/?page_id=2452"},"modified":"2025-11-17T07:52:40","modified_gmt":"2025-11-17T07:52:40","slug":"szolgaltatasaink","status":"publish","type":"page","link":"https:\/\/blog.justhvk.hu\/blog\/konyvtar-infok\/szolgaltatasaink\/","title":{"rendered":"Szolg\u00e1ltat\u00e1saink"},"content":{"rendered":"<p><strong>A k\u00f6nyvt\u00e1ri szolg\u00e1ltat\u00e1sokr\u00f3l \u00e9s a szolg\u00e1ltat\u00e1si d\u00edjakr\u00f3l r\u00e9szletesen a&nbsp;<a href=\"https:\/\/blog.justhvk.hu\/blog\/szabalyzatok\/\">K\u00f6nyvt\u00e1rhaszn\u00e1lati szab\u00e1lyzat<\/a>ban olvashatnak.<\/strong><\/p>\n<p>R\u00e9szletek a K\u00f6nyvt\u00e1rhaszn\u00e1lati szab\u00e1lyzatb\u00f3l:<\/p>\n<p>III.2 <strong>A k\u00f6nyvt\u00e1r szolg\u00e1ltat\u00e1sai<\/strong><\/p>\n<p><strong>Alapszolg\u00e1ltat\u00e1sai<\/strong>:<\/p>\n<ul>\n<li>k\u00f6nyvt\u00e1rl\u00e1togat\u00e1s,<\/li>\n<li>a gy\u0171jtem\u00e9ny helyben haszn\u00e1lata,<\/li>\n<li>\u00e1llom\u00e1nyfelt\u00e1r\u00f3 eszk\u00f6z\u00f6k, katal\u00f3gusok haszn\u00e1lata,<\/li>\n<li>inform\u00e1ci\u00f3 a k\u00f6nyvt\u00e1r \u00e9s a k\u00f6nyvt\u00e1ri rendszer szolg\u00e1ltat\u00e1sair\u00f3l.<\/li>\n<\/ul>\n<p>A k\u00f6nyvt\u00e1r alapszolg\u00e1ltat\u00e1sai ingyenesek.<\/p>\n<p><strong>Regisztr\u00e1ci\u00f3hoz k\u00f6t\u00f6tt szolg\u00e1ltat\u00e1sai:<\/strong><\/p>\n<ul>\n<li>A k\u00f6nyvt\u00e1ri dokumentumok meghat\u00e1rozott k\u00f6r\u00e9nek k\u00f6lcs\u00f6nz\u00e9se, el\u0151jegyz\u00e9se, a k\u00f6lcs\u00f6nz\u00e9si hat\u00e1rid\u0151 meghosszabb\u00edt\u00e1sa.<\/li>\n<li>T\u00e1j\u00e9koztat\u00e1s a k\u00f6nyvt\u00e1r \u00e9s m\u00e1s k\u00f6nyvt\u00e1rak \u00e1llom\u00e1ny\u00e1r\u00f3l, a k\u00f6nyvt\u00e1ri adatb\u00e1zisokb\u00f3l, adatt\u00e1rakb\u00f3l \u00e9s az Interneten el\u00e9rhet\u0151 inform\u00e1ci\u00f3kr\u00f3l.<\/li>\n<li>K\u00f6nyvt\u00e1rk\u00f6zi k\u00f6lcs\u00f6nz\u00e9s eredetiben \u00e9s m\u00e1solatban.<\/li>\n<li>Bibliogr\u00e1fiai \u00e9s szakirodalmi t\u00e1j\u00e9koztat\u00e1s, irodalomkutat\u00e1s.<\/li>\n<li>K\u00f6zhaszn\u00fa inform\u00e1ci\u00f3k gy\u0171jt\u00e9se, feldolgoz\u00e1sa \u00e9s szolg\u00e1ltat\u00e1sa.<\/li>\n<li>Helyismereti, helyt\u00f6rt\u00e9neti inform\u00e1ci\u00f3k gy\u0171jt\u00e9se, felt\u00e1r\u00e1sa \u00e9s szolg\u00e1ltat\u00e1sa.<\/li>\n<li>Sz\u00e1m\u00edt\u00f3g\u00e9pes szolg\u00e1ltat\u00e1sok, Internet-hozz\u00e1f\u00e9r\u00e9s, irodai szoftverek haszn\u00e1lata, adatok ment\u00e9se k\u00fcls\u0151 hordoz\u00f3ra, ideiglenes adatt\u00e1rol\u00e1s, nyomtat\u00e1s, szkennel\u00e9s.<\/li>\n<li>A digit\u00e1lis \u00edr\u00e1stud\u00e1s, \u00e9s inform\u00e1ci\u00f3s m\u0171velts\u00e9g elsaj\u00e1t\u00edt\u00e1s\u00e1nak seg\u00edt\u00e9se.<\/li>\n<li>Egy\u00e9b irodai szolg\u00e1ltat\u00e1sok: f\u00e9nym\u00e1sol\u00e1s, lamin\u00e1l\u00e1s, iratf\u0171z\u00e9s.<\/li>\n<li>Eg\u00e9sz \u00e9leten \u00e1t tart\u00f3 tanul\u00e1s t\u00e1mogat\u00e1sa. Oktat\u00e1sban \u00e9s k\u00e9pz\u00e9sben r\u00e9sztvev\u0151k inform\u00e1ci\u00f3 el-l\u00e1t\u00e1sa, inform\u00e1ci\u00f3keres\u00e9s seg\u00edt\u00e9se.<\/li>\n<li>El\u0151zetes bejelent\u00e9s alapj\u00e1n csoportok fogad\u00e1sa, csoportos k\u00f6nyvt\u00e1ri foglalkoz\u00e1sok tart\u00e1sa.<\/li>\n<li>Kultur\u00e1lis, k\u00f6z\u00f6ss\u00e9gi, k\u00f6zm\u0171vel\u0151d\u00e9si rendezv\u00e9nyek \u00e9s egy\u00e9b programok szervez\u00e9se.<\/li>\n<li>Az elektronikus k\u00f6nyvt\u00e1ri dokumentumok el\u00e9rhet\u0151s\u00e9ge.<\/li>\n<\/ul>\n<p>III.3 A k\u00f6nyvt\u00e1ri szolg\u00e1ltat\u00e1sok ig\u00e9nybev\u00e9tel\u00e9nek helye \u00e9s ideje<\/p>\n<p>A Justh Zsigmond V\u00e1rosi K\u00f6nyvt\u00e1r szolg\u00e1ltat\u00e1sai az al\u00e1bbi helyen vehet\u0151k ig\u00e9nybe:<\/p>\n<p>Justh Zsigmond V\u00e1rosi K\u00f6nyvt\u00e1r<\/p>\n<p>5900 Orosh\u00e1za, Kossuth u. 3.<\/p>\n<p>Telefon:<\/p>\n<ul>\n<li>Feln\u0151tt k\u00f6nyvt\u00e1r: 68\/413-696<\/li>\n<li>Gyermekk\u00f6nyvt\u00e1r: 68\/412-075&nbsp;<\/li>\n<\/ul>\n<p>E-mail: <a href=\"mailto:konyvtar@justhvk.hu\">konyvtar@justhvk.hu<\/a><\/p>\n<p>Honlapj\u00e1nak c\u00edme: <a href=\"https:\/\/blog.justhvk.hu\">www.justhvk.hu<\/a><\/p>\n<p>A Justh Zsigmond V\u00e1rosi K\u00f6nyvt\u00e1r nyitvatart\u00e1sa:&nbsp;<a href=\"https:\/\/www.justhvk.hu\/blog\/?page_id=1931\">https:\/\/www.justhvk.hu\/blog\/?page_id=1931<\/a><\/p>\n<p>III.4 A k\u00f6nyvt\u00e1ri szolg\u00e1ltat\u00e1sok ig\u00e9nybev\u00e9tele<\/p>\n<p>A k\u00f6nyvt\u00e1r szolg\u00e1ltat\u00e1sait minden \u00e9rdekl\u0151d\u0151 &#8211; magyar \u00e9s k\u00fclf\u00f6ldi &#8211; \u00e1llampolg\u00e1r ig\u00e9nybe veheti, aki szem\u00e9lyazonoss\u00e1g\u00e1t hitelt \u00e9rdeml\u0151en igazolja, a k\u00f6nyvt\u00e1rhaszn\u00e1lati szab\u00e1lyokat elfogadja, \u00e9s betart\u00e1sukra a bel\u00e9p\u00e9si nyilatkozat al\u00e1\u00edr\u00e1s\u00e1val k\u00f6telezetts\u00e9get v\u00e1llal. Nem sz\u00fcks\u00e9ges regisztr\u00e1ci\u00f3 a rendezv\u00e9nyek l\u00e1togat\u00f3inak, valamint a csoportos k\u00f6nyvt\u00e1rl\u00e1togat\u00f3knak.<\/p>\n<p>A k\u00f6nyvt\u00e1r szolg\u00e1ltat\u00e1sainak ig\u00e9nybev\u00e9tele tekintet\u00e9ben megk\u00fcl\u00f6nb\u00f6ztet\u00fcnk:<\/p>\n<ul>\n<li>beiratkoz\u00e1shoz nem k\u00f6t\u00f6tt,<\/li>\n<li>beiratkoz\u00e1shoz k\u00f6t\u00f6tt szolg\u00e1ltat\u00e1sokat.<\/li>\n<\/ul>\n<p>A beiratkoz\u00e1shoz nem k\u00f6t\u00f6tt k\u00f6nyvt\u00e1ri szolg\u00e1ltat\u00e1sokat ig\u00e9nybe vev\u0151k a K\u00f6nyvt\u00e1rl\u00e1togat\u00f3k.<\/p>\n<p>III.4.1 K\u00f6nyvt\u00e1rl\u00e1togat\u00f3k<\/p>\n<p>A k\u00f6nyvt\u00e1rl\u00e1togat\u00f3t a forgalmi adatokba besz\u00e1m\u00edtjuk \u00e9s nyilv\u00e1ntartjuk, de nem k\u00f6telezz\u00fck regisztr\u00e1ci\u00f3ra. A k\u00f6nyvt\u00e1rl\u00e1togat\u00f3 csak a szolg\u00e1ltat\u00e1sok adott k\u00f6r\u00e9re, az al\u00e1bbi ingyenes szolg\u00e1ltat\u00e1sok ig\u00e9nybev\u00e9tel\u00e9re jogosult:<\/p>\n<ul>\n<li>k\u00f6nyvt\u00e1rl\u00e1togat\u00e1sra,<\/li>\n<li>az \u00e1llom\u00e1nyfelt\u00e1r\u00f3 eszk\u00f6z\u00f6k (a k\u00f6nyvt\u00e1r katal\u00f3gusainak) haszn\u00e1lat\u00e1ra,<\/li>\n<li>inform\u00e1ci\u00f3ra a k\u00f6nyvt\u00e1r \u00e9s a k\u00f6nyvt\u00e1ri rendszer szolg\u00e1ltat\u00e1sair\u00f3l,az al\u00e1bbi k\u00f6nyvt\u00e1ri gy\u0171jtem\u00e9nyek helyben haszn\u00e1lat\u00e1ra:<\/li>\n<li>az \u00e1llom\u00e1ny helyben haszn\u00e1lata.<\/li>\n<\/ul>\n<p>A beiratkoz\u00e1shoz k\u00f6t\u00f6tt k\u00f6nyvt\u00e1ri szolg\u00e1ltat\u00e1sokat ig\u00e9nybe vev\u0151k a K\u00f6nyvt\u00e1ri tagok.<\/p>\n<p>III.4.2 K\u00f6nyvt\u00e1ri tag<\/p>\n<p>K\u00f6nyvt\u00e1ri tag az lehet, aki regisztr\u00e1ltatja mag\u00e1t.<\/p>\n<p>Beiratkoz\u00e1skor a k\u00f6nyvt\u00e1ri tagnak a k\u00f6nyvt\u00e1ros k\u00e9r\u00e9s\u00e9re az al\u00e1bbi adatokat kell k\u00f6z\u00f6lni, azok hiteless\u00e9g\u00e9t szem\u00e9lyi igazolv\u00e1nnyal, di\u00e1kigazolv\u00e1nnyal vagy \u00fatlev\u00e9llel igazolni:<\/p>\n<ul>\n<li>n\u00e9v (asszonyokn\u00e1l le\u00e1nykori n\u00e9v is)<\/li>\n<li>anyja neve<\/li>\n<li>sz\u00fclet\u00e9si hely, \u00e9v, h\u00f3nap<\/li>\n<li>szem\u00e9lyi igazolv\u00e1ny sz\u00e1ma<\/li>\n<li>\u00e1lland\u00f3 \u2013 \u00e9s ideiglenes \u2013 lakhely<\/li>\n<li>telefonsz\u00e1m, e-mail c\u00edm<\/li>\n<\/ul>\n<p>Statisztik\u00e1hoz a k\u00f6nyvt\u00e1r k\u00e9ri m\u00e9g az al\u00e1bbi adatokat is, de ezek k\u00f6zl\u00e9se nem k\u00f6telez\u0151:<\/p>\n<ul>\n<li>foglalkoz\u00e1s<\/li>\n<li>munkahely<\/li>\n<\/ul>\n<p>Beiratkoz\u00e1s ut\u00e1n a K\u00f6nyvt\u00e1ri tag Olvas\u00f3jegyet kap, amely a beiratkoz\u00e1st\u00f3l sz\u00e1m\u00edtott 1 \u00e9vig \u00e9rv\u00e9nyes, \u00e9s szem\u00e9lyre sz\u00f3l.<\/p>\n<p>Az Olvas\u00f3jegy tulajdonosa az al\u00e1bbi k\u00f6nyvt\u00e1ri szolg\u00e1ltat\u00e1sok ig\u00e9nybev\u00e9tel\u00e9re jogosult.<\/p>\n<ul>\n<li>T\u00e1j\u00e9koztat\u00e1s a k\u00f6nyvt\u00e1r \u00e9s m\u00e1s k\u00f6nyvt\u00e1rak \u00e1llom\u00e1ny\u00e1r\u00f3l, a k\u00f6nyvt\u00e1r \u00e1ltal v\u00e1s\u00e1rolt, el\u0151fizetett vagy k\u00e9sz\u00edtett adatb\u00e1zisokban, adatt\u00e1rakban \u00e9s az Interneten el\u00e9rhet\u0151 inform\u00e1ci\u00f3kr\u00f3l.<\/li>\n<li>A k\u00f6nyvt\u00e1ri dokumentumok meghat\u00e1rozott k\u00f6r\u00e9nek k\u00f6lcs\u00f6nz\u00e9se, el\u0151jegyz\u00e9se, a k\u00f6lcs\u00f6nz\u00e9si hat\u00e1rid\u0151 meghosszabb\u00edt\u00e1sa.<\/li>\n<li>Az elektronikus dokumentumok helyben haszn\u00e1lata a megszabott felt\u00e9telek szerint.<\/li>\n<li>Sz\u00e1m\u00edt\u00f3g\u00e9pes szolg\u00e1ltat\u00e1sok k\u00f6z\u00fcl: az elektronikus dokumentumok helyben haszn\u00e1lata (ingyenes k\u00f6nyvt\u00e1ri katal\u00f3gusok, adatb\u00e1zisok).<\/li>\n<li>Seg\u00edts\u00e9gny\u00fajt\u00e1s katal\u00f3gusaink, k\u00e9zik\u00f6nyvt\u00e1runk, sz\u00e1m\u00edt\u00f3g\u00e9pes adatb\u00e1zisainak haszn\u00e1lat\u00e1hoz.<\/li>\n<li>Bibliogr\u00e1fiai \u00e9s szakirodalmi t\u00e1j\u00e9koztat\u00e1s, lel\u0151hely-inform\u00e1ci\u00f3k.<\/li>\n<\/ul>\n<p>A k\u00f6nyvt\u00e1r a 16 \u00e9ven aluli, illetve a nagykor\u00fa, de gy\u00e1ms\u00e1g alatt \u00e1ll\u00f3 beiratkoz\u00f3k eset\u00e9n kezes k\u00f6telezetts\u00e9gv\u00e1llal\u00e1s\u00e1t k\u00e9ri, aki j\u00f3t\u00e1ll\u00e1si nyilatkozat al\u00e1\u00edr\u00e1s\u00e1val v\u00e1llalja a beiratkoz\u00f3val szembeni k\u00f6nyvt\u00e1ri k\u00f6vetel\u00e9sek teljes\u00edt\u00e9s\u00e9t. A j\u00f3t\u00e1ll\u00e1si nyilatkozatnak tartalmaznia kell a j\u00f3t\u00e1ll\u00f3 adatait \u00e9s a j\u00f3t\u00e1ll\u00e1s v\u00e1llal\u00e1s\u00e1nak al\u00e1\u00edr\u00e1ssal igazolt t\u00e9ny\u00e9t.<\/p>\n<p>T\u00e9r\u00edt\u00e9ses szolg\u00e1ltat\u00e1sok<\/p>\n<p>T\u00e9r\u00edt\u00e9ses szolg\u00e1ltat\u00e1saink ig\u00e9nybe vehet\u0151k a szolg\u00e1ltat\u00e1st ny\u00fajt\u00f3 k\u00f6nyvt\u00e1ri r\u00e9szleg haszn\u00e1lati szab\u00e1lyzat\u00e1ban meghat\u00e1rozott felt\u00e9telek szerint.<\/p>\n<p><strong>A Justh Zsigmond V\u00e1rosi K\u00f6nyvt\u00e1r szolg\u00e1ltat\u00e1sainak t\u00e9r\u00edt\u00e9si d\u00edja<\/strong><\/p>\n<p>Beiratkoz\u00e1si d\u00edjak (Olvas\u00f3jegy):<\/p>\n<ul>\n<li>A k\u00f6nyvt\u00e1rba a beiratkoz\u00e1s ingyenes<\/li>\n<\/ul>\n<p>K\u00e9sedelmi d\u00edjak:<\/p>\n<ul>\n<li>k\u00f6nyvek, hangosk\u00f6nyvek eset\u00e9ben:\n<ul>\n<li>els\u0151 felsz\u00f3l\u00edt\u00e1s: 500,- Ft<\/li>\n<li>m\u00e1sodik felsz\u00f3l\u00edt\u00e1s: 1.000,- Ft<\/li>\n<li>harmadik felsz\u00f3l\u00edt\u00e1s: 1.500,- Ft<\/li>\n<li>hangfelv\u00e9telek \u00e9s videofelv\u00e9telek: 50,- Ft\/nap\/dokumentum<\/li>\n<\/ul>\n<\/li>\n<\/ul>\n<p>Elveszett k\u00f6nyvt\u00e1ri dokumentumok:<\/p>\n<ul>\n<li>K\u00f6nyvek eset\u00e9ben a t\u00e9r\u00edt\u00e9si d\u00edjat az elveszett k\u00f6nyv gy\u0171jtem\u00e9nyi \u00e9rt\u00e9k\u00e9nek figyelembev\u00e9tel\u00e9vel \u00e1llap\u00edtjuk meg az al\u00e1bbiak szerint:\n<ul>\n<li>Az 1997 el\u0151tt megjelent k\u00f6nyvek eset\u00e9ben az eredeti \u00e1r t\u00edzszerese, de legal\u00e1bb 1.000,- Ft.<\/li>\n<li>Az 1997 ut\u00e1n megjelent k\u00f6nyvek eset\u00e9ben az eredeti \u00e1r h\u00e1romszorosa.<\/li>\n<li>CD, DVD lemezek: az eredeti \u00e1rat kell megt\u00e9r\u00edteni.<\/li>\n<li>Videokazett\u00e1k: az eredeti \u00e1rat kell megt\u00e9r\u00edteni.<\/li>\n<\/ul>\n<\/li>\n<\/ul>\n<p>El\u0151jegyz\u00e9s: ingyenes.<\/p>\n<p>K\u00f6nyvt\u00e1rk\u00f6zi k\u00f6lcs\u00f6nz\u00e9s:<\/p>\n<ul>\n<li>T\u00f6rt\u00e9nhet eredetiben \u00e9s m\u00e1solatban.<\/li>\n<li>A mindenkori postai d\u00edjszab\u00e1sban az aj\u00e1nlott lev\u00e9l d\u00edj\u00e1nak megfelel\u0151 postak\u00f6lts\u00e9get sz\u00e1m\u00edtunk fel<\/li>\n<li>Amennyiben a k\u00fcld\u0151 k\u00f6nyvt\u00e1r d\u00edjat sz\u00e1m\u00edt fel, annak k\u00f6lts\u00e9ge az olvas\u00f3t terheli.<\/li>\n<li>M\u00e1solatban t\u00f6rt\u00e9n\u0151 szolg\u00e1ltat\u00e1skor a m\u00e1sol\u00e1s k\u00f6lts\u00e9g\u00e9t az olvas\u00f3 fizeti.<\/li>\n<\/ul>\n<p>Bibliogr\u00e1fiai adatszolg\u00e1ltat\u00e1s \u00e9s lel\u0151hely inform\u00e1ci\u00f3: ingyenes<\/p>\n<p>F\u00e9nym\u00e1sol\u00e1s, nyomtat\u00e1s:<\/p>\n<ul>\n<li>Fekete-feh\u00e9r:\n<ul>\n<li>A\/4: 30,- Ft k\u00e9toldalas: 50,- Ft<\/li>\n<li>A\/3: 60,- Ft k\u00e9toldalas: 100,- Ft<\/li>\n<\/ul>\n<\/li>\n<li>Sz\u00ednes:\n<ul>\n<li>A\/4 (50%-os tel\u00edtetts\u00e9g alatt): 80,- Ft k\u00e9toldalas: 160,- Ft<\/li>\n<li>A\/4 (50%-os tel\u00edtetts\u00e9g felett): 150,- Ft k\u00e9toldalas: 290,- Ft<\/li>\n<li>A\/3: 300,- Ft k\u00e9toldalas: 600,- Ft<\/li>\n<\/ul>\n<\/li>\n<\/ul>\n<p>Sz\u00e1m\u00edt\u00f3g\u00e9p haszn\u00e1lata: 150,- Ft\/30 perc K\u00f6nyvt\u00e1rtagoknak: 100,- Ft\/30 perc<\/p>\n<p>CD, DVD-\u00edr\u00e1s: 500,- Ft\/db<\/p>\n<p>Lapolvas\u00f3: 100,- Ft\/db&nbsp;<\/p>\n<p>Spir\u00e1loz\u00e1s:<\/p>\n<ul>\n<li>0 &#8211; 30 lap 300,- Ft<\/li>\n<li>30 &#8211; 60 lap 350,- Ft<\/li>\n<li>60 &#8211; 90 lap 400,- Ft<\/li>\n<li>90 &#8211; 120 lap 500,- Ft<\/li>\n<li>120 &#8211; 150 lap 600,- Ft<\/li>\n<\/ul>\n<p>Lamin\u00e1l\u00e1s:<\/p>\n<ul>\n<li>A\/5: 100,- Ft<\/li>\n<li>A\/4: 150,- Ft<\/li>\n<li>A\/3: 300,- Ft<\/li>\n<\/ul>\n<p>Vide\u00f3felv\u00e9telek digitaliz\u00e1l\u00e1sa:<\/p>\n<ul>\n<li>Digitaliz\u00e1l\u00e1s: 15,- Ft\/perc<\/li>\n<li>Bor\u00edt\u00f3 k\u00e9sz\u00edt\u00e9s: 50,- Ft\/bor\u00edt\u00f3<\/li>\n<li>Bor\u00edt\u00f3 nyomtat\u00e1sa: ff.: 30,- Ft\/lap, sz\u00edn.: 150,- Ft\/lap<\/li>\n<li>Kazetta \u00e1tvizsg\u00e1l\u00e1sa, ha az olvas\u00f3 nem tudja, mi van rajta: 300,- Ft\/kazetta<\/li>\n<\/ul>\n<p>Hangfelv\u00e9telek digitaliz\u00e1l\u00e1sa:<\/p>\n<ul>\n<li>Digitaliz\u00e1l\u00e1s: 10,- Ft\/perc (sz\u00fcks\u00e9g szerinti sz\u00e1m\u00fa track-re bont\u00e1ssal)<\/li>\n<li>Bor\u00edt\u00f3 k\u00e9sz\u00edt\u00e9s: 50,- Ft\/bor\u00edt\u00f3<\/li>\n<li>Bor\u00edt\u00f3 nyomtat\u00e1sa: ff.: 30,- Ft\/lap, sz\u00edn.: 150,- Ft\/lap<\/li>\n<li>Kazetta \u00e1tvizsg\u00e1l\u00e1sa, ha az olvas\u00f3 nem tudja, mi van rajta: 200,- Ft\/kazetta<\/li>\n<\/ul>\n<p>&nbsp;<\/p>\n<div class=\"fcbkbttn_buttons_block\" id=\"fcbkbttn_left\"><div class=\"fcbkbttn_like \"><fb:like href=\"https:\/\/blog.justhvk.hu\/blog\/konyvtar-infok\/szolgaltatasaink\/\" action=\"like\" colorscheme=\"light\" layout=\"button_count\"  size=\"small\"><\/fb:like><\/div><div class=\"fb-share-button  \" data-href=\"https:\/\/blog.justhvk.hu\/blog\/konyvtar-infok\/szolgaltatasaink\/\" data-type=\"button_count\" data-size=\"small\"><\/div><\/div>","protected":false},"excerpt":{"rendered":"<p>A k\u00f6nyvt\u00e1ri szolg\u00e1ltat\u00e1sokr\u00f3l \u00e9s a szolg\u00e1ltat\u00e1si d\u00edjakr\u00f3l r\u00e9szletesen a&nbsp;K\u00f6nyvt\u00e1rhaszn\u00e1lati szab\u00e1lyzatban olvashatnak. R\u00e9szletek a K\u00f6nyvt\u00e1rhaszn\u00e1lati szab\u00e1lyzatb\u00f3l: III.2 A k\u00f6nyvt\u00e1r szolg\u00e1ltat\u00e1sai Alapszolg\u00e1ltat\u00e1sai: k\u00f6nyvt\u00e1rl\u00e1togat\u00e1s, a gy\u0171jtem\u00e9ny helyben haszn\u00e1lata, \u00e1llom\u00e1nyfelt\u00e1r\u00f3 eszk\u00f6z\u00f6k, katal\u00f3gusok haszn\u00e1lata, inform\u00e1ci\u00f3 a k\u00f6nyvt\u00e1r \u00e9s a k\u00f6nyvt\u00e1ri rendszer szolg\u00e1ltat\u00e1sair\u00f3l. A k\u00f6nyvt\u00e1r alapszolg\u00e1ltat\u00e1sai ingyenesek. Regisztr\u00e1ci\u00f3hoz k\u00f6t\u00f6tt szolg\u00e1ltat\u00e1sai: A k\u00f6nyvt\u00e1ri dokumentumok meghat\u00e1rozott k\u00f6r\u00e9nek k\u00f6lcs\u00f6nz\u00e9se, el\u0151jegyz\u00e9se, a k\u00f6lcs\u00f6nz\u00e9si hat\u00e1rid\u0151 meghosszabb\u00edt\u00e1sa. [&hellip;]<\/p>\n","protected":false},"author":5,"featured_media":0,"parent":6470,"menu_order":3,"comment_status":"open","ping_status":"open","template":"","meta":{"episode_type":"","audio_file":"","cover_image":"","cover_image_id":"","duration":"","filesize":"","date_recorded":"","explicit":"","block":"","filesize_raw":"","ngg_post_thumbnail":0,"footnotes":""},"class_list":["post-2452","page","type-page","status-publish","hentry"],"_links":{"self":[{"href":"https:\/\/blog.justhvk.hu\/blog\/wp-json\/wp\/v2\/pages\/2452","targetHints":{"allow":["GET"]}}],"collection":[{"href":"https:\/\/blog.justhvk.hu\/blog\/wp-json\/wp\/v2\/pages"}],"about":[{"href":"https:\/\/blog.justhvk.hu\/blog\/wp-json\/wp\/v2\/types\/page"}],"author":[{"embeddable":true,"href":"https:\/\/blog.justhvk.hu\/blog\/wp-json\/wp\/v2\/users\/5"}],"replies":[{"embeddable":true,"href":"https:\/\/blog.justhvk.hu\/blog\/wp-json\/wp\/v2\/comments?post=2452"}],"version-history":[{"count":22,"href":"https:\/\/blog.justhvk.hu\/blog\/wp-json\/wp\/v2\/pages\/2452\/revisions"}],"predecessor-version":[{"id":45230,"href":"https:\/\/blog.justhvk.hu\/blog\/wp-json\/wp\/v2\/pages\/2452\/revisions\/45230"}],"up":[{"embeddable":true,"href":"https:\/\/blog.justhvk.hu\/blog\/wp-json\/wp\/v2\/pages\/6470"}],"wp:attachment":[{"href":"https:\/\/blog.justhvk.hu\/blog\/wp-json\/wp\/v2\/media?parent=2452"}],"curies":[{"name":"wp","href":"https:\/\/api.w.org\/{rel}","templated":true}]}}