{"id":24678,"date":"2023-01-04T14:39:26","date_gmt":"2023-01-04T14:39:26","guid":{"rendered":"https:\/\/blog.justhvk.hu\/blog\/?page_id=24678"},"modified":"2025-11-17T10:22:26","modified_gmt":"2025-11-17T10:22:26","slug":"szabalyzatok","status":"publish","type":"page","link":"https:\/\/blog.justhvk.hu\/blog\/szabalyzatok\/","title":{"rendered":"Szab\u00e1lyzatok"},"content":{"rendered":"\n<ul class=\"wp-block-list\">\n<li><a href=\"https:\/\/blog.justhvk.hu\/blog\/wp-content\/uploads\/2025\/11\/Konyvtar_SZMSZ_20251115.pdf\">Szervezeti \u00e9s M\u0171k\u00f6d\u00e9si Szab\u00e1lyzat >><\/a><br><a href=\"https:\/\/blog.justhvk.hu\/blog\/wp-content\/uploads\/2025\/11\/Konyvtar_SZMSZ_20251115.pdf#page=2\">Tartalomjegyz\u00e9k<\/a>\n<ul class=\"wp-block-list\">\n<li><em><a href=\"https:\/\/blog.justhvk.hu\/blog\/wp-content\/uploads\/2025\/11\/Konyvtar_SZMSZ_20251115.pdf#page=4\">1. \u00c1ltal\u00e1nos rendelkez\u00e9sek <\/a><\/em><\/li>\n\n\n\n<li><em><a href=\"https:\/\/blog.justhvk.hu\/blog\/wp-content\/uploads\/2025\/11\/Konyvtar_SZMSZ_20251115.pdf#page=7\">2. Az int\u00e9zm\u00e9ny feladata, tev\u00e9kenys\u00e9ge <\/a><\/em><\/li>\n\n\n\n<li><em><a href=\"https:\/\/blog.justhvk.hu\/blog\/wp-content\/uploads\/2025\/11\/Konyvtar_SZMSZ_20251115.pdf#page=10\">3. A k\u00f6nyvt\u00e1r gy\u0171jtem\u00e9nye <\/a><\/em><\/li>\n\n\n\n<li><em><a href=\"https:\/\/blog.justhvk.hu\/blog\/wp-content\/uploads\/2025\/11\/Konyvtar_SZMSZ_20251115.pdf#page=10\">4. A k\u00f6nyvt\u00e1r szervezeti fel\u00e9p\u00edt\u00e9se \u00e9s m\u0171k\u00f6d\u00e9se <\/a><\/em><\/li>\n\n\n\n<li><em><a href=\"https:\/\/blog.justhvk.hu\/blog\/wp-content\/uploads\/2025\/11\/Konyvtar_SZMSZ_20251115.pdf#page=17\">5. Z\u00e1r\u00f3 rendelkez\u00e9sek <\/a><\/em><\/li>\n\n\n\n<li><em><a href=\"https:\/\/blog.justhvk.hu\/blog\/wp-content\/uploads\/2025\/11\/Konyvtar_SZMSZ_20251115.pdf#page=19\">I. sz. mell\u00e9klet: A Justh Zsigmond V\u00e1rosi K\u00f6nyvt\u00e1r Gy\u0171jt\u0151k\u00f6ri szab\u00e1lyzata<\/a><\/em><\/li>\n\n\n\n<li><em><a href=\"https:\/\/blog.justhvk.hu\/blog\/wp-content\/uploads\/2025\/11\/Konyvtar_SZMSZ_20251115.pdf#page=26\">II. sz. mell\u00e9klet: A Justh Zsigmond V\u00e1rosi K\u00f6nyvt\u00e1r Nyilv\u00e1ntart\u00e1si szab\u00e1lyzata<\/a><\/em><\/li>\n\n\n\n<li><em><a href=\"https:\/\/blog.justhvk.hu\/blog\/wp-content\/uploads\/2025\/11\/Konyvtar_SZMSZ_20251115.pdf#page=30\">III. sz. mell\u00e9klet: A Justh Zsigmond V\u00e1rosi K\u00f6nyvt\u00e1r K\u00f6nyvt\u00e1rhaszn\u00e1lati szab\u00e1lyzata<\/a><\/em><\/li>\n<\/ul>\n<\/li>\n\n\n\n<li><a href=\"https:\/\/blog.justhvk.hu\/blog\/wp-content\/uploads\/2025\/10\/kozzeteteli_szabalyzat_2024.pdf\">K\u00f6zz\u00e9t\u00e9teli szab\u00e1lyzat &gt;&gt;<\/a><\/li>\n\n\n\n<li><a href=\"https:\/\/blog.justhvk.hu\/blog\/wp-content\/uploads\/2023\/04\/szervezeti_integritas_justhvk_2022.pdf\">Szervezeti integrit\u00e1st s\u00e9rt\u0151 esem\u00e9nyek kezel\u00e9s\u00e9nek elj\u00e1r\u00e1srendje &gt;&gt;<\/a>&nbsp;<\/li>\n\n\n\n<li><a href=\"https:\/\/blog.justhvk.hu\/blog\/wp-content\/uploads\/2024\/05\/panasz_jegyzokonyv_justhvk_2022.odt\">Jegyz\u0151k\u00f6nyv szervezeti integrit\u00e1st s\u00e9rt\u0151 esem\u00e9ny r\u00f6gz\u00edt\u00e9s\u00e9hez &gt;&gt;<\/a>&nbsp;<\/li>\n\n\n\n<li><a href=\"https:\/\/blog.justhvk.hu\/blog\/belso-visszaeles-bejelentesi-rendszer\/\">Bels\u0151 vissza\u00e9l\u00e9s-bejelent\u00e9si rendszer &gt;&gt;<\/a><\/li>\n\n\n\n<li><a href=\"https:\/\/blog.justhvk.hu\/blog\/belso-dokumentumok\/\">Bels\u0151 dokumentumok &gt;&gt;<\/a> <\/li>\n<\/ul>\n\n\n\n<!--more-->\n<div class=\"fcbkbttn_buttons_block\" id=\"fcbkbttn_left\"><div class=\"fcbkbttn_like \"><fb:like href=\"https:\/\/blog.justhvk.hu\/blog\/szabalyzatok\/\" action=\"like\" colorscheme=\"light\" layout=\"button_count\"  size=\"small\"><\/fb:like><\/div><div class=\"fb-share-button  \" data-href=\"https:\/\/blog.justhvk.hu\/blog\/szabalyzatok\/\" data-type=\"button_count\" data-size=\"small\"><\/div><\/div>","protected":false},"excerpt":{"rendered":"","protected":false},"author":5,"featured_media":0,"parent":0,"menu_order":0,"comment_status":"closed","ping_status":"closed","template":"","meta":{"episode_type":"","audio_file":"","cover_image":"","cover_image_id":"","duration":"","filesize":"","date_recorded":"","explicit":"","block":"","filesize_raw":"","ngg_post_thumbnail":0,"footnotes":""},"class_list":["post-24678","page","type-page","status-publish","hentry"],"_links":{"self":[{"href":"https:\/\/blog.justhvk.hu\/blog\/wp-json\/wp\/v2\/pages\/24678","targetHints":{"allow":["GET"]}}],"collection":[{"href":"https:\/\/blog.justhvk.hu\/blog\/wp-json\/wp\/v2\/pages"}],"about":[{"href":"https:\/\/blog.justhvk.hu\/blog\/wp-json\/wp\/v2\/types\/page"}],"author":[{"embeddable":true,"href":"https:\/\/blog.justhvk.hu\/blog\/wp-json\/wp\/v2\/users\/5"}],"replies":[{"embeddable":true,"href":"https:\/\/blog.justhvk.hu\/blog\/wp-json\/wp\/v2\/comments?post=24678"}],"version-history":[{"count":25,"href":"https:\/\/blog.justhvk.hu\/blog\/wp-json\/wp\/v2\/pages\/24678\/revisions"}],"predecessor-version":[{"id":45243,"href":"https:\/\/blog.justhvk.hu\/blog\/wp-json\/wp\/v2\/pages\/24678\/revisions\/45243"}],"wp:attachment":[{"href":"https:\/\/blog.justhvk.hu\/blog\/wp-json\/wp\/v2\/media?parent=24678"}],"curies":[{"name":"wp","href":"https:\/\/api.w.org\/{rel}","templated":true}]}}