{"id":2576,"date":"2010-02-03T14:13:03","date_gmt":"2010-02-03T13:13:03","guid":{"rendered":"http:\/\/blog.justhvk.hu\/?page_id=2576"},"modified":"2010-02-03T14:13:03","modified_gmt":"2010-02-03T13:13:03","slug":"veszits-el-egy-konyvet","status":"publish","type":"page","link":"https:\/\/blog.justhvk.hu\/blog\/veszits-el-egy-konyvet\/","title":{"rendered":"Vesz\u00edts el egy k\u00f6nyvet!"},"content":{"rendered":"<ul>\n<li><a title=\"A Vesz\u00edts el egy k\u00f6nyvet hivatalos honlapja\" href=\"http:\/\/veszitsel.konyvtar.hu\/\">Vesz\u00edts el egy k\u00f6nyvet! (honlap)<br \/>\n<\/a><\/li>\n<li><a title=\"a j\u00e1t\u00e9k indexes f\u00f3ruma\" href=\"http:\/\/forum.index.hu\/Article\/showArticle?t=9189699\">Vesz\u00edts el egy k\u00f6nyvet! f\u00f3rum<\/a><\/li>\n<\/ul>\n<ul>\n<li><a href=\"http:\/\/sgforum.hu\/forum.php3?azonosito=justhvk\">Vesz\u00edts el\u2026 (a r\u00e9gi f\u00f3rum)<\/a><\/li>\n<\/ul>\n<ul>\n<li><a title=\"Hogy volt?\" href=\"http:\/\/www.dipity.com\/justhvk\/Vesz_ts_el_egy_k_nyvet\/list\">Vesz\u00edts el\u2026 (hogy volt?)<\/a><\/li>\n<\/ul>\n<ul>\n<li><a title=\"k\u00f6nyvjelz\u0151\" href=\"..\/wp-content\/uploads\/2008\/04\/konyvjelzo.jpg\">Vesz\u00edts el\u2026 (k\u00f6nyvjelz\u0151)<\/a><\/li>\n<\/ul>\n<ul>\n<li><a title=\"Vesz\u00edts el csiripek\" href=\"http:\/\/twitter.com\/veszitsel\">Vesz\u00edts el\u2026 (Twitter)<\/a><\/li>\n<\/ul>\n<ul>\n<li><a title=\"Klub a Facebook-on\" href=\"http:\/\/www.facebook.com\/pages\/Veszits-el-egy-konyvet\/125966192241?ref=mf\">Vesz\u00edts el\u2026 klub (Facebook)<\/a><\/li>\n<\/ul>\n<ul>\n<li><a title=\"Klub az iwiwen\" href=\"http:\/\/www.iwiw.hu\/pages\/community\/comdata.jsp?cID=1011469\">Vesz\u00edts el\u2026 klub (iwiw)<\/a><\/li>\n<\/ul>\n<div class=\"fcbkbttn_buttons_block\" id=\"fcbkbttn_left\"><div class=\"fcbkbttn_like \"><fb:like href=\"https:\/\/blog.justhvk.hu\/blog\/veszits-el-egy-konyvet\/\" action=\"like\" colorscheme=\"light\" layout=\"button_count\"  size=\"small\"><\/fb:like><\/div><div class=\"fb-share-button  \" data-href=\"https:\/\/blog.justhvk.hu\/blog\/veszits-el-egy-konyvet\/\" data-type=\"button_count\" data-size=\"small\"><\/div><\/div>","protected":false},"excerpt":{"rendered":"<p>Vesz\u00edts el egy k\u00f6nyvet! (honlap) Vesz\u00edts el egy k\u00f6nyvet! f\u00f3rum Vesz\u00edts el\u2026 (a r\u00e9gi f\u00f3rum) Vesz\u00edts el\u2026 (hogy volt?) Vesz\u00edts el\u2026 (k\u00f6nyvjelz\u0151) Vesz\u00edts el\u2026 (Twitter) Vesz\u00edts el\u2026 klub (Facebook) Vesz\u00edts el\u2026 klub (iwiw)<\/p>\n","protected":false},"author":5,"featured_media":0,"parent":0,"menu_order":6,"comment_status":"open","ping_status":"open","template":"","meta":{"episode_type":"","audio_file":"","cover_image":"","cover_image_id":"","duration":"","filesize":"","date_recorded":"","explicit":"","block":"","filesize_raw":"","ngg_post_thumbnail":0,"footnotes":""},"class_list":["post-2576","page","type-page","status-publish","hentry"],"_links":{"self":[{"href":"https:\/\/blog.justhvk.hu\/blog\/wp-json\/wp\/v2\/pages\/2576","targetHints":{"allow":["GET"]}}],"collection":[{"href":"https:\/\/blog.justhvk.hu\/blog\/wp-json\/wp\/v2\/pages"}],"about":[{"href":"https:\/\/blog.justhvk.hu\/blog\/wp-json\/wp\/v2\/types\/page"}],"author":[{"embeddable":true,"href":"https:\/\/blog.justhvk.hu\/blog\/wp-json\/wp\/v2\/users\/5"}],"replies":[{"embeddable":true,"href":"https:\/\/blog.justhvk.hu\/blog\/wp-json\/wp\/v2\/comments?post=2576"}],"version-history":[{"count":0,"href":"https:\/\/blog.justhvk.hu\/blog\/wp-json\/wp\/v2\/pages\/2576\/revisions"}],"wp:attachment":[{"href":"https:\/\/blog.justhvk.hu\/blog\/wp-json\/wp\/v2\/media?parent=2576"}],"curies":[{"name":"wp","href":"https:\/\/api.w.org\/{rel}","templated":true}]}}