{"id":43403,"date":"2025-08-14T09:33:00","date_gmt":"2025-08-14T09:33:00","guid":{"rendered":"https:\/\/blog.justhvk.hu\/blog\/?page_id=43403"},"modified":"2025-11-24T14:54:21","modified_gmt":"2025-11-24T14:54:21","slug":"archivum","status":"publish","type":"page","link":"https:\/\/blog.justhvk.hu\/blog\/archivum\/","title":{"rendered":"Arch\u00edvum"},"content":{"rendered":"\n<p><strong>Archiv\u00e1lt dokumentumok:&nbsp;<\/strong><\/p>\n\n\n\n<ul class=\"wp-block-list\">\n<li><a href=\"https:\/\/blog.justhvk.hu\/blog\/wp-content\/uploads\/2025\/08\/Alapito_okirat_20230228_watermark.pdf\">Alap\u00edt\u00f3 Okirat arch\u00edv<\/a> (2023.02.15.)<\/li>\n\n\n\n<li><a href=\"https:\/\/blog.justhvk.hu\/blog\/wp-content\/uploads\/2025\/08\/torzskonyv_20230228_watermark.pdf\">T\u00f6rzsk\u00f6nyvi kivonat arch\u00edv<\/a> (2023.02.28.)<\/li>\n\n\n\n<li><a href=\"https:\/\/blog.justhvk.hu\/blog\/wp-content\/uploads\/2025\/08\/Konyvtar_SZMSZ_alairt_20221229_watermark.pdf\">Szervezeti \u00e9s M\u0171k\u00f6d\u00e9si Szab\u00e1lyzat arch\u00edv<\/a> (2022.12.29.)<\/li>\n\n\n\n<li><a href=\"https:\/\/blog.justhvk.hu\/blog\/wp-content\/uploads\/2025\/11\/Konyvtar_SZMSZ_20250515_watermark.pdf\">Szervezeti \u00e9s M\u0171k\u00f6d\u00e9si Szab\u00e1lyzat arch\u00edv<\/a> (2025.05.15.)<\/li>\n\n\n\n<li><a href=\"https:\/\/blog.justhvk.hu\/blog\/wp-content\/uploads\/2025\/08\/Adatkezelesi_tajekoztato_Justh_Zsigmond_Varosi_Konyvtar_2022_watermark.pdf\">Adatkezel\u00e9si- \u00e9s S\u00fcti T\u00e1j\u00e9koztat\u00f3 arch\u00edv<\/a> (2022.04.19.)<\/li>\n\n\n\n<li><a href=\"https:\/\/blog.justhvk.hu\/blog\/wp-content\/uploads\/2025\/08\/Adatvedelmi_es_adatkezelesi_tajekoztato_justhvk_2022_watermark.pdf\">Adatv\u00e9delmi \u00e9s Adatkezel\u00e9si T\u00e1j\u00e9koztat\u00f3 arch\u00edv<\/a> (2022.07.27.)<\/li>\n\n\n\n<li><a href=\"https:\/\/blog.justhvk.hu\/blog\/wp-content\/uploads\/2025\/08\/felettes_2014_watermark.pdf\">Felettes, fel\u00fcgyeleti, t\u00f6rv\u00e9nyess\u00e9gi ellen\u0151rz\u00e9st vagy fel\u00fcgyeletet gyakorl\u00f3 szerv arch\u00edv<\/a> (2014.08.07.)<\/li>\n<\/ul>\n<div class=\"fcbkbttn_buttons_block\" id=\"fcbkbttn_left\"><div class=\"fcbkbttn_like \"><fb:like href=\"https:\/\/blog.justhvk.hu\/blog\/archivum\/\" action=\"like\" colorscheme=\"light\" layout=\"button_count\"  size=\"small\"><\/fb:like><\/div><div class=\"fb-share-button  \" data-href=\"https:\/\/blog.justhvk.hu\/blog\/archivum\/\" data-type=\"button_count\" data-size=\"small\"><\/div><\/div>","protected":false},"excerpt":{"rendered":"<p>Archiv\u00e1lt dokumentumok:&nbsp;<\/p>\n","protected":false},"author":5,"featured_media":0,"parent":0,"menu_order":0,"comment_status":"closed","ping_status":"closed","template":"","meta":{"episode_type":"","audio_file":"","cover_image":"","cover_image_id":"","duration":"","filesize":"","date_recorded":"","explicit":"","block":"","filesize_raw":"","ngg_post_thumbnail":0,"footnotes":""},"class_list":["post-43403","page","type-page","status-publish","hentry"],"_links":{"self":[{"href":"https:\/\/blog.justhvk.hu\/blog\/wp-json\/wp\/v2\/pages\/43403","targetHints":{"allow":["GET"]}}],"collection":[{"href":"https:\/\/blog.justhvk.hu\/blog\/wp-json\/wp\/v2\/pages"}],"about":[{"href":"https:\/\/blog.justhvk.hu\/blog\/wp-json\/wp\/v2\/types\/page"}],"author":[{"embeddable":true,"href":"https:\/\/blog.justhvk.hu\/blog\/wp-json\/wp\/v2\/users\/5"}],"replies":[{"embeddable":true,"href":"https:\/\/blog.justhvk.hu\/blog\/wp-json\/wp\/v2\/comments?post=43403"}],"version-history":[{"count":6,"href":"https:\/\/blog.justhvk.hu\/blog\/wp-json\/wp\/v2\/pages\/43403\/revisions"}],"predecessor-version":[{"id":45375,"href":"https:\/\/blog.justhvk.hu\/blog\/wp-json\/wp\/v2\/pages\/43403\/revisions\/45375"}],"wp:attachment":[{"href":"https:\/\/blog.justhvk.hu\/blog\/wp-json\/wp\/v2\/media?parent=43403"}],"curies":[{"name":"wp","href":"https:\/\/api.w.org\/{rel}","templated":true}]}}