{"id":43524,"date":"2025-09-01T13:12:02","date_gmt":"2025-09-01T13:12:02","guid":{"rendered":"https:\/\/blog.justhvk.hu\/blog\/?page_id=43524"},"modified":"2026-03-05T14:35:01","modified_gmt":"2026-03-05T14:35:01","slug":"belso-dokumentumok","status":"publish","type":"page","link":"https:\/\/blog.justhvk.hu\/blog\/belso-dokumentumok\/","title":{"rendered":"Bels\u0151 dokumentumok"},"content":{"rendered":"\n<p>Szab\u00e1lyzatok <\/p>\n\n\n\n<ul class=\"wp-block-list\">\n<li>Bels\u0151 kontrollrendszer szab\u00e1lyzat (2025.) <\/li>\n\n\n\n<li>Beszerz\u00e9si szab\u00e1lyzat (2024.) <\/li>\n\n\n\n<li>Egyedi iratkezel\u00e9si szab\u00e1lyzat (2025.) <\/li>\n\n\n\n<li>Felesleges vagyont\u00e1rgyak hasznos\u00edt\u00e1s\u00e1nak \u00e9s selejtez\u00e9s\u00e9nek szab\u00e1lyzata (2025.) <\/li>\n\n\n\n<li>Kl\u00edmahaszn\u00e1lati szab\u00e1lyzat (2022.)<\/li>\n\n\n\n<li>Munkav\u00e9delmi szab\u00e1lyzat (1998.) <\/li>\n\n\n\n<li>Orosh\u00e1za V\u00e1ros \u00d6nkorm\u00e1nyzata, az Orosh\u00e1zi Polg\u00e1rmesteri Hivatal \u00e9s Orosh\u00e1za V\u00e1ros \u00d6nkorm\u00e1nyzata \u00e1ltal ir\u00e1ny\u00edtott int\u00e9zm\u00e9nyek bels\u0151 vissza\u00e9l\u00e9s-rendszer\u00e9nek m\u0171k\u00f6dtet\u00e9s\u00e9r\u0151l sz\u00f3l\u00f3 szab\u00e1lyzata (Orosh\u00e1zi Polg\u00e1rmesteri Hivatal, 2025.)<\/li>\n\n\n\n<li>\u00d6nk\u00f6lts\u00e9gsz\u00e1m\u00edt\u00e1si szab\u00e1lyzat (Orosh\u00e1zi Polg\u00e1rmesteri Hivatal, 2023.)<\/li>\n\n\n\n<li>Szab\u00e1lyzat az Orosh\u00e1za V\u00e1ros \u00d6nkorm\u00e1nyzat Justh Zsigmond V\u00e1rosi K\u00f6nyvt\u00e1r sz\u00e1mlafizet\u0151 csoportj\u00e1ban l\u00e9v\u0151 munkahelyi vezet\u00e9kes- \u00e9s mobiltelefonok haszn\u00e1lat\u00e1r\u00f3l (2025.) <\/li>\n\n\n\n<li>T\u0171zv\u00e9delmi szab\u00e1lyzat (2017.) <\/li>\n<\/ul>\n\n\n\n<p>Egy\u00e9b dokumentumok <\/p>\n\n\n\n<ul class=\"wp-block-list\">\n<li>Benchmarking elemz\u00e9sek eredm\u00e9nyei (2021)<\/li>\n\n\n\n<li>Folyamatle\u00edr\u00e1sok \u00e9s -\u00e1br\u00e1k<\/li>\n\n\n\n<li>Meg\u00e1llapod\u00e1s a munkamegoszt\u00e1s \u00e9s a felel\u0151ss\u00e9gv\u00e1llal\u00e1s rendj\u00e9r\u0151l (Orosh\u00e1zi Polg\u00e1rmesteri Hivatal, 2023.)<\/li>\n\n\n\n<li>Munkak\u00f6ri le\u00edr\u00e1sok <\/li>\n\n\n\n<li>Munkat\u00e1rsi egy\u00e9ni el\u00e9gedetts\u00e9gm\u00e9r\u00e9sek eredm\u00e9nyei (2018., 2023.) <\/li>\n\n\n\n<li>Munkat\u00e1rsi el\u00e9gedetts\u00e9gi felm\u00e9r\u00e9s eredm\u00e9nyei (2016., 2024.)<\/li>\n\n\n\n<li>Partneri lista <\/li>\n\n\n\n<li>Strat\u00e9giai ellen\u0151rz\u00e9si terv 2026-2029. \u00e9vekre (2025.) <\/li>\n\n\n\n<li>Szervezeti \u00f6n\u00e9rt\u00e9kel\u00e9sek eredm\u00e9nyei (2018., 2019., 2021., 2024.)<\/li>\n\n\n\n<li>Tud\u00e1st\u00e9rk\u00e9p<\/li>\n<\/ul>\n<div class=\"fcbkbttn_buttons_block\" id=\"fcbkbttn_left\"><div class=\"fcbkbttn_like \"><fb:like href=\"https:\/\/blog.justhvk.hu\/blog\/belso-dokumentumok\/\" action=\"like\" colorscheme=\"light\" layout=\"button_count\"  size=\"small\"><\/fb:like><\/div><div class=\"fb-share-button  \" data-href=\"https:\/\/blog.justhvk.hu\/blog\/belso-dokumentumok\/\" data-type=\"button_count\" data-size=\"small\"><\/div><\/div>","protected":false},"excerpt":{"rendered":"<p>Szab\u00e1lyzatok Egy\u00e9b dokumentumok<\/p>\n","protected":false},"author":5,"featured_media":0,"parent":0,"menu_order":0,"comment_status":"closed","ping_status":"closed","template":"","meta":{"episode_type":"","audio_file":"","cover_image":"","cover_image_id":"","duration":"","filesize":"","date_recorded":"","explicit":"","block":"","filesize_raw":"","ngg_post_thumbnail":0,"footnotes":""},"class_list":["post-43524","page","type-page","status-publish","hentry"],"_links":{"self":[{"href":"https:\/\/blog.justhvk.hu\/blog\/wp-json\/wp\/v2\/pages\/43524","targetHints":{"allow":["GET"]}}],"collection":[{"href":"https:\/\/blog.justhvk.hu\/blog\/wp-json\/wp\/v2\/pages"}],"about":[{"href":"https:\/\/blog.justhvk.hu\/blog\/wp-json\/wp\/v2\/types\/page"}],"author":[{"embeddable":true,"href":"https:\/\/blog.justhvk.hu\/blog\/wp-json\/wp\/v2\/users\/5"}],"replies":[{"embeddable":true,"href":"https:\/\/blog.justhvk.hu\/blog\/wp-json\/wp\/v2\/comments?post=43524"}],"version-history":[{"count":14,"href":"https:\/\/blog.justhvk.hu\/blog\/wp-json\/wp\/v2\/pages\/43524\/revisions"}],"predecessor-version":[{"id":47002,"href":"https:\/\/blog.justhvk.hu\/blog\/wp-json\/wp\/v2\/pages\/43524\/revisions\/47002"}],"wp:attachment":[{"href":"https:\/\/blog.justhvk.hu\/blog\/wp-json\/wp\/v2\/media?parent=43524"}],"curies":[{"name":"wp","href":"https:\/\/api.w.org\/{rel}","templated":true}]}}