{"id":45410,"date":"2025-11-26T13:35:05","date_gmt":"2025-11-26T13:35:05","guid":{"rendered":"https:\/\/blog.justhvk.hu\/blog\/?page_id=45410"},"modified":"2025-11-26T13:35:05","modified_gmt":"2025-11-26T13:35:05","slug":"a-koltsegvetes-vegrehajtasa","status":"publish","type":"page","link":"https:\/\/blog.justhvk.hu\/blog\/a-koltsegvetes-vegrehajtasa\/","title":{"rendered":"A k\u00f6lts\u00e9gvet\u00e9s v\u00e9grehajt\u00e1sa"},"content":{"rendered":"\n<p><strong>2024.<\/strong><\/p>\n\n\n\n<ul class=\"wp-block-list\">\n<li><a href=\"https:\/\/or.njt.hu\/eli\/725514\/r\/2025\/11\/alaprendelet\">2024. \u00e9vi k\u00f6lts\u00e9gvet\u00e9s v\u00e9grehajt\u00e1sa<\/a> <a href=\"https:\/\/or.njt.hu\/eli\/725514\/r\/2025\/11\/alaprendelet\">>>\u00a0<\/a><\/li>\n<\/ul>\n\n\n\n<p><strong>2023.<\/strong><\/p>\n\n\n\n<ul class=\"wp-block-list\">\n<li><a href=\"https:\/\/or.njt.hu\/eli\/725514\/r\/2024\/8\/alaprendelet\">2023. \u00e9vi k\u00f6lts\u00e9gvet\u00e9s v\u00e9grehajt\u00e1sa >>\u00a0<\/a><\/li>\n<\/ul>\n\n\n\n<p><strong>2022.<\/strong><\/p>\n\n\n\n<ul class=\"wp-block-list\">\n<li><a href=\"https:\/\/or.njt.hu\/eli\/725514\/r\/2023\/12\/alaprendelet\">2022. \u00e9vi k\u00f6lts\u00e9gvet\u00e9s v\u00e9grehajt\u00e1sa >><\/a><\/li>\n<\/ul>\n\n\n\n<p><strong>2021.<\/strong><\/p>\n\n\n\n<ul class=\"wp-block-list\">\n<li><a href=\"https:\/\/or.njt.hu\/eli\/725514\/r\/2022\/6\/alaprendelet\">2021. \u00e9vi k\u00f6lts\u00e9gvet\u00e9s v\u00e9grehajt\u00e1sa >><\/a>\u00a0<\/li>\n<\/ul>\n\n\n\n<p><strong>2020.<\/strong><\/p>\n\n\n\n<ul class=\"wp-block-list\">\n<li><a href=\"https:\/\/or.njt.hu\/eli\/725514\/r\/2021\/10\/alaprendelet\">2020. \u00e9vi k\u00f6lts\u00e9gvet\u00e9s v\u00e9grehajt\u00e1sa >>\u00a0<\/a><\/li>\n<\/ul>\n\n\n\n<p><strong>2019.<\/strong><\/p>\n\n\n\n<ul class=\"wp-block-list\">\n<li><a href=\"https:\/\/or.njt.hu\/eli\/725514\/r\/2020\/13\/2020-07-11\">2019. \u00e9vi k\u00f6lts\u00e9gvet\u00e9s v\u00e9grehajt\u00e1sa >><\/a><\/li>\n<\/ul>\n\n\n\n<p><strong>2018.<\/strong><\/p>\n\n\n\n<ul class=\"wp-block-list\">\n<li><a href=\"https:\/\/or.njt.hu\/eli\/725514\/r\/2019\/4\/2019-05-31\">2018. \u00e9vi k\u00f6lts\u00e9gvet\u00e9s v\u00e9grehajt\u00e1sa >><\/a><\/li>\n<\/ul>\n\n\n\n<p><strong>2017.<\/strong><\/p>\n\n\n\n<ul class=\"wp-block-list\">\n<li><a href=\"https:\/\/or.njt.hu\/eli\/725514\/r\/2018\/12\/2018-05-29\">2017. \u00e9vi k\u00f6lts\u00e9gvet\u00e9s v\u00e9grehajt\u00e1sa >><\/a><\/li>\n<\/ul>\n\n\n\n<p><strong>2016.<\/strong><\/p>\n\n\n\n<ul class=\"wp-block-list\">\n<li><a href=\"https:\/\/or.njt.hu\/eli\/725514\/r\/2017\/16\/2017-05-31\">2016. \u00e9vi k\u00f6lts\u00e9gvet\u00e9s v\u00e9grehajt\u00e1sa\u00a0>><\/a><\/li>\n<\/ul>\n\n\n\n<p><strong>2015.<\/strong><\/p>\n\n\n\n<ul class=\"wp-block-list\">\n<li><a href=\"https:\/\/or.njt.hu\/eli\/725514\/r\/2016\/20\/2016-05-31\">2015. \u00e9vi k\u00f6lts\u00e9gvet\u00e9s v\u00e9grehajt\u00e1sa >><\/a><\/li>\n<\/ul>\n\n\n\n<p><strong>2014.<\/strong><\/p>\n\n\n\n<ul class=\"wp-block-list\">\n<li><a href=\"https:\/\/www.justhvk.hu\/blog\/wp-content\/uploads\/2014\/08\/beszamolo_20141.pdf\">2014. \u00e9vi k\u00f6lts\u00e9gvet\u00e9s v\u00e9grehajt\u00e1sa\u00a0>><\/a><a href=\"https:\/\/www.justhvk.hu\/blog\/wp-content\/uploads\/2014\/08\/beszamolo_20141.pdf\"><\/a><\/li>\n<\/ul>\n\n\n\n<p><strong>2013.<\/strong><\/p>\n\n\n\n<ul class=\"wp-block-list\">\n<li><a href=\"https:\/\/www.justhvk.hu\/blog\/wp-content\/uploads\/2014\/08\/beszamolo_2013.pdf\">2013. \u00e9vi k\u00f6lts\u00e9gvet\u00e9s v\u00e9grehajt\u00e1sa\u00a0>><\/a><\/li>\n<\/ul>\n\n\n\n<p><strong>2012.<\/strong><\/p>\n\n\n\n<ul class=\"wp-block-list\">\n<li><a href=\"https:\/\/www.justhvk.hu\/blog\/wp-content\/uploads\/2014\/08\/beszamolo_2012.pdf\">2012. \u00e9vi k\u00f6lts\u00e9gvet\u00e9s v\u00e9grehajt\u00e1sa\u00a0>><\/a><\/li>\n<\/ul>\n\n\n\n<p><strong>2011.<\/strong><\/p>\n\n\n\n<ul class=\"wp-block-list\">\n<li><a href=\"https:\/\/www.justhvk.hu\/blog\/wp-content\/uploads\/2014\/08\/beszamolo_20112.pdf\">2011. \u00e9vi k\u00f6lts\u00e9gvet\u00e9s v\u00e9grehajt\u00e1sa\u00a0>><\/a><\/li>\n<\/ul>\n<div class=\"fcbkbttn_buttons_block\" id=\"fcbkbttn_left\"><div class=\"fcbkbttn_like \"><fb:like href=\"https:\/\/blog.justhvk.hu\/blog\/a-koltsegvetes-vegrehajtasa\/\" action=\"like\" colorscheme=\"light\" layout=\"button_count\"  size=\"small\"><\/fb:like><\/div><div class=\"fb-share-button  \" data-href=\"https:\/\/blog.justhvk.hu\/blog\/a-koltsegvetes-vegrehajtasa\/\" data-type=\"button_count\" data-size=\"small\"><\/div><\/div>","protected":false},"excerpt":{"rendered":"<p>2024. 2023. 2022. 2021. 2020. 2019. 2018. 2017. 2016. 2015. 2014. 2013. 2012. 2011.<\/p>\n","protected":false},"author":5,"featured_media":0,"parent":0,"menu_order":0,"comment_status":"closed","ping_status":"closed","template":"","meta":{"episode_type":"","audio_file":"","cover_image":"","cover_image_id":"","duration":"","filesize":"","date_recorded":"","explicit":"","block":"","filesize_raw":"","ngg_post_thumbnail":0,"footnotes":""},"class_list":["post-45410","page","type-page","status-publish","hentry"],"_links":{"self":[{"href":"https:\/\/blog.justhvk.hu\/blog\/wp-json\/wp\/v2\/pages\/45410","targetHints":{"allow":["GET"]}}],"collection":[{"href":"https:\/\/blog.justhvk.hu\/blog\/wp-json\/wp\/v2\/pages"}],"about":[{"href":"https:\/\/blog.justhvk.hu\/blog\/wp-json\/wp\/v2\/types\/page"}],"author":[{"embeddable":true,"href":"https:\/\/blog.justhvk.hu\/blog\/wp-json\/wp\/v2\/users\/5"}],"replies":[{"embeddable":true,"href":"https:\/\/blog.justhvk.hu\/blog\/wp-json\/wp\/v2\/comments?post=45410"}],"version-history":[{"count":1,"href":"https:\/\/blog.justhvk.hu\/blog\/wp-json\/wp\/v2\/pages\/45410\/revisions"}],"predecessor-version":[{"id":45411,"href":"https:\/\/blog.justhvk.hu\/blog\/wp-json\/wp\/v2\/pages\/45410\/revisions\/45411"}],"wp:attachment":[{"href":"https:\/\/blog.justhvk.hu\/blog\/wp-json\/wp\/v2\/media?parent=45410"}],"curies":[{"name":"wp","href":"https:\/\/api.w.org\/{rel}","templated":true}]}}