{"id":46616,"date":"2026-02-09T12:59:04","date_gmt":"2026-02-09T12:59:04","guid":{"rendered":"https:\/\/blog.justhvk.hu\/blog\/?page_id=46616"},"modified":"2026-02-09T13:10:43","modified_gmt":"2026-02-09T13:10:43","slug":"szakdolgozatok","status":"publish","type":"page","link":"https:\/\/blog.justhvk.hu\/blog\/szakdolgozatok\/","title":{"rendered":"Szakdolgozatok"},"content":{"rendered":"\n<ul class=\"wp-block-list\">\n<li><strong>Melega Kriszti\u00e1n: Az Orosh\u00e1zi \u00c9let c\u00edm\u0171 kisv\u00e1rosi lap tartalmi, szerkezeti \u00e9s gazdas\u00e1gi v\u00e1ltoz\u00e1sai 1996-2024 k\u00f6z\u00f6tt<\/strong>. &#8211; Bp. : Kodol\u00e1nyi J\u00e1nos Egyetem, 2025. &#8211; p. 121. [<a href=\"https:\/\/blog.justhvk.hu\/blog\/wp-content\/uploads\/2026\/02\/szakdolgozat_melega_krisztian_2025.pdf\">https:\/\/blog.justhvk.hu\/blog\/wp-content\/uploads\/2026\/02\/szakdolgozat_melega_krisztian_2025.pdf<\/a>]<\/li>\n<\/ul>\n<div class=\"fcbkbttn_buttons_block\" id=\"fcbkbttn_left\"><div class=\"fcbkbttn_like \"><fb:like href=\"https:\/\/blog.justhvk.hu\/blog\/szakdolgozatok\/\" action=\"like\" colorscheme=\"light\" layout=\"button_count\"  size=\"small\"><\/fb:like><\/div><div class=\"fb-share-button  \" data-href=\"https:\/\/blog.justhvk.hu\/blog\/szakdolgozatok\/\" data-type=\"button_count\" data-size=\"small\"><\/div><\/div>","protected":false},"excerpt":{"rendered":"","protected":false},"author":5,"featured_media":0,"parent":0,"menu_order":0,"comment_status":"closed","ping_status":"closed","template":"","meta":{"episode_type":"","audio_file":"","cover_image":"","cover_image_id":"","duration":"","filesize":"","date_recorded":"","explicit":"","block":"","filesize_raw":"","ngg_post_thumbnail":0,"footnotes":""},"class_list":["post-46616","page","type-page","status-publish","hentry"],"_links":{"self":[{"href":"https:\/\/blog.justhvk.hu\/blog\/wp-json\/wp\/v2\/pages\/46616","targetHints":{"allow":["GET"]}}],"collection":[{"href":"https:\/\/blog.justhvk.hu\/blog\/wp-json\/wp\/v2\/pages"}],"about":[{"href":"https:\/\/blog.justhvk.hu\/blog\/wp-json\/wp\/v2\/types\/page"}],"author":[{"embeddable":true,"href":"https:\/\/blog.justhvk.hu\/blog\/wp-json\/wp\/v2\/users\/5"}],"replies":[{"embeddable":true,"href":"https:\/\/blog.justhvk.hu\/blog\/wp-json\/wp\/v2\/comments?post=46616"}],"version-history":[{"count":3,"href":"https:\/\/blog.justhvk.hu\/blog\/wp-json\/wp\/v2\/pages\/46616\/revisions"}],"predecessor-version":[{"id":46622,"href":"https:\/\/blog.justhvk.hu\/blog\/wp-json\/wp\/v2\/pages\/46616\/revisions\/46622"}],"wp:attachment":[{"href":"https:\/\/blog.justhvk.hu\/blog\/wp-json\/wp\/v2\/media?parent=46616"}],"curies":[{"name":"wp","href":"https:\/\/api.w.org\/{rel}","templated":true}]}}