{"id":8381,"date":"2013-05-02T08:06:23","date_gmt":"2013-05-02T08:06:23","guid":{"rendered":"http:\/\/blog.justhvk.hu\/?page_id=8015"},"modified":"2026-01-30T11:01:46","modified_gmt":"2026-01-30T11:01:46","slug":"dokumentumok","status":"publish","type":"page","link":"https:\/\/blog.justhvk.hu\/blog\/dokumentumok\/","title":{"rendered":"K\u00f6z\u00e9rdek\u0171 adatok"},"content":{"rendered":"<p><strong>1. Szervezeti, szem\u00e9lyzeti adatok<\/strong><\/p>\n<p style=\"padding-left: 40px;\">1.1. Kapcsolat, szervezet, vezet\u0151k<\/p>\n<p style=\"padding-left: 80px;\">I. <a href=\"https:\/\/blog.justhvk.hu\/blog\/nyitva-tartas\/\">El\u00e9rhet\u0151s\u00e9gi adatok<\/a> (utols\u00f3 m\u00f3dos\u00edt\u00e1s: 2025.01.01.)&nbsp;<\/p>\n<p style=\"padding-left: 80px;\">II. <a href=\"https:\/\/blog.justhvk.hu\/blog\/wp-content\/uploads\/2025\/11\/Konyvtar_SZMSZ_20251115.pdf#page=10\">A szervezeti strukt\u00fara<\/a> (utols\u00f3 m\u00f3dos\u00edt\u00e1s: 2025.11.15.)&nbsp;<\/p>\n<p style=\"padding-left: 80px;\">III. <a href=\"https:\/\/www.justhvk.hu\/blog\/?page_id=2446\">A szerv vezet\u0151i<\/a> (utols\u00f3 m\u00f3dos\u00edt\u00e1s: 2024.01.01.)&nbsp;<\/p>\n<p style=\"padding-left: 40px;\">1.2. A fel\u00fcgyelt k\u00f6lts\u00e9gvet\u00e9si szervek (nem relev\u00e1ns)&nbsp;<\/p>\n<p style=\"padding-left: 40px;\">1.3. Gazd\u00e1lkod\u00f3 szervezetek (nem relev\u00e1ns)&nbsp;<\/p>\n<p style=\"padding-left: 40px;\">1.4. K\u00f6zalap\u00edtv\u00e1nyok (nem relev\u00e1ns)&nbsp;<\/p>\n<p style=\"padding-left: 40px;\">1.5. Lapok (nem relev\u00e1ns)&nbsp;<\/p>\n<p style=\"padding-left: 40px;\">1.6.&nbsp; Felettes, fel\u00fcgyeleti, t\u00f6rv\u00e9nyess\u00e9gi ellen\u0151rz\u00e9st vagy fel\u00fcgyeletet gyakorl\u00f3 szervek&nbsp;<\/p>\n<p style=\"padding-left: 80px;\">I. <a href=\"https:\/\/blog.justhvk.hu\/blog\/wp-content\/uploads\/2025\/08\/felettes_2025.pdf\">Felettes, fel\u00fcgyeleti, t\u00f6rv\u00e9nyess\u00e9gi ellen\u0151rz\u00e9st vagy fel\u00fcgyeletet gyakorl\u00f3 szerv<\/a> (utols\u00f3 m\u00f3dos\u00edt\u00e1s: 2025.08.08.)<\/p>\n<p style=\"padding-left: 80px;\">II. <a href=\"https:\/\/blog.justhvk.hu\/blog\/wp-content\/uploads\/2025\/08\/felettes_2025.pdf\">Felettes, fel\u00fcgyeleti, t\u00f6rv\u00e9nyess\u00e9gi ellen\u0151rz\u00e9st gyakorl\u00f3 szerv \u00fcgyf\u00e9lszolg\u00e1lat\u00e1nak el\u00e9rhet\u0151s\u00e9ge<\/a> (utols\u00f3 m\u00f3dos\u00edt\u00e1s: 2025.08.08.)&nbsp;<\/p>\n<p style=\"padding-left: 40px;\">1.7. K\u00f6lts\u00e9gvet\u00e9si szervek (nem relev\u00e1ns)&nbsp;<\/p>\n<p><strong>2. Tev\u00e9kenys\u00e9gre, m\u0171k\u00f6d\u00e9sre vonatkoz\u00f3 adatok<\/strong><\/p>\n<p style=\"padding-left: 80px;\">I. A szerv alaptev\u00e9kenys\u00e9ge, feladat- \u00e9s hat\u00e1sk\u00f6re (utols\u00f3 m\u00f3dos\u00edt\u00e1s: 2025.11.17.)&nbsp;<\/p>\n<ul>\n<li style=\"list-style-type: none;\">\n<ul>\n<li style=\"list-style-type: none;\">\n<ul>\n<li><a href=\"https:\/\/blog.justhvk.hu\/blog\/wp-content\/uploads\/2025\/04\/Alapito_okirat_20250417.pdf\">Alap\u00edt\u00f3 Okirat<\/a><\/li>\n<li><a href=\"https:\/\/blog.justhvk.hu\/blog\/szabalyzatok\/\">Szab\u00e1lyzatok<\/a><\/li>\n<li><a href=\"https:\/\/www.justhvk.hu\/blog\/wp-content\/uploads\/2016\/06\/fenntartoi_nyilatkozat_2016.pdf\">Fenntart\u00f3i nyilatkozat<\/a><\/li>\n<li><a href=\"https:\/\/blog.justhvk.hu\/blog\/wp-content\/uploads\/2025\/04\/Torzskonyvi_kivonat_20250417.pdf\">T\u00f6rzsk\u00f6nyvi kivonat<\/a><\/li>\n<li><a href=\"https:\/\/blog.justhvk.hu\/blog\/wp-content\/uploads\/2025\/07\/hatalyos_jogszabj_2025_0527.pdf\">K\u00f6nyvt\u00e1rakra vonatkoz\u00f3 jogszab\u00e1lyok<\/a><\/li>\n<\/ul>\n<\/li>\n<\/ul>\n<\/li>\n<\/ul>\n<p style=\"padding-left: 80px;\">II. A hat\u00f3s\u00e1gi \u00fcgyek int\u00e9z\u00e9s\u00e9nek rendj\u00e9vel kapcsolatos adatok (nem relev\u00e1ns)&nbsp;<\/p>\n<p style=\"padding-left: 80px;\">III. K\u00f6zszolg\u00e1ltat\u00e1sok (utols\u00f3 m\u00f3dos\u00edt\u00e1s: 2025.11.17.)&nbsp;<\/p>\n<ul>\n<li style=\"list-style-type: none;\">\n<ul>\n<li style=\"list-style-type: none;\">\n<ul>\n<li><a href=\"https:\/\/blog.justhvk.hu\/blog\/wp-content\/uploads\/2025\/11\/Konyvtar_SZMSZ_20251115.pdf#page=30\">A k\u00f6nyvt\u00e1r szolg\u00e1ltat\u00e1sai<\/a>&nbsp;<\/li>\n<li><a href=\"https:\/\/blog.justhvk.hu\/blog\/wp-content\/uploads\/2025\/11\/Konyvtar_SZMSZ_20251115.pdf#page=30\">K\u00f6nyvt\u00e1rhaszn\u00e1lati szab\u00e1lyzat<\/a>&nbsp;<\/li>\n<\/ul>\n<\/li>\n<\/ul>\n<\/li>\n<\/ul>\n<p style=\"padding-left: 80px;\">IV. A szerv nyilv\u00e1ntart\u00e1sai (utols\u00f3 m\u00f3dos\u00edt\u00e1s: 2025.11.17.)&nbsp;<\/p>\n<ul>\n<li style=\"list-style-type: none;\">\n<ul>\n<li style=\"list-style-type: none;\">\n<ul>\n<li><a href=\"https:\/\/blog.justhvk.hu\/blog\/wp-content\/uploads\/2025\/11\/Konyvtar_SZMSZ_20251115.pdf#page=26\">Nyilv\u00e1ntart\u00e1si szab\u00e1lyzat<\/a>&nbsp;<\/li>\n<li><a href=\"https:\/\/blog.justhvk.hu\/blog\/adatkezelesi-tajekoztato\/\">Adatv\u00e9delmi \u00e9s Adatkezel\u00e9si t\u00e1j\u00e9koztat\u00f3<\/a><\/li>\n<li><a style=\"line-height: 1.5em;\" href=\"https:\/\/www.justhvk.hu\/blog\/?page_id=9526\">Adatb\u00e1zisok jegyz\u00e9ke<\/a><\/li>\n<\/ul>\n<\/li>\n<\/ul>\n<\/li>\n<\/ul>\n<p style=\"padding-left: 80px;\">V. Nyilv\u00e1nos kiadv\u00e1nyok (nem relev\u00e1ns)&nbsp;<\/p>\n<p style=\"padding-left: 80px;\">VI. D\u00f6nt\u00e9shozatal, \u00fcl\u00e9sek (utols\u00f3 m\u00f3dos\u00edt\u00e1s: 2024.10.01.)&nbsp;<\/p>\n<ul>\n<li style=\"list-style-type: none;\">\n<ul>\n<li style=\"list-style-type: none;\">\n<ul>\n<li><a role=\"link\" href=\"https:\/\/oroshaza.hu\/hirek-onkormanyzati_hirek\/\" data-raofz=\"16\">K\u00e9pvisel\u0151-test\u00fcleti \u00e9s bizotts\u00e1gi \u00fcl\u00e9sek megh\u00edv\u00f3i<\/a><\/li>\n<li><a role=\"link\" href=\"https:\/\/oroshaza.hu\/onkormanyzat\/\" data-raofz=\"16\">K\u00e9pvisel\u0151-test\u00fcleti \u00e9s bizotts\u00e1gi \u00fcl\u00e9sek dokumentumai<\/a><\/li>\n<\/ul>\n<\/li>\n<\/ul>\n<\/li>\n<\/ul>\n<p style=\"padding-left: 80px;\">VII.&nbsp;<a href=\"https:\/\/oroshaza.hu\/onkormanyzat\/\">A szerv d\u00f6nt\u00e9sei, koncepci\u00f3k, tervezetek, javaslatok<\/a> (utols\u00f3 m\u00f3dos\u00edt\u00e1s: 2024.10.01.)&nbsp;<\/p>\n<p style=\"padding-left: 80px;\">VIII. <a href=\"https:\/\/blog.justhvk.hu\/blog\/palyazatok-2\/\">P\u00e1ly\u00e1zatok<\/a> (utols\u00f3 m\u00f3dos\u00edt\u00e1s: 2025.01.17.)&nbsp;<\/p>\n<p style=\"padding-left: 80px;\">IX. <a href=\"https:\/\/blog.justhvk.hu\/blog\/category\/kozlemenyek\/\">Hirdetm\u00e9nyek, k\u00f6zlem\u00e9nyek<\/a> (utols\u00f3 m\u00f3dos\u00edt\u00e1s: 2026.01.07.)&nbsp;<\/p>\n<p style=\"padding-left: 80px;\">X.&nbsp;K\u00f6z\u00e9rdek\u0171 adatok ig\u00e9nyl\u00e9se (utols\u00f3 m\u00f3dos\u00edt\u00e1s: 2025.07.24.)&nbsp;<\/p>\n<ul>\n<li style=\"list-style-type: none;\">\n<ul>\n<li style=\"list-style-type: none;\">\n<ul>\n<li><a href=\"https:\/\/blog.justhvk.hu\/blog\/wp-content\/uploads\/2025\/10\/kozzeteteli_szabalyzat_2024.pdf\">K\u00f6zz\u00e9t\u00e9teli szab\u00e1lyzat<\/a><\/li>\n<li><a href=\"https:\/\/blog.justhvk.hu\/blog\/adatkezelesi-tajekoztato\/\">Adatv\u00e9delmi \u00e9s Adatkezel\u00e9si t\u00e1j\u00e9koztat\u00f3<\/a><\/li>\n<\/ul>\n<\/li>\n<\/ul>\n<\/li>\n<\/ul>\n<p style=\"padding-left: 80px;\">XI. K\u00f6zz\u00e9t\u00e9teli lista&nbsp;(nem relev\u00e1ns)&nbsp;<\/p>\n<p><strong>3. Gazd\u00e1lkod\u00e1si adatok<\/strong><\/p>\n<p style=\"padding-left: 40px;\">3.1. A m\u0171k\u00f6d\u00e9s t\u00f6rv\u00e9nyess\u00e9ge, ellen\u0151rz\u00e9sek<\/p>\n<p style=\"padding-left: 80px;\">I. Vizsg\u00e1latok, ellen\u0151rz\u00e9sek list\u00e1ja (utols\u00f3 m\u00f3dos\u00edt\u00e1s: 2025.12.09.)&nbsp;<\/p>\n<ul>\n<li style=\"list-style-type: none;\">\n<ul>\n<li style=\"list-style-type: none;\">\n<ul>\n<li><a href=\"https:\/\/blog.justhvk.hu\/blog\/wp-content\/uploads\/2025\/07\/ellenorzesi_jelentes_20140714.pdf\">Ellen\u0151rz\u00e9si jelent\u00e9s 2014. \u00e9vben v\u00e9gzett bels\u0151 ellen\u0151rz\u00e9sr\u0151l<\/a>&nbsp;<\/li>\n<li><a href=\"https:\/\/blog.justhvk.hu\/blog\/wp-content\/uploads\/2025\/07\/jelentes_szmsz_belso_ellenor_2016.pdf\">Ellen\u0151rz\u00e9si jelent\u00e9s 2016. \u00e9vben v\u00e9gzett bels\u0151 ellen\u0151rz\u00e9sr\u0151l<\/a>&nbsp;<\/li>\n<li><a href=\"https:\/\/blog.justhvk.hu\/blog\/wp-content\/uploads\/2025\/07\/ellenorzesi_jelentes_20201211.pdf\">Ellen\u0151rz\u00e9si jelent\u00e9s 2020. \u00e9vben v\u00e9gzett bels\u0151 ellen\u0151rz\u00e9sr\u0151l<\/a>&nbsp;<\/li>\n<li><a href=\"https:\/\/blog.justhvk.hu\/blog\/wp-content\/uploads\/2025\/07\/ellenorzesi_jelentes_20220422.pdf\">Ellen\u0151rz\u00e9si jelent\u00e9s 2022. \u00e9vben v\u00e9gzett bels\u0151 ellen\u0151rz\u00e9sr\u0151l<\/a>&nbsp;<\/li>\n<li><a href=\"https:\/\/blog.justhvk.hu\/blog\/wp-content\/uploads\/2025\/12\/ellenorzesi_jelentes_MAK_2024-2025.pdf\">Ellen\u0151rz\u00e9si jelent\u00e9s az Orosh\u00e1za V\u00e1ros \u00d6nkorm\u00e1nyzata \u00e9s az \u00e1ltala ir\u00e1ny\u00edtott k\u00f6lts\u00e9gvet\u00e9si szervek 2024. \u00e9vi kincst\u00e1ri ellen\u0151rz\u00e9s\u00e9r\u0151l<\/a>&nbsp;<\/li>\n<li><a href=\"https:\/\/blog.justhvk.hu\/blog\/wp-content\/uploads\/2025\/09\/ellenorzesi_jelentes_20250829.pdf\">Ellen\u0151rz\u00e9si jelent\u00e9s 2025. \u00e9vben v\u00e9gzett bels\u0151 ellen\u0151rz\u00e9sr\u0151l<\/a><\/li>\n<\/ul>\n<\/li>\n<\/ul>\n<\/li>\n<\/ul>\n<p style=\"padding-left: 80px;\">II. Az \u00c1llami Sz\u00e1mvev\u0151sz\u00e9k ellen\u0151rz\u00e9sei (utols\u00f3 m\u00f3dos\u00edt\u00e1s: 2021.11.12.)&nbsp;<\/p>\n<ul>\n<li style=\"list-style-type: none;\">\n<ul>\n<li style=\"list-style-type: none;\">\n<ul>\n<li><a href=\"https:\/\/blog.justhvk.hu\/blog\/wp-content\/uploads\/2025\/07\/ASZ_jelentes_2021.pdf\">\u00c1SZ jelent\u00e9s &#8211; A nyilv\u00e1nos k\u00f6nyvt\u00e1ri ell\u00e1t\u00e1st v\u00e9gz\u0151k ellen\u0151rz\u00e9se, 2021.<\/a>&nbsp;<\/li>\n<\/ul>\n<\/li>\n<\/ul>\n<\/li>\n<\/ul>\n<p style=\"padding-left: 80px;\">III. Egy\u00e9b ellen\u0151rz\u00e9sek, vizsg\u00e1latok (nem relev\u00e1ns)&nbsp;<\/p>\n<p style=\"padding-left: 80px;\">IV.&nbsp;A m\u0171k\u00f6d\u00e9s eredm\u00e9nyess\u00e9ge, teljes\u00edtm\u00e9ny (utols\u00f3 m\u00f3dos\u00edt\u00e1s: 2025.02.18.)&nbsp;<\/p>\n<ul>\n<li style=\"list-style-type: none;\">\n<ul>\n<li style=\"list-style-type: none;\">\n<ul>\n<li><a href=\"https:\/\/blog.justhvk.hu\/blog\/beszamolok\/\">\u00c9ves szakmai besz\u00e1mol\u00f3k<\/a>&nbsp;<\/li>\n<\/ul>\n<\/li>\n<\/ul>\n<\/li>\n<\/ul>\n<p style=\"padding-left: 80px;\">V.&nbsp;<a href=\"https:\/\/blog.justhvk.hu\/blog\/statisztikai-adatok\/\">M\u0171k\u00f6d\u00e9si statisztika<\/a> (utols\u00f3 m\u00f3dos\u00edt\u00e1s: 2026.01.30.)&nbsp;<\/p>\n<p style=\"padding-left: 40px;\">3.2. K\u00f6lts\u00e9gvet\u00e9sek, besz\u00e1mol\u00f3k<\/p>\n<p style=\"padding-left: 80px;\">I. <a href=\"https:\/\/blog.justhvk.hu\/blog\/koltsegvetes\/\">\u00c9ves k\u00f6lts\u00e9gvet\u00e9sek<\/a> (utols\u00f3 m\u00f3dos\u00edt\u00e1s: 2025.02.18.)&nbsp;<\/p>\n<p style=\"padding-left: 80px;\">II. <a href=\"https:\/\/blog.justhvk.hu\/blog\/beszamolok\/\">Sz\u00e1mviteli besz\u00e1mol\u00f3k<\/a> (utols\u00f3 m\u00f3dos\u00edt\u00e1s: 2025.02.18.)&nbsp;<\/p>\n<p style=\"padding-left: 80px;\">III. <a href=\"https:\/\/blog.justhvk.hu\/blog\/a-koltsegvetes-vegrehajtasa\/\">K\u00f6zz\u00e9t\u00e9teli egys\u00e9g: A k\u00f6lts\u00e9gvet\u00e9s v\u00e9grehajt\u00e1sa<\/a> (utols\u00f3 m\u00f3dos\u00edt\u00e1s: 2025.02.18.)&nbsp;<\/p>\n<p style=\"padding-left: 40px;\">3.3. K\u00f6lts\u00e9gvet\u00e9sek, besz\u00e1mol\u00f3k<\/p>\n<p style=\"padding-left: 80px;\">I. A foglalkoztatottak (utols\u00f3 m\u00f3dos\u00edt\u00e1s: 2025.11.10.)&nbsp;<\/p>\n<ol>\n<li style=\"list-style-type: none;\">\n<ol>\n<li style=\"list-style-type: none;\">\n<ol>\n<li>\n<p><a href=\"https:\/\/blog.justhvk.hu\/blog\/wp-content\/uploads\/2025\/11\/foglalkoztatottak_2025_03.pdf\">A k\u00f6zfeladatot ell\u00e1t\u00f3 szervn\u00e9l foglalkoztatottak l\u00e9tsz\u00e1ma \u00e9s szem\u00e9lyi juttat\u00e1saira vonatkoz\u00f3 \u00f6sszes\u00edtett adatok<\/a><\/p>\n<\/li>\n<li>\n<p><a href=\"https:\/\/blog.justhvk.hu\/blog\/wp-content\/uploads\/2025\/11\/foglalkoztatottak_2025_03.pdf\">A vezet\u0151k \u00e9s a vezet\u0151 tiszts\u00e9gvisel\u0151k illetm\u00e9nye, munkab\u00e9re, \u00e9s rendszeres juttat\u00e1sai, valamint k\u00f6lts\u00e9gt\u00e9r\u00edt\u00e9se \u00f6sszes\u00edtett \u00f6sszege<\/a><\/p>\n<\/li>\n<li>\n<p>Az egy\u00e9b alkalmazottaknak ny\u00fajtott juttat\u00e1sok fajt\u00e1ja \u00e9s m\u00e9rt\u00e9ke \u00f6sszes\u00edtve (nem relev\u00e1ns)&nbsp;<\/p>\n<\/li>\n<\/ol>\n<\/li>\n<\/ol>\n<\/li>\n<\/ol>\n<p style=\"padding-left: 80px;\">II. T\u00e1mogat\u00e1sok (nem relev\u00e1ns)&nbsp;<\/p>\n<p style=\"padding-left: 80px;\">III. Szerz\u0151d\u00e9sek (nem relev\u00e1ns)&nbsp;<\/p>\n<p style=\"padding-left: 80px;\">IV. Koncesszi\u00f3k (nem relev\u00e1ns)&nbsp;<\/p>\n<p style=\"padding-left: 80px;\">V. Egy\u00e9b kifizet\u00e9sek (nem relev\u00e1ns)<\/p>\n<p style=\"padding-left: 80px;\">VI. Eur\u00f3pai Uni\u00f3 \u00e1ltal t\u00e1mogatott fejleszt\u00e9sek (utols\u00f3 m\u00f3dos\u00edt\u00e1s: 2022.05.24.)&nbsp;<\/p>\n<ul>\n<li style=\"list-style-type: none;\">\n<ul>\n<li style=\"list-style-type: none;\">\n<ul>\n<li>K\u00f6nyvt\u00e1r \u2013 Ahol az olvas\u00f3 terem(t)\u2026 (<a href=\"https:\/\/www.justhvk.hu\/blog\/?page_id=15007\">EFOP-3.3.2-16-2016-00285<\/a>)<\/li>\n<li>Buta vagyok \u00e9n Karak? Nem vagy buta csak m\u00e9g keveset tudsz\u201d Kultur\u00e1lis szakemberek k\u00e9pz\u00e9se a szolg\u00e1ltat\u00e1sfejleszt\u00e9s \u00e9rdek\u00e9ben&nbsp;(<a href=\"https:\/\/www.justhvk.hu\/blog\/?page_id=9446\">TAMOP \u2013 3.2.12-12\/1\/KMR<\/a>)<\/li>\n<li>Olvas\u00f3 O\u00e1zis &#8211; Tud\u00e1s \u00e9s kult\u00fara a k\u00f6nyvt\u00e1rban (<a href=\"https:\/\/www.justhvk.hu\/blog\/?page_id=9543\">T\u00c1MOP-3.2.4-08\/1-2009-0035<\/a>)<\/li>\n<li>Orosh\u00e1za-T\u00f3tkoml\u00f3s konzorciuma (<a href=\"https:\/\/www.justhvk.hu\/blog\/?page_id=9548\">TIOP-1.2.3-09\/1-2009-0007<\/a>)<\/li>\n<\/ul>\n<\/li>\n<\/ul>\n<\/li>\n<\/ul>\n<p style=\"padding-left: 80px;\">VII. K\u00f6zz\u00e9t\u00e9teli egys\u00e9g: K\u00f6zbeszerz\u00e9s (nem relev\u00e1ns)<\/p>\n<p><strong>Archiv\u00e1lt dokumentumok: <\/strong><a href=\"https:\/\/blog.justhvk.hu\/blog\/archivum\/\">https:\/\/blog.justhvk.hu\/blog\/archivum\/<\/a><\/p>\n<p><strong>Adatk\u00f6zl\u0151 \u00e9s adatfelel\u0151s<\/strong>: Buzai Csaba k\u00f6nyvt\u00e1rigazgat\u00f3&nbsp;<\/p>\n<p><strong>\u00c1ltal\u00e1nos k\u00f6zhaszn\u00fa adatok<\/strong><\/p>\n<p>A k\u00f6zadatt\u00e1r el\u00e9rhet\u0151 az al\u00e1bbi k\u00e9pre kattintva:&nbsp;<\/p>\n<div class=\"wp-block-image\">\n<div class=\"wp-block-image\"><a href=\"https:\/\/www.kozadattar.hu\/\"><img loading=\"lazy\" decoding=\"async\" class=\"wpa-warning wpa-image-missing-alt aligncenter size-full wp-image-43398\" src=\"https:\/\/blog.justhvk.hu\/blog\/wp-content\/uploads\/2025\/08\/kozadattar.png\" alt=\"\" width=\"237\" height=\"65\" data-warning=\"Missing alt text\"><\/a><\/div>\n<\/div>\n<div>&nbsp;<\/div>\n<div>\n<p>Az egys\u00e9ges k\u00f6zadatkeres\u0151 rendszer el\u00e9rhet\u0151 az al\u00e1bbi k\u00e9pre kattintva:&nbsp;<\/p>\n<div class=\"wp-block-image\"><a href=\"https:\/\/kozadat.hu\/\"><img loading=\"lazy\" decoding=\"async\" class=\"wpa-warning wpa-image-missing-alt aligncenter size-full wp-image-42659\" src=\"https:\/\/blog.justhvk.hu\/blog\/wp-content\/uploads\/2025\/07\/kozadatkereso_logo_0.gif\" alt=\"\" width=\"237\" height=\"65\" data-warning=\"Missing alt text\"><\/a><\/div>\n<\/div>\n\n\n<p><\/p>\n<div class=\"fcbkbttn_buttons_block\" id=\"fcbkbttn_left\"><div class=\"fcbkbttn_like \"><fb:like href=\"https:\/\/blog.justhvk.hu\/blog\/dokumentumok\/\" action=\"like\" colorscheme=\"light\" layout=\"button_count\"  size=\"small\"><\/fb:like><\/div><div class=\"fb-share-button  \" data-href=\"https:\/\/blog.justhvk.hu\/blog\/dokumentumok\/\" data-type=\"button_count\" data-size=\"small\"><\/div><\/div>","protected":false},"excerpt":{"rendered":"<p>1. Szervezeti, szem\u00e9lyzeti adatok 1.1. Kapcsolat, szervezet, vezet\u0151k I. El\u00e9rhet\u0151s\u00e9gi adatok (utols\u00f3 m\u00f3dos\u00edt\u00e1s: 2025.01.01.)&nbsp; II. A szervezeti strukt\u00fara (utols\u00f3 m\u00f3dos\u00edt\u00e1s: 2025.11.15.)&nbsp; III. A szerv vezet\u0151i (utols\u00f3 m\u00f3dos\u00edt\u00e1s: 2024.01.01.)&nbsp; 1.2. A fel\u00fcgyelt k\u00f6lts\u00e9gvet\u00e9si szervek (nem relev\u00e1ns)&nbsp; 1.3. Gazd\u00e1lkod\u00f3 szervezetek (nem relev\u00e1ns)&nbsp; 1.4. K\u00f6zalap\u00edtv\u00e1nyok (nem relev\u00e1ns)&nbsp; 1.5. Lapok (nem relev\u00e1ns)&nbsp; 1.6.&nbsp; Felettes, fel\u00fcgyeleti, t\u00f6rv\u00e9nyess\u00e9gi ellen\u0151rz\u00e9st vagy fel\u00fcgyeletet [&hellip;]<\/p>\n","protected":false},"author":5,"featured_media":0,"parent":0,"menu_order":1,"comment_status":"open","ping_status":"closed","template":"","meta":{"episode_type":"","audio_file":"","cover_image":"","cover_image_id":"","duration":"","filesize":"","date_recorded":"","explicit":"","block":"","filesize_raw":"","ngg_post_thumbnail":0,"footnotes":""},"class_list":["post-8381","page","type-page","status-publish","hentry"],"_links":{"self":[{"href":"https:\/\/blog.justhvk.hu\/blog\/wp-json\/wp\/v2\/pages\/8381","targetHints":{"allow":["GET"]}}],"collection":[{"href":"https:\/\/blog.justhvk.hu\/blog\/wp-json\/wp\/v2\/pages"}],"about":[{"href":"https:\/\/blog.justhvk.hu\/blog\/wp-json\/wp\/v2\/types\/page"}],"author":[{"embeddable":true,"href":"https:\/\/blog.justhvk.hu\/blog\/wp-json\/wp\/v2\/users\/5"}],"replies":[{"embeddable":true,"href":"https:\/\/blog.justhvk.hu\/blog\/wp-json\/wp\/v2\/comments?post=8381"}],"version-history":[{"count":214,"href":"https:\/\/blog.justhvk.hu\/blog\/wp-json\/wp\/v2\/pages\/8381\/revisions"}],"predecessor-version":[{"id":46407,"href":"https:\/\/blog.justhvk.hu\/blog\/wp-json\/wp\/v2\/pages\/8381\/revisions\/46407"}],"wp:attachment":[{"href":"https:\/\/blog.justhvk.hu\/blog\/wp-json\/wp\/v2\/media?parent=8381"}],"curies":[{"name":"wp","href":"https:\/\/api.w.org\/{rel}","templated":true}]}}