{"id":8529,"date":"2013-10-03T06:41:42","date_gmt":"2013-10-03T06:41:42","guid":{"rendered":"http:\/\/blog.justhvk.hu\/?page_id=8529"},"modified":"2016-10-10T13:37:47","modified_gmt":"2016-10-10T13:37:47","slug":"kerdezd-a-konyvtarost","status":"publish","type":"page","link":"https:\/\/blog.justhvk.hu\/blog\/kerdezd-a-konyvtarost\/","title":{"rendered":"K\u00e9rdezd a k\u00f6nyvt\u00e1rost!"},"content":{"rendered":"<p><iframe loading=\"lazy\" src=\"https:\/\/docs.google.com\/forms\/d\/1E1Fz3_LPXb4p-YYPCsRsHpimQRVqFxMxcmHwRXbd0RY\/viewform?embedded=true\" height=\"1000\" width=\"600\" frameborder=\"0\" marginwidth=\"0\" marginheight=\"0\"><\/iframe><\/p>\n<div class=\"fcbkbttn_buttons_block\" id=\"fcbkbttn_left\"><div class=\"fcbkbttn_like \"><fb:like href=\"https:\/\/blog.justhvk.hu\/blog\/kerdezd-a-konyvtarost\/\" action=\"like\" colorscheme=\"light\" layout=\"button_count\"  size=\"small\"><\/fb:like><\/div><div class=\"fb-share-button  \" data-href=\"https:\/\/blog.justhvk.hu\/blog\/kerdezd-a-konyvtarost\/\" data-type=\"button_count\" data-size=\"small\"><\/div><\/div>","protected":false},"excerpt":{"rendered":"","protected":false},"author":5,"featured_media":0,"parent":0,"menu_order":0,"comment_status":"open","ping_status":"open","template":"","meta":{"episode_type":"","audio_file":"","cover_image":"","cover_image_id":"","duration":"","filesize":"","date_recorded":"","explicit":"","block":"","filesize_raw":"","ngg_post_thumbnail":0,"footnotes":""},"class_list":["post-8529","page","type-page","status-publish","hentry"],"_links":{"self":[{"href":"https:\/\/blog.justhvk.hu\/blog\/wp-json\/wp\/v2\/pages\/8529","targetHints":{"allow":["GET"]}}],"collection":[{"href":"https:\/\/blog.justhvk.hu\/blog\/wp-json\/wp\/v2\/pages"}],"about":[{"href":"https:\/\/blog.justhvk.hu\/blog\/wp-json\/wp\/v2\/types\/page"}],"author":[{"embeddable":true,"href":"https:\/\/blog.justhvk.hu\/blog\/wp-json\/wp\/v2\/users\/5"}],"replies":[{"embeddable":true,"href":"https:\/\/blog.justhvk.hu\/blog\/wp-json\/wp\/v2\/comments?post=8529"}],"version-history":[{"count":6,"href":"https:\/\/blog.justhvk.hu\/blog\/wp-json\/wp\/v2\/pages\/8529\/revisions"}],"predecessor-version":[{"id":12282,"href":"https:\/\/blog.justhvk.hu\/blog\/wp-json\/wp\/v2\/pages\/8529\/revisions\/12282"}],"wp:attachment":[{"href":"https:\/\/blog.justhvk.hu\/blog\/wp-json\/wp\/v2\/media?parent=8529"}],"curies":[{"name":"wp","href":"https:\/\/api.w.org\/{rel}","templated":true}]}}