{"id":9020,"date":"2014-03-10T12:27:26","date_gmt":"2014-03-10T12:27:26","guid":{"rendered":"http:\/\/blog.justhvk.hu\/?page_id=9020"},"modified":"2025-05-26T12:14:43","modified_gmt":"2025-05-26T12:14:43","slug":"iskolai-kozossegi-szolgalat","status":"publish","type":"page","link":"https:\/\/blog.justhvk.hu\/blog\/konyvtar-infok\/iskolai-kozossegi-szolgalat\/","title":{"rendered":"Iskolai K\u00f6z\u00f6ss\u00e9gi Szolg\u00e1lat"},"content":{"rendered":"<p>Kedves di\u00e1kok, tisztelt pedag\u00f3gusok!<\/p>\n<p style=\"text-align: left;\"><em>A nemzeti k\u00f6znevel\u00e9sr\u0151l sz\u00f3l\u00f3 2011. \u00e9vi CXC. t\u00f6rv\u00e9ny<\/em><\/p>\n<p style=\"text-align: left;\"><em>4. \u00a7 (13) bekezd\u00e9s: A \u201ek\u00f6z\u00f6ss\u00e9gi szolg\u00e1lat: szoci\u00e1lis, k\u00f6rnyezetv\u00e9delmi, a tanul\u00f3 helyi k\u00f6z\u00f6ss\u00e9g\u00e9nek jav\u00e1t szolg\u00e1l\u00f3, szervezett keretek k\u00f6z\u00f6tt folytatott, anyagi \u00e9rdekt\u0151l f\u00fcggetlen, egy\u00e9ni vagy csoportos tev\u00e9kenys\u00e9g \u00e9s annak pedag\u00f3giai feldolgoz\u00e1sa\u201d.<\/em><\/p>\n<p style=\"text-align: left;\"><em>6. \u00a7 (4) bekezd\u00e9s: \u201eAz \u00e9retts\u00e9gi bizony\u00edtv\u00e1ny kiad\u00e1s\u00e1nak felt\u00e9tele 50 \u00f3ra k\u00f6z\u00f6ss\u00e9gi szolg\u00e1lat elv\u00e9gz\u00e9s\u00e9nek igazol\u00e1sa. A feln\u0151ttoktat\u00e1s keret\u00e9ben szervezett \u00e9retts\u00e9gi vizsga eset\u00e9ben k\u00f6z\u00f6ss\u00e9gi szolg\u00e1lat v\u00e9gz\u00e9s\u00e9nek igazol\u00e1sa n\u00e9lk\u00fcl is meg lehet kezdeni az \u00e9retts\u00e9gi vizsg\u00e1t. A saj\u00e1tos nevel\u00e9si ig\u00e9ny\u0171 tanul\u00f3k eset\u00e9ben a szak\u00e9rt\u0151i bizotts\u00e1g ez ir\u00e1ny\u00fa javaslata alapj\u00e1n a k\u00f6z\u00f6ss\u00e9gi szolg\u00e1lat mell\u0151zhet\u0151.\u201d<\/em><\/p>\n<p>Az el\u0151zetes egyeztet\u00e9st k\u00f6vet\u0151en k\u00f6nyvt\u00e1runkban is lehet\u0151s\u00e9g van az 50 \u00f3r\u00e1s k\u00f6z\u00f6ss\u00e9gi szolg\u00e1lat elv\u00e9gz\u00e9s\u00e9re (a r\u00e9szletes tudnival\u00f3k a programr\u00f3l <a href=\"https:\/\/www.oktatas.hu\/kozneveles\/iskolai_kozossegi_szolgalat\/gyik\">itt olvashat\u00f3k<\/a>)<\/p>\n<p>A k\u00f6vetkez\u0151 tev\u00e9kenys\u00e9gek szervez\u00e9s\u00e9ben, elv\u00e9gz\u00e9s\u00e9ben sz\u00e1m\u00edtunk a di\u00e1kok seg\u00edts\u00e9g\u00e9re:<\/p>\n<ul>\n<li>Kattints vel\u00fcnk! Mint ahogy 2016 \u00f3ta minden \u00e9vben, az iskolai k\u00f6z\u00f6ss\u00e9gi szolg\u00e1lat keret\u00e9ben n\u00e1lunk dolgoz\u00f3 di\u00e1kok k\u00f6zrem\u0171k\u00f6d\u00e9s\u00e9vel id\u00e9n ny\u00e1ron is seg\u00edts\u00e9get ny\u00fajtunk az id\u0151sebb koroszt\u00e1ly sz\u00e1m\u00e1ra a sz\u00e1m\u00edt\u00f3g\u00e9p, a mobiltelefonok \u00e9s az internet haszn\u00e1lat\u00e1nak elsaj\u00e1t\u00edt\u00e1s\u00e1ban.<\/li>\n<\/ul>\n<div class=\"wp-block-image\"><a href=\"https:\/\/blog.justhvk.hu\/blog\/wp-content\/uploads\/2024\/06\/kattints_velunk_2024_web.jpg\"><img loading=\"lazy\" decoding=\"async\" class=\"wpa-warning wpa-image-missing-alt aligncenter size-medium wp-image-35218\" src=\"https:\/\/blog.justhvk.hu\/blog\/wp-content\/uploads\/2024\/06\/kattints_velunk_2024_web-212x300.jpg\" alt=\"\" width=\"212\" height=\"300\" data-warning=\"Missing alt text\" srcset=\"https:\/\/blog.justhvk.hu\/blog\/wp-content\/uploads\/2024\/06\/kattints_velunk_2024_web-212x300.jpg 212w, https:\/\/blog.justhvk.hu\/blog\/wp-content\/uploads\/2024\/06\/kattints_velunk_2024_web-724x1024.jpg 724w, https:\/\/blog.justhvk.hu\/blog\/wp-content\/uploads\/2024\/06\/kattints_velunk_2024_web-768x1086.jpg 768w, https:\/\/blog.justhvk.hu\/blog\/wp-content\/uploads\/2024\/06\/kattints_velunk_2024_web.jpg 794w\" sizes=\"auto, (max-width: 212px) 100vw, 212px\" \/><\/a><\/div>\n<ul>\n<li>NETREVAL\u00d3K. A fiatalabb gener\u00e1ci\u00f3 seg\u00edt az id\u0151sebbeknek a digit\u00e1lis vil\u00e1g megismer\u00e9s\u00e9ben! A Netreval\u00f3k program egy \u00fajszer\u0171 kezdem\u00e9nyez\u00e9s, ami arr\u00f3l sz\u00f3l, hogy k\u00f6z\u00e9piskol\u00e1s di\u00e1kok tan\u00edtanak id\u0151seket a digit\u00e1lis eszk\u00f6z\u00f6k \u00e9s az internet haszn\u00e1lat\u00e1ra az iskolai k\u00f6z\u00f6ss\u00e9gi szolg\u00e1latos \u00f3r\u00e1k fej\u00e9ben. Az ingyenes foglalkoz\u00e1sokon a nyugd\u00edjasoknak lehet\u0151s\u00e9g\u00fck van k\u00e9rd\u00e9seket feltenni, az \u0151ket \u00e9rint\u0151 probl\u00e9m\u00e1k megold\u00e1s\u00e1ban seg\u00edts\u00e9get k\u00e9rni, gyakorolni vagy ism\u00e9telni.<\/li>\n<\/ul>\n<div class=\"wp-block-image\">&nbsp;<\/div>\n<div class=\"wp-block-image\" style=\"text-align: center;\">\n<div class=\"wp-block-image\"><a href=\"https:\/\/blog.justhvk.hu\/blog\/wp-content\/uploads\/2024\/05\/netrevalok-plakat-2024-c-web.png\"><img loading=\"lazy\" decoding=\"async\" class=\"wpa-warning wpa-image-missing-alt aligncenter size-medium wp-image-33061\" src=\"https:\/\/blog.justhvk.hu\/blog\/wp-content\/uploads\/2024\/05\/netrevalok-plakat-2024-c-web-212x300.png\" alt=\"\" width=\"212\" height=\"300\" data-warning=\"Missing alt text\" srcset=\"https:\/\/blog.justhvk.hu\/blog\/wp-content\/uploads\/2024\/05\/netrevalok-plakat-2024-c-web-212x300.png 212w, https:\/\/blog.justhvk.hu\/blog\/wp-content\/uploads\/2024\/05\/netrevalok-plakat-2024-c-web-724x1024.png 724w, https:\/\/blog.justhvk.hu\/blog\/wp-content\/uploads\/2024\/05\/netrevalok-plakat-2024-c-web-768x1086.png 768w, https:\/\/blog.justhvk.hu\/blog\/wp-content\/uploads\/2024\/05\/netrevalok-plakat-2024-c-web.png 794w\" sizes=\"auto, (max-width: 212px) 100vw, 212px\" \/><\/a><\/div>\n<\/div>\n<ul>\n<li>gyermekk\u00f6nyvt\u00e1ri j\u00e1tsz\u00f3h\u00e1zakra el\u0151k\u00e9sz\u00edt\u00e9s, j\u00e1tsz\u00f3h\u00e1zak lebonyol\u00edt\u00e1s\u00e1ban seg\u00edts\u00e9g<\/li>\n<li>napilapok, foly\u00f3iratok sorba rendez\u00e9se<\/li>\n<li>\u00faj k\u00f6nyvekbe, dokumentumokba b\u00e9lyegz\u0151k, matric\u00e1k elhelyez\u00e9se a megfelel\u0151 helyekre<\/li>\n<li>helyismereti anyagok (k\u00f6nyvek, cikkek) digitaliz\u00e1l\u00e1s\u00e1ban k\u00f6zrem\u0171k\u00f6d\u00e9s, szkennel\u00e9s<\/li>\n<li>k\u00f6nyvt\u00e1ri rendezv\u00e9nyeken terem berendez\u00e9se, fot\u00f3k k\u00e9sz\u00edt\u00e9se<\/li>\n<li>gyermekk\u00f6nyvt\u00e1rban legkisebb olvas\u00f3kkal foglalkoz\u00e1s<\/li>\n<li>ig\u00e9ny eset\u00e9n olvas\u00f3kkal besz\u00e9lget\u00e9s, k\u00f6nyvt\u00e1rban k\u00f6rbevezet\u00e9s<\/li>\n<li>egy\u00e9b, saj\u00e1t kreat\u00edv olvas\u00e1sn\u00e9pszer\u0171s\u00edt\u0151 \u00f6tletek megoszt\u00e1sa, megval\u00f3s\u00edt\u00e1sa<\/li>\n<\/ul>\n<p>Egyszerre legfeljebb n\u00e9gy di\u00e1kot tudunk foglalkoztatni, el\u0151zetes szem\u00e9lyes egyeztet\u00e9s mindenk\u00e9ppen sz\u00fcks\u00e9ges.<\/p>\n<div class=\"fcbkbttn_buttons_block\" id=\"fcbkbttn_left\"><div class=\"fcbkbttn_like \"><fb:like href=\"https:\/\/blog.justhvk.hu\/blog\/konyvtar-infok\/iskolai-kozossegi-szolgalat\/\" action=\"like\" colorscheme=\"light\" layout=\"button_count\"  size=\"small\"><\/fb:like><\/div><div class=\"fb-share-button  \" data-href=\"https:\/\/blog.justhvk.hu\/blog\/konyvtar-infok\/iskolai-kozossegi-szolgalat\/\" data-type=\"button_count\" data-size=\"small\"><\/div><\/div>","protected":false},"excerpt":{"rendered":"<p>Kedves di\u00e1kok, tisztelt pedag\u00f3gusok! A nemzeti k\u00f6znevel\u00e9sr\u0151l sz\u00f3l\u00f3 2011. \u00e9vi CXC. t\u00f6rv\u00e9ny 4. \u00a7 (13) bekezd\u00e9s: A \u201ek\u00f6z\u00f6ss\u00e9gi szolg\u00e1lat: szoci\u00e1lis, k\u00f6rnyezetv\u00e9delmi, a tanul\u00f3 helyi k\u00f6z\u00f6ss\u00e9g\u00e9nek jav\u00e1t szolg\u00e1l\u00f3, szervezett keretek k\u00f6z\u00f6tt folytatott, anyagi \u00e9rdekt\u0151l f\u00fcggetlen, egy\u00e9ni vagy csoportos tev\u00e9kenys\u00e9g \u00e9s annak pedag\u00f3giai feldolgoz\u00e1sa\u201d. 6. \u00a7 (4) bekezd\u00e9s: \u201eAz \u00e9retts\u00e9gi bizony\u00edtv\u00e1ny kiad\u00e1s\u00e1nak felt\u00e9tele 50 \u00f3ra k\u00f6z\u00f6ss\u00e9gi szolg\u00e1lat [&hellip;]<\/p>\n","protected":false},"author":5,"featured_media":0,"parent":6470,"menu_order":0,"comment_status":"open","ping_status":"open","template":"","meta":{"episode_type":"","audio_file":"","cover_image":"","cover_image_id":"","duration":"","filesize":"","date_recorded":"","explicit":"","block":"","filesize_raw":"","ngg_post_thumbnail":0,"footnotes":""},"class_list":["post-9020","page","type-page","status-publish","hentry"],"_links":{"self":[{"href":"https:\/\/blog.justhvk.hu\/blog\/wp-json\/wp\/v2\/pages\/9020","targetHints":{"allow":["GET"]}}],"collection":[{"href":"https:\/\/blog.justhvk.hu\/blog\/wp-json\/wp\/v2\/pages"}],"about":[{"href":"https:\/\/blog.justhvk.hu\/blog\/wp-json\/wp\/v2\/types\/page"}],"author":[{"embeddable":true,"href":"https:\/\/blog.justhvk.hu\/blog\/wp-json\/wp\/v2\/users\/5"}],"replies":[{"embeddable":true,"href":"https:\/\/blog.justhvk.hu\/blog\/wp-json\/wp\/v2\/comments?post=9020"}],"version-history":[{"count":12,"href":"https:\/\/blog.justhvk.hu\/blog\/wp-json\/wp\/v2\/pages\/9020\/revisions"}],"predecessor-version":[{"id":42189,"href":"https:\/\/blog.justhvk.hu\/blog\/wp-json\/wp\/v2\/pages\/9020\/revisions\/42189"}],"up":[{"embeddable":true,"href":"https:\/\/blog.justhvk.hu\/blog\/wp-json\/wp\/v2\/pages\/6470"}],"wp:attachment":[{"href":"https:\/\/blog.justhvk.hu\/blog\/wp-json\/wp\/v2\/media?parent=9020"}],"curies":[{"name":"wp","href":"https:\/\/api.w.org\/{rel}","templated":true}]}}