{"id":9390,"date":"2014-06-30T08:55:12","date_gmt":"2014-06-30T08:55:12","guid":{"rendered":"https:\/\/www.justhvk.hu\/blog\/?page_id=9390"},"modified":"2026-04-01T09:33:08","modified_gmt":"2026-04-01T09:33:08","slug":"folyoiratok-jegyzeke","status":"publish","type":"page","link":"https:\/\/blog.justhvk.hu\/blog\/konyvtar-infok\/folyoiratok-jegyzeke\/","title":{"rendered":"Foly\u00f3iratok jegyz\u00e9ke"},"content":{"rendered":"<p><strong>A k\u00f6nyvt\u00e1runkba 2026-ban el\u0151fizetett napilapok, foly\u00f3iratok jegyz\u00e9ke<\/strong><\/p>\n<p>Napilapok&nbsp;<\/p>\n<ul>\n<li><a href=\"http:\/\/www.beol.hu\/\">B\u00e9k\u00e9s Megyei H\u00edrlap<\/a><\/li>\n<li><a href=\"http:\/\/www.blikk.hu\/\">B<\/a><a href=\"http:\/\/www.blikk.hu\/\">likk<\/a><\/li>\n<li><a href=\"https:\/\/magyarnemzet.hu\/\">Magyar Nemzet<\/a>&nbsp;<\/li>\n<li><a style=\"background-color: #ffffff;\" href=\"http:\/\/www.nemzetisport.hu\/\">Nemzeti Sport<\/a><\/li>\n<li><a href=\"https:\/\/nepszava.hu\/\">N\u00e9pszava<\/a>&nbsp;<\/li>\n<\/ul>\n<p>Foly\u00f3iratok&nbsp;<\/p>\n<ul>\n<li><a href=\"http:\/\/www.iqmedia.hu\/?3evezred=3-evezred-72016\"><span style=\"line-height: 1.5em;\">3. \u00e9vezred<\/span><\/a><\/li>\n<li><a href=\"https:\/\/www.5percangol.hu\/\">5 perc angol<\/a><\/li>\n<li><a href=\"http:\/\/ketezer.hu\/\">2000<\/a><\/li>\n<li><a href=\"http:\/\/www.aetas.hu\/\">Aetas<\/a><\/li>\n<li><a style=\"line-height: 1.5em;\" href=\"http:\/\/www.alfoldfolyoirat.hu\/\">Alf\u00f6ld<\/a><\/li>\n<li><a href=\"http:\/\/www.automotor.hu\/\">Aut\u00f3 Motor<\/a><\/li>\n<li><a href=\"http:\/\/balkon.art\/home\/\">Balkon<\/a><\/li>\n<li><a style=\"line-height: 1.5em;\" href=\"http:\/\/www.barkaonline.hu\/\">B\u00e1rka<\/a><\/li>\n<li><a href=\"https:\/\/www.facebook.com\/BBCHistoryMagazin\/\">BBC History<\/a>&nbsp;<\/li>\n<li><a style=\"line-height: 1.5em;\" href=\"http:\/\/www.burda.hu\/\">Burda<\/a><\/li>\n<li><a style=\"line-height: 1.5em;\" href=\"http:\/\/www.csaladilap.hu\/\">Csal\u00e1di lap<\/a><\/li>\n<li><a style=\"line-height: 1.5em;\" href=\"http:\/\/anyanyelvapolo.hu\/edes-anyanyelvunk\/\">\u00c9des anyanyelv\u00fcnk<\/a><\/li>\n<li><a style=\"line-height: 1.5em;\" href=\"http:\/\/www.es.hu\/\">\u00c9let \u00e9s irodalom<\/a><\/li>\n<li><a href=\"http:\/\/www.eletestudomany.hu\/\">\u00c9let \u00e9s tudom\u00e1ny<\/a><\/li>\n<li><a href=\"https:\/\/library.hungaricana.hu\/hu\/collection\/helyi_lapok_vas_megye_eletunk\/\">\u00c9let\u00fcnk<\/a><\/li>\n<li><a href=\"http:\/\/ezermester.hu\/\"><span style=\"line-height: 1.5em;\">Ezermester<\/span><\/a><\/li>\n<li><a href=\"https:\/\/www.facebook.com\/fejlesztopedagogia\/\">Fejleszt\u0151 pedag\u00f3gia<\/a><\/li>\n<li><a href=\"http:\/\/www.filmvilag.hu\/\">Filmvil\u00e1g<\/a><\/li>\n<li><a href=\"http:\/\/www.forrasfolyoirat.hu\/\">Forr\u00e1s<\/a><\/li>\n<li><a href=\"http:\/\/forum.index.hu\/Topic\/showTopicList\">F\u00f3rum<\/a><\/li>\n<li><a href=\"http:\/\/www.afoldgomb.hu\/\">A F\u00f6ldg\u00f6mb<\/a><\/li>\n<li><a href=\"http:\/\/galaktika.hu\/\">Galaktika<\/a><\/li>\n<li>Gy\u00f3gypedag\u00f3giai szemle<\/li>\n<li><a style=\"line-height: 1.5em;\" href=\"http:\/\/www.hitelfolyoirat.hu\/\">Hitel<\/a><\/li>\n<li><a href=\"http:\/\/www.hocipo.hu\/\">H\u00f3cip\u0151<\/a><\/li>\n<li><a href=\"http:\/\/hvg.hu\/\">HVG<\/a><\/li>\n<li>HVG Pszichol\u00f3gia<\/li>\n<li><a style=\"line-height: 1.5em;\" href=\"https:\/\/iho.hu\/\">Ind\u00f3h\u00e1z<\/a><\/li>\n<li><a href=\"https:\/\/interpressmagazin.hu\/\">IPM<\/a><\/li>\n<li><a href=\"https:\/\/interpressmagazin.hu\/rovatok\/rejtelyek_es_osszeeskuvesek\/\">IPM Rejt\u00e9lyek<\/a>&nbsp;<\/li>\n<li><a href=\"http:\/\/www.irodalomtortenet.hu\/\">Irodalomt\u00f6rt\u00e9net<\/a><\/li>\n<li><a href=\"http:\/\/itk.iti.mta.hu\/\">Irodalomt\u00f6rt\u00e9neti K\u00f6zlem\u00e9nyek<\/a><\/li>\n<li><a href=\"http:\/\/www.jelenkor.net\/\">Jelenkor<\/a><\/li>\n<li><a href=\"http:\/\/www.kalligramoz.eu\/\">Kalligram<\/a><\/li>\n<li><a href=\"http:\/\/www.kardoskut.hu\/index.php?option=com_content&amp;view=article&amp;id=536&amp;Itemid=143\">Kardosk\u00fati H\u00edrmond\u00f3<\/a><\/li>\n<li><a href=\"http:\/\/www.felvidek.ma\/index.php?option=com_content&amp;task=view&amp;id=59&amp;Itemid=66\">Kassai Figyel\u0151<\/a><\/li>\n<li><a href=\"https:\/\/magyarmezogazdasag.hu\/kertbaratmagazin\">Kertbar\u00e1t Magazin<\/a><\/li>\n<li><a style=\"line-height: 1.5em;\" href=\"http:\/\/www.kiskegyed.hu\/\">Kiskegyed<\/a><\/li>\n<li><a href=\"https:\/\/kiskegyed.blikk.hu\/kiskegyed-konyhaja\">Kiskegyed Konyh\u00e1ja<\/a><\/li>\n<li><a href=\"https:\/\/www.totkomlos-kultura-konyvtar.hu\/index.php\/36-media\/komlos-media\/48-komlos-media\">Koml\u00f3si H\u00edrmond\u00f3<\/a><\/li>\n<li><a style=\"line-height: 1.5em;\" href=\"http:\/\/www.kommentar.info.hu\/\">Komment\u00e1r<\/a><\/li>\n<li><a href=\"http:\/\/www.korall.org\/\">Korall<\/a><\/li>\n<li><a href=\"http:\/\/www.kortarsonline.hu\/\">Kort\u00e1rs<\/a><\/li>\n<li><a href=\"http:\/\/www.korunk.org\/\">Korunk<\/a><\/li>\n<li><a href=\"http:\/\/www.konyv7.hu\/\">K\u00f6nyvh\u00e9t<\/a><\/li>\n<li><a href=\"https:\/\/www.facebook.com\/konyvkultura\/\">K\u00f6nyvkult\u00fara magazin<\/a>&nbsp;<\/li>\n<li><a style=\"line-height: 1.5em;\" href=\"http:\/\/www.lakaskultura.hu\/\">Lak\u00e1skult\u00fara<\/a><\/li>\n<li><a href=\"http:\/\/www.lato.ro\/\">L\u00e1t\u00f3<\/a><\/li>\n<li><a href=\"http:\/\/meonline.hu\/\">Magyar \u00e9p\u00edt\u0151m\u0171v\u00e9szet<\/a><\/li>\n<li><a href=\"http:\/\/www.magyar-iparmuveszet.hu\/\">Magyar iparm\u0171v\u00e9szet<\/a><\/li>\n<li><a href=\"https:\/\/www.magyar-kronika.hu\/\">Magyar kr\u00f3nika<\/a><\/li>\n<li><a href=\"http:\/\/www.magyarmuhely.hu\/\">Magyar m\u0171hely<\/a><\/li>\n<li><a href=\"http:\/\/www.magyarnaplo.hu\/\">Magyar napl\u00f3<\/a><\/li>\n<li><a href=\"http:\/\/magyarnarancs.hu\/\">Magyar narancs<\/a><\/li>\n<li><a style=\"line-height: 1.5em;\" href=\"http:\/\/www.magyarszemle.hu\/\">Magyar szemle<\/a><\/li>\n<li><a href=\"http:\/\/magyarzene.info\/\">Magyar zene<\/a><\/li>\n<li><a href=\"https:\/\/amiotthonunk.hu\/\">Mi otthonunk<\/a>&nbsp;<\/li>\n<li><a href=\"http:\/\/www.mipszi.hu\/\">Mindennapi Pszichol\u00f3gia<\/a><\/li>\n<li><a href=\"http:\/\/szekelyfold.tripod.com\/hargitakiad\/id2.html\">Moldvai Magyars\u00e1g<\/a><\/li>\n<li><a href=\"http:\/\/www.mozgovilag.hu\/\">Mozg\u00f3 vil\u00e1g<\/a><\/li>\n<li><a href=\"https:\/\/mult-kor.hu\/\">M\u00falt-Kor<\/a><\/li>\n<li><a style=\"line-height: 1.5em;\" href=\"http:\/\/muzeumcafe.postr.hu\/\">M\u00fazeumcaf\u00e9<\/a><\/li>\n<li><a href=\"http:\/\/www.etkkft.hu\/folyoiratok\/muemlekvedelem_68\">M<\/a><a href=\"http:\/\/www.kormanyhivatal.hu\/hu\/ugytipusok\/kulturalis-orokseg-vedelmevel-kapcsolatos-ugyek\/a-muemlekvedelem-korebe-tartozo-ugyek\">\u0171eml\u00e9k-V\u00e9delem<\/a><\/li>\n<li>M\u0171hely<\/li>\n<li><a href=\"http:\/\/www.muut.hu\/\">M\u0171\u00fat<\/a><\/li>\n<li><a href=\"http:\/\/www.muvelodes.ro\/\">M\u0171vel\u0151d\u00e9s<\/a><\/li>\n<li><a href=\"http:\/\/www.ng.hu\/fooldal\">National Geographic<\/a><\/li>\n<li><a style=\"line-height: 1.5em;\" href=\"http:\/\/www.neue-zeitung.hu\/\">Neue Zeitung<\/a><\/li>\n<li><a style=\"line-height: 1.5em;\" href=\"http:\/\/www.nlcafe.hu\/\">N\u0151k lapja<\/a><\/li>\n<li><a href=\"http:\/\/www.nlcafe.hu\/egeszseg\/\">N\u0151k lapja Eg\u00e9szs\u00e9g<\/a><\/li>\n<li><a href=\"https:\/\/www.noklapja.hu\/nlevszakok\/\">N\u0151k lapja \u00c9vszakok<\/a><\/li>\n<li><a href=\"http:\/\/noklapja.nlcafe.hu\/ezoteria\/\">N\u0151k lapja Ezot\u00e9ria<\/a><\/li>\n<li><a href=\"http:\/\/noklapja.nlcafe.hu\/konyha\/\">N\u0151k lapja Konyha<\/a><\/li>\n<li><a href=\"http:\/\/www.nyitottszemmel.hu\/\">Nyitott Szemmel<\/a><\/li>\n<li><a href=\"http:\/\/oroscafe.hu\/oroshazi-elet\">Orosh\u00e1zi \u00c9let<\/a><\/li>\n<li><a href=\"http:\/\/church.lutheran.hu\/oroshaza\/index.php?include=harangszo\">Orosh\u00e1zi Harangsz\u00f3<\/a><\/li>\n<li><a href=\"http:\/\/www.sprintkiado.hu\/kiadvanyaink\/magazinok\/ovodai_neveles\">\u00d3vodai Nevel\u00e9s<\/a><\/li>\n<li><a style=\"line-height: 1.5em;\" href=\"http:\/\/www.pannontukor.hu\/\">Pannon t\u00fck\u00f6r<\/a><\/li>\n<li><a style=\"line-height: 1.5em;\" href=\"http:\/\/www.pragaitukor.com\/archive\/pt201205\/index.php\">Pr\u00e1gai t\u00fck\u00f6r<\/a><\/li>\n<li><a href=\"http:\/\/www.praktika.hu\/\">Praktika<\/a><\/li>\n<li><a href=\"https:\/\/praktikawebshop.hu\/magazin-138\/horgolas-145\">Praktika horgol\u00e1s&nbsp;<\/a><\/li>\n<li><a href=\"https:\/\/praktikawebshop.hu\/praktika-keresztszemes-himzes-20211-1348\">Praktika keresztszemes h\u00edmz\u00e9s<\/a>&nbsp;<\/li>\n<li><a href=\"http:\/\/www.radiovilag.hu\/\">R\u00e1di\u00f3technika<\/a><\/li>\n<li><a href=\"http:\/\/ridikulmagazin.hu\/\">Ridik\u00fcl&nbsp;<\/a><\/li>\n<li><a style=\"line-height: 1.5em;\" href=\"http:\/\/www.rubicon.hu\/magyar\/nyitolap\/\">Rubicon<\/a><\/li>\n<li><a href=\"http:\/\/www.runnersworld.hu\/\">Runners World<\/a><\/li>\n<li><a href=\"https:\/\/nlc.hu\/cimke\/story-magazin\/\">Story Magazin<\/a><\/li>\n<li>Szabad F\u00f6ld<\/li>\n<li>A szabads\u00e1g<\/li>\n<li><a style=\"line-height: 1.5em;\" href=\"http:\/\/www.hargitakiado.ro\/\">Sz\u00e9kelyf\u00f6ld<\/a><\/li>\n<li><a href=\"http:\/\/www.szepirodalmifigyelo.hu\/\">Sz\u00e9pirodalmi Figyel\u0151<\/a><\/li>\n<li><a href=\"http:\/\/www.szinhaz.net\/\">Sz\u00ednh\u00e1z<\/a><\/li>\n<li><a href=\"http:\/\/tbuvar.hu\/\">Term\u00e9szetb\u00fav\u00e1r<\/a><\/li>\n<li><a href=\"http:\/\/tgy-magazin.hu\/\">Term\u00e9szetgy\u00f3gy\u00e1sz Magazin<\/a><\/li>\n<li><a href=\"https:\/\/termvil.hu\/\">Term\u00e9szet vil\u00e1ga<\/a><\/li>\n<li><a href=\"http:\/\/tiszatajonline.hu\/\">Tiszat\u00e1j<\/a><\/li>\n<li><a href=\"https:\/\/tti.btk.mta.hu\/kiadvanyok\/folyoiratok\/tortenelmi-szemle\">T\u00f6rt\u00e9nelmi szemle<\/a><\/li>\n<li><a style=\"line-height: 1.5em;\" href=\"https:\/\/ujforras.hu\/\">\u00daj Forr\u00e1s<\/a><\/li>\n<li><a style=\"line-height: 1.5em;\" href=\"http:\/\/www.ujmuveszetfolyoirat.hu\/\">\u00daj M\u0171v\u00e9szet<\/a><\/li>\n<li><a style=\"line-height: 1.5em;\" href=\"http:\/\/www.valosagonline.hu\/\">Val\u00f3s\u00e1g<\/a><\/li>\n<li>Vas\u00e1rnap Reggel<\/li>\n<li><a href=\"https:\/\/www.facebook.com\/verandamagazin\">Veranda Magazin<\/a>&nbsp;<\/li>\n<li><a style=\"line-height: 1.5em;\" href=\"http:\/\/vigilia.hu\/\">Vigilia<\/a><\/li>\n<li><a href=\"https:\/\/tti.btk.mta.hu\/kiadvanyok\/folyoiratok\/vilagtortenet\">Vil\u00e1gt\u00f6rt\u00e9net<\/a><\/li>\n<li><a href=\"http:\/\/www.zene-kar.hu\/\">Zenekar<\/a><\/li>\n<li><a href=\"http:\/\/www.zeneszmagazin.hu\/nyitolap.html\">Zen\u00e9sz Magazin<\/a><\/li>\n<\/ul>\n<p>Gyermek, ifj\u00fas\u00e1gi foly\u00f3iratok<\/p>\n<ul>\n<li><a href=\"http:\/\/www.allatvilagmagazin.hu\/\">\u00c1llatvil\u00e1g<\/a>&nbsp;<\/li>\n<li><a href=\"http:\/\/csodaceruza.hu\/\">Csodaceruza<\/a><\/li>\n<li>Disney hercegn\u0151k&nbsp;<\/li>\n<li><a href=\"http:\/\/dormogodomotor.hu\/\">D\u00f6rm\u00f6g\u0151 D\u00f6m\u00f6t\u00f6r<\/a><\/li>\n<li>Frozen J\u00e9gvar\u00e1zs&nbsp;<\/li>\n<li><a href=\"https:\/\/garfieldmagazin.hu\/\">Garfield magazin<\/a><\/li>\n<li><a href=\"https:\/\/garfieldmagazin.hu\/termekkategoria\/garfield-magazinok\/garfield-kulonszamok\/\">Garfield k\u00fcl\u00f6nsz\u00e1m<\/a>&nbsp;<\/li>\n<li><a href=\"https:\/\/www.facebook.com\/hahota\/\">Hahota<\/a>&nbsp;<\/li>\n<li><a href=\"http:\/\/www.kabocalap.com\/\">Kab\u00f3ca<\/a><\/li>\n<li>Kis F\u00fcles<\/li>\n<li><a href=\"http:\/\/www.szcsa.hu\/koala\/\">Koala<\/a>&nbsp;<\/li>\n<li><a href=\"https:\/\/praktikawebshop.hu\/kreativ-gyermek-elofizetes-eves\">Kreat\u00edv gyermek&nbsp;<\/a><\/li>\n<li>Lego Explorer&nbsp;<\/li>\n<li><a href=\"https:\/\/www.facebook.com\/robotmagazin\/\">Robot Minecraft&nbsp;<\/a><\/li>\n<li><a href=\"https:\/\/ligetmuhely.com\/szitakoto-folyoirat\/\">Szitak\u00f6t\u0151<\/a><\/li>\n<li><a href=\"http:\/\/szivarvanyujsag.tudastar.com\/\">Sziv\u00e1rv\u00e1ny<\/a>&nbsp;<\/li>\n<li>Thomas \u00e9s bar\u00e1tai&nbsp;<\/li>\n<li><a href=\"http:\/\/adatbank.sk\/leveltar\/tucsok\/\">T\u00fccs\u00f6k<\/a><\/li>\n<li><a href=\"https:\/\/vm-magazin.hu\/\">Var\u00e1zslatos Magyarorsz\u00e1g<\/a>&nbsp;<\/li>\n<li>Verd\u00e1k&nbsp;<\/li>\n<\/ul>\n\n\n<p><\/p>\n<div class=\"fcbkbttn_buttons_block\" id=\"fcbkbttn_left\"><div class=\"fcbkbttn_like \"><fb:like href=\"https:\/\/blog.justhvk.hu\/blog\/konyvtar-infok\/folyoiratok-jegyzeke\/\" action=\"like\" colorscheme=\"light\" layout=\"button_count\"  size=\"small\"><\/fb:like><\/div><div class=\"fb-share-button  \" data-href=\"https:\/\/blog.justhvk.hu\/blog\/konyvtar-infok\/folyoiratok-jegyzeke\/\" data-type=\"button_count\" data-size=\"small\"><\/div><\/div>","protected":false},"excerpt":{"rendered":"<p>A k\u00f6nyvt\u00e1runkba 2026-ban el\u0151fizetett napilapok, foly\u00f3iratok jegyz\u00e9ke Napilapok&nbsp; B\u00e9k\u00e9s Megyei H\u00edrlap Blikk Magyar Nemzet&nbsp; Nemzeti Sport N\u00e9pszava&nbsp; Foly\u00f3iratok&nbsp; 3. \u00e9vezred 5 perc angol 2000 Aetas Alf\u00f6ld Aut\u00f3 Motor Balkon B\u00e1rka BBC History&nbsp; Burda Csal\u00e1di lap \u00c9des anyanyelv\u00fcnk \u00c9let \u00e9s irodalom \u00c9let \u00e9s tudom\u00e1ny \u00c9let\u00fcnk Ezermester Fejleszt\u0151 pedag\u00f3gia Filmvil\u00e1g Forr\u00e1s F\u00f3rum A F\u00f6ldg\u00f6mb Galaktika Gy\u00f3gypedag\u00f3giai szemle [&hellip;]<\/p>\n","protected":false},"author":5,"featured_media":0,"parent":6470,"menu_order":0,"comment_status":"open","ping_status":"open","template":"","meta":{"episode_type":"","audio_file":"","cover_image":"","cover_image_id":"","duration":"","filesize":"","date_recorded":"","explicit":"","block":"","filesize_raw":"","ngg_post_thumbnail":0,"footnotes":""},"class_list":["post-9390","page","type-page","status-publish","hentry"],"_links":{"self":[{"href":"https:\/\/blog.justhvk.hu\/blog\/wp-json\/wp\/v2\/pages\/9390","targetHints":{"allow":["GET"]}}],"collection":[{"href":"https:\/\/blog.justhvk.hu\/blog\/wp-json\/wp\/v2\/pages"}],"about":[{"href":"https:\/\/blog.justhvk.hu\/blog\/wp-json\/wp\/v2\/types\/page"}],"author":[{"embeddable":true,"href":"https:\/\/blog.justhvk.hu\/blog\/wp-json\/wp\/v2\/users\/5"}],"replies":[{"embeddable":true,"href":"https:\/\/blog.justhvk.hu\/blog\/wp-json\/wp\/v2\/comments?post=9390"}],"version-history":[{"count":105,"href":"https:\/\/blog.justhvk.hu\/blog\/wp-json\/wp\/v2\/pages\/9390\/revisions"}],"predecessor-version":[{"id":47802,"href":"https:\/\/blog.justhvk.hu\/blog\/wp-json\/wp\/v2\/pages\/9390\/revisions\/47802"}],"up":[{"embeddable":true,"href":"https:\/\/blog.justhvk.hu\/blog\/wp-json\/wp\/v2\/pages\/6470"}],"wp:attachment":[{"href":"https:\/\/blog.justhvk.hu\/blog\/wp-json\/wp\/v2\/media?parent=9390"}],"curies":[{"name":"wp","href":"https:\/\/api.w.org\/{rel}","templated":true}]}}