{"id":9406,"date":"2014-07-02T13:53:25","date_gmt":"2014-07-02T13:53:25","guid":{"rendered":"https:\/\/www.justhvk.hu\/blog\/?page_id=9406"},"modified":"2026-01-30T11:02:24","modified_gmt":"2026-01-30T11:02:24","slug":"statisztikai-adatok","status":"publish","type":"page","link":"https:\/\/blog.justhvk.hu\/blog\/statisztikai-adatok\/","title":{"rendered":"Statisztikai adatok"},"content":{"rendered":"<ul>\n<li><a href=\"https:\/\/blog.justhvk.hu\/blog\/wp-content\/uploads\/2026\/01\/stat_ohaza_gepi_2025_egyben.pdf\">2025-\u00f6s statisztikai adatok<\/a>&nbsp;<\/li>\n<li><a href=\"https:\/\/blog.justhvk.hu\/blog\/wp-content\/uploads\/2025\/01\/stat_ohaza_gepi_2024_egyben.pdf\">2024-es statisztikai adatok<\/a>&nbsp;<\/li>\n<li><a href=\"https:\/\/blog.justhvk.hu\/blog\/wp-content\/uploads\/2024\/02\/stat_ohaza_gepi_2023.pdf\">2023-as statisztikai adatok <\/a><\/li>\n<li><a href=\"https:\/\/blog.justhvk.hu\/blog\/wp-content\/uploads\/2023\/02\/stat_ohaza_gepi_2022.pdf\">2022-es statisztikai adatok&nbsp;<\/a><\/li>\n<li><a href=\"https:\/\/blog.justhvk.hu\/blog\/wp-content\/uploads\/2022\/03\/stat_ohaza_gepi_2021.pdf\">2021-es statisztikai adatok&nbsp;<\/a><\/li>\n<li><a href=\"https:\/\/blog.justhvk.hu\/blog\/wp-content\/uploads\/2021\/02\/stat_ohaza_gepi_2020.pdf\">2020-as statisztikai adatok<\/a><\/li>\n<li><a href=\"https:\/\/blog.justhvk.hu\/blog\/wp-content\/uploads\/2020\/02\/stat_ohaza_gepi_2019.pdf\">2019-es statisztikai adatok <\/a><\/li>\n<li><a href=\"https:\/\/blog.justhvk.hu\/blog\/wp-content\/uploads\/2019\/05\/stat_ohaza_gepi_jo_2018.pdf\">2018-as statisztikai adatok<\/a><\/li>\n<li><a href=\"https:\/\/www.justhvk.hu\/blog\/wp-content\/uploads\/2014\/07\/stat_ohaza_gepi_2017.pdf\">2017-es statisztikai adatok<\/a><\/li>\n<li><a href=\"https:\/\/www.justhvk.hu\/blog\/wp-content\/uploads\/2017\/02\/stat_ohaza_gepi_2016.pdf\">2016-os statisztikai adatok<\/a><\/li>\n<li><a href=\"https:\/\/www.justhvk.hu\/blog\/wp-content\/uploads\/2016\/02\/stat_ohaza_gepi_2015.pdf\">2015-\u00f6s statisztikai adatok<\/a><\/li>\n<li><a href=\"https:\/\/www.justhvk.hu\/blog\/wp-content\/uploads\/2015\/03\/stat_ohaza_gepi_2014.pdf\">2014-es statisztikai adatok<\/a><\/li>\n<\/ul>\n<p><a href=\"https:\/\/konyvtarakadatbazisa.oszk.hu\/library.php?id=512\">Magyarorsz\u00e1gi K\u00f6nyvt\u00e1rak Adatb\u00e1zisa (K\u00f6nyvt\u00e1ri Int\u00e9zet) &gt;&gt;<\/a><\/p>\n<div class=\"fcbkbttn_buttons_block\" id=\"fcbkbttn_left\"><div class=\"fcbkbttn_like \"><fb:like href=\"https:\/\/blog.justhvk.hu\/blog\/statisztikai-adatok\/\" action=\"like\" colorscheme=\"light\" layout=\"button_count\"  size=\"small\"><\/fb:like><\/div><div class=\"fb-share-button  \" data-href=\"https:\/\/blog.justhvk.hu\/blog\/statisztikai-adatok\/\" data-type=\"button_count\" data-size=\"small\"><\/div><\/div>","protected":false},"excerpt":{"rendered":"<p>2025-\u00f6s statisztikai adatok&nbsp; 2024-es statisztikai adatok&nbsp; 2023-as statisztikai adatok 2022-es statisztikai adatok&nbsp; 2021-es statisztikai adatok&nbsp; 2020-as statisztikai adatok 2019-es statisztikai adatok 2018-as statisztikai adatok 2017-es statisztikai adatok 2016-os statisztikai adatok 2015-\u00f6s statisztikai adatok 2014-es statisztikai adatok Magyarorsz\u00e1gi K\u00f6nyvt\u00e1rak Adatb\u00e1zisa (K\u00f6nyvt\u00e1ri Int\u00e9zet) &gt;&gt;<\/p>\n","protected":false},"author":5,"featured_media":0,"parent":0,"menu_order":0,"comment_status":"open","ping_status":"open","template":"","meta":{"episode_type":"","audio_file":"","cover_image":"","cover_image_id":"","duration":"","filesize":"","date_recorded":"","explicit":"","block":"","filesize_raw":"","ngg_post_thumbnail":0,"footnotes":""},"class_list":["post-9406","page","type-page","status-publish","hentry"],"_links":{"self":[{"href":"https:\/\/blog.justhvk.hu\/blog\/wp-json\/wp\/v2\/pages\/9406","targetHints":{"allow":["GET"]}}],"collection":[{"href":"https:\/\/blog.justhvk.hu\/blog\/wp-json\/wp\/v2\/pages"}],"about":[{"href":"https:\/\/blog.justhvk.hu\/blog\/wp-json\/wp\/v2\/types\/page"}],"author":[{"embeddable":true,"href":"https:\/\/blog.justhvk.hu\/blog\/wp-json\/wp\/v2\/users\/5"}],"replies":[{"embeddable":true,"href":"https:\/\/blog.justhvk.hu\/blog\/wp-json\/wp\/v2\/comments?post=9406"}],"version-history":[{"count":18,"href":"https:\/\/blog.justhvk.hu\/blog\/wp-json\/wp\/v2\/pages\/9406\/revisions"}],"predecessor-version":[{"id":46408,"href":"https:\/\/blog.justhvk.hu\/blog\/wp-json\/wp\/v2\/pages\/9406\/revisions\/46408"}],"wp:attachment":[{"href":"https:\/\/blog.justhvk.hu\/blog\/wp-json\/wp\/v2\/media?parent=9406"}],"curies":[{"name":"wp","href":"https:\/\/api.w.org\/{rel}","templated":true}]}}