{"id":9446,"date":"2014-07-03T10:54:30","date_gmt":"2014-07-03T10:54:30","guid":{"rendered":"https:\/\/www.justhvk.hu\/blog\/?page_id=9446"},"modified":"2014-09-08T08:45:52","modified_gmt":"2014-09-08T08:45:52","slug":"palyazati-felhivas","status":"publish","type":"page","link":"https:\/\/blog.justhvk.hu\/blog\/palyazati-felhivas\/","title":{"rendered":"P\u00e1ly\u00e1zati felh\u00edv\u00e1s"},"content":{"rendered":"<p><b>EMIR azonos\u00edt\u00f3ja<\/b>: T\u00c1MOP-3.2.12-12\/1-2012-0032<\/p>\n<p><b>Konstrukci\u00f3 megnevez\u00e9se:<\/b><\/p>\n<p>Kultur\u00e1lis szakemberek tov\u00e1bbk\u00e9pz\u00e9se a szolg\u00e1ltat\u00e1sfejleszt\u00e9s \u00e9rdek\u00e9ben<\/p>\n<p><b>C\u00edme:<\/b> &#8222;Buta vagyok \u00e9n, Karak? &#8211; Nem vagy buta, csak m\u00e9g keveset tudsz.&#8221; Kultur\u00e1lis szakemberek k\u00e9pz\u00e9se a szolg\u00e1ltat\u00e1sfejleszt\u00e9s \u00e9rdek\u00e9ben<\/p>\n<p><b>Projekt r\u00f6vid le\u00edr\u00e1sa:<\/b><\/p>\n<p>A c\u00e9l a k\u00f6nyvt\u00e1r eszk\u00f6zeivel a min\u0151s\u00e9gi \u00e9s es\u00e9lyteremt\u0151 k\u00f6zoktat\u00e1s, valamint az eg\u00e9sz \u00e9leten \u00e1t tart\u00f3 tanul\u00e1s felt\u00e9teleinek jav\u00edt\u00e1sa \u00e9s t\u00e1mogat\u00e1sa.A kultur\u00e1lis szolg\u00e1ltat\u00e1soknak \u00edgy a k\u00f6nyvt\u00e1r szolg\u00e1ltat\u00e1sainak is r\u00e9szben a feln\u0151ttk\u00e9pz\u00e9si programok \u00e9s szolg\u00e1ltat\u00e1sok fejleszt\u00e9s\u00e9vel csatlakozni kezz az eg\u00e9sz \u00e9leten \u00e1t tart\u00f3 tanul\u00e1s t\u00e1mogat\u00e1shoz, ami alapvet\u0151en a h\u00e1tr\u00e1nyos helyzet\u0171 emberek munkar\u0151piaci \u00e9rv\u00e9nyes\u00fcl\u00e9s szempontj\u00e1b\u00f3l relev\u00e1ns kompetenci\u00e1inak fejleszt\u00e9s\u00e9t kell, hogy jelentse.<\/p>\n<p>A k\u00f6nyvt\u00e1ri form\u00e1lis \u00e9s inform\u00e1lis k\u00e9pz\u00e9si szerep\u00e9nek er\u0151s\u00edt\u00e9se:<br \/>\n&#8211; helyi k\u00e9pz\u00e9si \u00e9s tanul\u00e1si sz\u00fcks\u00e9gletek kiszolg\u00e1l\u00e1sa hagyom\u00e1nyos \u00e9s online k\u00f6nyvt\u00e1ri szolg\u00e1ltat\u00e1sok fejleszt\u00e9s\u00e9vel, a pedag\u00f3gusokkal egyeztetett tematika alapj\u00e1n;<br \/>\n&#8211; a t\u00e9rs\u00e9gi \u00e9s helyi szinteken \u0151rz\u00f6tt helyt\u00f6rt\u00e9neti \u00e9s helyismereti dokumentumok feldolgoz\u00e1s\u00e1val k\u00fcl\u00f6nf\u00e9le tematik\u00e1k alapj\u00e1n az oktat\u00e1s sz\u00e1m\u00e1ra tananyagok k\u00e9sz\u00edt\u00e9se;<br \/>\n&#8211; a lakoss\u00e1g inform\u00e1ci\u00f3keres\u00e9si \u00e9s digit\u00e1lis kompetenci\u00e1inak fejleszt\u00e9se \u00e9rdek\u00e9ben k\u00f6nyvt\u00e1ri k\u00e9pz\u00e9si programok lebonyol\u00edt\u00e1sa, az olvas\u00e1si k\u00e9szs\u00e9g \u00e9s az olvas\u00e1skult\u00fara fejleszt\u00e9se \u2013 \u00faj m\u00f3dszerek \u00e9s tematik\u00e1k kidolgoz\u00e1sa<\/p>\n<p><b>Kedvezm\u00e9nyezettek:<\/b><\/p>\n<p style=\"padding-left: 30px;\">Justh Zsigmond V\u00e1rosi K\u00f6nyvt\u00e1r\u00a05900 Orosh\u00e1za, Kossuth utca 3.<\/p>\n<p style=\"padding-left: 30px;\">T\u00f3tkoml\u00f3s V\u00e1ros \u00d6nkorm\u00e1nyzata\u00a05940 T\u00f3tkoml\u00f3s, F\u0151 utca 1.<\/p>\n<p style=\"padding-left: 30px;\">Kardosk\u00fat K\u00f6zs\u00e9g \u00d6nkorm\u00e1nyzata 5945 Kardosk\u00fat, M\u00e1rcius 15. t\u00e9r 3.<\/p>\n<p style=\"padding-left: 30px;\">Pusztaf\u00f6ldv\u00e1r K\u00f6zs\u00e9g \u00d6nkorm\u00e1nyzata 5919 Pusztaf\u00f6ldv\u00e1r, R\u00e1k\u00f3czi u. 66.<\/p>\n<p><b>T\u00e1mogat\u00e1s \u00f6sszege:<\/b> 13 939 814, \u2013 Ft<\/p>\n<p style=\"padding-left: 30px;\">Orosh\u00e1za 8 642 205, &#8211; Ft<\/p>\n<p style=\"padding-left: 30px;\">Kardosk\u00fat 825 407,- Ft<\/p>\n<p style=\"padding-left: 30px;\">Pusztaf\u00f6ldv\u00e1r 2 015 152,- Ft<\/p>\n<p style=\"padding-left: 30px;\">T\u00f3tkoml\u00f3s 2 457 050,- Ft<\/p>\n<p><b>T\u00e1mogat\u00e1s intenzit\u00e1sa:\u00a0<\/b>100 %<\/p>\n<p><b>Projekt id\u0151tartama:<\/b>\u00a02013. janu\u00e1r 1. \u2013 2015. m\u00e1rcius 31.<\/p>\n<p><b>Projektmenedzsment:<\/b><\/p>\n<p style=\"padding-left: 30px;\">Bogd\u00e1nn\u00e9 Kiss T\u00fcnde (projektmenedzser)<\/p>\n<p style=\"padding-left: 30px;\">Czen\u00e9n\u00e9 Zsolnai Ir\u00e9n\u00a0(p\u00e9nz\u00fcgyi vezet\u0151)<\/p>\n<p style=\"padding-left: 30px;\">Kiss M\u00e1rta (szakmai vezet\u0151)<\/p>\n<p><b>Fenntart\u00e1si k\u00f6telezetts\u00e9g:\u00a0<\/b>2020. m\u00e1rcius 31.<\/p>\n<p><a href=\"https:\/\/www.justhvk.hu\/blog\/wp-content\/uploads\/2014\/07\/tamogatasi_szerzodes.pdf\">T\u00e1mogat\u00e1si szerz\u0151d\u00e9s &gt;&gt;<\/a><\/p>\n<p><a href=\"https:\/\/www.justhvk.hu\/blog\/wp-content\/uploads\/2014\/07\/Palyazati_felhivas_Kulturalis_szakemberek_tovabbkepzese_KMR.pdf\">P\u00e1ly\u00e1zati felh\u00edv\u00e1s &gt;&gt;<\/a><\/p>\n<p style=\"text-align: center;\"><a href=\"https:\/\/www.justhvk.hu\/blog\/wp-content\/uploads\/2014\/07\/a_002.jpg\"><img loading=\"lazy\" decoding=\"async\" class=\"aligncenter  wp-image-9437\" alt=\"a_002\" src=\"https:\/\/www.justhvk.hu\/blog\/wp-content\/uploads\/2014\/07\/a_002.jpg\" width=\"322\" height=\"227\" \/><\/a><\/p>\n<div class=\"fcbkbttn_buttons_block\" id=\"fcbkbttn_left\"><div class=\"fcbkbttn_like \"><fb:like href=\"https:\/\/blog.justhvk.hu\/blog\/palyazati-felhivas\/\" action=\"like\" colorscheme=\"light\" layout=\"button_count\"  size=\"small\"><\/fb:like><\/div><div class=\"fb-share-button  \" data-href=\"https:\/\/blog.justhvk.hu\/blog\/palyazati-felhivas\/\" data-type=\"button_count\" data-size=\"small\"><\/div><\/div>","protected":false},"excerpt":{"rendered":"<p>EMIR azonos\u00edt\u00f3ja: T\u00c1MOP-3.2.12-12\/1-2012-0032 Konstrukci\u00f3 megnevez\u00e9se: Kultur\u00e1lis szakemberek tov\u00e1bbk\u00e9pz\u00e9se a szolg\u00e1ltat\u00e1sfejleszt\u00e9s \u00e9rdek\u00e9ben C\u00edme: &#8222;Buta vagyok \u00e9n, Karak? &#8211; Nem vagy buta, csak m\u00e9g keveset tudsz.&#8221; Kultur\u00e1lis szakemberek k\u00e9pz\u00e9se a szolg\u00e1ltat\u00e1sfejleszt\u00e9s \u00e9rdek\u00e9ben Projekt r\u00f6vid le\u00edr\u00e1sa: A c\u00e9l a k\u00f6nyvt\u00e1r eszk\u00f6zeivel a min\u0151s\u00e9gi \u00e9s es\u00e9lyteremt\u0151 k\u00f6zoktat\u00e1s, valamint az eg\u00e9sz \u00e9leten \u00e1t tart\u00f3 tanul\u00e1s felt\u00e9teleinek jav\u00edt\u00e1sa \u00e9s t\u00e1mogat\u00e1sa.A kultur\u00e1lis [&hellip;]<\/p>\n","protected":false},"author":5,"featured_media":0,"parent":0,"menu_order":0,"comment_status":"open","ping_status":"open","template":"","meta":{"episode_type":"","audio_file":"","cover_image":"","cover_image_id":"","duration":"","filesize":"","date_recorded":"","explicit":"","block":"","filesize_raw":"","ngg_post_thumbnail":0,"footnotes":""},"class_list":["post-9446","page","type-page","status-publish","hentry"],"_links":{"self":[{"href":"https:\/\/blog.justhvk.hu\/blog\/wp-json\/wp\/v2\/pages\/9446","targetHints":{"allow":["GET"]}}],"collection":[{"href":"https:\/\/blog.justhvk.hu\/blog\/wp-json\/wp\/v2\/pages"}],"about":[{"href":"https:\/\/blog.justhvk.hu\/blog\/wp-json\/wp\/v2\/types\/page"}],"author":[{"embeddable":true,"href":"https:\/\/blog.justhvk.hu\/blog\/wp-json\/wp\/v2\/users\/5"}],"replies":[{"embeddable":true,"href":"https:\/\/blog.justhvk.hu\/blog\/wp-json\/wp\/v2\/comments?post=9446"}],"version-history":[{"count":8,"href":"https:\/\/blog.justhvk.hu\/blog\/wp-json\/wp\/v2\/pages\/9446\/revisions"}],"predecessor-version":[{"id":9628,"href":"https:\/\/blog.justhvk.hu\/blog\/wp-json\/wp\/v2\/pages\/9446\/revisions\/9628"}],"wp:attachment":[{"href":"https:\/\/blog.justhvk.hu\/blog\/wp-json\/wp\/v2\/media?parent=9446"}],"curies":[{"name":"wp","href":"https:\/\/api.w.org\/{rel}","templated":true}]}}