{"id":9480,"date":"2014-07-04T12:30:47","date_gmt":"2014-07-04T12:30:47","guid":{"rendered":"https:\/\/www.justhvk.hu\/blog\/?page_id=9480"},"modified":"2025-09-12T06:39:00","modified_gmt":"2025-09-12T06:39:00","slug":"ado-1","status":"publish","type":"page","link":"https:\/\/blog.justhvk.hu\/blog\/ado-1\/","title":{"rendered":"Ad\u00f3 1%"},"content":{"rendered":"<p>&nbsp;<\/p>\n<p>Ez\u00faton fejezz\u00fck ki k\u00f6sz\u00f6net\u00fcnket mindazoknak, akik szem\u00e9lyi j\u00f6vedelemad\u00f3juk 1 sz\u00e1zal\u00e9k\u00e1t \u2013 \u00f6sszesen <strong>164.616<\/strong>,- forintot \u2013 a Justh Zsigmond V\u00e1rosi K\u00f6nyvt\u00e1rnak aj\u00e1nlott\u00e1k fel&nbsp;a <a href=\"https:\/\/blog.justhvk.hu\/blog\/wp-content\/uploads\/2025\/09\/16652754_6321546845.pdf\">2025. rendelkez\u0151 \u00e9vre vonatkoz\u00f3an<\/a>.<\/p>\n<p>K\u00e9r\u00e9s\u00fcnk tov\u00e1bbra is ugyanaz: t\u00e1mogass\u00e1tok k\u00f6nyvt\u00e1runkat.<\/p>\n<p><strong>Ad\u00f3sz\u00e1munk: 16652754-2-04<\/strong><\/p>\n<p>K\u00f6sz\u00f6nj\u00fck!<\/p>\n<p><span style=\"color: #999999;\">\u00c9s persze k\u00f6sz\u00f6nj\u00fck a kor\u00e1bbiakat is&#8230;<\/span><\/p>\n<ul>\n<li><a href=\"https:\/\/blog.justhvk.hu\/blog\/wp-content\/uploads\/2024\/09\/16652754_3156138157.pdf\"><strong>2024<\/strong>: 157.822,- Ft<\/a>&nbsp;<\/li>\n<li><a href=\"https:\/\/blog.justhvk.hu\/blog\/wp-content\/uploads\/2023\/09\/16652754_1658139517.pdf\"><strong>2023<\/strong>: 113.735,- Ft<\/a>&nbsp;<\/li>\n<li><a href=\"https:\/\/blog.justhvk.hu\/blog\/wp-content\/uploads\/2022\/09\/16652754_9058784413.pdf\"><strong>2022<\/strong>: 41.484,- Ft<\/a>&nbsp;<\/li>\n<li><a href=\"https:\/\/blog.justhvk.hu\/blog\/wp-content\/uploads\/2021\/09\/Szja_1_os_felajanlasban_reszesult_regisztralt_civil_kedvezmenyezettek_2021_.pdf\"><strong>2021<\/strong>: 121.359- Ft<\/a>&nbsp;<\/li>\n<li><a href=\"https:\/\/blog.justhvk.hu\/blog\/wp-content\/uploads\/2020\/10\/16652754_6141392869_20201002.pdf\"><strong>2020<\/strong>: 110.558,- Ft&nbsp;<\/a><\/li>\n<li><a href=\"https:\/\/blog.justhvk.hu\/blog\/wp-content\/uploads\/2021\/09\/Szja_1_os_felajanlasban_reszesult_regisztralt_civil_kedvezmenyezettek_a_2019._rendelkez__evben.pdf\"><strong>2019<\/strong>: 48.948,- Ft<\/a>&nbsp;<\/li>\n<li><strong>2018<\/strong>: 90.181,- Ft<\/li>\n<li><span style=\"color: #000000;\"><strong>2017<\/strong>: 39.167,- Ft&nbsp;<\/span><\/li>\n<li><span style=\"color: #000000;\"><strong>2016<\/strong>: 50.332,- Ft<\/span><\/li>\n<\/ul>\n<p>&nbsp;<\/p>\n<div class=\"fcbkbttn_buttons_block\" id=\"fcbkbttn_left\"><div class=\"fcbkbttn_like \"><fb:like href=\"https:\/\/blog.justhvk.hu\/blog\/ado-1\/\" action=\"like\" colorscheme=\"light\" layout=\"button_count\"  size=\"small\"><\/fb:like><\/div><div class=\"fb-share-button  \" data-href=\"https:\/\/blog.justhvk.hu\/blog\/ado-1\/\" data-type=\"button_count\" data-size=\"small\"><\/div><\/div>","protected":false},"excerpt":{"rendered":"<p>&nbsp; Ez\u00faton fejezz\u00fck ki k\u00f6sz\u00f6net\u00fcnket mindazoknak, akik szem\u00e9lyi j\u00f6vedelemad\u00f3juk 1 sz\u00e1zal\u00e9k\u00e1t \u2013 \u00f6sszesen 164.616,- forintot \u2013 a Justh Zsigmond V\u00e1rosi K\u00f6nyvt\u00e1rnak aj\u00e1nlott\u00e1k fel&nbsp;a 2025. rendelkez\u0151 \u00e9vre vonatkoz\u00f3an. K\u00e9r\u00e9s\u00fcnk tov\u00e1bbra is ugyanaz: t\u00e1mogass\u00e1tok k\u00f6nyvt\u00e1runkat. Ad\u00f3sz\u00e1munk: 16652754-2-04 K\u00f6sz\u00f6nj\u00fck! \u00c9s persze k\u00f6sz\u00f6nj\u00fck a kor\u00e1bbiakat is&#8230; 2024: 157.822,- Ft&nbsp; 2023: 113.735,- Ft&nbsp; 2022: 41.484,- Ft&nbsp; 2021: 121.359- Ft&nbsp; 2020: [&hellip;]<\/p>\n","protected":false},"author":5,"featured_media":15540,"parent":0,"menu_order":0,"comment_status":"open","ping_status":"open","template":"","meta":{"episode_type":"","audio_file":"","cover_image":"","cover_image_id":"","duration":"","filesize":"","date_recorded":"","explicit":"","block":"","filesize_raw":"","ngg_post_thumbnail":0,"footnotes":""},"class_list":["post-9480","page","type-page","status-publish","has-post-thumbnail","hentry"],"_links":{"self":[{"href":"https:\/\/blog.justhvk.hu\/blog\/wp-json\/wp\/v2\/pages\/9480","targetHints":{"allow":["GET"]}}],"collection":[{"href":"https:\/\/blog.justhvk.hu\/blog\/wp-json\/wp\/v2\/pages"}],"about":[{"href":"https:\/\/blog.justhvk.hu\/blog\/wp-json\/wp\/v2\/types\/page"}],"author":[{"embeddable":true,"href":"https:\/\/blog.justhvk.hu\/blog\/wp-json\/wp\/v2\/users\/5"}],"replies":[{"embeddable":true,"href":"https:\/\/blog.justhvk.hu\/blog\/wp-json\/wp\/v2\/comments?post=9480"}],"version-history":[{"count":24,"href":"https:\/\/blog.justhvk.hu\/blog\/wp-json\/wp\/v2\/pages\/9480\/revisions"}],"predecessor-version":[{"id":43626,"href":"https:\/\/blog.justhvk.hu\/blog\/wp-json\/wp\/v2\/pages\/9480\/revisions\/43626"}],"wp:featuredmedia":[{"embeddable":true,"href":"https:\/\/blog.justhvk.hu\/blog\/wp-json\/wp\/v2\/media\/15540"}],"wp:attachment":[{"href":"https:\/\/blog.justhvk.hu\/blog\/wp-json\/wp\/v2\/media?parent=9480"}],"curies":[{"name":"wp","href":"https:\/\/api.w.org\/{rel}","templated":true}]}}