{"id":9512,"date":"2014-08-07T13:31:14","date_gmt":"2014-08-07T13:31:14","guid":{"rendered":"https:\/\/www.justhvk.hu\/blog\/?page_id=9512"},"modified":"2026-03-02T09:40:32","modified_gmt":"2026-03-02T09:40:32","slug":"beszamolok","status":"publish","type":"page","link":"https:\/\/blog.justhvk.hu\/blog\/beszamolok\/","title":{"rendered":"Besz\u00e1mol\u00f3k"},"content":{"rendered":"<p><strong>2025.<\/strong><\/p>\n<ul>\n<li><a href=\"https:\/\/blog.justhvk.hu\/blog\/wp-content\/uploads\/2026\/03\/justhvk_beszamolo_2025.pdf\">Szakmai besz\u00e1mol\u00f3 2025 &gt;&gt;<\/a><\/li>\n<li>P\u00e9nz\u00fcgyi besz\u00e1mol\u00f3 2025 (felt\u00f6lt\u00e9s alatt) &nbsp;<\/li>\n<\/ul>\n<p><strong>2024.<\/strong><\/p>\n<ul>\n<li><a href=\"https:\/\/blog.justhvk.hu\/blog\/wp-content\/uploads\/2025\/03\/justhvk_beszamolo_2024.pdf\">Szakmai besz\u00e1mol\u00f3 2024 &gt;&gt;<\/a><\/li>\n<li><a href=\"https:\/\/blog.justhvk.hu\/blog\/wp-content\/uploads\/2025\/11\/eves_koltsegvetesi_beszamolo_2024.pdf\">P\u00e9nz\u00fcgyi besz\u00e1mol\u00f3 2024 &gt;&gt;<\/a>&nbsp;<\/li>\n<\/ul>\n<p><strong>2023.<\/strong><\/p>\n<ul>\n<li><a href=\"https:\/\/blog.justhvk.hu\/blog\/wp-content\/uploads\/2024\/02\/justhvk_beszamolo_2023.pdf\">Szakmai besz\u00e1mol\u00f3 2023 &gt;&gt;<\/a><\/li>\n<li><a href=\"https:\/\/blog.justhvk.hu\/blog\/wp-content\/uploads\/2025\/11\/eves_koltsegvetesi_beszamolo_2023.pdf\">P\u00e9nz\u00fcgyi besz\u00e1mol\u00f3 2023 &gt;&gt;<\/a>&nbsp;<\/li>\n<\/ul>\n<p><strong>2022.<\/strong><\/p>\n<ul>\n<li><a href=\"https:\/\/blog.justhvk.hu\/blog\/wp-content\/uploads\/2023\/02\/justhvk_beszamolo_honlap_2022.pdf\">Szakmai besz\u00e1mol\u00f3 2022 &gt;&gt;<\/a><\/li>\n<li><a href=\"https:\/\/blog.justhvk.hu\/blog\/wp-content\/uploads\/2025\/11\/eves_koltsegvetesi_beszamolo_2022.pdf\">P\u00e9nz\u00fcgyi besz\u00e1mol\u00f3 2022 &gt;&gt;<\/a><\/li>\n<\/ul>\n<p><strong>2021.<\/strong><\/p>\n<ul>\n<li><a href=\"https:\/\/blog.justhvk.hu\/blog\/wp-content\/uploads\/2022\/02\/justhvk_beszamolo_honlap_2021.pdf\">Szakmai besz\u00e1mol\u00f3 2021 &gt;&gt;<\/a><\/li>\n<li><a href=\"https:\/\/blog.justhvk.hu\/blog\/wp-content\/uploads\/2025\/11\/eves_koltsegvetesi_beszamolo_2021.pdf\">P\u00e9nz\u00fcgyi besz\u00e1mol\u00f3 2021 &gt;&gt;<\/a>&nbsp;<\/li>\n<\/ul>\n<p><strong>2020.<\/strong><\/p>\n<ul>\n<li><a href=\"https:\/\/blog.justhvk.hu\/blog\/wp-content\/uploads\/2021\/02\/justhvk_beszamolo_honlap_2020.pdf\">Szakmai besz\u00e1mol\u00f3 2020 &gt;&gt;<\/a><\/li>\n<li><a href=\"https:\/\/blog.justhvk.hu\/blog\/wp-content\/uploads\/2025\/11\/eves_koltsegvetesi_beszamolo_2020.pdf\">P\u00e9nz\u00fcgyi besz\u00e1mol\u00f3 2020 &gt;&gt;&nbsp;<\/a><\/li>\n<\/ul>\n<p><strong>2019.<\/strong><\/p>\n<ul>\n<li><a href=\"https:\/\/blog.justhvk.hu\/blog\/wp-content\/uploads\/2020\/03\/beszamolo_konyvtar_alairt_2019.pdf\">Szakmai besz\u00e1mol\u00f3 2019 &gt;&gt;<\/a><\/li>\n<li><a href=\"https:\/\/blog.justhvk.hu\/blog\/wp-content\/uploads\/2025\/11\/eves_koltsegvetesi_beszamolo_2019.pdf\">P\u00e9nz\u00fcgyi besz\u00e1mol\u00f3 2019 &gt;&gt;<\/a><\/li>\n<\/ul>\n<p><strong>2018.<\/strong><\/p>\n<ul>\n<li><a href=\"https:\/\/blog.justhvk.hu\/blog\/wp-content\/uploads\/2019\/03\/beszamolokivonat_2018.pdf\">Szakmai besz\u00e1mol\u00f3 2018 &gt;&gt;<\/a><\/li>\n<li>P\u00e9nz\u00fcgyi besz\u00e1mol\u00f3 2018 &gt;&gt;<\/li>\n<\/ul>\n<p><strong>2017.<\/strong><\/p>\n<ul>\n<li><a href=\"https:\/\/www.justhvk.hu\/blog\/wp-content\/uploads\/2018\/03\/beszamolokivonat_2017.pdf\">Szakmai besz\u00e1mol\u00f3 2017 &gt;&gt;<\/a><\/li>\n<li>P\u00e9nz\u00fcgyi besz\u00e1mol\u00f3 2017 &gt;&gt;<\/li>\n<\/ul>\n<p><strong>2016.<\/strong><\/p>\n<ul>\n<li><a href=\"https:\/\/www.justhvk.hu\/blog\/wp-content\/uploads\/2017\/02\/beszamolo_2016.pdf\">Szakmai besz\u00e1mol\u00f3 2016 &gt;&gt;<\/a><\/li>\n<li>P\u00e9nz\u00fcgyi besz\u00e1mol\u00f3 2016&nbsp;&gt;&gt;<\/li>\n<\/ul>\n<p><strong>2015.<\/strong><\/p>\n<ul>\n<li><a href=\"https:\/\/www.justhvk.hu\/blog\/wp-content\/uploads\/2016\/02\/beszamolo_2015.pdf\">Szakmai besz\u00e1mol\u00f3 2015 &gt;&gt;<\/a><\/li>\n<li>P\u00e9nz\u00fcgyi besz\u00e1mol\u00f3 2015 &gt;&gt;<\/li>\n<\/ul>\n<p><strong>2014.<\/strong><\/p>\n<ul>\n<li><a href=\"https:\/\/www.justhvk.hu\/blog\/wp-content\/uploads\/2014\/08\/beszamolo_2014.pdf\">Szakmai besz\u00e1mol\u00f3 2014&nbsp;&gt;&gt;<\/a><\/li>\n<li>P\u00e9nz\u00fcgyi besz\u00e1mol\u00f3 2014&nbsp;&gt;&gt;<a href=\"https:\/\/www.justhvk.hu\/blog\/wp-content\/uploads\/2014\/08\/beszamolo_20141.pdf\"><br \/>\n<\/a><\/li>\n<\/ul>\n<p><strong>2013.<\/strong><\/p>\n<ul>\n<li><a href=\"https:\/\/www.justhvk.hu\/blog\/wp-content\/uploads\/2014\/08\/beszamolo_20131.pdf\"><span style=\"line-height: 1.5em;\">Szakmai besz\u00e1mol\u00f3 2013&nbsp;&gt;&gt;<\/span><\/a><\/li>\n<li>P\u00e9nz\u00fcgyi besz\u00e1mol\u00f3 2013&nbsp;&gt;&gt;<\/li>\n<\/ul>\n<p><strong>2012.<\/strong><\/p>\n<ul>\n<li><a style=\"line-height: 1.5em;\" href=\"https:\/\/www.justhvk.hu\/blog\/wp-content\/uploads\/2014\/08\/beszamolo_20121.pdf\">Szakmai besz\u00e1mol\u00f3 2012&nbsp;&gt;&gt;<\/a><\/li>\n<li>P\u00e9nz\u00fcgyi besz\u00e1mol\u00f3 2012&nbsp;&gt;&gt;<\/li>\n<\/ul>\n<p><strong>2011.<\/strong><\/p>\n<ul>\n<li><a href=\"https:\/\/www.justhvk.hu\/blog\/wp-content\/uploads\/2014\/08\/beszamolo_20111.pdf\">Szakmai besz\u00e1mol\u00f3 2011&nbsp;&gt;&gt;<\/a><\/li>\n<li>P\u00e9nz\u00fcgyi besz\u00e1mol\u00f3 2011&nbsp;&gt;&gt;<\/li>\n<\/ul>\n<p>&nbsp;<\/p>\n<div class=\"fcbkbttn_buttons_block\" id=\"fcbkbttn_left\"><div class=\"fcbkbttn_like \"><fb:like href=\"https:\/\/blog.justhvk.hu\/blog\/beszamolok\/\" action=\"like\" colorscheme=\"light\" layout=\"button_count\"  size=\"small\"><\/fb:like><\/div><div class=\"fb-share-button  \" data-href=\"https:\/\/blog.justhvk.hu\/blog\/beszamolok\/\" data-type=\"button_count\" data-size=\"small\"><\/div><\/div>","protected":false},"excerpt":{"rendered":"<p>2025. Szakmai besz\u00e1mol\u00f3 2025 &gt;&gt; P\u00e9nz\u00fcgyi besz\u00e1mol\u00f3 2025 (felt\u00f6lt\u00e9s alatt) &nbsp; 2024. Szakmai besz\u00e1mol\u00f3 2024 &gt;&gt; P\u00e9nz\u00fcgyi besz\u00e1mol\u00f3 2024 &gt;&gt;&nbsp; 2023. Szakmai besz\u00e1mol\u00f3 2023 &gt;&gt; P\u00e9nz\u00fcgyi besz\u00e1mol\u00f3 2023 &gt;&gt;&nbsp; 2022. Szakmai besz\u00e1mol\u00f3 2022 &gt;&gt; P\u00e9nz\u00fcgyi besz\u00e1mol\u00f3 2022 &gt;&gt; 2021. Szakmai besz\u00e1mol\u00f3 2021 &gt;&gt; P\u00e9nz\u00fcgyi besz\u00e1mol\u00f3 2021 &gt;&gt;&nbsp; 2020. Szakmai besz\u00e1mol\u00f3 2020 &gt;&gt; P\u00e9nz\u00fcgyi besz\u00e1mol\u00f3 2020 [&hellip;]<\/p>\n","protected":false},"author":5,"featured_media":0,"parent":0,"menu_order":0,"comment_status":"open","ping_status":"open","template":"","meta":{"episode_type":"","audio_file":"","cover_image":"","cover_image_id":"","duration":"","filesize":"","date_recorded":"","explicit":"","block":"","filesize_raw":"","ngg_post_thumbnail":0,"footnotes":""},"class_list":["post-9512","page","type-page","status-publish","hentry"],"_links":{"self":[{"href":"https:\/\/blog.justhvk.hu\/blog\/wp-json\/wp\/v2\/pages\/9512","targetHints":{"allow":["GET"]}}],"collection":[{"href":"https:\/\/blog.justhvk.hu\/blog\/wp-json\/wp\/v2\/pages"}],"about":[{"href":"https:\/\/blog.justhvk.hu\/blog\/wp-json\/wp\/v2\/types\/page"}],"author":[{"embeddable":true,"href":"https:\/\/blog.justhvk.hu\/blog\/wp-json\/wp\/v2\/users\/5"}],"replies":[{"embeddable":true,"href":"https:\/\/blog.justhvk.hu\/blog\/wp-json\/wp\/v2\/comments?post=9512"}],"version-history":[{"count":49,"href":"https:\/\/blog.justhvk.hu\/blog\/wp-json\/wp\/v2\/pages\/9512\/revisions"}],"predecessor-version":[{"id":46964,"href":"https:\/\/blog.justhvk.hu\/blog\/wp-json\/wp\/v2\/pages\/9512\/revisions\/46964"}],"wp:attachment":[{"href":"https:\/\/blog.justhvk.hu\/blog\/wp-json\/wp\/v2\/media?parent=9512"}],"curies":[{"name":"wp","href":"https:\/\/api.w.org\/{rel}","templated":true}]}}